{"id":18886,"date":"2023-02-01T10:44:24","date_gmt":"2023-02-01T09:44:24","guid":{"rendered":"https:\/\/serveiseducatius.xtec.cat\/santacolomag\/?page_id=18886"},"modified":"2025-06-19T13:41:05","modified_gmt":"2025-06-19T11:41:05","slug":"espai-de-suport-de-persones-formadores","status":"publish","type":"page","link":"https:\/\/serveiseducatius.xtec.cat\/santacolomag\/espai-de-suport-de-persones-formadores\/","title":{"rendered":"ESPAI DE SUPORT A LES PERSONES FORMADORES"},"content":{"rendered":"<p>Aquest espai est\u00e0 adre\u00e7at a totes les persones formadores d\u2019activitats del Pla de Formaci\u00f3 de Zona del Servei Educatiu de Santa Coloma de Gramenet. Hi podreu trobar un recull d\u2019instruccions i recursos que us seran d\u2019inter\u00e8s per la vostra tasca.<\/p>\n<h4>Tasques a realitzar<\/h4>\n<ol>\n<li><strong><a href=\"https:\/\/serveiseducatius.xtec.cat\/santacolomag\/espai-de-suport-de-persones-formadores\/espai-formador-a-la-gestio-dactivitats-de-formacio\/\">Gestionar l\u2019activitat de formaci\u00f3<\/a>.<\/strong> Acc\u00e9s a l\u2019aplicaci\u00f3 GTAF per tal de poder gestionar la vostra activitat.<\/li>\n<li><strong><a href=\"https:\/\/serveiseducatius.xtec.cat\/santacolomag\/espai-de-suport-de-persones-formadores\/seguiment-de-lassistencia-a-les-activitats-de-formacio\/\">Seguiment de l\u2019assist\u00e8ncia a les activitats de formaci\u00f3<\/a>.<\/strong><\/li>\n<li><strong><a href=\"https:\/\/serveiseducatius.xtec.cat\/santacolomag\/espai-de-suport-de-persones-formadores\/registre-de-lassistencia-al-gtaf\/\">Registre de l\u2019assist\u00e8ncia al GTAF<\/a>.<\/strong><\/li>\n<li>Valoraci\u00f3 de les activitats de formaci\u00f3.\n<ul>\n<li><strong><a href=\"https:\/\/serveiseducatius.xtec.cat\/santacolomag\/espai-de-suport-de-persones-formadores\/questionaris-de-valoracio-assistents\/\">Q\u00fcestionari de valoraci\u00f3 per part de les persones assistents<\/a>.<\/strong><\/li>\n<li><strong><a href=\"https:\/\/serveiseducatius.xtec.cat\/santacolomag\/espai-de-suport-de-persones-formadores\/questionaris-de-valoracio-formadors-es\/\">Q\u00fcestionari de valoraci\u00f3 per part de les persones formadores<\/a>.<\/strong><\/li>\n<\/ul>\n<\/li>\n<li>Elaborar l\u2019<strong><a href=\"https:\/\/serveiseducatius.xtec.cat\/santacolomag\/espai-de-suport-de-persones-formadores\/acta-final\/\">acta final<\/a><\/strong>\u00a0i enviar-la\u00a0<strong><a href=\"https:\/\/serveiseducatius.xtec.cat\/santacolomag\/espai-de-suport-de-persones-formadores\/signatura-digital\/\">signada digitalment<\/a>\u00a0<\/strong>al CRP.<\/li>\n<\/ol>\n<p>Manual (<a href=\"https:\/\/drive.google.com\/file\/d\/1KBRz16owQCGQf0mMqjMVJMtdjffZinkV\/view\">entorn de gesti\u00f3 dels formadors, col\u00b7laborador<\/a>)<\/p>\n<p><span style=\"font-family: arial, helvetica, sans-serif; font-size: 1em;\">Si teniu dubtes o necessiteu m\u00e9s informaci\u00f3, podeu contactar amb el Servei Educatiu de Santa Coloma de Gramenet mitjan\u00e7ant el correu electr\u00f2nic crp-santacolomag@xtec.cat<\/span><\/p>\n","protected":false},"excerpt":{"rendered":"<p>Aquest espai est\u00e0 adre\u00e7at a totes les persones formadores d\u2019activitats del Pla de Formaci\u00f3 de Zona del Servei Educatiu de [&hellip;]<\/p>\n","protected":false},"author":4,"featured_media":0,"parent":0,"menu_order":0,"comment_status":"closed","ping_status":"closed","template":"","meta":{"_bbp_topic_count":0,"_bbp_reply_count":0,"_bbp_total_topic_count":0,"_bbp_total_reply_count":0,"_bbp_voice_count":0,"_bbp_anonymous_reply_count":0,"_bbp_topic_count_hidden":0,"_bbp_reply_count_hidden":0,"_bbp_forum_subforum_count":0,"site-sidebar-layout":"default","site-content-layout":"","ast-site-content-layout":"default","site-content-style":"default","site-sidebar-style":"boxed","ast-global-header-display":"","ast-banner-title-visibility":"","ast-main-header-display":"","ast-hfb-above-header-display":"","ast-hfb-below-header-display":"","ast-hfb-mobile-header-display":"","site-post-title":"","ast-breadcrumbs-content":"","ast-featured-img":"","footer-sml-layout":"","theme-transparent-header-meta":"","adv-header-id-meta":"","stick-header-meta":"","header-above-stick-meta":"","header-main-stick-meta":"","header-below-stick-meta":"","astra-migrate-meta-layouts":"set","ast-page-background-enabled":"default","ast-page-background-meta":{"desktop":{"background-color":"var(--ast-global-color-4)","background-image":"","background-repeat":"repeat","background-position":"center center","background-size":"auto","background-attachment":"scroll","background-type":"","background-media":"","overlay-type":"","overlay-color":"","overlay-opacity":"","overlay-gradient":""},"tablet":{"background-color":"","background-image":"","background-repeat":"repeat","background-position":"center center","background-size":"auto","background-attachment":"scroll","background-type":"","background-media":"","overlay-type":"","overlay-color":"","overlay-opacity":"","overlay-gradient":""},"mobile":{"background-color":"","background-image":"","background-repeat":"repeat","background-position":"center center","background-size":"auto","background-attachment":"scroll","background-type":"","background-media":"","overlay-type":"","overlay-color":"","overlay-opacity":"","overlay-gradient":""}},"ast-content-background-meta":{"desktop":{"background-color":"var(--ast-global-color-5)","background-image":"","background-repeat":"repeat","background-position":"center center","background-size":"auto","background-attachment":"scroll","background-type":"","background-media":"","overlay-type":"","overlay-color":"","overlay-opacity":"","overlay-gradient":""},"tablet":{"background-color":"var(--ast-global-color-5)","background-image":"","background-repeat":"repeat","background-position":"center center","background-size":"auto","background-attachment":"scroll","background-type":"","background-media":"","overlay-type":"","overlay-color":"","overlay-opacity":"","overlay-gradient":""},"mobile":{"background-color":"var(--ast-global-color-5)","background-image":"","background-repeat":"repeat","background-position":"center center","background-size":"auto","background-attachment":"scroll","background-type":"","background-media":"","overlay-type":"","overlay-color":"","overlay-opacity":"","overlay-gradient":""}},"footnotes":""},"class_list":["post-18886","page","type-page","status-publish","hentry"],"post_mailing_queue_ids":[],"_links":{"self":[{"href":"https:\/\/serveiseducatius.xtec.cat\/santacolomag\/wp-json\/wp\/v2\/pages\/18886","targetHints":{"allow":["GET"]}}],"collection":[{"href":"https:\/\/serveiseducatius.xtec.cat\/santacolomag\/wp-json\/wp\/v2\/pages"}],"about":[{"href":"https:\/\/serveiseducatius.xtec.cat\/santacolomag\/wp-json\/wp\/v2\/types\/page"}],"author":[{"embeddable":true,"href":"https:\/\/serveiseducatius.xtec.cat\/santacolomag\/wp-json\/wp\/v2\/users\/4"}],"replies":[{"embeddable":true,"href":"https:\/\/serveiseducatius.xtec.cat\/santacolomag\/wp-json\/wp\/v2\/comments?post=18886"}],"version-history":[{"count":4,"href":"https:\/\/serveiseducatius.xtec.cat\/santacolomag\/wp-json\/wp\/v2\/pages\/18886\/revisions"}],"predecessor-version":[{"id":22563,"href":"https:\/\/serveiseducatius.xtec.cat\/santacolomag\/wp-json\/wp\/v2\/pages\/18886\/revisions\/22563"}],"wp:attachment":[{"href":"https:\/\/serveiseducatius.xtec.cat\/santacolomag\/wp-json\/wp\/v2\/media?parent=18886"}],"curies":[{"name":"wp","href":"https:\/\/api.w.org\/{rel}","templated":true}]}}