{"id":18570,"date":"2022-11-15T11:10:56","date_gmt":"2022-11-15T10:10:56","guid":{"rendered":"https:\/\/serveiseducatius.xtec.cat\/santacolomag\/?page_id=18570"},"modified":"2023-05-26T12:33:48","modified_gmt":"2023-05-26T10:33:48","slug":"ciencia-en-primera-persona-2022","status":"publish","type":"page","link":"https:\/\/serveiseducatius.xtec.cat\/santacolomag\/ciencia-en-primera-persona-2022\/","title":{"rendered":"Ci\u00e8ncia en primera persona 2022-2023"},"content":{"rendered":"<p><img loading=\"lazy\" decoding=\"async\" class=\"alignleft\" src=\"https:\/\/serveiseducatius.xtec.cat\/santacolomag\/wp-content\/uploads\/usu1183\/2022\/11\/Imatge1.jpg\" width=\"388\" height=\"311\" \/>El\u00a0 passat 9 de novembre els instituts de Santa Coloma i el CRP vam organitzar dues confer\u00e8ncies per alumnat de batxillerat:<br \/>\n<strong><em><a href=\"https:\/\/drive.google.com\/file\/d\/14uKyjwBkimKJuPSOtW8Vxfs9IHHgh2Qy\/view?usp=sharing\">Humans 2.0. Modificarem gen\u00e8ticament l\u2019esp\u00e8cie humana?<\/a><\/em><\/strong><\/p>\n<p><strong><em><br \/>\n<\/em><\/strong>A c\u00e0rrec de la Dra<strong>. Gemma Marfany<\/strong>. Catedr\u00e0tica\u00a0\u00a0de gen\u00e8tica a la Universitat de Barcelona i\u00a0 membre del CIBERER, l\u2019Institut de Biomedicina de la Universitat de Barcelona (IBUB) i l\u2019Observatori de Bio\u00e8tica i Dret.<\/p>\n<p>&nbsp;<\/p>\n<p>Alguns dels temes i interrogants que va tractar la confer\u00e8ncia es van centrar en el canvi constant al que est\u00e0 sotm\u00e8s la vida i l\u2019evoluci\u00f3 gen\u00e8tica. Fins a quin punt\u00a0\u00a0es pot dissenyar gen\u00e8ticament humans per a que compleixin unes funcions de forma \u00f2ptima. Avui dia ja tenim a l\u2019abast t\u00e8cniques d\u2019edici\u00f3 gen\u00e8tica que permeten modificacions gen\u00e8tiques a la carta en qualsevol organisme, tamb\u00e9 en humans, com ara mitjan\u00e7ant l\u2019edici\u00f3 gen\u00e8tica pel sistema CRISPR. Com ser\u00e0 aquest futur proper? Sabem prou gen\u00e8tica com per escollir quines s\u00f3n les variants gen\u00e8tiques desitjables? Modificarem el DNA de l\u2019esp\u00e8cie humana per a crear \u00e9ssers humans optimitzats?<\/p>\n<p>&nbsp;<\/p>\n<p style=\"text-align: center;\"><iframe loading=\"lazy\" src=\"https:\/\/drive.google.com\/file\/d\/1b2FOv2mluFVpb490_ofTjPid0LGuyXEv\/preview\" width=\"640\" height=\"480\" data-mce-fragment=\"1\"><\/iframe><\/p>\n<p>Enlla\u00e7os de dues publicacions de gran qualitat recomanades durant la confer\u00e8ncia per la Dra.Gemma Marfany , tant per a professorat<\/p>\n<p>com per a treballs de recerca.<\/p>\n<p><a href=\"https:\/\/www.iec.cat\/activitats\/documents\/edicio_genomica_i_el_seu_impacte.pdf\"><img loading=\"lazy\" decoding=\"async\" class=\"alignleft wp-image-18550\" src=\"https:\/\/serveiseducatius.xtec.cat\/santacolomag\/wp-content\/uploads\/usu1183\/2022\/11\/Imatge2.jpg\" sizes=\"auto, (max-width: 512px) 100vw, 512px\" srcset=\"https:\/\/serveiseducatius.xtec.cat\/santacolomag\/wp-content\/uploads\/usu1183\/2022\/11\/Imatge2.jpg 548w, https:\/\/serveiseducatius.xtec.cat\/santacolomag\/wp-content\/uploads\/usu1183\/2022\/11\/Imatge2-258x300.jpg 258w\" alt=\"\" width=\"512\" height=\"595\" \/><\/a><a href=\"http:\/\/www.bioeticayderecho.ub.edu\/sites\/default\/files\/documents\/doc_edicion-genomica.pdf\"><img loading=\"lazy\" decoding=\"async\" class=\"wp-image-18551 alignnone\" src=\"https:\/\/serveiseducatius.xtec.cat\/santacolomag\/wp-content\/uploads\/usu1183\/2022\/11\/Imatge3.jpg\" sizes=\"auto, (max-width: 409px) 100vw, 409px\" srcset=\"https:\/\/serveiseducatius.xtec.cat\/santacolomag\/wp-content\/uploads\/usu1183\/2022\/11\/Imatge3.jpg 456w, https:\/\/serveiseducatius.xtec.cat\/santacolomag\/wp-content\/uploads\/usu1183\/2022\/11\/Imatge3-206x300.jpg 206w\" alt=\"\" width=\"409\" height=\"596\" \/><\/a><\/p>\n<p>&nbsp;<\/p>\n<p><a href=\"https:\/\/serveiseducatius.xtec.cat\/santacolomag\/ciencia-en-primera-persona-2019-2020\/\">Ci\u00e8ncia en primera persona 2019<\/a><\/p>\n","protected":false},"excerpt":{"rendered":"<p>El\u00a0 passat 9 de novembre els instituts de Santa Coloma i el CRP vam organitzar dues confer\u00e8ncies per alumnat de [&hellip;]<\/p>\n","protected":false},"author":4,"featured_media":0,"parent":0,"menu_order":0,"comment_status":"closed","ping_status":"closed","template":"","meta":{"_bbp_topic_count":0,"_bbp_reply_count":0,"_bbp_total_topic_count":0,"_bbp_total_reply_count":0,"_bbp_voice_count":0,"_bbp_anonymous_reply_count":0,"_bbp_topic_count_hidden":0,"_bbp_reply_count_hidden":0,"_bbp_forum_subforum_count":0,"site-sidebar-layout":"default","site-content-layout":"","ast-site-content-layout":"","site-content-style":"default","site-sidebar-style":"default","ast-global-header-display":"","ast-banner-title-visibility":"","ast-main-header-display":"","ast-hfb-above-header-display":"","ast-hfb-below-header-display":"","ast-hfb-mobile-header-display":"","site-post-title":"","ast-breadcrumbs-content":"","ast-featured-img":"","footer-sml-layout":"","theme-transparent-header-meta":"","adv-header-id-meta":"","stick-header-meta":"","header-above-stick-meta":"","header-main-stick-meta":"","header-below-stick-meta":"","astra-migrate-meta-layouts":"default","ast-page-background-enabled":"default","ast-page-background-meta":{"desktop":{"background-color":"var(--ast-global-color-4)","background-image":"","background-repeat":"repeat","background-position":"center center","background-size":"auto","background-attachment":"scroll","background-type":"","background-media":"","overlay-type":"","overlay-color":"","overlay-opacity":"","overlay-gradient":""},"tablet":{"background-color":"","background-image":"","background-repeat":"repeat","background-position":"center center","background-size":"auto","background-attachment":"scroll","background-type":"","background-media":"","overlay-type":"","overlay-color":"","overlay-opacity":"","overlay-gradient":""},"mobile":{"background-color":"","background-image":"","background-repeat":"repeat","background-position":"center center","background-size":"auto","background-attachment":"scroll","background-type":"","background-media":"","overlay-type":"","overlay-color":"","overlay-opacity":"","overlay-gradient":""}},"ast-content-background-meta":{"desktop":{"background-color":"var(--ast-global-color-5)","background-image":"","background-repeat":"repeat","background-position":"center center","background-size":"auto","background-attachment":"scroll","background-type":"","background-media":"","overlay-type":"","overlay-color":"","overlay-opacity":"","overlay-gradient":""},"tablet":{"background-color":"var(--ast-global-color-5)","background-image":"","background-repeat":"repeat","background-position":"center center","background-size":"auto","background-attachment":"scroll","background-type":"","background-media":"","overlay-type":"","overlay-color":"","overlay-opacity":"","overlay-gradient":""},"mobile":{"background-color":"var(--ast-global-color-5)","background-image":"","background-repeat":"repeat","background-position":"center center","background-size":"auto","background-attachment":"scroll","background-type":"","background-media":"","overlay-type":"","overlay-color":"","overlay-opacity":"","overlay-gradient":""}},"footnotes":""},"class_list":["post-18570","page","type-page","status-publish","hentry"],"post_mailing_queue_ids":[],"_links":{"self":[{"href":"https:\/\/serveiseducatius.xtec.cat\/santacolomag\/wp-json\/wp\/v2\/pages\/18570","targetHints":{"allow":["GET"]}}],"collection":[{"href":"https:\/\/serveiseducatius.xtec.cat\/santacolomag\/wp-json\/wp\/v2\/pages"}],"about":[{"href":"https:\/\/serveiseducatius.xtec.cat\/santacolomag\/wp-json\/wp\/v2\/types\/page"}],"author":[{"embeddable":true,"href":"https:\/\/serveiseducatius.xtec.cat\/santacolomag\/wp-json\/wp\/v2\/users\/4"}],"replies":[{"embeddable":true,"href":"https:\/\/serveiseducatius.xtec.cat\/santacolomag\/wp-json\/wp\/v2\/comments?post=18570"}],"version-history":[{"count":3,"href":"https:\/\/serveiseducatius.xtec.cat\/santacolomag\/wp-json\/wp\/v2\/pages\/18570\/revisions"}],"predecessor-version":[{"id":19450,"href":"https:\/\/serveiseducatius.xtec.cat\/santacolomag\/wp-json\/wp\/v2\/pages\/18570\/revisions\/19450"}],"wp:attachment":[{"href":"https:\/\/serveiseducatius.xtec.cat\/santacolomag\/wp-json\/wp\/v2\/media?parent=18570"}],"curies":[{"name":"wp","href":"https:\/\/api.w.org\/{rel}","templated":true}]}}