{"id":18522,"date":"2022-11-10T12:13:43","date_gmt":"2022-11-10T11:13:43","guid":{"rendered":"https:\/\/serveiseducatius.xtec.cat\/santacolomag\/?page_id=18522"},"modified":"2026-02-05T13:18:01","modified_gmt":"2026-02-05T12:18:01","slug":"els-convenis-de-servei-comunitari","status":"publish","type":"page","link":"https:\/\/serveiseducatius.xtec.cat\/santacolomag\/comunitat\/servei-comunitari-aps\/els-convenis-de-servei-comunitari\/","title":{"rendered":"Els convenis de Servei comunitari"},"content":{"rendered":"\n<div class=\"wp-block-buttons is-content-justification-center is-layout-flex wp-container-core-buttons-is-layout-1 wp-block-buttons-is-layout-flex\">\n<div class=\"wp-block-button\"><a class=\"wp-block-button__link wp-element-button\" href=\"https:\/\/serveiseducatius.xtec.cat\/santacolomag\/comunitat\/servei-comunitari-aps\/\">Inici<\/a><\/div>\n\n\n\n<div class=\"wp-block-button\"><a class=\"wp-block-button__link wp-element-button\" href=\"https:\/\/serveiseducatius.xtec.cat\/santacolomag\/comunitat\/servei-comunitari-aps\/els-convenis-de-servei-comunitari\/\">Els convenis de Servei comunitari<\/a><\/div>\n\n\n\n<div class=\"wp-block-button\"><a class=\"wp-block-button__link wp-element-button\" href=\"https:\/\/docs.google.com\/document\/d\/1W1TxRPvjnEWsbJ_0wnpl5pEEIYKg9NyZd-Yd5jrqbS0\/edit?tab=t.0#heading=h.hjwyp9wczxa9\">Documentaci\u00f3 de Servei comunitari<\/a><\/div>\n\n\n\n<div class=\"wp-block-button\"><a class=\"wp-block-button__link wp-element-button\" href=\"https:\/\/docs.google.com\/document\/d\/1G-Jg0LZIYVAfOmU9csISZckXkmteuyQf-f1qPm_rcDI\/edit?tab=t.0#heading=h.39xd3emh80hb\">Exemples de Servei comunitari<\/a><\/div>\n<\/div>\n\n\n\n<h2 class=\"wp-block-heading\"><strong><br>Com tramitar un conveni<\/strong><\/h2>\n\n\n\n<figure class=\"wp-block-image aligncenter\"><a href=\"https:\/\/serveiseducatius.xtec.cat\/garraf\/wp-content\/uploads\/usu1185\/2026\/01\/Infografia-procediment-de-gestio-de-convenis.jpg\"><img decoding=\"async\" src=\"https:\/\/serveiseducatius.xtec.cat\/garraf\/wp-content\/uploads\/usu1185\/2026\/01\/Infografia-procediment-de-gestio-de-convenis-1024x542.jpg\" alt=\"\" class=\"wp-image-19514\"\/><\/a><\/figure>\n\n\n\n<h2 class=\"wp-block-heading\">Noves indicacions per formalitzar \u200bel conveni (2026)<\/h2>\n\n\n\n<p><strong>1. Inici del procediment i dades de les parts<\/strong><\/p>\n\n\n\n<p>Els centres educatius no elaboren ni modifiquen el conveni. El centre educatiu comunica al Servei Territorial la voluntat d\u2019iniciar o renovar un conveni de Servei Comunitari, per la via que aquest determini.<\/p>\n\n\n\n<ul class=\"wp-block-list\">\n<li><a href=\"https:\/\/docs.google.com\/document\/d\/1vLEtTgtPz3gBGU5F8E7CiOy144D7gwtD\/edit?usp=sharing&amp;ouid=106472068550542194605&amp;rtpof=true&amp;sd=true\">Plantilla conveni<\/a><\/li>\n<\/ul>\n\n\n\n<p>El centre ha de facilitar \u00fanicament les dades identificatives de les parts signat\u00e0ries:<\/p>\n\n\n\n<p>&#8211; Nom i cognoms del director\/a del centre educatiu<\/p>\n\n\n\n<p>&#8211; Nom del centre educatiu<\/p>\n\n\n\n<p>&#8211; Codi del centre educatiu<\/p>\n\n\n\n<p>&#8211; Nom i cognoms de la persona que actua en representaci\u00f3 de l\u2019entitat, ajuntament, consell comarcal o ens<\/p>\n\n\n\n<p>&#8211; NIF de la persona representant de l\u2019entitat<\/p>\n\n\n\n<p>&#8211; Nom de l\u2019entitat, ajuntament, consell comarcal o ens col\u00b7laborador<\/p>\n\n\n\n<p>Nom\u00e9s han de constar dades personals de les parts signants. No s\u2019han d\u2019incloure dades de terceres persones ni dades de contacte personals innecess\u00e0ries.<\/p>\n\n\n\n<p><strong>2. Elaboraci\u00f3 del conveni<\/strong><\/p>\n\n\n\n<p>El Servei Territorial <strong><a href=\"mailto:serveicomunitari_bns.educacio@gencat.cat\">serveicomunitari_bns.educacio@gencat.cat<\/a> <\/strong>\u00e9s l\u2019encarregat d\u2019omplir el conveni model oficial amb les dades facilitades pel centre educatiu.<\/p>\n\n\n\n<p>No es pot modificar cap par\u00e0graf del conveni model, excepte els camps corresponents a les dades pr\u00f2pies del centre i de l\u2019entitat col\u00b7laboradora.<\/p>\n\n\n\n<p>El document es genera en format PDF.<\/p>\n\n\n\n<p><strong>3. Signatura electr\u00f2nica<\/strong><\/p>\n\n\n\n<p>El conveni s\u2019ha de signar sempre amb signatura electr\u00f2nica v\u00e0lida (SIG o T-CAT).<\/p>\n\n\n\n<p>L\u2019ordre de signatura \u00e9s:<\/p>\n\n\n\n<p>&#8211; Primer, l\u2019entitat, ajuntament, consell comarcal o ens col\u00b7laborador.<\/p>\n\n\n\n<p>&#8211; Despr\u00e9s, el director o directora del centre educatiu.<\/p>\n\n\n\n<p>Ha de signar la persona f\u00edsica que consta a l\u2019apartat de \u201cReunits\u201d.<\/p>\n\n\n\n<p>No s\u2019ha de convertir el document en c\u00f2pia aut\u00e8ntica abans que estigui signat per totes dues parts.<\/p>\n\n\n\n<p><strong>4. C\u00f2pia aut\u00e8ntica i tramesa<\/strong><\/p>\n\n\n\n<p>Un cop el conveni est\u00e0 signat per ambdues parts, el Servei Territorial  genera la c\u00f2pia aut\u00e8ntica.<\/p>\n\n\n\n<p>El Servei Territorial  tramet l\u2019original i la c\u00f2pia aut\u00e8ntica a:<\/p>\n\n\n\n<p>&#8211; L\u2019entitat col\u00b7laboradora.<\/p>\n\n\n\n<p>&#8211; Al Servei de Curr\u00edculum de Secund\u00e0ria i Batxillerat, que gestionar\u00e0 el registre, la publicaci\u00f3 al DOGC i l\u2019arxiu del conveni. <a href=\"mailto:csecundariabatxillerat.educacio@gencat.cat\">csecundariabatxillerat.educacio@gencat.cat<\/a><\/p>\n\n\n\n<p><strong>5. Modificacions del conveni<\/strong><\/p>\n\n\n\n<p>Qualsevol modificaci\u00f3 del text del conveni ha d\u2019estar degudament fonamentada.<\/p>\n\n\n\n<p>S\u2019ha de fer arribar per escrit a la Subdirecci\u00f3 General de Suport i Atenci\u00f3 a la Comunitat Educativa, que consultar\u00e0 l\u2019Assessoria Jur\u00eddica del Departament.<\/p>\n","protected":false},"excerpt":{"rendered":"<p>Com tramitar un conveni Noves indicacions per formalitzar \u200bel conveni (2026) 1. Inici del procediment i dades de les parts [&hellip;]<\/p>\n","protected":false},"author":4,"featured_media":0,"parent":18477,"menu_order":0,"comment_status":"closed","ping_status":"closed","template":"","meta":{"_bbp_topic_count":0,"_bbp_reply_count":0,"_bbp_total_topic_count":0,"_bbp_total_reply_count":0,"_bbp_voice_count":0,"_bbp_anonymous_reply_count":0,"_bbp_topic_count_hidden":0,"_bbp_reply_count_hidden":0,"_bbp_forum_subforum_count":0,"site-sidebar-layout":"default","site-content-layout":"","ast-site-content-layout":"default","site-content-style":"default","site-sidebar-style":"default","ast-global-header-display":"","ast-banner-title-visibility":"","ast-main-header-display":"","ast-hfb-above-header-display":"","ast-hfb-below-header-display":"","ast-hfb-mobile-header-display":"","site-post-title":"","ast-breadcrumbs-content":"","ast-featured-img":"","footer-sml-layout":"","theme-transparent-header-meta":"","adv-header-id-meta":"","stick-header-meta":"","header-above-stick-meta":"","header-main-stick-meta":"","header-below-stick-meta":"","astra-migrate-meta-layouts":"set","ast-page-background-enabled":"default","ast-page-background-meta":{"desktop":{"background-color":"var(--ast-global-color-4)","background-image":"","background-repeat":"repeat","background-position":"center center","background-size":"auto","background-attachment":"scroll","background-type":"","background-media":"","overlay-type":"","overlay-color":"","overlay-opacity":"","overlay-gradient":""},"tablet":{"background-color":"","background-image":"","background-repeat":"repeat","background-position":"center center","background-size":"auto","background-attachment":"scroll","background-type":"","background-media":"","overlay-type":"","overlay-color":"","overlay-opacity":"","overlay-gradient":""},"mobile":{"background-color":"","background-image":"","background-repeat":"repeat","background-position":"center center","background-size":"auto","background-attachment":"scroll","background-type":"","background-media":"","overlay-type":"","overlay-color":"","overlay-opacity":"","overlay-gradient":""}},"ast-content-background-meta":{"desktop":{"background-color":"var(--ast-global-color-5)","background-image":"","background-repeat":"repeat","background-position":"center center","background-size":"auto","background-attachment":"scroll","background-type":"","background-media":"","overlay-type":"","overlay-color":"","overlay-opacity":"","overlay-gradient":""},"tablet":{"background-color":"var(--ast-global-color-5)","background-image":"","background-repeat":"repeat","background-position":"center center","background-size":"auto","background-attachment":"scroll","background-type":"","background-media":"","overlay-type":"","overlay-color":"","overlay-opacity":"","overlay-gradient":""},"mobile":{"background-color":"var(--ast-global-color-5)","background-image":"","background-repeat":"repeat","background-position":"center center","background-size":"auto","background-attachment":"scroll","background-type":"","background-media":"","overlay-type":"","overlay-color":"","overlay-opacity":"","overlay-gradient":""}},"footnotes":""},"class_list":["post-18522","page","type-page","status-publish","hentry"],"post_mailing_queue_ids":[],"_links":{"self":[{"href":"https:\/\/serveiseducatius.xtec.cat\/santacolomag\/wp-json\/wp\/v2\/pages\/18522","targetHints":{"allow":["GET"]}}],"collection":[{"href":"https:\/\/serveiseducatius.xtec.cat\/santacolomag\/wp-json\/wp\/v2\/pages"}],"about":[{"href":"https:\/\/serveiseducatius.xtec.cat\/santacolomag\/wp-json\/wp\/v2\/types\/page"}],"author":[{"embeddable":true,"href":"https:\/\/serveiseducatius.xtec.cat\/santacolomag\/wp-json\/wp\/v2\/users\/4"}],"replies":[{"embeddable":true,"href":"https:\/\/serveiseducatius.xtec.cat\/santacolomag\/wp-json\/wp\/v2\/comments?post=18522"}],"version-history":[{"count":6,"href":"https:\/\/serveiseducatius.xtec.cat\/santacolomag\/wp-json\/wp\/v2\/pages\/18522\/revisions"}],"predecessor-version":[{"id":23515,"href":"https:\/\/serveiseducatius.xtec.cat\/santacolomag\/wp-json\/wp\/v2\/pages\/18522\/revisions\/23515"}],"up":[{"embeddable":true,"href":"https:\/\/serveiseducatius.xtec.cat\/santacolomag\/wp-json\/wp\/v2\/pages\/18477"}],"wp:attachment":[{"href":"https:\/\/serveiseducatius.xtec.cat\/santacolomag\/wp-json\/wp\/v2\/media?parent=18522"}],"curies":[{"name":"wp","href":"https:\/\/api.w.org\/{rel}","templated":true}]}}