{"id":17772,"date":"2022-05-10T14:45:19","date_gmt":"2022-05-10T12:45:19","guid":{"rendered":"https:\/\/serveiseducatius.xtec.cat\/santacolomag\/?page_id=17772"},"modified":"2022-11-08T10:35:07","modified_gmt":"2022-11-08T09:35:07","slug":"full-informatiu-maig-2022","status":"publish","type":"page","link":"https:\/\/serveiseducatius.xtec.cat\/santacolomag\/full-informatiu-maig-2022\/","title":{"rendered":"Full Informatiu. Maig 2022"},"content":{"rendered":"<header class=\"entry-header\">\n<h3 class=\"entry-title\"><a href=\"https:\/\/serveiseducatius.xtec.cat\/santacolomag\/general\/xxiv-jornada-dintercanvi-dexperiencies-pedagogiques\/\">XXIV Jornada d\u2019Intercanvi d\u2019Experi\u00e8ncies Pedag\u00f2giques<\/a><\/h3>\n<\/header>\n<div class=\"entry-content\">\n<p><img loading=\"lazy\" decoding=\"async\" class=\"alignleft\" src=\"https:\/\/sites.google.com\/a\/xtec.cat\/crp-santacolomag\/_\/rsrc\/1338557701355\/config\/pagetemplates\/jiep\/flor_20mans.jpg\" width=\"149\" height=\"217\" \/><\/p>\n<p>El proper\u00a0<strong>29 de juny de 12h a 14h, a\u00a0<a href=\"https:\/\/laciba.gramenet.cat\/\">La CIBA<\/a><\/strong>, tindr\u00e0 lloc la\u00a0<strong>XXIV Jornada d\u2019Intercanvi d\u2019Experi\u00e8ncies<\/strong>.<br \/>\nEn aquesta edici\u00f3 tornem a la presencialitat i la Jornada, m\u00e9s breu que en edicions anteriors, tindr\u00e0 dues parts:<\/p>\n<p><strong>\u2013 Xerrada amb Rosa Clar<\/strong>\u00a0(directora de l\u2019<a href=\"https:\/\/agora.xtec.cat\/insdetordera\/\">INS Tord\u00e0ria<\/a>\u00a0i membre de la xarxa de docents\u00a0<a href=\"http:\/\/transformacioeducativa.cat\/\">#Transformaci\u00f3Educativa<\/a>) que mirar\u00e0 d\u2019exemplificar-nos com adaptar el <strong>treball globalitzat al nou curr\u00edculum.<\/strong><\/p>\n<p><strong>\u2013 Experi\u00e8ncies sobre treball globalitzat<\/strong>\u00a0de dos centres:\u00a0<strong><a href=\"https:\/\/blocs.xtec.cat\/escolalluismillet\/\">I-E Llu\u00eds Millet<\/a><\/strong>\u00a0i\u00a0<strong><a href=\"https:\/\/agora.xtec.cat\/iestorrent\/\">INS Torrent de les Bruixes<\/a><\/strong>.<br \/>\nBen aviat publicarem el programa detallat de la jornada.<br \/>\n<strong><a href=\"https:\/\/aplicacions.gestioeducativa.gencat.cat\/pls\/soloas\/pk_for_mod_ins.p_for_detall_activitat?p_header=Llista%20d%27activitats^pk_for_mod_ins.p_for_cons_activitats?p_crp=207%26p_any=2021-2022%26p_totes=s%26p_inici=31%26p_excloure_crp_rec=F&amp;p_codi=2070341207&amp;p_curs=2021-2022&amp;p_excloure_crp_rec=F\">Inscripci\u00f3<\/a><\/strong>\u00a0a la Jornada.<\/p>\n<hr \/>\n<header class=\"entry-header\">\n<h3 class=\"entry-title\"><a href=\"https:\/\/serveiseducatius.xtec.cat\/santacolomag\/portada\/viii-congres-de-ciencia-de-santa-coloma-de-gramenet\/\">VIII Congr\u00e9s de ci\u00e8ncia de Santa Coloma de Gramenet<\/a><\/h3>\n<\/header>\n<div class=\"entry-content\">\n<p><img loading=\"lazy\" decoding=\"async\" class=\"alignleft\" src=\"https:\/\/ci6.googleusercontent.com\/proxy\/S76Kd5jNmTJ65xia4tbWhRq9iU8AF5X2N5dRyVZ3XOAwW7F0iZPCWaqgFgmaLInoG4xN7HHcrlWsTW7wpHracHy5lWaaXHBgko-lvNsPknoMhPf5g6f-wZVGRj8M07xCcRQ0O0xEIOtzbJfk=s0-d-e1-ft#http:\/\/serveiseducatius.xtec.cat\/santacolomag\/wp-content\/uploads\/usu1183\/2014\/09\/brot.jpg\" alt=\"\" width=\"185\" height=\"138\" \/><\/p>\n<p><em><strong><br \/>\nSi la naturalesa \u00e9s la resposta, quina era la pregunta?<br \/>\n<\/strong><\/em>Jorge Wagensberg<\/p>\n<p>Els propers 1 i 8 de juny tindr\u00e0 lloc el<a href=\"https:\/\/sites.google.com\/a\/xtec.cat\/congres-de-ciencia-santa-coloma-gramenet\/presentaci%C3%B3?authuser=0\">\u00a0VIII Congr\u00e9s de ci\u00e8ncia d\u2019educaci\u00f3 infantil i prim\u00e0ria de Santa Coloma de Gramenet\u00a0\u00a0<\/a><br \/>\n<strong><a href=\"https:\/\/drive.google.com\/file\/d\/1_VWvTPwIfG_RNTOFuuLEliQt5BdbS4PX\/view?usp=sharing\">Programa 2022<\/a><\/strong><\/p>\n<h3 class=\"entry-title\"><a href=\"https:\/\/serveiseducatius.xtec.cat\/santacolomag\/general\/sessio-oberta-lavaluacio-formadora-una-experiencia-internacional\/\"><span style=\"font-family: helvetica, arial, sans-serif;\">L\u2019avaluaci\u00f3 formadora, una experi\u00e8ncia internacional<\/span><\/a><\/h3>\n<\/div>\n<header class=\"entry-header\"><\/header>\n<div class=\"entry-content\">\n<p><img loading=\"lazy\" decoding=\"async\" class=\" wp-image-14016 alignleft\" src=\"https:\/\/serveiseducatius.xtec.cat\/santacolomag\/wp-content\/uploads\/usu1183\/2020\/06\/descarga-1-150x150.png\" alt=\"\" width=\"168\" height=\"168\" \/>Dia: 18 de maig<br \/>\nHora: de 15h a 17h<br \/>\nLloc: Aula 11 CFA Fondo. Rambla Sant Sebasti\u00e0, 100. 2n pis. <a href=\"https:\/\/docs.google.com\/forms\/d\/e\/1FAIpQLSene11TUiPCQylKVM5EOHEuaWsqbX_EYJ3f-RqNUqaOJYXhAg\/viewform\"><strong>INSCRIPCI\u00d3 fins al 16 de maig<\/strong><\/a><br \/>\n<a style=\"font-family: inherit; font-size: 1em;\" href=\"https:\/\/serveiseducatius.xtec.cat\/santacolomag\/el-nostre-projecte-erasmus-2019-2020\/projecte\/\">\u201c<strong>L\u2019avaluaci\u00f3 formadora com a proc\u00e9s per a la millora de l\u2019adquisici\u00f3 de les compet\u00e8ncies b\u00e0siques<\/strong>\u201c<\/a><\/p>\n<div>\n<p>Amb la participaci\u00f3 de: Neus Sanmart\u00ed, Esc. Joan Salvat Papasseit, Escola Tanit, Institut Torrent de les Bruixes i CRP Santa Coloma de Gramenet<\/p>\n<\/div>\n<\/div>\n<hr \/>\n<header class=\"entry-header\">\n<h3 class=\"entry-title\"><a href=\"https:\/\/serveiseducatius.xtec.cat\/santacolomag\/portada\/seminaris-de-transformacio-educativa\/\">Seminaris de transformaci\u00f3 educativa<\/a><\/h3>\n<\/header>\n<div class=\"entry-content\">\n<p dir=\"ltr\"><img loading=\"lazy\" decoding=\"async\" class=\"alignleft size-thumbnail wp-image-17726\" src=\"https:\/\/serveiseducatius.xtec.cat\/santacolomag\/wp-content\/uploads\/usu1183\/2022\/04\/unnamed-1-2-150x150.png\" alt=\"\" width=\"150\" height=\"150\" \/>El\u00a0<a href=\"https:\/\/projectes.xtec.cat\/transformacioenxarxa\/\" target=\"_blank\" rel=\"noopener\" data-saferedirecturl=\"https:\/\/www.google.com\/url?q=https:\/\/projectes.xtec.cat\/transformacioenxarxa\/&amp;source=gmail&amp;ust=1650971210687000&amp;usg=AOvVaw2xIXy-NC49wIwnGEpqxss2\"><strong>Laboratori de Transformaci\u00f3 Educativa<\/strong><\/a> ofereix entre els mesos d\u2019abril i maig del curs 2021-22 una s\u00e8rie de propostes formatives fonamentades en la recerca i el coneixement cient\u00edfic adre\u00e7ades a qualsevol centre del nostre sistema educatiu.<\/p>\n<p dir=\"ltr\">Enguany organitza\u00a0<a href=\"https:\/\/secure-web.cisco.com\/1zLJJnPngvrI2UsOE6EqzJhmpR9hs34F2693EoS1_e4N6fK1VA7eMY-VTOJLUVncG3riUk98sfru_4wqMSgdIxNttK8pm_Ld3Xxi4_tPQnA30fOmtB_cGTJ8nYSG9pPwH_DmaTD5PZPKNyaDj4rUB-E8B9Sh7HV_KUU3fQK-gsn8ZMyGl68tik7lQ0PaGfmoN8XFd4Vz-V3zZsqHN66OtgH_svHcu5DgOkB1znks5pBMgUhK0uQk5rVSMqnfzHfT0IaBO0UjS16wdDQpUolP6DuRaaoLjZDXoftpFYiJyw2Oabuh9AFzYAdwYCbOHrxhIn4xfSqPQOfEWRIAWMUYNnKwEm7QJYuPcG1emffl4xrZdbbE_vtb4gChYXIk54_6uIHUrWMmeH6kNwmYJ3VcHfh2vCK1A04HuSbKZUNml6r4xMpQe0q-Ips6iRxxdPn_KabC3Ezbhsnvj-bfuGtk9_qR7W__uwtsOtuYfTYxYRo0u-0YTdlqllYgOf9Q4QdbfJvjLJnjpSDB8njNWPt--AlmdEJquUtMx3mXCrhV0-tmcO-xuhzjaSQW3szmWKiY1\/https%3A%2F%2Fprojectes.xtec.cat%2Ftransformacioenxarxa%2Fseminaris-tematics-daprofundiment%2Fseminaris-tematics-daprofundiment-2021-2022%2F\" target=\"_blank\" rel=\"noopener\" data-saferedirecturl=\"https:\/\/www.google.com\/url?q=https:\/\/secure-web.cisco.com\/1zLJJnPngvrI2UsOE6EqzJhmpR9hs34F2693EoS1_e4N6fK1VA7eMY-VTOJLUVncG3riUk98sfru_4wqMSgdIxNttK8pm_Ld3Xxi4_tPQnA30fOmtB_cGTJ8nYSG9pPwH_DmaTD5PZPKNyaDj4rUB-E8B9Sh7HV_KUU3fQK-gsn8ZMyGl68tik7lQ0PaGfmoN8XFd4Vz-V3zZsqHN66OtgH_svHcu5DgOkB1znks5pBMgUhK0uQk5rVSMqnfzHfT0IaBO0UjS16wdDQpUolP6DuRaaoLjZDXoftpFYiJyw2Oabuh9AFzYAdwYCbOHrxhIn4xfSqPQOfEWRIAWMUYNnKwEm7QJYuPcG1emffl4xrZdbbE_vtb4gChYXIk54_6uIHUrWMmeH6kNwmYJ3VcHfh2vCK1A04HuSbKZUNml6r4xMpQe0q-Ips6iRxxdPn_KabC3Ezbhsnvj-bfuGtk9_qR7W__uwtsOtuYfTYxYRo0u-0YTdlqllYgOf9Q4QdbfJvjLJnjpSDB8njNWPt--AlmdEJquUtMx3mXCrhV0-tmcO-xuhzjaSQW3szmWKiY1\/https%253A%252F%252Fprojectes.xtec.cat%252Ftransformacioenxarxa%252Fseminaris-tematics-daprofundiment%252Fseminaris-tematics-daprofundiment-2021-2022%252F&amp;source=gmail&amp;ust=1650971210687000&amp;usg=AOvVaw1ts6qInhc0PrtAzgFYxXuS\"><strong>10 seminaris<\/strong><\/a>\u00a0de dues hores cadascun\u00a0<strong>que s\u2019emeten en directe al canal de Youtube<\/strong> del Laboratori de Transformaci\u00f3 Educativa entre els dies 25 d\u2019abril i 24 de maig. Els temes aprofundeixen en la personalitzaci\u00f3 de l\u2019aprenentatge, l\u2019aprenentatge competencial a trav\u00e9s dels objectius de desenvolupament sostenible (ODS) i l\u2019avaluaci\u00f3 formativa i formadora.<\/p>\n<hr \/>\n<header class=\"entry-header\"><\/header>\n<div class=\"entry-content\">\n<header class=\"entry-header\">\n<h3 class=\"entry-title\"><a href=\"https:\/\/serveiseducatius.xtec.cat\/santacolomag\/portada\/la-filosofia-una-disciplina-troncal-xxiv-conferencia-filosofia-3-18\/\">La filosofia: una disciplina troncal. XXIV Confer\u00e8ncia Filosofia 3\/18<\/a><\/h3>\n<\/header>\n<div class=\"entry-content\">\n<p><img loading=\"lazy\" decoding=\"async\" class=\"alignleft wp-image-17778\" src=\"https:\/\/serveiseducatius.xtec.cat\/santacolomag\/wp-content\/uploads\/usu1183\/2022\/05\/2022-Conferencia-IREF-Final-1-scaled.jpg\" alt=\"\" width=\"238\" height=\"162\" \/><\/p>\n<p>La filosofia: una disciplina troncal ser\u00e0 el fil conductor de la XXIV Confer\u00e8ncia Filosofia 3\/18 que organitza e<a href=\"https:\/\/www.grupiref.org\/\">l GrupIREF<\/a><br \/>\n<strong style=\"font-family: inherit; font-size: 1em;\">Dia:<\/strong><span style=\"font-family: inherit; font-size: 1em;\">\u00a020 de maig de 2022<br \/>\n<strong>Lloc:<\/strong> El format virtual a trav\u00e9s del canal de\u00a0<a href=\"https:\/\/m.youtube.com\/user\/ElcanaldelGrupIREF\">Youtube del Grup IREF<\/a><br \/>\n<\/span><br \/>\nConfer\u00e8ncia <em>\u201c<strong>Aprendre a viure amb el misteri\u201d<\/strong><\/em>\u00a0a c\u00e0rrec d<a href=\"https:\/\/www.eulaliabosch.net\/ca\/en-veu-alta.html\">\u2018<strong>Eul\u00e0lia Bosch.<\/strong><\/a><br \/>\nPresentaci\u00f3 d&#8217;experi\u00e8ncies educatives. <a href=\"https:\/\/serveiseducatius.xtec.cat\/santacolomag\/portada\/la-filosofia-una-disciplina-troncal-xxiv-conferencia-filosofia-3-18\/\">programa<\/a><\/p>\n<hr \/>\n<header class=\"entry-header\">\n<h3 class=\"entry-title\"><a href=\"https:\/\/serveiseducatius.xtec.cat\/santacolomag\/portada\/pesca-cientifica-al-riu-besos\/\">Pesca cient\u00edfica al riu Bes\u00f2s<\/a><\/h3>\n<\/header>\n<div class=\"entry-content\">\n<div class=\"entry-content\">\n<p>Amb la col\u00b7laboraci\u00f3 de la Universitat de Barcelona. Es determinaran quines esp\u00e8cies estan presents i<a href=\"https:\/\/www.gramenet.cat\/ajuntament\/arees-municipals\/medi-ambient\/ecometropoli\/activitats-ecometropoli\/programa-activitats-primavera-2022\/activitats-marc-juny\/aula-ambiental-de-can-zam-isabel-munoz\/\" target=\"_blank\" rel=\"noopener\"><img loading=\"lazy\" decoding=\"async\" class=\"wp-image-17751 alignleft\" src=\"https:\/\/serveiseducatius.xtec.cat\/santacolomag\/wp-content\/uploads\/usu1183\/2022\/05\/aulamabiental.png\" sizes=\"auto, (max-width: 371px) 100vw, 371px\" srcset=\"https:\/\/serveiseducatius.xtec.cat\/santacolomag\/wp-content\/uploads\/usu1183\/2022\/05\/aulamabiental.png 688w, https:\/\/serveiseducatius.xtec.cat\/santacolomag\/wp-content\/uploads\/usu1183\/2022\/05\/aulamabiental-300x195.png 300w\" alt=\"\" width=\"271\" height=\"176\" \/><\/a> quin \u00e9s el seu estat de salut i les seves caracter\u00edstiques.<br \/>\n<span style=\"font-family: inherit; font-size: 1em;\">Totes aquelles persones que assisteixin podran observar els exemplars capturats, com es mesuren, s\u2019estudien i es retornen al riu.<br \/>\n<\/span><span style=\"font-family: inherit; font-size: 1em;\">Dia: diumenge 15 de maig<br \/>\n<\/span>Horari: d\u201911:00h a 14:00h<br \/>\nLloc: parc fluvial del Bes\u00f2s (a l\u2019al\u00e7ada del parc de Can Zam)<br \/>\nActivitat gratu\u00efta que s\u2019adre\u00e7a a tots els p\u00fablics, en el marc de les\u00a0<strong><a href=\"https:\/\/www.gramenet.cat\/ajuntament\/arees-municipals\/medi-ambient\/ecometropoli\/activitats-ecometropoli\/programa-activitats-primavera-2022\/\" target=\"_blank\" rel=\"noopener\" data-saferedirecturl=\"https:\/\/www.google.com\/url?q=https:\/\/www.gramenet.cat\/ajuntament\/arees-municipals\/medi-ambient\/ecometropoli\/activitats-ecometropoli\/programa-activitats-primavera-2022\/&amp;source=gmail&amp;ust=1651645307762000&amp;usg=AOvVaw0UDKSq49fiESiJnMbpmVou\">activitats de primavera<\/a><\/strong>\u00a0que s\u2019organitzen a Ecometr\u00f2poli.<\/p>\n<p>Cal inscripci\u00f3 pr\u00e8via trucant o missatge al 618 007 230 o al correu\u00a0<a href=\"mailto:ecometropoli@gramenet.cat\" target=\"_blank\" rel=\"noopener\">ecometropoli@gramenet.<wbr \/>cat<\/a><\/p>\n<hr \/>\n<header class=\"entry-header\">\n<h3 class=\"entry-title\"><a href=\"https:\/\/serveiseducatius.xtec.cat\/santacolomag\/general\/la-nit-dels-museus-i-el-dia-internacional-dels-museus-a-santa-coloma-de-gramenet-2\/\">La Nit dels Museus i el Dia Internacional dels Museus, a Santa Coloma de Gramenet<\/a><\/h3>\n<\/header>\n<div class=\"entry-content\">\n<p><a href=\"https:\/\/museu.gramenet.cat\/es\/actualidad\/detalle-info\/dia-internacional-dels-museus-2\/\"><img loading=\"lazy\" decoding=\"async\" class=\"wp-image-17745 alignleft\" src=\"https:\/\/serveiseducatius.xtec.cat\/santacolomag\/wp-content\/uploads\/usu1183\/2022\/05\/DIM_2022-1-1024x512.jpg\" alt=\"\" width=\"278\" height=\"139\" \/><\/a><br \/>\nDissabte 14 de maig:\u00a0<strong><a href=\"https:\/\/museu.gramenet.cat\/activitats\/dia-internacional-dels-museus-2022\/nit-dels-museus-2022\/\" target=\"_blank\" rel=\"noopener noreferrer\">La Nit dels Museus<\/a><\/strong><\/p>\n<p>Dimecres 18 de maig. Vegeu propostes ben especials per gaudir del<a href=\"https:\/\/museu.gramenet.cat\/es\/actualidad\/detalle-info\/dia-internacional-dels-museus-2\/\">\u00a0Museu Torre Balldovina:<\/a><\/p>\n<div class=\"addtoany_share_save_container addtoany_content addtoany_content_bottom\">\n<div class=\"a2a_kit a2a_kit_size_25 addtoany_list\" data-a2a-url=\"https:\/\/serveiseducatius.xtec.cat\/santacolomag\/general\/la-nit-dels-museus-i-el-dia-internacional-dels-museus-a-santa-coloma-de-gramenet-2\/\" data-a2a-title=\"La Nit dels Museus i el Dia Internacional dels Museus, a Santa Coloma de Gramenet\"><\/div>\n<\/div>\n<\/div>\n<\/div>\n<\/div>\n<\/div>\n<\/div>\n<\/div>\n<\/div>\n","protected":false},"excerpt":{"rendered":"<p>XXIV Jornada d\u2019Intercanvi d\u2019Experi\u00e8ncies Pedag\u00f2giques El proper\u00a029 de juny de 12h a 14h, a\u00a0La CIBA, tindr\u00e0 lloc la\u00a0XXIV Jornada d\u2019Intercanvi [&hellip;]<\/p>\n","protected":false},"author":7,"featured_media":0,"parent":0,"menu_order":0,"comment_status":"closed","ping_status":"closed","template":"","meta":{"_bbp_topic_count":0,"_bbp_reply_count":0,"_bbp_total_topic_count":0,"_bbp_total_reply_count":0,"_bbp_voice_count":0,"_bbp_anonymous_reply_count":0,"_bbp_topic_count_hidden":0,"_bbp_reply_count_hidden":0,"_bbp_forum_subforum_count":0,"site-sidebar-layout":"default","site-content-layout":"","ast-site-content-layout":"","site-content-style":"default","site-sidebar-style":"default","ast-global-header-display":"","ast-banner-title-visibility":"","ast-main-header-display":"","ast-hfb-above-header-display":"","ast-hfb-below-header-display":"","ast-hfb-mobile-header-display":"","site-post-title":"","ast-breadcrumbs-content":"","ast-featured-img":"","footer-sml-layout":"","theme-transparent-header-meta":"","adv-header-id-meta":"","stick-header-meta":"","header-above-stick-meta":"","header-main-stick-meta":"","header-below-stick-meta":"","astra-migrate-meta-layouts":"default","ast-page-background-enabled":"default","ast-page-background-meta":{"desktop":{"background-color":"var(--ast-global-color-4)","background-image":"","background-repeat":"repeat","background-position":"center center","background-size":"auto","background-attachment":"scroll","background-type":"","background-media":"","overlay-type":"","overlay-color":"","overlay-opacity":"","overlay-gradient":""},"tablet":{"background-color":"","background-image":"","background-repeat":"repeat","background-position":"center center","background-size":"auto","background-attachment":"scroll","background-type":"","background-media":"","overlay-type":"","overlay-color":"","overlay-opacity":"","overlay-gradient":""},"mobile":{"background-color":"","background-image":"","background-repeat":"repeat","background-position":"center center","background-size":"auto","background-attachment":"scroll","background-type":"","background-media":"","overlay-type":"","overlay-color":"","overlay-opacity":"","overlay-gradient":""}},"ast-content-background-meta":{"desktop":{"background-color":"var(--ast-global-color-5)","background-image":"","background-repeat":"repeat","background-position":"center center","background-size":"auto","background-attachment":"scroll","background-type":"","background-media":"","overlay-type":"","overlay-color":"","overlay-opacity":"","overlay-gradient":""},"tablet":{"background-color":"var(--ast-global-color-5)","background-image":"","background-repeat":"repeat","background-position":"center center","background-size":"auto","background-attachment":"scroll","background-type":"","background-media":"","overlay-type":"","overlay-color":"","overlay-opacity":"","overlay-gradient":""},"mobile":{"background-color":"var(--ast-global-color-5)","background-image":"","background-repeat":"repeat","background-position":"center center","background-size":"auto","background-attachment":"scroll","background-type":"","background-media":"","overlay-type":"","overlay-color":"","overlay-opacity":"","overlay-gradient":""}},"footnotes":""},"class_list":["post-17772","page","type-page","status-publish","hentry"],"post_mailing_queue_ids":[],"_links":{"self":[{"href":"https:\/\/serveiseducatius.xtec.cat\/santacolomag\/wp-json\/wp\/v2\/pages\/17772","targetHints":{"allow":["GET"]}}],"collection":[{"href":"https:\/\/serveiseducatius.xtec.cat\/santacolomag\/wp-json\/wp\/v2\/pages"}],"about":[{"href":"https:\/\/serveiseducatius.xtec.cat\/santacolomag\/wp-json\/wp\/v2\/types\/page"}],"author":[{"embeddable":true,"href":"https:\/\/serveiseducatius.xtec.cat\/santacolomag\/wp-json\/wp\/v2\/users\/7"}],"replies":[{"embeddable":true,"href":"https:\/\/serveiseducatius.xtec.cat\/santacolomag\/wp-json\/wp\/v2\/comments?post=17772"}],"version-history":[{"count":3,"href":"https:\/\/serveiseducatius.xtec.cat\/santacolomag\/wp-json\/wp\/v2\/pages\/17772\/revisions"}],"predecessor-version":[{"id":17795,"href":"https:\/\/serveiseducatius.xtec.cat\/santacolomag\/wp-json\/wp\/v2\/pages\/17772\/revisions\/17795"}],"wp:attachment":[{"href":"https:\/\/serveiseducatius.xtec.cat\/santacolomag\/wp-json\/wp\/v2\/media?parent=17772"}],"curies":[{"name":"wp","href":"https:\/\/api.w.org\/{rel}","templated":true}]}}