{"id":17383,"date":"2022-01-26T10:03:10","date_gmt":"2022-01-26T09:03:10","guid":{"rendered":"https:\/\/serveiseducatius.xtec.cat\/santacolomag\/?page_id=17383"},"modified":"2022-11-08T10:25:00","modified_gmt":"2022-11-08T09:25:00","slug":"apadrinem-el-nostre-patrimoni","status":"publish","type":"page","link":"https:\/\/serveiseducatius.xtec.cat\/santacolomag\/apadrinem-el-nostre-patrimoni\/","title":{"rendered":"Apadrinem el nostre patrimoni"},"content":{"rendered":"<p><img loading=\"lazy\" decoding=\"async\" class=\"alignleft wp-image-17389\" src=\"https:\/\/serveiseducatius.xtec.cat\/santacolomag\/wp-content\/uploads\/usu1183\/2022\/01\/blanc_460x260-300x170.png\" alt=\"\" width=\"194\" height=\"110\" srcset=\"https:\/\/serveiseducatius.xtec.cat\/santacolomag\/wp-content\/uploads\/usu1183\/2022\/01\/blanc_460x260-300x170.png 300w, https:\/\/serveiseducatius.xtec.cat\/santacolomag\/wp-content\/uploads\/usu1183\/2022\/01\/blanc_460x260.png 460w\" sizes=\"auto, (max-width: 194px) 100vw, 194px\" \/><\/p>\n<p>El <a href=\"https:\/\/espai.educacio.gencat.cat\/Centres\/Innovacio-pedagogica\/Programes\/Apadrinem-nostre-patrimoni\/Pagines\/default.aspx\" target=\"_blank\" rel=\"noopener\">programa Apadrinem el nostre patrimoni<\/a>\u00a0s&#8217;inspira en experi\u00e8ncies pr\u00e8vies que s&#8217;han desenvolupat en el nostre pa\u00eds i en altres pa\u00efsos per<strong>\u00a0fomentar el coneixement dels elements patrimonials de l&#8217;entorn amb una actitud participativa de la comunitat escolar i educativa<\/strong>. El programa implica qu\u200be un centre educatiu inclogui en el projecte educatiu del centre el coneixement, l&#8217;estudi i la projecci\u00f3 d&#8217;un element patrimonial de l&#8217;entorn local o comarcal com a centre d&#8217;inter\u00e8s per a un o tots els seus nivells educatius.<\/p>\n<p>Aquest coneixement i assignaci\u00f3 de valor del patrimoni local des d&#8217;un punt de vista hist\u00f2ric i cultural afavoreix la implicaci\u00f3 de l&#8217;alumnat en el territori i en la societat, i promou l&#8217;exercici d&#8217;una ciutadania cr\u00edtica i responsable.<\/p>\n<p>El programa promou contextos d\u2019aprenentatge per a l&#8217;\u00e8xit educatiu de tot l&#8217;alumnat, afavoreix la transformaci\u00f3 educativa que t\u00e9 en compte la participaci\u00f3 activa dels i de les aprenents, amb especial atenci\u00f3 a l&#8217;aprenentatge i servei en qu\u00e8 l&#8217;alumnat parteix de necessitats reals de l&#8217;entorn amb l&#8217;objectiu de millorar-lo.\u200b<\/p>\n<hr \/>\n<p><strong>Enlla\u00e7os de refer\u00e8ncia<\/strong><\/p>\n<ul>\n<li><a href=\"https:\/\/espai.educacio.gencat.cat\/Centres\/Innovacio-pedagogica\/Programes\/Apadrinem-nostre-patrimoni\/Pagines\/default.aspx\" target=\"_blank\" rel=\"noopener\">Portal de centres: innovaci\u00f3<\/a><\/li>\n<li><a href=\"http:\/\/xtec.gencat.cat\/ca\/projectes\/apadrinemnostrepatrimoni\/\" target=\"_blank\" rel=\"noopener\">XTEC<\/a><\/li>\n<li><a href=\"https:\/\/odissea.xtec.cat\/course\/view.php?id=21882\" target=\"_blank\" rel=\"noopener\">Orientacions per als centres educatius que participen al programa<\/a><\/li>\n<li>Espai Nodes (en construcci\u00f3)<\/li>\n<li><a href=\"https:\/\/twitter.com\/hashtag\/Apadrinem?src=hash&amp;f=live\" target=\"_blank\" rel=\"noopener noreferrer\">#Apadrinem<\/a><\/li>\n<\/ul>\n<hr \/>\n<p><strong>Apadrinem a Santa Coloma de Gramenet<\/strong><\/p>\n<p><img loading=\"lazy\" decoding=\"async\" class=\"alignleft wp-image-16414\" src=\"https:\/\/serveiseducatius.xtec.cat\/santacolomag\/wp-content\/uploads\/usu1183\/2021\/06\/logo-CanPe-Apadrinem-2019-300x118.png\" alt=\"\" width=\"277\" height=\"109\" \/><a href=\"https:\/\/serveiseducatius.xtec.cat\/santacolomag\/general\/apadrinem-lantiga-masia-can-peixauet\/\" target=\"_blank\" rel=\"noopener\">Apadrinem l&#8217;antiga masia de Can Peixauet. Institut Can Peixauet<\/a><br \/>\nProjecte on l\u2019alumnat apadrina l\u2019antiga masia de Can Peixauet, actualment biblioteca p\u00fablica de la ciutat: descobreix i explora la biblioteca (1r ESO); imagina, investiga, i descobreix que l\u2019actual biblioteca era una masia medieval (2n ESO); recopila imatges, retalls de diari, dibuixos\u2026sobre la masia i els seus canvis al llarg del temps (3r ESO). S\u2019organitza una exposici\u00f3 del material gr\u00e0fic i una visita guiada on s\u2019explica la hist\u00f2ria de l\u2019edifici (4t ESO).<\/p>\n<p>Aquest projecte ha estat reconegut en el marc del <a href=\"http:\/\/xtec.gencat.cat\/ca\/innovacio\/programes_innovacio\/\" target=\"_blank\" rel=\"noopener\">Programa d&#8217;Innovaci\u00f3.<\/a><\/p>\n<p>&nbsp;<\/p>\n<p><img loading=\"lazy\" decoding=\"async\" class=\"alignleft wp-image-13479\" src=\"https:\/\/serveiseducatius.xtec.cat\/santacolomag\/wp-content\/uploads\/usu1183\/2020\/04\/jose-sanchez-escultura-e1588096362647.png\" alt=\"\" width=\"109\" height=\"151\" \/><\/p>\n<p><a href=\"https:\/\/agora.xtec.cat\/iesterraroja\/categoria\/apadrinem-el-nostre-patrimoni\/\" target=\"_blank\" rel=\"noopener\">Apadrinem Jos\u00e9 S\u00e1nchez. Institut Torre Roja<\/a><br \/>\nS\u00edntesi del treball que s\u2019ha dut a terme amb els alumnes al voltant de la figura de Jos\u00e9 S\u00e1nchez Mu\u00f1oz, moss\u00e8n progressista de la parr\u00f2quia de Santa Rosa. Sebastiana Bote (04\/2020). Reconegut pel Departament d&#8217;Educaci\u00f3 com a <a href=\"https:\/\/innovacio.xtec.gencat.cat\/centre\/08034001\" target=\"_blank\" rel=\"noopener\">pr\u00e0ctica de refer\u00e8ncia d&#8217;innovaci\u00f3 pedag\u00f2gica<\/a>.<br \/>\n<a href=\"https:\/\/serveiseducatius.xtec.cat\/santacolomag\/general\/seminari-coneixer-santa-coloma-videoconferencia-sobre-jose-sanchez\/\" target=\"_blank\" rel=\"noopener noreferrer\">M\u00e9s informaci\u00f3.<\/a><\/p>\n<p>Aquest projecte ha estat reconegut com a <a href=\"http:\/\/xtec.gencat.cat\/ca\/innovacio\/practiques_educatives_referencia\/\" target=\"_blank\" rel=\"noopener\">Pr\u00e0ctica educativa de refer\u00e8ncia.<\/a><\/p>\n<hr \/>\n<p><a href=\"https:\/\/serveiseducatius.xtec.cat\/santacolomag\/general\/apadrinem-el-nostre-patrimoni-presentacio-dexperiencies-i-taula-rodona\/\" target=\"_blank\" rel=\"noopener\">Jornada Activem el Programa Apadrinem el nostre patrimoni (25\/01\/2022)<\/a><\/p>\n<p><img loading=\"lazy\" decoding=\"async\" class=\" wp-image-17298 alignleft\" src=\"https:\/\/serveiseducatius.xtec.cat\/santacolomag\/wp-content\/uploads\/usu1183\/2021\/12\/Cartell-Trobada-Apadrinem-pdf-Google-Drive-300x127.png\" alt=\"\" width=\"262\" height=\"110\" \/>Presentaci\u00f3 d\u2019experi\u00e8ncies de tres centres educatius, taula rodona i torn obert de preguntes:<\/p>\n<p><span style=\"font-weight: 400;\">INS Baix a Mar: <\/span><a href=\"https:\/\/agora.xtec.cat\/insbaixamar\/?s=quimera\"><span style=\"font-weight: 400;\">Projecte Quimera<\/span><\/a><span style=\"font-weight: 400;\"> (amb l&#8217;Espai Far de Vilanova i la Geltr\u00fa)<\/span><span style=\"font-weight: 400;\"><br \/>\n<\/span><span style=\"font-weight: 400;\">INS Can Peixauet: <\/span><a href=\"https:\/\/agora.xtec.cat\/iescanpeixauet\/apadrinem-el-patrimoni\/\"><span style=\"font-weight: 400;\">Apadrinem l\u2019antiga masia de Can Peixauet<\/span><span style=\"font-weight: 400;\"><br \/>\n<\/span><\/a><span style=\"font-weight: 400;\">INS Hip\u00e0tia d\u2019Alexandria: <\/span><a href=\"https:\/\/agora.xtec.cat\/insllicamunt2\/?s=apadrinem\"><span style=\"font-weight: 400;\">Apadrinem el Tenes<\/span><\/a><\/p>\n<p style=\"text-align: right;\"><em>Darrera actualitzaci\u00f3: Mar\u00e7 2022<\/em><\/p>\n","protected":false},"excerpt":{"rendered":"<p>El programa Apadrinem el nostre patrimoni\u00a0s&#8217;inspira en experi\u00e8ncies pr\u00e8vies que s&#8217;han desenvolupat en el nostre pa\u00eds i en altres pa\u00efsos [&hellip;]<\/p>\n","protected":false},"author":7,"featured_media":0,"parent":0,"menu_order":0,"comment_status":"closed","ping_status":"closed","template":"","meta":{"_bbp_topic_count":0,"_bbp_reply_count":0,"_bbp_total_topic_count":0,"_bbp_total_reply_count":0,"_bbp_voice_count":0,"_bbp_anonymous_reply_count":0,"_bbp_topic_count_hidden":0,"_bbp_reply_count_hidden":0,"_bbp_forum_subforum_count":0,"site-sidebar-layout":"default","site-content-layout":"","ast-site-content-layout":"","site-content-style":"default","site-sidebar-style":"default","ast-global-header-display":"","ast-banner-title-visibility":"","ast-main-header-display":"","ast-hfb-above-header-display":"","ast-hfb-below-header-display":"","ast-hfb-mobile-header-display":"","site-post-title":"","ast-breadcrumbs-content":"","ast-featured-img":"","footer-sml-layout":"","theme-transparent-header-meta":"","adv-header-id-meta":"","stick-header-meta":"","header-above-stick-meta":"","header-main-stick-meta":"","header-below-stick-meta":"","astra-migrate-meta-layouts":"default","ast-page-background-enabled":"default","ast-page-background-meta":{"desktop":{"background-color":"var(--ast-global-color-4)","background-image":"","background-repeat":"repeat","background-position":"center center","background-size":"auto","background-attachment":"scroll","background-type":"","background-media":"","overlay-type":"","overlay-color":"","overlay-opacity":"","overlay-gradient":""},"tablet":{"background-color":"","background-image":"","background-repeat":"repeat","background-position":"center center","background-size":"auto","background-attachment":"scroll","background-type":"","background-media":"","overlay-type":"","overlay-color":"","overlay-opacity":"","overlay-gradient":""},"mobile":{"background-color":"","background-image":"","background-repeat":"repeat","background-position":"center center","background-size":"auto","background-attachment":"scroll","background-type":"","background-media":"","overlay-type":"","overlay-color":"","overlay-opacity":"","overlay-gradient":""}},"ast-content-background-meta":{"desktop":{"background-color":"var(--ast-global-color-5)","background-image":"","background-repeat":"repeat","background-position":"center center","background-size":"auto","background-attachment":"scroll","background-type":"","background-media":"","overlay-type":"","overlay-color":"","overlay-opacity":"","overlay-gradient":""},"tablet":{"background-color":"var(--ast-global-color-5)","background-image":"","background-repeat":"repeat","background-position":"center center","background-size":"auto","background-attachment":"scroll","background-type":"","background-media":"","overlay-type":"","overlay-color":"","overlay-opacity":"","overlay-gradient":""},"mobile":{"background-color":"var(--ast-global-color-5)","background-image":"","background-repeat":"repeat","background-position":"center center","background-size":"auto","background-attachment":"scroll","background-type":"","background-media":"","overlay-type":"","overlay-color":"","overlay-opacity":"","overlay-gradient":""}},"footnotes":""},"class_list":["post-17383","page","type-page","status-publish","hentry"],"post_mailing_queue_ids":[],"_links":{"self":[{"href":"https:\/\/serveiseducatius.xtec.cat\/santacolomag\/wp-json\/wp\/v2\/pages\/17383","targetHints":{"allow":["GET"]}}],"collection":[{"href":"https:\/\/serveiseducatius.xtec.cat\/santacolomag\/wp-json\/wp\/v2\/pages"}],"about":[{"href":"https:\/\/serveiseducatius.xtec.cat\/santacolomag\/wp-json\/wp\/v2\/types\/page"}],"author":[{"embeddable":true,"href":"https:\/\/serveiseducatius.xtec.cat\/santacolomag\/wp-json\/wp\/v2\/users\/7"}],"replies":[{"embeddable":true,"href":"https:\/\/serveiseducatius.xtec.cat\/santacolomag\/wp-json\/wp\/v2\/comments?post=17383"}],"version-history":[{"count":3,"href":"https:\/\/serveiseducatius.xtec.cat\/santacolomag\/wp-json\/wp\/v2\/pages\/17383\/revisions"}],"predecessor-version":[{"id":17627,"href":"https:\/\/serveiseducatius.xtec.cat\/santacolomag\/wp-json\/wp\/v2\/pages\/17383\/revisions\/17627"}],"wp:attachment":[{"href":"https:\/\/serveiseducatius.xtec.cat\/santacolomag\/wp-json\/wp\/v2\/media?parent=17383"}],"curies":[{"name":"wp","href":"https:\/\/api.w.org\/{rel}","templated":true}]}}