{"id":16397,"date":"2021-06-09T09:18:23","date_gmt":"2021-06-09T07:18:23","guid":{"rendered":"http:\/\/serveiseducatius.xtec.cat\/santacolomag\/?page_id=16397"},"modified":"2022-11-15T11:23:15","modified_gmt":"2022-11-15T10:23:15","slug":"xxiii-jornada-dintercanvi-dexperiencies-pedagogiques","status":"publish","type":"page","link":"https:\/\/serveiseducatius.xtec.cat\/santacolomag\/xxiii-jornada-dintercanvi-dexperiencies-pedagogiques\/","title":{"rendered":"XXIII Jornada d\u2019Intercanvi d\u2019Experi\u00e8ncies Pedag\u00f2giques"},"content":{"rendered":"<div dir=\"ltr\">\n<div dir=\"ltr\">\n<p><img loading=\"lazy\" decoding=\"async\" class=\"alignnone size-full wp-image-12132 aligncenter\" src=\"https:\/\/serveiseducatius.xtec.cat\/santacolomag\/wp-content\/uploads\/usu1183\/2019\/06\/flor_20mans-e1527845903821.jpg\" alt=\"\" width=\"100\" height=\"146\" \/><\/p>\n<p><strong>Dimecres 26 de maig de 2021<\/strong><br \/>\nConfer\u00e8ncia inaugural:\u00a0<strong>\u00a0<span lang=\"FR\"><em><b>Les connexions que fa el teu cervell per aprendre<\/b><\/em><br \/>\n<\/span><\/strong><span lang=\"FR\">A c\u00e0rrec de\u00a0<strong><span class=\"il\">Marta<\/span>\u00a0<span class=\"il\">Portero<br \/>\n<\/span><\/strong><span class=\"il\">Va<\/span><\/span> apropar-nos els estudis de la psicologia i la neuroci\u00e8ncia sobre com aprenem les persones per tal de promoure l\u2019\u00fas de metodologies educatives basades en l\u2019evid\u00e8ncia cient\u00edfica.<\/p>\n<p><strong>Dimarts 8 de juny de 2021<br \/>\n<\/strong><strong>Presentaci\u00f3 d\u2019experi\u00e8ncies pedag\u00f2giques<\/strong>\u00a0per part de centres educatius de Santa Coloma<br \/>\n<strong>Hora:<\/strong>\u00a016:30h\u00a0<b><br \/>\nLloc virtual:\u00a0<a href=\"https:\/\/www.youtube.com\/watch?v=0rVXyYr_5Ro\">https:\/\/www.youtube.com\/watch?v=0rVXyYr_5Ro<\/a><\/b><\/p>\n<p>&nbsp;<\/p>\n<p><strong>PROGRAMA<\/strong><\/p>\n<table style=\"height: 534px;\">\n<tbody>\n<tr style=\"height: 48px;\">\n<td style=\"height: 48px; width: 163.494px;\">Escola Joan Salvat Papasseit<\/td>\n<td style=\"height: 48px; width: 602.699px;\"><span style=\"font-size: 12pt;\"><i>Ens movem amb el cavall! (2n Prim\u00e0ria)\u00a0 \u00a0<\/i><a href=\"https:\/\/drive.google.com\/file\/d\/18yqT8fR0S94_uxKShpj1pZX_HGdvN0EU\/view?usp=sharing\">[Video]\u00a0\u00a0<\/a> [<a href=\"https:\/\/drive.google.com\/file\/d\/1FRt8EW-vpo8Nz-JEb66a4ae8ET3ugaMa\/view?usp=sharing\">Presentaci\u00f3 Digital<\/a>]<\/span><\/td>\n<\/tr>\n<tr style=\"height: 33px;\">\n<td style=\"height: 33px; width: 163.494px;\">Institut Can Peixauet<\/td>\n<td style=\"height: 33px; width: 602.699px;\"><span style=\"font-size: 12pt;\"><i>Apadrinem la biblioteca Can Peixauet (ESO) <\/i><a href=\"https:\/\/drive.google.com\/file\/d\/1I7Yi_JjfuMZXmtn9ODoGdWBNR_8gtbNq\/view?usp=sharing\">[Video]\u00a0<\/a> [<a href=\"https:\/\/drive.google.com\/file\/d\/1dlSKk_hU67vxQ_fRO6F3UOOYTndi4iA3\/view?usp=sharing\">Presentaci\u00f3 Digital<\/a>]<\/span><\/td>\n<\/tr>\n<tr style=\"height: 48px;\">\n<td style=\"height: 48px; width: 163.494px;\">Escola Merc\u00e8 Rodoreda<\/td>\n<td style=\"height: 48px; width: 602.699px;\"><span style=\"font-size: 12pt;\"><i>Enverdim Santa Coloma (5\u00e8 prim\u00e0ria) <\/i><a href=\"https:\/\/drive.google.com\/file\/d\/1ooUYAjV-I5ZL9poZTTF6a3yQSSiDq-q-\/view?usp=sharing\">[Video]<\/a><\/span><\/td>\n<\/tr>\n<tr style=\"height: 33px;\">\n<td style=\"height: 33px; width: 163.494px;\">Institut Terra Roja<\/td>\n<td style=\"height: 33px; width: 602.699px;\"><span style=\"font-size: 12pt;\"><i>Projecte \u00c8XIT (3r i 4t d\u2019ESO) <\/i><a href=\"https:\/\/drive.google.com\/file\/d\/1Wx58foZfhYDvj8twJ9aHeaJEFAzpeCDW\/view?usp=sharing\">[Video]<\/a><\/span><\/td>\n<\/tr>\n<tr style=\"height: 33px;\">\n<td style=\"height: 33px; width: 163.494px;\">Escola Beethoven<\/td>\n<td style=\"height: 33px; width: 602.699px;\"><span style=\"font-size: 12pt;\"><i>Som booktubers! (Aula d\u2019acollida) <\/i><a href=\"https:\/\/drive.google.com\/file\/d\/1tcskh77zTE3TJDqrgbLyBPCO7dnhjYsy\/view?usp=sharing\">[Video]<\/a> [<a href=\"https:\/\/drive.google.com\/file\/d\/1CoqEL8heXKrgMMtHPkYQNjcNkRLDlA8e\/view?usp=sharing\">Presentaci\u00f3 digital<\/a>] [<a href=\"https:\/\/capsadelesparaules.blogspot.com\/2021\/04\/som-booktubers.html\">Web<\/a>] [<a href=\"https:\/\/drive.google.com\/file\/d\/1tTQZd8N3Q7-3_h4KgpY0FU1FE3JMXNMI\/view?usp=sharing\">QR&#8217;s<\/a>]<\/span><\/td>\n<\/tr>\n<tr style=\"height: 33px;\">\n<td style=\"height: 33px; width: 163.494px;\">Institut Puig Castellar<\/td>\n<td style=\"height: 33px; width: 602.699px;\"><span style=\"font-size: 12pt;\"><i>La dona a la hist\u00f2ria (ESO) <\/i><a href=\"https:\/\/drive.google.com\/file\/d\/1yLedNYl3FZ9mcwC9Y1BKTomJPa_gZzAs\/view?usp=sharing\">[Video]<\/a><\/span><\/td>\n<\/tr>\n<tr style=\"height: 33px;\">\n<td style=\"height: 33px; width: 163.494px;\">Col\u00b7legi Les Neus<\/td>\n<td style=\"height: 33px; width: 602.699px;\"><span style=\"font-size: 12pt;\"><i>Com \u00e9s que la mongeta \u00e9s viva? <\/i><a href=\"https:\/\/drive.google.com\/file\/d\/1O09rz_i2O0aVtyvUQNY2se4iS9LynBFd\/view?usp=sharing\">[Video] <\/a>[<a href=\"https:\/\/view.genial.ly\/60a8e92f271fb90d440066b3\/presentation-intercanvi-dexperiencies-pedagogiques\">Presentaci\u00f3 digital<\/a>]<\/span><\/td>\n<\/tr>\n<tr style=\"height: 33px;\">\n<td style=\"height: 33px; width: 163.494px;\">FEDAC Santa Coloma<\/td>\n<td style=\"height: 33px; width: 602.699px;\"><span style=\"font-size: 12pt;\"><i>Mulla\u2019t pel medi ambient (1r ESO) <\/i><a href=\"https:\/\/drive.google.com\/file\/d\/1Fx641F3y5LCzBfsgET2tnCoFm_Rsgmt_\/view?usp=sharing\">[Video]\u00a0<\/a> [<a href=\"https:\/\/drive.google.com\/file\/d\/1-MgyuL3ibhFQXekS74EU251_w7YuWYWb\/view?usp=sharing\">Presentaci\u00f3 digital<\/a>]<\/span><\/td>\n<\/tr>\n<tr style=\"height: 240px;\">\n<td style=\"height: 240px; width: 163.494px;\">Escola Joan Salvat Papasseit<\/p>\n<p>Escola Tanit<\/p>\n<p>Institut Torrent de les Bruixes<\/p>\n<p>CRP Santa Coloma Gramenet<\/td>\n<td style=\"height: 240px; width: 602.699px;\"><span style=\"font-size: 12pt;\">Projecte europeu Erasmus+ : <i>L\u2019avaluaci\u00f3 formadora per millorar l&#8217;aprenentatge de les compet\u00e8ncies b\u00e0siques. <\/i><a href=\"https:\/\/drive.google.com\/file\/d\/1APQzfaN0Ca6qL0VmEnO15r-xHTJeyY3g\/view?usp=sharing\">[Video]\u00a0<\/a> [<a href=\"https:\/\/drive.google.com\/file\/d\/16xwgHgwqYWe1J02AikR8kGBXKMhT_8FU\/view?usp=sharing\">Presentaci\u00f3 digital<\/a>]<\/span><\/td>\n<\/tr>\n<\/tbody>\n<\/table>\n<\/div>\n<\/div>\n<div dir=\"ltr\">\n<p><strong>\u00a0 [<a href=\"https:\/\/serveiseducatius.xtec.cat\/santacolomag\/intercanvi-dexperiencies-cursos-anteriors\/\" target=\"_blank\" rel=\"noopener\">Edicions anteriors<\/a>]<\/strong><\/p>\n<\/div>\n","protected":false},"excerpt":{"rendered":"<p>Dimecres 26 de maig de 2021 Confer\u00e8ncia inaugural:\u00a0\u00a0Les connexions que fa el teu cervell per aprendre A c\u00e0rrec de\u00a0Marta\u00a0Portero Va [&hellip;]<\/p>\n","protected":false},"author":4,"featured_media":0,"parent":0,"menu_order":0,"comment_status":"closed","ping_status":"closed","template":"","meta":{"_bbp_topic_count":0,"_bbp_reply_count":0,"_bbp_total_topic_count":0,"_bbp_total_reply_count":0,"_bbp_voice_count":0,"_bbp_anonymous_reply_count":0,"_bbp_topic_count_hidden":0,"_bbp_reply_count_hidden":0,"_bbp_forum_subforum_count":0,"site-sidebar-layout":"default","site-content-layout":"","ast-site-content-layout":"","site-content-style":"default","site-sidebar-style":"default","ast-global-header-display":"","ast-banner-title-visibility":"","ast-main-header-display":"","ast-hfb-above-header-display":"","ast-hfb-below-header-display":"","ast-hfb-mobile-header-display":"","site-post-title":"","ast-breadcrumbs-content":"","ast-featured-img":"","footer-sml-layout":"","theme-transparent-header-meta":"","adv-header-id-meta":"","stick-header-meta":"","header-above-stick-meta":"","header-main-stick-meta":"","header-below-stick-meta":"","astra-migrate-meta-layouts":"default","ast-page-background-enabled":"default","ast-page-background-meta":{"desktop":{"background-color":"var(--ast-global-color-4)","background-image":"","background-repeat":"repeat","background-position":"center center","background-size":"auto","background-attachment":"scroll","background-type":"","background-media":"","overlay-type":"","overlay-color":"","overlay-opacity":"","overlay-gradient":""},"tablet":{"background-color":"","background-image":"","background-repeat":"repeat","background-position":"center center","background-size":"auto","background-attachment":"scroll","background-type":"","background-media":"","overlay-type":"","overlay-color":"","overlay-opacity":"","overlay-gradient":""},"mobile":{"background-color":"","background-image":"","background-repeat":"repeat","background-position":"center center","background-size":"auto","background-attachment":"scroll","background-type":"","background-media":"","overlay-type":"","overlay-color":"","overlay-opacity":"","overlay-gradient":""}},"ast-content-background-meta":{"desktop":{"background-color":"var(--ast-global-color-5)","background-image":"","background-repeat":"repeat","background-position":"center center","background-size":"auto","background-attachment":"scroll","background-type":"","background-media":"","overlay-type":"","overlay-color":"","overlay-opacity":"","overlay-gradient":""},"tablet":{"background-color":"var(--ast-global-color-5)","background-image":"","background-repeat":"repeat","background-position":"center center","background-size":"auto","background-attachment":"scroll","background-type":"","background-media":"","overlay-type":"","overlay-color":"","overlay-opacity":"","overlay-gradient":""},"mobile":{"background-color":"var(--ast-global-color-5)","background-image":"","background-repeat":"repeat","background-position":"center center","background-size":"auto","background-attachment":"scroll","background-type":"","background-media":"","overlay-type":"","overlay-color":"","overlay-opacity":"","overlay-gradient":""}},"footnotes":""},"class_list":["post-16397","page","type-page","status-publish","hentry"],"post_mailing_queue_ids":[],"_links":{"self":[{"href":"https:\/\/serveiseducatius.xtec.cat\/santacolomag\/wp-json\/wp\/v2\/pages\/16397","targetHints":{"allow":["GET"]}}],"collection":[{"href":"https:\/\/serveiseducatius.xtec.cat\/santacolomag\/wp-json\/wp\/v2\/pages"}],"about":[{"href":"https:\/\/serveiseducatius.xtec.cat\/santacolomag\/wp-json\/wp\/v2\/types\/page"}],"author":[{"embeddable":true,"href":"https:\/\/serveiseducatius.xtec.cat\/santacolomag\/wp-json\/wp\/v2\/users\/4"}],"replies":[{"embeddable":true,"href":"https:\/\/serveiseducatius.xtec.cat\/santacolomag\/wp-json\/wp\/v2\/comments?post=16397"}],"version-history":[{"count":4,"href":"https:\/\/serveiseducatius.xtec.cat\/santacolomag\/wp-json\/wp\/v2\/pages\/16397\/revisions"}],"predecessor-version":[{"id":17630,"href":"https:\/\/serveiseducatius.xtec.cat\/santacolomag\/wp-json\/wp\/v2\/pages\/16397\/revisions\/17630"}],"wp:attachment":[{"href":"https:\/\/serveiseducatius.xtec.cat\/santacolomag\/wp-json\/wp\/v2\/media?parent=16397"}],"curies":[{"name":"wp","href":"https:\/\/api.w.org\/{rel}","templated":true}]}}