{"id":16369,"date":"2021-06-09T17:36:44","date_gmt":"2021-06-09T15:36:44","guid":{"rendered":"http:\/\/serveiseducatius.xtec.cat\/santacolomag\/?page_id=16369"},"modified":"2021-09-10T13:02:25","modified_gmt":"2021-09-10T11:02:25","slug":"full-informatiu-juny-2021","status":"publish","type":"page","link":"https:\/\/serveiseducatius.xtec.cat\/santacolomag\/full-informatiu-juny-2021\/","title":{"rendered":"Full informatiu. Juny 2021"},"content":{"rendered":"<header class=\"entry-header\">\n<h3 class=\"entry-title\"><a href=\"https:\/\/serveiseducatius.xtec.cat\/santacolomag\/general\/xxiii-jornada-dintercanvi-dexperiencies-pedagogiques\/\"><span style=\"font-size: 24pt;\">XXIII Jornada d\u2019Intercanvi d\u2019Experi\u00e8ncies Pedag\u00f2giques<\/span><\/a><\/h3>\n<\/header>\n<div class=\"entry-content\">\n<div dir=\"ltr\">\n<div dir=\"ltr\">\n<div><img loading=\"lazy\" decoding=\"async\" class=\"alignleft\" src=\"https:\/\/sites.google.com\/a\/xtec.cat\/crp-santacolomag\/_\/rsrc\/1338557701355\/config\/pagetemplates\/jiep\/flor_20mans.jpg\" width=\"140\" height=\"205\" border=\"0\" \/><\/div>\n<p><strong>Dimecres 26 de maig de 2021<\/strong><br \/>\nConfer\u00e8ncia inaugural:\u00a0<strong><span lang=\"FR\"><a href=\"https:\/\/drive.google.com\/file\/d\/1hWvM8kz-zkswpl5ZUwA55KjtHAqg2hMM\/view\"><em><b>Les connexions que fa el teu cervell per aprendre <\/b><\/em><\/a><\/span><\/strong><span lang=\"FR\">A c\u00e0rrec de\u00a0<strong><span class=\"il\">Marta<\/span>\u00a0<span class=\"il\">Portero<\/span><\/strong><\/span><\/p>\n<p><strong>Dimarts 8 de juny de 2021 <\/strong><strong>Presentaci\u00f3 d\u2019experi\u00e8ncies pedag\u00f2giques<\/strong><br \/>\nper part de centres educatius de Santa Coloma<br \/>\n<strong>Hora:<\/strong>\u00a016:30h\u00a0<b><br \/>\nLloc virtual:\u00a0<a href=\"https:\/\/www.youtube.com\/watch?v=0rVXyYr_5Ro\">https:\/\/www.youtube.com\/watch?v=0rVXyYr_5Ro<\/a><br \/>\n<\/b><strong><a href=\"https:\/\/serveiseducatius.xtec.cat\/santacolomag\/general\/xxiii-jornada-dintercanvi-dexperiencies-pedagogiques\/\">PROGRAMA <\/a><\/strong>Les presentacions es podran visionar al canal de YouTube del CRP<\/p>\n<hr \/>\n<header class=\"entry-header\">\n<h3 class=\"entry-title\"><span style=\"font-size: 24pt;\"><a href=\"https:\/\/serveiseducatius.xtec.cat\/santacolomag\/general\/vii-congres-de-ciencia-educacio-infantil-i-primaria\/\">VII Congr\u00e9s de ci\u00e8ncia. Educaci\u00f3 infantil i prim\u00e0ria<\/a><\/span><\/h3>\n<\/header>\n<div class=\"entry-content\">\n<p><a href=\"http:\/\/serveiseducatius.xtec.cat\/santacolomag\/wp-content\/uploads\/usu1183\/2014\/09\/brot.jpg\"><img loading=\"lazy\" decoding=\"async\" class=\"alignleft wp-image-8259\" src=\"http:\/\/serveiseducatius.xtec.cat\/santacolomag\/wp-content\/uploads\/usu1183\/2014\/09\/brot.jpg\" alt=\"\" width=\"193\" height=\"144\" \/><\/a><br \/>\nEl\u00a0<a href=\"https:\/\/sites.google.com\/a\/xtec.cat\/congres-de-ciencia-santa-coloma-gramenet\/\"><strong>VII Congr\u00e9s de ci\u00e8ncia<\/strong><\/a>\u00a0de Santa Coloma de Gramenet tindr\u00e0 lloc el 17 de juny de 2021, enguany en l\u00ednia. El Congr\u00e9s est\u00e0 organitzat pel CRP en col\u00b7laboraci\u00f3 amb l\u2019Ajuntament de Santa Coloma de Gramenet i hi participen centres de la ciutat.<\/p>\n<p><a href=\"https:\/\/sites.google.com\/a\/xtec.cat\/congres-de-ciencia-santa-coloma-gramenet\/pon%C3%A8ncies-2021\"><strong>CENTRES PARTICIPANTS I PROGRAMA<\/strong><\/a><\/p>\n<p>&nbsp;<\/p>\n<\/div>\n<\/div>\n<\/div>\n<hr \/>\n<header class=\"entry-header\">\n<h3 class=\"entry-title\"><span style=\"font-size: 24pt;\"><a href=\"https:\/\/serveiseducatius.xtec.cat\/santacolomag\/general\/santa-coloma-dansa-ii-trobada-escolar-de-dansa\/\">Santa Coloma Dansa. II Trobada escolar de dansa<\/a><\/span><\/h3>\n<\/header>\n<div class=\"entry-content\">\n<p><a href=\"https:\/\/serveiseducatius.xtec.cat\/santacolomag\/wp-content\/uploads\/usu1183\/2021\/06\/cartell2021-e1623160319844.jpg\"><img loading=\"lazy\" decoding=\"async\" class=\"alignleft wp-image-16378\" src=\"https:\/\/serveiseducatius.xtec.cat\/santacolomag\/wp-content\/uploads\/usu1183\/2021\/06\/cartell2021-576x1024.jpg\" alt=\"\" width=\"132\" height=\"234\" \/><\/a><\/p>\n<p>&nbsp;<\/p>\n<p>Tindr\u00e0 lloc els dies 9 i 10 de juny, a les escoles Fray Luis de Le\u00f3n i Ferran de Sagarrade Santa Coloma de Gramenet.<\/p>\n<p>El professorat ha preparat un repertori de danses i unes orientacions did\u00e0ctiques per treballar-les amb el seu alumnat.<br \/>\nAquest treball culmina en una ballada conjunta amb tots els centres participants<strong>:<br \/>\nFerran Sagarra,\u00a0 Fray Luis Le\u00f3n, Merc\u00e8 Rodoreda, Santa Coloma i Les Neus.<\/strong><\/p>\n<\/div>\n<\/div>\n<h6><\/h6>\n<hr \/>\n<div class=\"entry-content\">\n<div class=\"addtoany_share_save_container addtoany_content addtoany_content_bottom\">\n<div class=\"a2a_kit a2a_kit_size_25 addtoany_list\" data-a2a-url=\"https:\/\/serveiseducatius.xtec.cat\/santacolomag\/general\/formacio-destiu-2021\/\" data-a2a-title=\"Formaci\u00f3 d\u2019estiu 2021\">\n<header class=\"entry-header\">\n<h3 class=\"entry-title\"><a href=\"https:\/\/serveiseducatius.xtec.cat\/santacolomag\/general\/formacio-destiu-2021\/\"><span style=\"font-size: 24pt;\">Formaci\u00f3 d\u2019estiu 2021<\/span><\/a><\/h3>\n<\/header>\n<div class=\"entry-content\">\n<h6><a href=\"https:\/\/serveiseducatius.xtec.cat\/santacolomag\/wp-content\/uploads\/usu1183\/2017\/05\/estiu-e1591691230134.jpg\"><img loading=\"lazy\" decoding=\"async\" class=\"alignleft wp-image-9522\" src=\"https:\/\/serveiseducatius.xtec.cat\/santacolomag\/wp-content\/uploads\/usu1183\/2017\/05\/estiu-e1591691230134.jpg\" alt=\"\" width=\"203\" height=\"135\" \/><\/a><\/h6>\n<h6><span style=\"font-family: helvetica, arial, sans-serif;\"><span style=\"font-family: verdana, geneva, sans-serif;\">Cursos i activitats de formaci\u00f3 per al professorat organitzada per diferents institucions.<\/span><\/span><\/h6>\n<h6><span style=\"font-size: 12pt;\"><strong><a href=\"http:\/\/xtec.gencat.cat\/ca\/formacio\/formacio-estiu\/\">FORMACI\u00d3 D\u2019ESTIU (XTEC)<\/a><br \/>\n<\/strong><\/span><\/h6>\n<h6><span style=\"font-size: 12pt;\"><strong><a href=\"http:\/\/xtec.gencat.cat\/ca\/formacio\/formacio-estiu\/escoles-estiu\/\">ESCOLES D\u2019ESTIU DE CATALUNYA<\/a><\/strong><\/span><\/h6>\n<h6><span style=\"font-size: 12pt;\"><strong><a href=\"https:\/\/www.rosasensat.org\/el-programa-formatiu-de-la-56a-escola-destiu\/\">ESCOLA D\u2019ESTIU ROSA SENSAT<\/a><\/strong><\/span><\/h6>\n<\/div>\n<p>&nbsp;<\/p>\n<hr \/>\n<div class=\"entry-content\">\n<header class=\"entry-header\">\n<header class=\"entry-header\">\n<h3 class=\"entry-title\"><a href=\"https:\/\/serveiseducatius.xtec.cat\/santacolomag\/general\/formacio-transtorns-conducta-alimentaria\/\"><span style=\"font-size: 24pt;\">Formaci\u00f3 Transtorns conducta aliment\u00e0ria<\/span><\/a><\/h3>\n<\/header>\n<div class=\"entry-content\">\n<header class=\"entry-header\">\n<h1 class=\"entry-title\"><img loading=\"lazy\" decoding=\"async\" class=\"wp-image-16524 alignleft\" src=\"https:\/\/serveiseducatius.xtec.cat\/badalona\/wp-content\/uploads\/usu1088\/2021\/06\/conducta-aliment%C3%A0ria.png\" alt=\"\" width=\"246\" height=\"138\" \/><\/h1>\n<\/header>\n<div class=\"entry-content\">\n<p>&nbsp;<\/p>\n<p><span lang=\"CA\">Les sessions estan previstes el<\/span><span lang=\"CA\">\u00a0<\/span>divendres 2\/7\/2021 de 9:00 a 13:30<\/p>\n<p><b><a href=\"https:\/\/aplicacions.gestioeducativa.gencat.cat\/pls\/soloas\/pk_for_mod_ins.p_for_detall_activitat?p_header=Llista%20d%27activitats%5Epk_for_mod_ins.p_for_cons_activitats?p_any=2020-2021%26p_totes=N%26p_desc=conducta%2520aliment%C3%A0ria%26p_inici=1%26p_excloure_crp_rec=T&amp;p_codi=2003390512&amp;p_curs=2020-2021&amp;p_excloure_crp_rec=T\" target=\"_blank\" rel=\"noopener noreferrer\" data-saferedirecturl=\"https:\/\/www.google.com\/url?q=https:\/\/aplicacions.gestioeducativa.gencat.cat\/pls\/soloas\/pk_for_mod_ins.p_for_detall_activitat?p_header%3DLlista%2520d%2527activitats%255Epk_for_mod_ins.p_for_cons_activitats?p_any%3D2020-2021%2526p_totes%3DN%2526p_desc%3Dconducta%252520aliment%25C3%25A0ria%2526p_inici%3D1%2526p_excloure_crp_rec%3DT%26p_codi%3D2003390512%26p_curs%3D2020-2021%26p_excloure_crp_rec%3DT&amp;source=gmail&amp;ust=1622627256751000&amp;usg=AFQjCNHd_mFIF0W5dvq4pw31Z5PxDmFm8A\">2003390512 Els Trastorns de la\u00a0<span class=\"il\">Conducta<\/span>\u00a0<span class=\"il\">Aliment\u00e0ria<\/span>: detecci\u00f3 i prevenci\u00f3 al centre escolar<\/a><\/b><b><a href=\"https:\/\/aplicacions.gestioeducativa.gencat.cat\/pls\/soloas\/pk_for_mod_ins.p_for_detall_activitat?p_header=Llista%20d%27activitats%5Epk_for_mod_ins.p_for_cons_activitats?p_any=2020-2021%26p_totes=N%26p_desc=conducta%2520aliment%C3%A0ria%26p_inici=1%26p_excloure_crp_rec=T&amp;p_codi=2003400512&amp;p_curs=2020-2021&amp;p_excloure_crp_rec=T\" target=\"_blank\" rel=\"noopener noreferrer\" data-saferedirecturl=\"https:\/\/www.google.com\/url?q=https:\/\/aplicacions.gestioeducativa.gencat.cat\/pls\/soloas\/pk_for_mod_ins.p_for_detall_activitat?p_header%3DLlista%2520d%2527activitats%255Epk_for_mod_ins.p_for_cons_activitats?p_any%3D2020-2021%2526p_totes%3DN%2526p_desc%3Dconducta%252520aliment%25C3%25A0ria%2526p_inici%3D1%2526p_excloure_crp_rec%3DT%26p_codi%3D2003400512%26p_curs%3D2020-2021%26p_excloure_crp_rec%3DT&amp;source=gmail&amp;ust=1622627256751000&amp;usg=AFQjCNHr42dC9LvuTFqzsZ4Gny5-hvbj7Q\">2003400512 Els Trastorns de la\u00a0<span class=\"il\">Conducta<\/span>\u00a0<span class=\"il\">Aliment\u00e0ria<\/span>: detecci\u00f3 i prevenci\u00f3 al centre escolar<\/a><\/b><\/p>\n<hr \/>\n<\/div>\n<\/div>\n<h3 class=\"entry-title\"><a href=\"https:\/\/serveiseducatius.xtec.cat\/santacolomag\/general\/exposicio-virtual-la-festa-major-destiu-a-santa-coloma-de-gramenet\/\"><span style=\"font-size: 24pt;\">Exposici\u00f3 virtual: la Festa Major d\u2019Estiu a Santa Coloma de Gramenet<\/span><\/a><\/h3>\n<\/header>\n<div class=\"entry-content\">\n<p><a href=\"https:\/\/exposiciofestamajor.gramenet.cat\/\" target=\"_blank\" rel=\"noopener noreferrer\"><img loading=\"lazy\" decoding=\"async\" class=\"wp-image-16339 alignleft\" src=\"https:\/\/serveiseducatius.xtec.cat\/santacolomag\/wp-content\/uploads\/usu1183\/2021\/06\/festa-major-estiu-SCG.png\" alt=\"\" width=\"242\" height=\"133\" \/><\/a><\/p>\n<p>El <a href=\"https:\/\/museu.gramenet.cat\/exposicions\/la-festa-major-destiu\/\" target=\"_blank\" rel=\"noopener noreferrer\">Museu Torre Balldovina<\/a> presenta una exposici\u00f3 en l\u00ednia sobre la Festa Major d\u2019Estiu de Santa Coloma, la festa de retrobada de colomenques i colomencs despr\u00e9s de les vacances i que dona entrada a un nou curs, a la qual s\u2019hi podr\u00e0 accedir a trav\u00e9s de l\u2019enlla\u00e7 <strong><a href=\"http:\/\/exposiciofestamajor.gramenet.cat\/\" target=\"_blank\" rel=\"noopener noreferrer\" data-saferedirecturl=\"https:\/\/www.google.com\/url?q=http:\/\/exposiciofestamajor.gramenet.cat\/&amp;source=gmail&amp;ust=1622786792791000&amp;usg=AFQjCNHoIjiJ5_qXGrD3CZnLWAMIIm3Skg\">exposiciofestamajor.<wbr \/>gramenet.cat<\/a><\/strong><\/p>\n<hr \/>\n<h3>\u00a0<a href=\"https:\/\/serveiseducatius.xtec.cat\/santacolomag\/general\/butlleti-de-juny-2021-del-banc-de-recursos-la-lectura-font-de-plaer-i-coneixement\/\"><span style=\"font-size: 24pt;\">Butllet\u00ed de juny 2021 del Banc de Recursos. La lectura: font de plaer i coneixement<\/span><\/a><\/h3>\n<p><img loading=\"lazy\" decoding=\"async\" class=\"alignnone wp-image-11641\" src=\"https:\/\/serveiseducatius.xtec.cat\/santacolomag\/wp-content\/uploads\/usu1183\/2019\/02\/BDR-butlleti-e1551260868808.png\" alt=\"\" width=\"305\" height=\"62\" \/><\/p>\n<p>Aqu\u00ed teniu l\u2019enlla\u00e7 al nou butllet\u00ed del\u00a0<a href=\"https:\/\/sites.google.com\/a\/xtec.cat\/butlleti-bdr\/\">Banc de Recursos de la Lectura<\/a>\u00a0on trobareu les novetats relacionades amb la lectura corresponent al tercer trimestre. Aquest material ha estat elaborat pel grup de treball en xarxa dels Centres de Recursos Pedag\u00f2gics de Catalunya.<\/p>\n<p>Esperem que us sigui d\u2019utilitat a la vostra feina.<\/p>\n<\/div>\n<\/div>\n<\/div>\n<\/div>\n<\/div>\n","protected":false},"excerpt":{"rendered":"<p>XXIII Jornada d\u2019Intercanvi d\u2019Experi\u00e8ncies Pedag\u00f2giques Dimecres 26 de maig de 2021 Confer\u00e8ncia inaugural:\u00a0Les connexions que fa el teu cervell per [&hellip;]<\/p>\n","protected":false},"author":7,"featured_media":0,"parent":0,"menu_order":0,"comment_status":"closed","ping_status":"closed","template":"","meta":{"_bbp_topic_count":0,"_bbp_reply_count":0,"_bbp_total_topic_count":0,"_bbp_total_reply_count":0,"_bbp_voice_count":0,"_bbp_anonymous_reply_count":0,"_bbp_topic_count_hidden":0,"_bbp_reply_count_hidden":0,"_bbp_forum_subforum_count":0,"site-sidebar-layout":"default","site-content-layout":"","ast-site-content-layout":"","site-content-style":"default","site-sidebar-style":"default","ast-global-header-display":"","ast-banner-title-visibility":"","ast-main-header-display":"","ast-hfb-above-header-display":"","ast-hfb-below-header-display":"","ast-hfb-mobile-header-display":"","site-post-title":"","ast-breadcrumbs-content":"","ast-featured-img":"","footer-sml-layout":"","theme-transparent-header-meta":"","adv-header-id-meta":"","stick-header-meta":"","header-above-stick-meta":"","header-main-stick-meta":"","header-below-stick-meta":"","astra-migrate-meta-layouts":"default","ast-page-background-enabled":"default","ast-page-background-meta":{"desktop":{"background-color":"var(--ast-global-color-4)","background-image":"","background-repeat":"repeat","background-position":"center center","background-size":"auto","background-attachment":"scroll","background-type":"","background-media":"","overlay-type":"","overlay-color":"","overlay-opacity":"","overlay-gradient":""},"tablet":{"background-color":"","background-image":"","background-repeat":"repeat","background-position":"center center","background-size":"auto","background-attachment":"scroll","background-type":"","background-media":"","overlay-type":"","overlay-color":"","overlay-opacity":"","overlay-gradient":""},"mobile":{"background-color":"","background-image":"","background-repeat":"repeat","background-position":"center center","background-size":"auto","background-attachment":"scroll","background-type":"","background-media":"","overlay-type":"","overlay-color":"","overlay-opacity":"","overlay-gradient":""}},"ast-content-background-meta":{"desktop":{"background-color":"var(--ast-global-color-5)","background-image":"","background-repeat":"repeat","background-position":"center center","background-size":"auto","background-attachment":"scroll","background-type":"","background-media":"","overlay-type":"","overlay-color":"","overlay-opacity":"","overlay-gradient":""},"tablet":{"background-color":"var(--ast-global-color-5)","background-image":"","background-repeat":"repeat","background-position":"center center","background-size":"auto","background-attachment":"scroll","background-type":"","background-media":"","overlay-type":"","overlay-color":"","overlay-opacity":"","overlay-gradient":""},"mobile":{"background-color":"var(--ast-global-color-5)","background-image":"","background-repeat":"repeat","background-position":"center center","background-size":"auto","background-attachment":"scroll","background-type":"","background-media":"","overlay-type":"","overlay-color":"","overlay-opacity":"","overlay-gradient":""}},"footnotes":""},"class_list":["post-16369","page","type-page","status-publish","hentry"],"post_mailing_queue_ids":[],"_links":{"self":[{"href":"https:\/\/serveiseducatius.xtec.cat\/santacolomag\/wp-json\/wp\/v2\/pages\/16369","targetHints":{"allow":["GET"]}}],"collection":[{"href":"https:\/\/serveiseducatius.xtec.cat\/santacolomag\/wp-json\/wp\/v2\/pages"}],"about":[{"href":"https:\/\/serveiseducatius.xtec.cat\/santacolomag\/wp-json\/wp\/v2\/types\/page"}],"author":[{"embeddable":true,"href":"https:\/\/serveiseducatius.xtec.cat\/santacolomag\/wp-json\/wp\/v2\/users\/7"}],"replies":[{"embeddable":true,"href":"https:\/\/serveiseducatius.xtec.cat\/santacolomag\/wp-json\/wp\/v2\/comments?post=16369"}],"version-history":[{"count":5,"href":"https:\/\/serveiseducatius.xtec.cat\/santacolomag\/wp-json\/wp\/v2\/pages\/16369\/revisions"}],"predecessor-version":[{"id":17943,"href":"https:\/\/serveiseducatius.xtec.cat\/santacolomag\/wp-json\/wp\/v2\/pages\/16369\/revisions\/17943"}],"wp:attachment":[{"href":"https:\/\/serveiseducatius.xtec.cat\/santacolomag\/wp-json\/wp\/v2\/media?parent=16369"}],"curies":[{"name":"wp","href":"https:\/\/api.w.org\/{rel}","templated":true}]}}