{"id":16073,"date":"2021-04-27T20:30:08","date_gmt":"2021-04-27T18:30:08","guid":{"rendered":"http:\/\/serveiseducatius.xtec.cat\/santacolomag\/?page_id=16073"},"modified":"2022-06-14T18:29:28","modified_gmt":"2022-06-14T16:29:28","slug":"coneixer-santa-coloma-itinerari-formatiu-per-al-2021-2022","status":"publish","type":"page","link":"https:\/\/serveiseducatius.xtec.cat\/santacolomag\/recursos\/coneixer-santa-coloma-itinerari-formatiu-per-al-2021-2022\/","title":{"rendered":"Con\u00e8ixer Santa Coloma \u2013 Itinerari formatiu per al 2021-2022"},"content":{"rendered":"<p style=\"text-align: center;\"><a class=\"button normal\" style=\"padding: 1em; font-weight: 400; margin: 0.1em; color: white !important; background-color: #f0781f;\" href=\"https:\/\/serveiseducatius.xtec.cat\/santacolomag\/categoria\/recursos\/coneixer-santa-coloma\/\" rel=\"noopener noreferrer\">Portada<\/a> <a class=\"button medium\" style=\"padding: 1em; font-weight: 400; margin: 0.1em; color: white !important; background-color: #f0781f;\" href=\"http:\/\/serveiseducatius.xtec.cat\/santacolomag\/recursos\/coneixer-santa-coloma\/\" target=\"_self\" rel=\"noopener noreferrer\">Entitats i associacions<\/a> <a class=\"button medium\" style=\"padding: 1em; font-weight: 400; margin: 0.1em; color: white !important; background-color: #f0781f;\" href=\"http:\/\/serveiseducatius.xtec.cat\/santacolomag\/recursos\/coneixer-santa-coloma-materials\/\" target=\"_self\" rel=\"noopener noreferrer\">Recursos<\/a> <a class=\"button medium\" style=\"padding: 1em; font-weight: 400; margin: 0.1em; color: white !important; background-color: #f0781f;\" href=\"https:\/\/serveiseducatius.xtec.cat\/santacolomag\/recursos\/coneixer-santa-coloma-programes-i-projectes\/\" target=\"_self\" rel=\"noopener noreferrer\">Projectes de centre<\/a> <a class=\"button medium\" style=\"padding: 1em; font-weight: 400; margin: 0.1em; color: white !important; background-color: #f0781f;\" href=\"https:\/\/serveiseducatius.xtec.cat\/santacolomag\/recursos\/coneixer-santa-coloma-treballs-de-recerca\/\" target=\"_self\" rel=\"noopener noreferrer\">Treballs de recerca<\/a> <a class=\"button medium\" style=\"padding: 1em; font-weight: 400; margin: 0.1em; color: white !important; background-color: #f0781f;\" href=\"https:\/\/serveiseducatius.xtec.cat\/santacolomag\/recursos\/coneixer-santa-coloma-itinerari-formatiu-per-al-2021-2022\/\" target=\"_self\" rel=\"noopener noreferrer\">Formaci\u00f3 21-22<\/a> <a class=\"button medium\" style=\"padding: 1em; font-weight: 400; margin: 0.1em; color: white !important; background-color: #f0781f;\" href=\"https:\/\/serveiseducatius.xtec.cat\/santacolomag\/coneixer-santa-coloma-qui-som\/\" target=\"_self\" rel=\"noopener noreferrer\">Qui som<\/a><\/p>\n<p><strong>Dues activitats formatives per al proper curs 2021-2022<\/strong><\/p>\n<p><span style=\"color: #993300;\"><strong><span style=\"color: #333333;\">1. <\/span><em><a href=\"https:\/\/aplicacions.gestioeducativa.gencat.cat\/pls\/soloas\/pk_for_mod_ins.p_for_detall_activitat?p_header=Llista%20d%27activitats%5Epk_for_mod_ins.p_for_cons_activitats?p_crp=207%26p_any=2021-2022%26p_totes=s%26p_inici=21%26p_excloure_crp_rec=F&amp;p_codi=2070221207&amp;p_curs=2021-2022&amp;p_excloure_crp_rec=F\" target=\"_blank\" rel=\"noopener\">Santa Coloma a la teva mida<\/a><\/em><\/strong><em>. <\/em><span style=\"color: #333333;\">Escull el teu itinerari formatiu per con\u00e8ixer una mica m\u00e9s Santa Coloma i enriquir la teva pr\u00e0ctica docent.<\/span><strong><br \/>\n<span style=\"color: #333333;\">2. <\/span><b><i><a href=\"https:\/\/aplicacions.gestioeducativa.gencat.cat\/pls\/soloas\/pk_for_mod_ins.p_for_detall_activitat?p_header=Llista%20d%27activitats%5Epk_for_mod_ins.p_for_cons_activitats?p_crp=207%26p_any=2021-2022%26p_totes=s%26p_inici=21%26p_excloure_crp_rec=F&amp;p_codi=2070231207&amp;p_curs=2021-2022&amp;p_excloure_crp_rec=F\" target=\"_blank\" rel=\"noopener\">Con\u00e8ixer Santa Coloma: espai d\u2019intercanvi<\/a><\/i><\/b><\/strong><i><span style=\"color: #333333;\">. <\/span><\/i><span style=\"color: #333333;\">Seminari on compartir recursos i propostes did\u00e0ctiques que s&#8217;estan dissenyant o duent a terme a escoles i instituts de la ciutat.<\/span><\/span><\/p>\n<hr \/>\n<p><span style=\"color: #993300;\"><strong><span style=\"color: #333333;\">1. <\/span><em><a href=\"https:\/\/aplicacions.gestioeducativa.gencat.cat\/pls\/soloas\/pk_for_mod_ins.p_for_detall_activitat?p_header=Llista%20d%27activitats%5Epk_for_mod_ins.p_for_cons_activitats?p_crp=207%26p_any=2021-2022%26p_totes=s%26p_inici=21%26p_excloure_crp_rec=F&amp;p_codi=2070221207&amp;p_curs=2021-2022&amp;p_excloure_crp_rec=F\" target=\"_blank\" rel=\"noopener\">Santa Coloma a la teva mida<\/a><\/em><\/strong><\/span>\u00a0\u00e9s una activitat formativa adre\u00e7ada a docents que treballen o tenen vinculaci\u00f3 a la ciutat, on <strong>cadasc\u00fa configura el seu itinerari segons els seus interessos i possibilitats hor\u00e0ries<\/strong>.<\/p>\n<p>La certificaci\u00f3 \u00e9s de 15 hores. Es participa en un m\u00ednim de 5 activitats (10 h) i es du a terme una tasca aut\u00f2noma que es comparteix amb l&#8217;equip de coordinaci\u00f3 (5 h).<\/p>\n<ul>\n<li><strong>Activitats proposades<\/strong> (a escollir un m\u00ednim de cinc)<\/li>\n<\/ul>\n<ul>\n<li style=\"list-style-type: none;\">\n<ul>\n<li><a href=\"https:\/\/docs.google.com\/presentation\/d\/1IOwITEmGfeXbjz_SejgHOoTmvnMqofOgA9ABkqACFgc\/edit?usp=sharing\" target=\"_blank\" rel=\"noopener\">Presentaci\u00f3 del curs i selecci\u00f3 de recursos (virtual)<\/a>. 14\/10\/2021 (17.30 a 19h)<\/li>\n<li>Ruta teatralitzada: <a href=\"https:\/\/www.gramenet.cat\/ciutat\/gramenet-turisme\/que-fer\/rutes-i-itineraris\/santa-coloma-com-mai-lhas-vist\/\" target=\"_blank\" rel=\"noopener\">&#8220;Santa Coloma com mai l&#8217;has vist&#8221;<\/a>. (dissabte mat\u00ed). Places reservades a qui ho ha sol\u00b7licitat.<\/li>\n<li>Visita teatralitzada: <a href=\"https:\/\/www.gramenet.cat\/ciutat\/gramenet-turisme\/que-fer\/rutes-i-itineraris\/visites-teatralitzades-a-la-vinya-den-sabater\/\" target=\"_blank\" rel=\"noopener\">&#8220;La vinya d&#8217;en Sabater&#8221;<\/a> (dissabte mat\u00ed). Places reservades a qui ho ha sol\u00b7licitat.<\/li>\n<li>Presentaci\u00f3 de pr\u00e0ctiques i\/o recursos educatius\n<ul>\n<li style=\"list-style-type: none;\">\n<ul>\n<li><a href=\"https:\/\/serveiseducatius.xtec.cat\/santacolomag\/portada\/presentacio-apadrinem-lantiga-masia-de-can-peixauet\/\" target=\"_blank\" rel=\"noopener\">Apadrinem l&#8217;antiga masia de Can Peixauet.<\/a>\u00a013\/01\/2022 (17.30 a 19h)<\/li>\n<li><a href=\"https:\/\/serveiseducatius.xtec.cat\/santacolomag\/general\/apadrinem-el-nostre-patrimoni-presentacio-dexperiencies-i-taula-rodona\/\" target=\"_blank\" rel=\"noopener\">Apadrinem el nostre patrimoni: presentaci\u00f3 d&#8217;experi\u00e8ncies i taula rodona<\/a>. 25\/01\/2022 (17.30 a 19h)<\/li>\n<\/ul>\n<\/li>\n<\/ul>\n<\/li>\n<li>Activitats programades per entitats de la ciutat (s&#8217;anunciaran durant el curs)\n<ul>\n<li style=\"list-style-type: none;\">\n<ul>\n<li><a href=\"https:\/\/serveiseducatius.xtec.cat\/santacolomag\/general\/exposicio-temporal-santa-coloma-de-gramenet-desapareguda\/\" target=\"_blank\" rel=\"noopener\">Exposici\u00f3 temporal: Santa Coloma de Gramenet desapareguda<\/a><\/li>\n<li><a href=\"https:\/\/www.gramenet.cat\/ajuntament\/arees-municipals\/medi-ambient\/ecometropoli\/activitats-ecometropoli\/programa-activitats-primavera-2022\/activitats-marc-juny\/aula-ambiental-de-can-zam-isabel-munoz\/\" target=\"_blank\" rel=\"noopener\">Pesca cient\u00edfica al Bes\u00f2s<\/a> (15\/05\/2022)<\/li>\n<\/ul>\n<\/li>\n<\/ul>\n<\/li>\n<li><a href=\"https:\/\/serveiseducatius.xtec.cat\/santacolomag\/general\/periferia-passi-del-documental-i-colloqui-sobre-el-pla-popular\/\" target=\"_blank\" rel=\"noopener\">Perif\u00e8ria: documental i col\u00b7loqui<\/a> amb Odei Antxustegi-Etxerarte, Xavi Valls, Agustina Rico i Elvira Ruiz. 10\/02\/2022 (17.30 a 19.30h)<\/li>\n<li><a href=\"https:\/\/serveiseducatius.xtec.cat\/santacolomag\/general\/exposicio-portes-obertes-a-leducacio-publica-visita-i-debat\/\" target=\"_blank\" rel=\"noopener\">Exposici\u00f3 &#8220;Portes Obertes a l&#8217;Escola P\u00fablica<\/a>: visita i col\u00b7loqui amb Joan Dom\u00e8nech. 17\/03\/2022 (18 a 19.30h). <span style=\"color: #ff0000;\">Activitat anul\u00b7lada.<\/span><\/li>\n<li><a href=\"https:\/\/serveiseducatius.xtec.cat\/santacolomag\/general\/coneixer-santa-coloma-passejada-pel-besos\/\" target=\"_blank\" rel=\"noopener\">Passejada pel Bes\u00f2s: itinerari circular<\/a>: amb Xavier Larruy i Amparo Benjumea. 07\/04\/2022 (17.30 a 19.30h)<\/li>\n<li>Itinerari pel patrimoni de la ciutat, a c\u00e0rrec del Museu Torre Balldovina<\/li>\n<li>Visita a un espai patrimonial de la ciutat (a concretar), a c\u00e0rrec del Museu Torre Balldovina. Visita a Can Zam. 28\/06\/2022 (17.45 a 19.30h)<\/li>\n<li>Altres activitats que puguin proposar els participants a la formaci\u00f3<\/li>\n<\/ul>\n<\/li>\n<li><strong>Tasca aut\u00f2noma<\/strong> on es documenta l&#8217;aprofitament de la formaci\u00f3 i la possible transfer\u00e8ncia a l&#8217;aula.<\/li>\n<\/ul>\n<p>El seguiment de les activitats que es facin en l\u00ednia pot ser s\u00edncrona o as\u00edncrona. Per tant, permet flexibilitzar i que cadasc\u00fa s&#8217;organitzi.<\/p>\n<p><span style=\"color: #993300;\"><strong>Si est\u00e0s interessat a participar en alguna de les activitats sense inscriure\u2019t a tota l\u2019activitat formativa<\/strong>, <\/span><span style=\"color: #000000;\">hauries d\u2019enviar un correu al CRP per confirmar que la informaci\u00f3 que disposes \u00e9s correcte i saber si hi ha places disponibles.<\/span><\/p>\n<hr \/>\n<p><span style=\"color: #993300;\"><strong><b><i><span style=\"color: #333333;\">2. <\/span><a href=\"https:\/\/aplicacions.gestioeducativa.gencat.cat\/pls\/soloas\/pk_for_mod_ins.p_for_detall_activitat?p_header=Llista%20d%27activitats%5Epk_for_mod_ins.p_for_cons_activitats?p_crp=207%26p_any=2021-2022%26p_totes=s%26p_inici=21%26p_excloure_crp_rec=F&amp;p_codi=2070231207&amp;p_curs=2021-2022&amp;p_excloure_crp_rec=F\" target=\"_blank\" rel=\"noopener\">Con\u00e8ixer Santa Coloma: espai d\u2019intercanvi<\/a> <\/i><\/b><\/strong><\/span>\u00e9s un seminari de coordinaci\u00f3 adre\u00e7at al professorat que treballa a Santa Coloma per tal d&#8217;oferir-los i crear conjuntament recursos did\u00e0ctics, itineraris pedag\u00f2gics i diferents propostes que fomentin el coneixement del medi hist\u00f2ric, social, cultural, natural i industrial de la ciutat i del seu entorn. <b>Amb la intenci\u00f3 de crear xarxa de docents i centres de la ciutat en aquest tema.<\/b><\/p>\n<p>Fem sis reunions durant el curs (en horari de 17.30 a 19.00 h) i la certificaci\u00f3 \u00e9s de 15 hores.<br \/>\n14\/10, 11\/11, 13\/01, 10\/02, 10\/03 (ajornada) i 26\/05\/2022.<\/p>\n","protected":false},"excerpt":{"rendered":"<p>Portada Entitats i associacions Recursos Projectes de centre Treballs de recerca Formaci\u00f3 21-22 Qui som Dues activitats formatives per al [&hellip;]<\/p>\n","protected":false},"author":7,"featured_media":0,"parent":906,"menu_order":0,"comment_status":"closed","ping_status":"closed","template":"","meta":{"_bbp_topic_count":0,"_bbp_reply_count":0,"_bbp_total_topic_count":0,"_bbp_total_reply_count":0,"_bbp_voice_count":0,"_bbp_anonymous_reply_count":0,"_bbp_topic_count_hidden":0,"_bbp_reply_count_hidden":0,"_bbp_forum_subforum_count":0,"site-sidebar-layout":"default","site-content-layout":"","ast-site-content-layout":"","site-content-style":"default","site-sidebar-style":"default","ast-global-header-display":"","ast-banner-title-visibility":"","ast-main-header-display":"","ast-hfb-above-header-display":"","ast-hfb-below-header-display":"","ast-hfb-mobile-header-display":"","site-post-title":"","ast-breadcrumbs-content":"","ast-featured-img":"","footer-sml-layout":"","theme-transparent-header-meta":"","adv-header-id-meta":"","stick-header-meta":"","header-above-stick-meta":"","header-main-stick-meta":"","header-below-stick-meta":"","astra-migrate-meta-layouts":"default","ast-page-background-enabled":"default","ast-page-background-meta":{"desktop":{"background-color":"var(--ast-global-color-4)","background-image":"","background-repeat":"repeat","background-position":"center center","background-size":"auto","background-attachment":"scroll","background-type":"","background-media":"","overlay-type":"","overlay-color":"","overlay-opacity":"","overlay-gradient":""},"tablet":{"background-color":"","background-image":"","background-repeat":"repeat","background-position":"center center","background-size":"auto","background-attachment":"scroll","background-type":"","background-media":"","overlay-type":"","overlay-color":"","overlay-opacity":"","overlay-gradient":""},"mobile":{"background-color":"","background-image":"","background-repeat":"repeat","background-position":"center center","background-size":"auto","background-attachment":"scroll","background-type":"","background-media":"","overlay-type":"","overlay-color":"","overlay-opacity":"","overlay-gradient":""}},"ast-content-background-meta":{"desktop":{"background-color":"var(--ast-global-color-5)","background-image":"","background-repeat":"repeat","background-position":"center center","background-size":"auto","background-attachment":"scroll","background-type":"","background-media":"","overlay-type":"","overlay-color":"","overlay-opacity":"","overlay-gradient":""},"tablet":{"background-color":"var(--ast-global-color-5)","background-image":"","background-repeat":"repeat","background-position":"center center","background-size":"auto","background-attachment":"scroll","background-type":"","background-media":"","overlay-type":"","overlay-color":"","overlay-opacity":"","overlay-gradient":""},"mobile":{"background-color":"var(--ast-global-color-5)","background-image":"","background-repeat":"repeat","background-position":"center center","background-size":"auto","background-attachment":"scroll","background-type":"","background-media":"","overlay-type":"","overlay-color":"","overlay-opacity":"","overlay-gradient":""}},"footnotes":""},"class_list":["post-16073","page","type-page","status-publish","hentry"],"post_mailing_queue_ids":[],"_links":{"self":[{"href":"https:\/\/serveiseducatius.xtec.cat\/santacolomag\/wp-json\/wp\/v2\/pages\/16073","targetHints":{"allow":["GET"]}}],"collection":[{"href":"https:\/\/serveiseducatius.xtec.cat\/santacolomag\/wp-json\/wp\/v2\/pages"}],"about":[{"href":"https:\/\/serveiseducatius.xtec.cat\/santacolomag\/wp-json\/wp\/v2\/types\/page"}],"author":[{"embeddable":true,"href":"https:\/\/serveiseducatius.xtec.cat\/santacolomag\/wp-json\/wp\/v2\/users\/7"}],"replies":[{"embeddable":true,"href":"https:\/\/serveiseducatius.xtec.cat\/santacolomag\/wp-json\/wp\/v2\/comments?post=16073"}],"version-history":[{"count":4,"href":"https:\/\/serveiseducatius.xtec.cat\/santacolomag\/wp-json\/wp\/v2\/pages\/16073\/revisions"}],"predecessor-version":[{"id":17988,"href":"https:\/\/serveiseducatius.xtec.cat\/santacolomag\/wp-json\/wp\/v2\/pages\/16073\/revisions\/17988"}],"up":[{"embeddable":true,"href":"https:\/\/serveiseducatius.xtec.cat\/santacolomag\/wp-json\/wp\/v2\/pages\/906"}],"wp:attachment":[{"href":"https:\/\/serveiseducatius.xtec.cat\/santacolomag\/wp-json\/wp\/v2\/media?parent=16073"}],"curies":[{"name":"wp","href":"https:\/\/api.w.org\/{rel}","templated":true}]}}