{"id":15524,"date":"2021-02-08T13:35:08","date_gmt":"2021-02-08T12:35:08","guid":{"rendered":"http:\/\/serveiseducatius.xtec.cat\/santacolomag\/?page_id=15524"},"modified":"2022-10-27T13:30:59","modified_gmt":"2022-10-27T11:30:59","slug":"coneixer-santa-coloma-qui-som","status":"publish","type":"page","link":"https:\/\/serveiseducatius.xtec.cat\/santacolomag\/coneixer-santa-coloma-qui-som\/","title":{"rendered":"Con\u00e8ixer Santa Coloma &#8211; Qui som"},"content":{"rendered":"<p style=\"text-align: center;\"><a class=\"button normal\" style=\"padding: 1em; font-weight: 400; margin: 0.1em; color: white !important; background-color: #f0781f;\" href=\"https:\/\/serveiseducatius.xtec.cat\/santacolomag\/categoria\/recursos\/coneixer-santa-coloma\/\" rel=\"noopener noreferrer\">Portada<\/a> <a class=\"button medium\" style=\"padding: 1em; font-weight: 400; margin: 0.1em; color: white !important; background-color: #f0781f;\" href=\"http:\/\/serveiseducatius.xtec.cat\/santacolomag\/recursos\/coneixer-santa-coloma\/\" target=\"_self\" rel=\"noopener noreferrer\">Entitats i associacions<\/a> <a class=\"button medium\" style=\"padding: 1em; font-weight: 400; margin: 0.1em; color: white !important; background-color: #f0781f;\" href=\"http:\/\/serveiseducatius.xtec.cat\/santacolomag\/recursos\/coneixer-santa-coloma-materials\/\" target=\"_self\" rel=\"noopener noreferrer\">Recursos<\/a> <a class=\"button medium\" style=\"padding: 1em; font-weight: 400; margin: 0.1em; color: white !important; background-color: #f0781f;\" href=\"https:\/\/serveiseducatius.xtec.cat\/santacolomag\/recursos\/coneixer-santa-coloma-programes-i-projectes\/\" target=\"_self\" rel=\"noopener noreferrer\">Projectes de centre<\/a> <a class=\"button medium\" style=\"padding: 1em; font-weight: 400; margin: 0.1em; color: white !important; background-color: #f0781f;\" href=\"https:\/\/serveiseducatius.xtec.cat\/santacolomag\/recursos\/coneixer-santa-coloma-treballs-de-recerca\/\" target=\"_self\" rel=\"noopener noreferrer\">Treballs de recerca<\/a>\u00a0<a class=\"button medium\" style=\"padding: 1em; font-weight: 400; margin: 0.1em; color: white !important; background-color: #f0781f;\" href=\"https:\/\/serveiseducatius.xtec.cat\/santacolomag\/coneixer-santa-coloma-qui-som\/\" target=\"_self\" rel=\"noopener noreferrer\">Qui som<\/a><\/p>\n<p>El setembre de 2021 es va constituir un grup de treball del Pla de Formaci\u00f3 de Zona de Santa Coloma de Gramenet, format per mestres de prim\u00e0ria, professorat de secund\u00e0ria, professionals del Servei Educatiu de Zona (CRP-ELIC) i professionals de l&#8217;\u00e0mbit cultural de la ciutat.<\/p>\n<p>Aquest espai, creat dins el web del Servei Educatiu, pret\u00e9n oferir una selecci\u00f3 de <span style=\"font-weight: 400;\">recursos did\u00e0ctics, itineraris pedag\u00f2gics i diferents propostes que fomenten el coneixement del medi hist\u00f2ric, social, cultural, natural i industrial de la ciutat i del seu entorn.\u00a0<\/span><\/p>\n<p>Per tot aix\u00f2, us agrairem si ens voleu fer arribar informaci\u00f3 d&#8217;algun projecte que esteu duent a terme amb els vostres alumnes, o b\u00e9 si trobeu a faltar informaci\u00f3 o recursos per dur-los a terme.<\/p>\n","protected":false},"excerpt":{"rendered":"<p>Portada Entitats i associacions Recursos Projectes de centre Treballs de recerca\u00a0Qui som El setembre de 2021 es va constituir un [&hellip;]<\/p>\n","protected":false},"author":7,"featured_media":0,"parent":0,"menu_order":0,"comment_status":"closed","ping_status":"closed","template":"","meta":{"_bbp_topic_count":0,"_bbp_reply_count":0,"_bbp_total_topic_count":0,"_bbp_total_reply_count":0,"_bbp_voice_count":0,"_bbp_anonymous_reply_count":0,"_bbp_topic_count_hidden":0,"_bbp_reply_count_hidden":0,"_bbp_forum_subforum_count":0,"site-sidebar-layout":"default","site-content-layout":"","ast-site-content-layout":"","site-content-style":"default","site-sidebar-style":"default","ast-global-header-display":"","ast-banner-title-visibility":"","ast-main-header-display":"","ast-hfb-above-header-display":"","ast-hfb-below-header-display":"","ast-hfb-mobile-header-display":"","site-post-title":"","ast-breadcrumbs-content":"","ast-featured-img":"","footer-sml-layout":"","theme-transparent-header-meta":"","adv-header-id-meta":"","stick-header-meta":"","header-above-stick-meta":"","header-main-stick-meta":"","header-below-stick-meta":"","astra-migrate-meta-layouts":"default","ast-page-background-enabled":"default","ast-page-background-meta":{"desktop":{"background-color":"var(--ast-global-color-4)","background-image":"","background-repeat":"repeat","background-position":"center center","background-size":"auto","background-attachment":"scroll","background-type":"","background-media":"","overlay-type":"","overlay-color":"","overlay-opacity":"","overlay-gradient":""},"tablet":{"background-color":"","background-image":"","background-repeat":"repeat","background-position":"center center","background-size":"auto","background-attachment":"scroll","background-type":"","background-media":"","overlay-type":"","overlay-color":"","overlay-opacity":"","overlay-gradient":""},"mobile":{"background-color":"","background-image":"","background-repeat":"repeat","background-position":"center center","background-size":"auto","background-attachment":"scroll","background-type":"","background-media":"","overlay-type":"","overlay-color":"","overlay-opacity":"","overlay-gradient":""}},"ast-content-background-meta":{"desktop":{"background-color":"var(--ast-global-color-5)","background-image":"","background-repeat":"repeat","background-position":"center center","background-size":"auto","background-attachment":"scroll","background-type":"","background-media":"","overlay-type":"","overlay-color":"","overlay-opacity":"","overlay-gradient":""},"tablet":{"background-color":"var(--ast-global-color-5)","background-image":"","background-repeat":"repeat","background-position":"center center","background-size":"auto","background-attachment":"scroll","background-type":"","background-media":"","overlay-type":"","overlay-color":"","overlay-opacity":"","overlay-gradient":""},"mobile":{"background-color":"var(--ast-global-color-5)","background-image":"","background-repeat":"repeat","background-position":"center center","background-size":"auto","background-attachment":"scroll","background-type":"","background-media":"","overlay-type":"","overlay-color":"","overlay-opacity":"","overlay-gradient":""}},"footnotes":""},"class_list":["post-15524","page","type-page","status-publish","hentry"],"post_mailing_queue_ids":[],"_links":{"self":[{"href":"https:\/\/serveiseducatius.xtec.cat\/santacolomag\/wp-json\/wp\/v2\/pages\/15524","targetHints":{"allow":["GET"]}}],"collection":[{"href":"https:\/\/serveiseducatius.xtec.cat\/santacolomag\/wp-json\/wp\/v2\/pages"}],"about":[{"href":"https:\/\/serveiseducatius.xtec.cat\/santacolomag\/wp-json\/wp\/v2\/types\/page"}],"author":[{"embeddable":true,"href":"https:\/\/serveiseducatius.xtec.cat\/santacolomag\/wp-json\/wp\/v2\/users\/7"}],"replies":[{"embeddable":true,"href":"https:\/\/serveiseducatius.xtec.cat\/santacolomag\/wp-json\/wp\/v2\/comments?post=15524"}],"version-history":[{"count":4,"href":"https:\/\/serveiseducatius.xtec.cat\/santacolomag\/wp-json\/wp\/v2\/pages\/15524\/revisions"}],"predecessor-version":[{"id":18434,"href":"https:\/\/serveiseducatius.xtec.cat\/santacolomag\/wp-json\/wp\/v2\/pages\/15524\/revisions\/18434"}],"wp:attachment":[{"href":"https:\/\/serveiseducatius.xtec.cat\/santacolomag\/wp-json\/wp\/v2\/media?parent=15524"}],"curies":[{"name":"wp","href":"https:\/\/api.w.org\/{rel}","templated":true}]}}