{"id":15372,"date":"2021-02-04T08:30:19","date_gmt":"2021-02-04T07:30:19","guid":{"rendered":"http:\/\/serveiseducatius.xtec.cat\/santacolomag\/?page_id=15372"},"modified":"2022-10-27T13:05:41","modified_gmt":"2022-10-27T11:05:41","slug":"coneixer-santa-coloma-treballs-de-recerca","status":"publish","type":"page","link":"https:\/\/serveiseducatius.xtec.cat\/santacolomag\/recursos\/coneixer-santa-coloma-treballs-de-recerca\/","title":{"rendered":"Con\u00e8ixer Santa Coloma &#8211; Treballs de recerca"},"content":{"rendered":"<p style=\"text-align: center;\"><a class=\"button normal\" style=\"padding: 1em; font-weight: 400; margin: 0.1em; color: white !important; background-color: #f0781f;\" href=\"https:\/\/serveiseducatius.xtec.cat\/santacolomag\/categoria\/recursos\/coneixer-santa-coloma\/\" rel=\"noopener noreferrer\">Portada<\/a> <a class=\"button medium\" style=\"padding: 1em; font-weight: 400; margin: 0.1em; color: white !important; background-color: #f0781f;\" href=\"http:\/\/serveiseducatius.xtec.cat\/santacolomag\/recursos\/coneixer-santa-coloma\/\" target=\"_self\" rel=\"noopener noreferrer\">Entitats i associacions<\/a> <a class=\"button medium\" style=\"padding: 1em; font-weight: 400; margin: 0.1em; color: white !important; background-color: #f0781f;\" href=\"http:\/\/serveiseducatius.xtec.cat\/santacolomag\/recursos\/coneixer-santa-coloma-materials\/\" target=\"_self\" rel=\"noopener noreferrer\">Recursos<\/a> <a class=\"button medium\" style=\"padding: 1em; font-weight: 400; margin: 0.1em; color: white !important; background-color: #f0781f;\" href=\"https:\/\/serveiseducatius.xtec.cat\/santacolomag\/recursos\/coneixer-santa-coloma-programes-i-projectes\/\" target=\"_self\" rel=\"noopener noreferrer\">Projectes de centre<\/a> <a class=\"button medium\" style=\"padding: 1em; font-weight: 400; margin: 0.1em; color: white !important; background-color: #f0781f;\" href=\"https:\/\/serveiseducatius.xtec.cat\/santacolomag\/recursos\/coneixer-santa-coloma-treballs-de-recerca\/\" target=\"_self\" rel=\"noopener noreferrer\">Treballs de recerca<\/a> <a class=\"button medium\" style=\"padding: 1em; font-weight: 400; margin: 0.1em; color: white !important; background-color: #f0781f;\" href=\"https:\/\/serveiseducatius.xtec.cat\/santacolomag\/coneixer-santa-coloma-qui-som\/\" target=\"_self\" rel=\"noopener noreferrer\">Qui som<\/a><\/p>\n<p><a href=\"https:\/\/serveiseducatius.xtec.cat\/santacolomag\/wp-content\/uploads\/usu1183\/2021\/02\/logo_TR.png\"><img loading=\"lazy\" decoding=\"async\" class=\" wp-image-15695 alignleft\" src=\"https:\/\/serveiseducatius.xtec.cat\/santacolomag\/wp-content\/uploads\/usu1183\/2021\/02\/logo_TR.png\" alt=\"\" width=\"147\" height=\"171\" \/><\/a>Selecci\u00f3 de treballs de recerca de Batxillerat de la <a href=\"https:\/\/serveiseducatius.xtec.cat\/santacolomag\/portada\/xxii-presentacio-de-treballs-de-recerca-de-batxillerat-de-santa-coloma-de-gramenet\/\" target=\"_blank\" rel=\"noopener noreferrer\">Presentaci\u00f3 anual de Treballs de Recerca<\/a><br \/>\norganitzada pel CRP i els instituts de secund\u00e0ria, i que tenen a Santa Coloma com a objecte del seu estudi.<\/p>\n<p>&nbsp;<\/p>\n<p>En el cas de voler que el vostre treball de recerca tamb\u00e9 quedi referenciat en aquest llistat,<br \/>\ncontacteu amb el CRP (a8930012@xtec.cat).<\/p>\n<p>&nbsp;<\/p>\n<table style=\"height: 356px; width: 67.1511%;\">\n<tbody>\n<tr style=\"height: 83px;\">\n<td style=\"width: 56px; height: 48px;\"><a href=\"https:\/\/serveiseducatius.xtec.cat\/santacolomag\/portada\/xxii-presentacio-de-treballs-de-recerca-de-batxillerat-de-santa-coloma-de-gramenet\/\" target=\"_blank\" rel=\"noopener\">2022<\/a><\/td>\n<td style=\"width: 743px; height: 48px;\">Construcci\u00f3 d\u2019un centre comercial ecol\u00f2gic i sostenible a Santa Coloma de Gramenet.<br \/>\nOn hi ha m\u00e9s biodiversitat d\u2019ocells a Santa Coloma de Gramenet, ciutat, muntanya o riu? <a href=\"https:\/\/serveiseducatius.xtec.cat\/santacolomag\/portada\/premis-joan-vicente-castells-als-treballs-de-recerca-en-ciencies\/\" target=\"_blank\" rel=\"noopener\">Premi Joan Vicente Castells<\/a><\/td>\n<\/tr>\n<tr style=\"height: 31px;\">\n<td style=\"width: 56px; height: 31px;\"><a href=\"https:\/\/serveiseducatius.xtec.cat\/santacolomag\/xxi-presentacio-de-treballs-de-recerca-2020-2021-virtual\/\">2021<\/a><\/td>\n<td style=\"width: 743px; height: 31px;\">Estudi i construcci\u00f3 d\u2019un pont per a Santa Coloma de Gramenet. <a href=\"https:\/\/www.youtube.com\/watch?v=krsA1yHpLx0&amp;t=25s\" target=\"_blank\" rel=\"noopener noreferrer\">V\u00eddeo presentaci\u00f3<\/a>. <a href=\"https:\/\/drive.google.com\/file\/d\/1gT6Xh6ZvnkvBs7XhuoMXBP8Xumv_S1hC\/view?usp=sharing\" target=\"_blank\" rel=\"noopener noreferrer\">Article<\/a><\/td>\n<\/tr>\n<tr style=\"height: 33px;\">\n<td style=\"width: 56px; height: 33px;\"><a href=\"https:\/\/serveiseducatius.xtec.cat\/santacolomag\/xxi-presentacio-de-treballs-de-recerca-2020-2021-virtual\/\" target=\"_blank\" rel=\"noopener\">2021<\/a><\/td>\n<td style=\"width: 743px; height: 33px;\"><a href=\"https:\/\/youtu.be\/AzANs7Y1D_U?t=15\"><span style=\"font-weight: 400;\">Pl\u00e0stics a les nostres platges<\/span><\/a><\/td>\n<\/tr>\n<tr style=\"height: 46px;\">\n<td style=\"width: 56px; height: 46px;\"><a class=\"in-cell-link\" href=\"https:\/\/serveiseducatius.xtec.cat\/santacolomag\/xx-presentacio-de-treballs-de-recerca-2019-2020\/\" target=\"_blank\" rel=\"noopener noreferrer\">2020<\/a><\/td>\n<td style=\"width: 743px; height: 46px;\"><a href=\"https:\/\/drive.google.com\/file\/d\/1jy0tZ1JZhToTocBC2T7_Kdgz58D54ChQ\/view\">El despertar d\u2019una ciutat dormitori, Santa Coloma de Gramenet durant els 70: reivindicaci\u00f3 i mobilitzaci\u00f3 popular. Article<\/a><\/td>\n<\/tr>\n<tr style=\"height: 71px;\">\n<td style=\"width: 56px; height: 43px;\"><a class=\"in-cell-link\" href=\"https:\/\/serveiseducatius.xtec.cat\/santacolomag\/xix-presentacio-de-treballs-de-recerca-2018-201\/\" target=\"_blank\" rel=\"noopener noreferrer\">2019<\/a><\/td>\n<td style=\"width: 743px; height: 43px;\"><a class=\"in-cell-link\" href=\"https:\/\/prezi.com\/p\/gsnmph59npvg\/tradicions-en-moviment\/\" target=\"_blank\" rel=\"noopener noreferrer\">Tradicions en moviment. Evoluci\u00f3 i transformaci\u00f3 de les tradicions populars festives catalanes al segle XX (Prezi en l\u00ednia)<\/a>. <a class=\"in-cell-link\" href=\"https:\/\/drive.google.com\/open?id=1jrUd9fFuwzYKXg524FtlehA6goqgiF2F\" target=\"_blank\" rel=\"noopener noreferrer\">Article<\/a><\/td>\n<\/tr>\n<tr style=\"height: 31px;\">\n<td style=\"width: 56px; height: 31px;\"><a class=\"in-cell-link\" href=\"https:\/\/serveiseducatius.xtec.cat\/santacolomag\/xviii-presentacio-de-treballs-de-recerca-2017-2018\/\" target=\"_blank\" rel=\"noopener noreferrer\">2018<\/a><\/td>\n<td style=\"width: 743px; height: 31px;\"><a class=\"in-cell-link\" href=\"https:\/\/drive.google.com\/open?id=1AKWh3NlgcRoVP0NaeVLWWu9IIMuySf1d\" target=\"_blank\" rel=\"noopener noreferrer\">Vides trencades. Els nens robats durant el franquisme<\/a>. <a class=\"in-cell-link\" href=\"https:\/\/drive.google.com\/open?id=11Ved-g7FlpWFgq5GaHTOxcIs_ao4e1pC\" target=\"_blank\" rel=\"noopener noreferrer\">Article<\/a><\/td>\n<\/tr>\n<tr style=\"height: 31px;\">\n<td style=\"width: 56px; height: 31px;\"><a class=\"in-cell-link\" href=\"https:\/\/serveiseducatius.xtec.cat\/santacolomag\/xviii-presentacio-de-treballs-de-recerca-2017-2018\/\" target=\"_blank\" rel=\"noopener noreferrer\">2018<\/a><\/td>\n<td style=\"width: 743px; height: 31px;\"><a class=\"in-cell-link\" href=\"https:\/\/drive.google.com\/open?id=0B7J2wtKTJ0CvTnE2UUJWTjdiaEltRnJISU10VExHbWZFUnlZ\" target=\"_blank\" rel=\"noopener noreferrer\">Balan\u00e7 sobre la integraci\u00f3 de diferents generacions d\u2019immigrants a l\u2019INS La Bastida<\/a>. <a class=\"in-cell-link\" href=\"https:\/\/drive.google.com\/open?id=1HaIfmKshLjRR2QalHu74oY8qJfspFSM2\" target=\"_blank\" rel=\"noopener noreferrer\">Article<\/a><\/td>\n<\/tr>\n<tr style=\"height: 31px;\">\n<td style=\"width: 56px; height: 31px;\"><a class=\"in-cell-link\" href=\"https:\/\/serveiseducatius.xtec.cat\/santacolomag\/xvii-presentacio-de-treballs-de-recerca-2016-2017\/\" target=\"_blank\" rel=\"noopener noreferrer\">2017<\/a><\/td>\n<td style=\"width: 743px; height: 31px;\"><a class=\"in-cell-link\" href=\"https:\/\/drive.google.com\/open?id=0B7J2wtKTJ0CvLUpyX1dGWUJTcWM\" target=\"_blank\" rel=\"noopener noreferrer\">Realitat virtual: Santa Coloma de Gramenet en 360\u00ba<\/a>. <a class=\"in-cell-link\" href=\"https:\/\/drive.google.com\/open?id=0B7J2wtKTJ0CvWVVGNHk0OE81cTBaRVJiUUlNRnN4c21Nb1NF\" target=\"_blank\" rel=\"noopener noreferrer\">Article<\/a><\/td>\n<\/tr>\n<tr style=\"height: 31px;\">\n<td style=\"width: 56px; height: 31px;\"><a class=\"in-cell-link\" href=\"https:\/\/sites.google.com\/a\/xtec.cat\/crp-santacolomag\/dinamitzacio\/dinamitzacio-educativa\/presentacio-treballs-de-recerca\/presentacio-treballs-de-recerca-2015-2016\" target=\"_blank\" rel=\"noopener noreferrer\">2016<\/a><\/td>\n<td style=\"width: 743px; height: 31px;\"><a class=\"in-cell-link\" href=\"https:\/\/docs.google.com\/a\/xtec.cat\/viewer?a=v&amp;pid=sites&amp;srcid=eHRlYy5jYXR8Y3JwLXNhbnRhY29sb21hZ3xneDo3NTBjYjcwMzQ5ZDVjYWJm\" target=\"_blank\" rel=\"noopener noreferrer\">La contaminaci\u00f3 i la salut infantil a Santa Coloma de Gramenet<\/a>. <a class=\"in-cell-link\" href=\"https:\/\/docs.google.com\/a\/xtec.cat\/viewer?a=v&amp;pid=sites&amp;srcid=eHRlYy5jYXR8Y3JwLXNhbnRhY29sb21hZ3xneDoxMTQ0NzI2OGY4NDFjNTFk\" target=\"_blank\" rel=\"noopener noreferrer\">Article<\/a><\/td>\n<\/tr>\n<tr style=\"height: 31px;\">\n<td style=\"width: 56px; height: 31px;\"><a class=\"in-cell-link\" href=\"https:\/\/sites.google.com\/a\/xtec.cat\/crp-santacolomag\/dinamitzacio\/dinamitzacio-educativa\/presentacio-treballs-de-recerca\/presentacio-treballs-de-recerca-14---15\" target=\"_blank\" rel=\"noopener noreferrer\">2015<\/a><\/td>\n<td style=\"width: 743px; height: 31px;\"><a class=\"in-cell-link\" href=\"https:\/\/docs.google.com\/a\/xtec.cat\/viewer?a=v&amp;pid=sites&amp;srcid=eHRlYy5jYXR8Y3JwLXNhbnRhY29sb21hZ3xneDo3NmY4NmQ2MDA4NWQ1NDVm\" target=\"_blank\" rel=\"noopener noreferrer\">Els Castells, un m\u00f3n entre el cel i la Terra<\/a>. <a class=\"in-cell-link\" href=\"https:\/\/docs.google.com\/a\/xtec.cat\/viewer?a=v&amp;pid=sites&amp;srcid=eHRlYy5jYXR8Y3JwLXNhbnRhY29sb21hZ3xneDo0ZmMwZTZjZTc3ZGY0NmUx\" target=\"_blank\" rel=\"noopener noreferrer\">Article<\/a><\/td>\n<\/tr>\n<\/tbody>\n<\/table>\n<p>&nbsp;<\/p>\n<p style=\"text-align: left;\"><span style=\"font-size: 10pt;\">Darrera actualitzaci\u00f3: juny 2022<\/span><\/p>\n<p><a href=\"https:\/\/serveiseducatius.xtec.cat\/santacolomag\/wp-content\/uploads\/usu1183\/2021\/02\/34617930154_f92e7a25a4_b.jpg\"><img loading=\"lazy\" decoding=\"async\" class=\"size-full wp-image-15566 alignnone\" src=\"https:\/\/serveiseducatius.xtec.cat\/santacolomag\/wp-content\/uploads\/usu1183\/2021\/02\/34617930154_f92e7a25a4_b.jpg\" alt=\"\" width=\"1024\" height=\"185\" srcset=\"https:\/\/serveiseducatius.xtec.cat\/santacolomag\/wp-content\/uploads\/usu1183\/2021\/02\/34617930154_f92e7a25a4_b.jpg 1024w, https:\/\/serveiseducatius.xtec.cat\/santacolomag\/wp-content\/uploads\/usu1183\/2021\/02\/34617930154_f92e7a25a4_b-300x54.jpg 300w, https:\/\/serveiseducatius.xtec.cat\/santacolomag\/wp-content\/uploads\/usu1183\/2021\/02\/34617930154_f92e7a25a4_b-768x139.jpg 768w\" sizes=\"auto, (max-width: 1024px) 100vw, 1024px\" \/><\/a><\/p>\n<p style=\"text-align: left;\"><span style=\"font-size: 8pt;\"><span class=\"ccIcn ccIcnSmall\"><a href=\"https:\/\/creativecommons.org\/licenses\/by-sa\/2.0\/\"><img decoding=\"async\" title=\"Atribuci\u00f3n\" src=\"https:\/\/combo.staticflickr.com\/pw\/images\/cc_icon_attribution_small.gif\" alt=\"Atribuci\u00f3n\" border=\"0\" \/><img decoding=\"async\" title=\"Compartir bajo la misma licencia\" src=\"https:\/\/combo.staticflickr.com\/pw\/images\/cc_icon_sharealike_small.gif\" alt=\"Compartir bajo la misma licencia\" border=\"0\" \/><\/a><\/span>\u00a0<a title=\"Attribution-ShareAlike License\" href=\"https:\/\/creativecommons.org\/licenses\/by-sa\/2.0\/\">Alguns drets de la imatge reservats<\/a> per <a href=\"https:\/\/www.flickr.com\/photos\/carquinyol\/\">Carquinyol<\/a><\/span><\/p>\n","protected":false},"excerpt":{"rendered":"<p>Portada Entitats i associacions Recursos Projectes de centre Treballs de recerca Qui som Selecci\u00f3 de treballs de recerca de Batxillerat [&hellip;]<\/p>\n","protected":false},"author":4,"featured_media":0,"parent":906,"menu_order":0,"comment_status":"closed","ping_status":"closed","template":"","meta":{"_bbp_topic_count":0,"_bbp_reply_count":0,"_bbp_total_topic_count":0,"_bbp_total_reply_count":0,"_bbp_voice_count":0,"_bbp_anonymous_reply_count":0,"_bbp_topic_count_hidden":0,"_bbp_reply_count_hidden":0,"_bbp_forum_subforum_count":0,"site-sidebar-layout":"default","site-content-layout":"","ast-site-content-layout":"","site-content-style":"default","site-sidebar-style":"default","ast-global-header-display":"","ast-banner-title-visibility":"","ast-main-header-display":"","ast-hfb-above-header-display":"","ast-hfb-below-header-display":"","ast-hfb-mobile-header-display":"","site-post-title":"","ast-breadcrumbs-content":"","ast-featured-img":"","footer-sml-layout":"","theme-transparent-header-meta":"","adv-header-id-meta":"","stick-header-meta":"","header-above-stick-meta":"","header-main-stick-meta":"","header-below-stick-meta":"","astra-migrate-meta-layouts":"default","ast-page-background-enabled":"default","ast-page-background-meta":{"desktop":{"background-color":"var(--ast-global-color-4)","background-image":"","background-repeat":"repeat","background-position":"center center","background-size":"auto","background-attachment":"scroll","background-type":"","background-media":"","overlay-type":"","overlay-color":"","overlay-opacity":"","overlay-gradient":""},"tablet":{"background-color":"","background-image":"","background-repeat":"repeat","background-position":"center center","background-size":"auto","background-attachment":"scroll","background-type":"","background-media":"","overlay-type":"","overlay-color":"","overlay-opacity":"","overlay-gradient":""},"mobile":{"background-color":"","background-image":"","background-repeat":"repeat","background-position":"center center","background-size":"auto","background-attachment":"scroll","background-type":"","background-media":"","overlay-type":"","overlay-color":"","overlay-opacity":"","overlay-gradient":""}},"ast-content-background-meta":{"desktop":{"background-color":"var(--ast-global-color-5)","background-image":"","background-repeat":"repeat","background-position":"center center","background-size":"auto","background-attachment":"scroll","background-type":"","background-media":"","overlay-type":"","overlay-color":"","overlay-opacity":"","overlay-gradient":""},"tablet":{"background-color":"var(--ast-global-color-5)","background-image":"","background-repeat":"repeat","background-position":"center center","background-size":"auto","background-attachment":"scroll","background-type":"","background-media":"","overlay-type":"","overlay-color":"","overlay-opacity":"","overlay-gradient":""},"mobile":{"background-color":"var(--ast-global-color-5)","background-image":"","background-repeat":"repeat","background-position":"center center","background-size":"auto","background-attachment":"scroll","background-type":"","background-media":"","overlay-type":"","overlay-color":"","overlay-opacity":"","overlay-gradient":""}},"footnotes":""},"class_list":["post-15372","page","type-page","status-publish","hentry"],"post_mailing_queue_ids":[],"_links":{"self":[{"href":"https:\/\/serveiseducatius.xtec.cat\/santacolomag\/wp-json\/wp\/v2\/pages\/15372","targetHints":{"allow":["GET"]}}],"collection":[{"href":"https:\/\/serveiseducatius.xtec.cat\/santacolomag\/wp-json\/wp\/v2\/pages"}],"about":[{"href":"https:\/\/serveiseducatius.xtec.cat\/santacolomag\/wp-json\/wp\/v2\/types\/page"}],"author":[{"embeddable":true,"href":"https:\/\/serveiseducatius.xtec.cat\/santacolomag\/wp-json\/wp\/v2\/users\/4"}],"replies":[{"embeddable":true,"href":"https:\/\/serveiseducatius.xtec.cat\/santacolomag\/wp-json\/wp\/v2\/comments?post=15372"}],"version-history":[{"count":4,"href":"https:\/\/serveiseducatius.xtec.cat\/santacolomag\/wp-json\/wp\/v2\/pages\/15372\/revisions"}],"predecessor-version":[{"id":18432,"href":"https:\/\/serveiseducatius.xtec.cat\/santacolomag\/wp-json\/wp\/v2\/pages\/15372\/revisions\/18432"}],"up":[{"embeddable":true,"href":"https:\/\/serveiseducatius.xtec.cat\/santacolomag\/wp-json\/wp\/v2\/pages\/906"}],"wp:attachment":[{"href":"https:\/\/serveiseducatius.xtec.cat\/santacolomag\/wp-json\/wp\/v2\/media?parent=15372"}],"curies":[{"name":"wp","href":"https:\/\/api.w.org\/{rel}","templated":true}]}}