{"id":15361,"date":"2021-02-03T17:25:38","date_gmt":"2021-02-03T16:25:38","guid":{"rendered":"http:\/\/serveiseducatius.xtec.cat\/santacolomag\/?page_id=15361"},"modified":"2022-10-27T13:05:10","modified_gmt":"2022-10-27T11:05:10","slug":"coneixer-santa-coloma-programes-i-projectes","status":"publish","type":"page","link":"https:\/\/serveiseducatius.xtec.cat\/santacolomag\/recursos\/coneixer-santa-coloma-programes-i-projectes\/","title":{"rendered":"Con\u00e8ixer Santa Coloma &#8211; Projectes de centre"},"content":{"rendered":"<p style=\"text-align: center;\"><a class=\"button normal\" style=\"padding: 1em; font-weight: 400; margin: 0.1em; color: white !important; background-color: #f0781f;\" href=\"https:\/\/serveiseducatius.xtec.cat\/santacolomag\/categoria\/recursos\/coneixer-santa-coloma\/\" rel=\"noopener noreferrer\">Portada<\/a> <a class=\"button medium\" style=\"padding: 1em; font-weight: 400; margin: 0.1em; color: white !important; background-color: #f0781f;\" href=\"http:\/\/serveiseducatius.xtec.cat\/santacolomag\/recursos\/coneixer-santa-coloma\/\" target=\"_self\" rel=\"noopener noreferrer\">Entitats i associacions<\/a> <a class=\"button medium\" style=\"padding: 1em; font-weight: 400; margin: 0.1em; color: white !important; background-color: #f0781f;\" href=\"http:\/\/serveiseducatius.xtec.cat\/santacolomag\/recursos\/coneixer-santa-coloma-materials\/\" target=\"_self\" rel=\"noopener noreferrer\">Recursos<\/a> <a class=\"button medium\" style=\"padding: 1em; font-weight: 400; margin: 0.1em; color: white !important; background-color: #f0781f;\" href=\"https:\/\/serveiseducatius.xtec.cat\/santacolomag\/recursos\/coneixer-santa-coloma-programes-i-projectes\/\" target=\"_self\" rel=\"noopener noreferrer\">Projectes de centre<\/a> <a class=\"button medium\" style=\"padding: 1em; font-weight: 400; margin: 0.1em; color: white !important; background-color: #f0781f;\" href=\"https:\/\/serveiseducatius.xtec.cat\/santacolomag\/recursos\/coneixer-santa-coloma-treballs-de-recerca\/\" target=\"_self\" rel=\"noopener noreferrer\">Treballs de recerca<\/a>\u00a0<a class=\"button medium\" style=\"padding: 1em; font-weight: 400; margin: 0.1em; color: white !important; background-color: #f0781f;\" href=\"https:\/\/serveiseducatius.xtec.cat\/santacolomag\/coneixer-santa-coloma-qui-som\/\" target=\"_self\" rel=\"noopener noreferrer\">Qui som<\/a><\/p>\n<p>Recull de projectes dels centres educatius de la ciutat<\/p>\n<p>&nbsp;<\/p>\n<p><strong><a href=\"http:\/\/xtec.gencat.cat\/ca\/projectes\/apadrinemnostrepatrimoni\/\" target=\"_blank\" rel=\"noopener noreferrer\">Apadrinem el nostre patrimoni<\/a><\/strong><\/p>\n<table style=\"height: 160px;\">\n<tbody>\n<tr style=\"height: 104px;\">\n<td style=\"height: 104px; width: 819px;\" colspan=\"2\"><a href=\"https:\/\/agora.xtec.cat\/iesterraroja\/categoria\/apadrinem-el-nostre-patrimoni\/\" target=\"_blank\" rel=\"noopener noreferrer\">Institut Terra Roja: Apadrinem Jos\u00e9 S\u00e1nchez<\/a><\/p>\n<p>S\u00edntesi del treball que s\u2019ha dut a terme amb els alumnes al voltant de la figura de Jos\u00e9 S\u00e1nchez Mu\u00f1oz, moss\u00e8n progressista de la parr\u00f2quia de Santa Rosa. Sebastiana Bote (04\/2020). <a href=\"https:\/\/serveiseducatius.xtec.cat\/santacolomag\/general\/seminari-coneixer-santa-coloma-videoconferencia-sobre-jose-sanchez\/\" target=\"_blank\" rel=\"noopener noreferrer\">M\u00e9s informaci\u00f3.<\/a><\/td>\n<\/tr>\n<tr style=\"height: 17px;\">\n<td style=\"height: 17px; width: 819px;\" colspan=\"2\"><a href=\"https:\/\/agora.xtec.cat\/iescanpeixauet\/apadrinem-el-patrimoni\/\" target=\"_blank\" rel=\"noopener noreferrer\">Institut Can Peixauet: Apadrinem la biblioteca de Can Peixauet<\/a><\/p>\n<p>Projecte on l&#8217;alumnat apadrina l&#8217;antiga masia de Can Peixauet, actualment biblioteca p\u00fablica de la ciutat: descobreix i explora la biblioteca (1r ESO); imagina, investiga, i descobreix que l\u2019actual biblioteca era una masia medieval (2n ESO); recopila imatges, retalls de diari, dibuixos\u2026sobre la masia i els seus canvis al llarg del temps (3r ESO); S\u2019organitza una exposici\u00f3 del material gr\u00e0fic i una visita guiada on s\u2019explica la hist\u00f2ria de l\u2019edifici (4t ESO).<\/td>\n<\/tr>\n<tr style=\"height: 39px;\">\n<td style=\"height: 39px; width: 819px;\" colspan=\"2\">M\u00e9s informaci\u00f3 al <a href=\"https:\/\/xtec.gencat.cat\/ca\/projectes\/apadrinemnostrepatrimoni\/\" target=\"_blank\" rel=\"noopener\">web de la XTEC<\/a> i al <a href=\"https:\/\/serveiseducatius.xtec.cat\/santacolomag\/apadrinem-el-nostre-patrimoni\/\" target=\"_blank\" rel=\"noopener\">web del CRP<\/a><\/p>\n<p style=\"text-align: left;\"><a href=\"https:\/\/twitter.com\/hashtag\/Apadrinem?src=hash&amp;f=live\" target=\"_blank\" rel=\"noopener noreferrer\">#Apadrinem<\/a><\/p>\n<\/td>\n<\/tr>\n<\/tbody>\n<\/table>\n<p><strong>Georeferenciaci\u00f3 amb <a href=\"https:\/\/mhm.mobileworldcapital.com\/ca_ES\" target=\"_blank\" rel=\"noopener noreferrer\">Mobile History Map<\/a><\/strong><\/p>\n<table style=\"height: 121px;\">\n<tbody>\n<tr style=\"height: 104px;\">\n<td style=\"height: 104px; width: 819px;\" colspan=\"2\"><a style=\"font-family: inherit; font-size: 1em;\" href=\"https:\/\/mhm.mobileworldcapital.com\/ca_ES\/escenari\/569\/showedit#\" target=\"_blank\" rel=\"noopener noreferrer\">Institut Can Peixauet. LiteGramenet: un viatge virtual per Santa Coloma a trav\u00e9s dels nostres escriptors<\/a><\/p>\n<p>S\u00edntesi del treball que s\u2019ha dut a terme amb els alumnes per tal de geolocalitzar fragments literaris de 10 escriptors diferents (narrativa, poesia i teatre) situats en espais concrets de Santa Coloma de Gramenet, amb lectura del fragment, imatges i v\u00eddeos fets pels propis alumnes i informaci\u00f3 de l\u2019autor i de l\u2019obra. Mariona Albareda (05\/2020). <a href=\"https:\/\/serveiseducatius.xtec.cat\/santacolomag\/portada\/videoconferencia-coneixer-santa-coloma-georeferenciacio-de-fragments-literaris\/\" target=\"_blank\" rel=\"noopener noreferrer\">M\u00e9s informaci\u00f3.<\/a><\/td>\n<\/tr>\n<tr style=\"height: 17px;\">\n<td style=\"height: 17px;\" colspan=\"2\"><a href=\"http:\/\/elcucaacollida.blogspot.com\/search\/label\/App%20MHM\" target=\"_blank\" rel=\"noopener noreferrer\">Aula d\u2019acollida de l\u2019escola Joan Salvat Papasseit: La Torre Balldovina a Mobile History Maps<\/a><\/td>\n<\/tr>\n<tr>\n<td style=\"width: 819px;\" colspan=\"2\">M\u00e9s projectes de geolocalizaci\u00f3 (en proc\u00e9s d&#8217;elaboraci\u00f3)<\/td>\n<\/tr>\n<\/tbody>\n<\/table>\n<p><strong>Altres experi\u00e8ncies de centres de la ciutat (en elaboraci\u00f3)<\/strong><\/p>\n<table style=\"height: 27px;\">\n<tbody>\n<tr style=\"height: 17px;\">\n<td style=\"height: 17px;\" colspan=\"2\">\u00a0<a href=\"https:\/\/serveiseducatius.xtec.cat\/santacolomag\/general\/enverdim-santa-coloma\/\" target=\"_blank\" rel=\"noopener\">Enverdim Santa Coloma. Escola Merc\u00e8 Rodoreda (curs 2020-2021)<\/a><\/td>\n<\/tr>\n<tr>\n<td colspan=\"2\"><\/td>\n<\/tr>\n<tr>\n<td colspan=\"2\">Els gratacels. Escola Sant Just i Institut Terra Roja (curs 2016-2017)<\/td>\n<\/tr>\n<tr>\n<td colspan=\"2\"><\/td>\n<\/tr>\n<tr>\n<td colspan=\"2\">Participaci\u00f3 en el <a href=\"https:\/\/serveiseducatius.xtec.cat\/santacolomag\/general\/juguem-a-santa-coloma\/\"><span style=\"font-weight: 400;\">Juguem a Santa Coloma<\/span><\/a><span style=\"font-weight: 400;\">.<\/span><\/td>\n<\/tr>\n<tr>\n<td colspan=\"2\"><\/td>\n<\/tr>\n<tr>\n<td colspan=\"2\">Cada classe t\u00e9 el nom d&#8217;un lloc emblem\u00e0tic de Santa Coloma. I-E Llu\u00eds Millet, ESC Les Palmeres, Primavera i Riera Alta.<\/td>\n<\/tr>\n<tr>\n<td colspan=\"2\"><\/td>\n<\/tr>\n<tr>\n<td colspan=\"2\">Aprofitem les sortides per con\u00e8ixer millor Santa Coloma. Projecte col\u00b7laboratiu 2022-2023 (en construcci\u00f3)<\/td>\n<\/tr>\n<tr>\n<td colspan=\"2\"><\/td>\n<\/tr>\n<tr>\n<td style=\"width: 819px;\" colspan=\"2\"><a href=\"https:\/\/ajuntamentinforma.gramenet.cat\/info-local\/lalumnat-de-santa-coloma-adopta-un-escocell\/\"><span style=\"font-weight: 400;\">L\u2019alumnat de Santa Coloma \u201cadopta un escocell\u201d<\/span><\/a><span style=\"font-weight: 400;\">. C Les Neus i ESC Ausi\u00e0s March<\/span><\/td>\n<\/tr>\n<\/tbody>\n<\/table>\n<table style=\"height: 158px; width: 68.5674%;\">\n<tbody>\n<tr style=\"height: 17px;\">\n<td style=\"height: 17px; width: 1.82482%;\" colspan=\"2\">Participaci\u00f3 en activitats de dinamitzaci\u00f3 educativa (Pla de Formaci\u00f3 de Zona i\/o Pla Educatiu d&#8217;Entorn)<\/td>\n<\/tr>\n<tr style=\"height: 108px;\">\n<td style=\"height: 108px; width: 1.82482%;\" colspan=\"2\">\n<ul>\n<li>Activitats del <a href=\"https:\/\/blocs.xtec.cat\/gramagef\/\" target=\"_blank\" rel=\"noopener\">Grup de treball d&#8217;Educaci\u00f3 F\u00edsica<\/a>: <a href=\"https:\/\/serveiseducatius.xtec.cat\/santacolomag\/general\/gramactivat-2022\/\" target=\"_blank\" rel=\"noopener\">Gramactiva&#8217;t<\/a> \/ <a href=\"https:\/\/blocs.xtec.cat\/gramagef\/2022\/04\/06\/can-zam-21-22\/\" target=\"_blank\" rel=\"noopener\">Juguem a Can Zam<\/a>&#8230;<\/li>\n<li><a href=\"https:\/\/serveiseducatius.xtec.cat\/santacolomag\/portada\/iii-trobada-santa-coloma-dansa\/\" target=\"_blank\" rel=\"noopener\">Santa Coloma Dansa<\/a><\/li>\n<li>Mostra d&#8217;Arts Esc\u00e8niques: <a href=\"https:\/\/serveiseducatius.xtec.cat\/santacolomag\/general\/xv-trobada-de-cant-coral-descoles-de-santa-coloma-de-gramenet\/\" target=\"_blank\" rel=\"noopener\">cant coral<\/a> i <a href=\"https:\/\/serveiseducatius.xtec.cat\/santacolomag\/portada\/xv-mostra-darts-esceniques\/\" target=\"_blank\" rel=\"noopener\">teatre<\/a>.<\/li>\n<li><a href=\"https:\/\/serveiseducatius.xtec.cat\/santacolomag\/general\/iii-jornada-descacs-a-lescola-de-santa-coloma\/\" target=\"_blank\" rel=\"noopener\">Trobada d&#8217;Escacs<\/a>&#8230;<\/li>\n<\/ul>\n<\/td>\n<\/tr>\n<tr style=\"height: 33px;\">\n<td style=\"height: 33px; width: 1.82482%;\" colspan=\"2\">Participaci\u00f3 a les activitats del <a href=\"https:\/\/www.gramenet.cat\/ajuntament\/arees-municipals\/educacio\/projectes-educatius\/programa-dactivitats-educatives-complementaries\/paecc-2020-2021\/\" target=\"_blank\" rel=\"noopener\">PAECC<\/a><\/td>\n<\/tr>\n<\/tbody>\n<\/table>\n<p>&nbsp;<\/p>\n<p><span style=\"font-size: 10pt;\">P\u00e0gina en proc\u00e9s d\u2019elaboraci\u00f3. Juny 2022.<\/span><\/p>\n<p><a href=\"https:\/\/serveiseducatius.xtec.cat\/santacolomag\/wp-content\/uploads\/usu1183\/2021\/02\/34617930154_f92e7a25a4_b.jpg\"><img loading=\"lazy\" decoding=\"async\" class=\"size-full wp-image-15566 alignnone\" src=\"https:\/\/serveiseducatius.xtec.cat\/santacolomag\/wp-content\/uploads\/usu1183\/2021\/02\/34617930154_f92e7a25a4_b.jpg\" sizes=\"auto, (max-width: 1024px) 100vw, 1024px\" srcset=\"https:\/\/serveiseducatius.xtec.cat\/santacolomag\/wp-content\/uploads\/usu1183\/2021\/02\/34617930154_f92e7a25a4_b.jpg 1024w, https:\/\/serveiseducatius.xtec.cat\/santacolomag\/wp-content\/uploads\/usu1183\/2021\/02\/34617930154_f92e7a25a4_b-300x54.jpg 300w, https:\/\/serveiseducatius.xtec.cat\/santacolomag\/wp-content\/uploads\/usu1183\/2021\/02\/34617930154_f92e7a25a4_b-768x139.jpg 768w\" alt=\"\" width=\"1024\" height=\"185\" \/><\/a><\/p>\n<p><span style=\"font-size: 10pt;\"><span class=\"ccIcn ccIcnSmall\"><a href=\"https:\/\/creativecommons.org\/licenses\/by-sa\/2.0\/\"><img decoding=\"async\" title=\"Atribuci\u00f3n\" src=\"https:\/\/combo.staticflickr.com\/pw\/images\/cc_icon_attribution_small.gif\" alt=\"Atribuci\u00f3n\" border=\"0\" \/><img decoding=\"async\" title=\"Compartir bajo la misma licencia\" src=\"https:\/\/combo.staticflickr.com\/pw\/images\/cc_icon_sharealike_small.gif\" alt=\"Compartir bajo la misma licencia\" border=\"0\" \/><\/a><\/span>\u00a0<a title=\"Attribution-ShareAlike License\" href=\"https:\/\/creativecommons.org\/licenses\/by-sa\/2.0\/\">Alguns drets de la imatge reservats<\/a>\u00a0per\u00a0<a href=\"https:\/\/www.flickr.com\/photos\/carquinyol\/\">Carquinyol<\/a><\/span><\/p>\n","protected":false},"excerpt":{"rendered":"<p>Portada Entitats i associacions Recursos Projectes de centre Treballs de recerca\u00a0Qui som Recull de projectes dels centres educatius de la [&hellip;]<\/p>\n","protected":false},"author":4,"featured_media":0,"parent":906,"menu_order":0,"comment_status":"closed","ping_status":"closed","template":"","meta":{"_bbp_topic_count":0,"_bbp_reply_count":0,"_bbp_total_topic_count":0,"_bbp_total_reply_count":0,"_bbp_voice_count":0,"_bbp_anonymous_reply_count":0,"_bbp_topic_count_hidden":0,"_bbp_reply_count_hidden":0,"_bbp_forum_subforum_count":0,"site-sidebar-layout":"default","site-content-layout":"","ast-site-content-layout":"","site-content-style":"default","site-sidebar-style":"default","ast-global-header-display":"","ast-banner-title-visibility":"","ast-main-header-display":"","ast-hfb-above-header-display":"","ast-hfb-below-header-display":"","ast-hfb-mobile-header-display":"","site-post-title":"","ast-breadcrumbs-content":"","ast-featured-img":"","footer-sml-layout":"","theme-transparent-header-meta":"","adv-header-id-meta":"","stick-header-meta":"","header-above-stick-meta":"","header-main-stick-meta":"","header-below-stick-meta":"","astra-migrate-meta-layouts":"default","ast-page-background-enabled":"default","ast-page-background-meta":{"desktop":{"background-color":"var(--ast-global-color-4)","background-image":"","background-repeat":"repeat","background-position":"center center","background-size":"auto","background-attachment":"scroll","background-type":"","background-media":"","overlay-type":"","overlay-color":"","overlay-opacity":"","overlay-gradient":""},"tablet":{"background-color":"","background-image":"","background-repeat":"repeat","background-position":"center center","background-size":"auto","background-attachment":"scroll","background-type":"","background-media":"","overlay-type":"","overlay-color":"","overlay-opacity":"","overlay-gradient":""},"mobile":{"background-color":"","background-image":"","background-repeat":"repeat","background-position":"center center","background-size":"auto","background-attachment":"scroll","background-type":"","background-media":"","overlay-type":"","overlay-color":"","overlay-opacity":"","overlay-gradient":""}},"ast-content-background-meta":{"desktop":{"background-color":"var(--ast-global-color-5)","background-image":"","background-repeat":"repeat","background-position":"center center","background-size":"auto","background-attachment":"scroll","background-type":"","background-media":"","overlay-type":"","overlay-color":"","overlay-opacity":"","overlay-gradient":""},"tablet":{"background-color":"var(--ast-global-color-5)","background-image":"","background-repeat":"repeat","background-position":"center center","background-size":"auto","background-attachment":"scroll","background-type":"","background-media":"","overlay-type":"","overlay-color":"","overlay-opacity":"","overlay-gradient":""},"mobile":{"background-color":"var(--ast-global-color-5)","background-image":"","background-repeat":"repeat","background-position":"center center","background-size":"auto","background-attachment":"scroll","background-type":"","background-media":"","overlay-type":"","overlay-color":"","overlay-opacity":"","overlay-gradient":""}},"footnotes":""},"class_list":["post-15361","page","type-page","status-publish","hentry"],"post_mailing_queue_ids":[],"_links":{"self":[{"href":"https:\/\/serveiseducatius.xtec.cat\/santacolomag\/wp-json\/wp\/v2\/pages\/15361","targetHints":{"allow":["GET"]}}],"collection":[{"href":"https:\/\/serveiseducatius.xtec.cat\/santacolomag\/wp-json\/wp\/v2\/pages"}],"about":[{"href":"https:\/\/serveiseducatius.xtec.cat\/santacolomag\/wp-json\/wp\/v2\/types\/page"}],"author":[{"embeddable":true,"href":"https:\/\/serveiseducatius.xtec.cat\/santacolomag\/wp-json\/wp\/v2\/users\/4"}],"replies":[{"embeddable":true,"href":"https:\/\/serveiseducatius.xtec.cat\/santacolomag\/wp-json\/wp\/v2\/comments?post=15361"}],"version-history":[{"count":4,"href":"https:\/\/serveiseducatius.xtec.cat\/santacolomag\/wp-json\/wp\/v2\/pages\/15361\/revisions"}],"predecessor-version":[{"id":18431,"href":"https:\/\/serveiseducatius.xtec.cat\/santacolomag\/wp-json\/wp\/v2\/pages\/15361\/revisions\/18431"}],"up":[{"embeddable":true,"href":"https:\/\/serveiseducatius.xtec.cat\/santacolomag\/wp-json\/wp\/v2\/pages\/906"}],"wp:attachment":[{"href":"https:\/\/serveiseducatius.xtec.cat\/santacolomag\/wp-json\/wp\/v2\/media?parent=15361"}],"curies":[{"name":"wp","href":"https:\/\/api.w.org\/{rel}","templated":true}]}}