{"id":15358,"date":"2021-02-03T17:13:14","date_gmt":"2021-02-03T16:13:14","guid":{"rendered":"http:\/\/serveiseducatius.xtec.cat\/santacolomag\/?page_id=15358"},"modified":"2022-10-27T13:04:34","modified_gmt":"2022-10-27T11:04:34","slug":"coneixer-santa-coloma-materials","status":"publish","type":"page","link":"https:\/\/serveiseducatius.xtec.cat\/santacolomag\/comunitat\/pla-dentorn-pee\/coneixer-santa-coloma-materials\/","title":{"rendered":"Con\u00e8ixer Santa Coloma &#8211; Recursos"},"content":{"rendered":"<p style=\"text-align: center;\"><a class=\"button normal\" style=\"padding: 1em; font-weight: 400; margin: 0.1em; color: white !important; background-color: #f0781f;\" href=\"https:\/\/serveiseducatius.xtec.cat\/santacolomag\/categoria\/recursos\/coneixer-santa-coloma\/\" rel=\"noopener noreferrer\">Portada<\/a> <a class=\"button medium\" style=\"padding: 1em; font-weight: 400; margin: 0.1em; color: white !important; background-color: #f0781f;\" href=\"http:\/\/serveiseducatius.xtec.cat\/santacolomag\/recursos\/coneixer-santa-coloma\/\" target=\"_self\" rel=\"noopener noreferrer\">Entitats i associacions<\/a> <a class=\"button medium\" style=\"padding: 1em; font-weight: 400; margin: 0.1em; color: white !important; background-color: #f0781f;\" href=\"http:\/\/serveiseducatius.xtec.cat\/santacolomag\/recursos\/coneixer-santa-coloma-materials\/\" target=\"_self\" rel=\"noopener noreferrer\">Recursos<\/a> <a class=\"button medium\" style=\"padding: 1em; font-weight: 400; margin: 0.1em; color: white !important; background-color: #f0781f;\" href=\"https:\/\/serveiseducatius.xtec.cat\/santacolomag\/recursos\/coneixer-santa-coloma-programes-i-projectes\/\" target=\"_self\" rel=\"noopener noreferrer\">Projectes de centre<\/a> <a class=\"button medium\" style=\"padding: 1em; font-weight: 400; margin: 0.1em; color: white !important; background-color: #f0781f;\" href=\"https:\/\/serveiseducatius.xtec.cat\/santacolomag\/recursos\/coneixer-santa-coloma-treballs-de-recerca\/\" target=\"_self\" rel=\"noopener noreferrer\">Treballs de recerca<\/a>\u00a0<a class=\"button medium\" style=\"padding: 1em; font-weight: 400; margin: 0.1em; color: white !important; background-color: #f0781f;\" href=\"https:\/\/serveiseducatius.xtec.cat\/santacolomag\/coneixer-santa-coloma-qui-som\/\" target=\"_self\" rel=\"noopener noreferrer\">Qui som<\/a><\/p>\n<p><span style=\"font-weight: 400;\">Mostra d&#8217;alguns dels recursos disponibles a la xarxa i que han estat seleccionats pel grup de treball &#8220;Con\u00e8ixer Santa Coloma&#8221;:<br \/>\n<\/span><span style=\"font-weight: 400;\">arxius, mapes, pl\u00e0nols, fotografies, v\u00eddeos&#8230;\u00a0<\/span><\/p>\n<p><span style=\"font-weight: 400;\">Si tens alguna recomanaci\u00f3, pots fer-la arribar al correu del CRP (a8930012@xtec.cat).<\/span><\/p>\n<table style=\"height: 41px;\">\n<tbody>\n<tr style=\"height: 39px;\">\n<td style=\"height: 10px; width: 800px;\" colspan=\"2\"><strong><a href=\"https:\/\/docs.google.com\/presentation\/d\/1UXoyXIR8GRe8Jgmn1RWZxLnG0lVhKLyrYI8iYyTzhCc\/edit?usp=sharing\" target=\"_blank\" rel=\"noopener\"><span style=\"font-size: 18pt;\">Selecci\u00f3 d&#8217;activitats i recursos (juny 2022)<\/span><\/a><\/strong><\/td>\n<\/tr>\n<\/tbody>\n<\/table>\n<p>&nbsp;<\/p>\n<p><strong><span style=\"font-family: inherit; font-size: 1em;\">Actualitat<\/span><\/strong><\/p>\n<table style=\"height: 41px;\">\n<tbody>\n<tr style=\"height: 39px;\">\n<td style=\"height: 10px; width: 800px;\" colspan=\"2\"><a href=\"https:\/\/www.gramenet.cat\/ajuntament\/comunicacio\/l-ajuntament-informa\/\" target=\"_blank\" rel=\"noopener noreferrer\"><img loading=\"lazy\" decoding=\"async\" class=\"wp-image-15670 alignleft\" src=\"https:\/\/serveiseducatius.xtec.cat\/santacolomag\/wp-content\/uploads\/usu1183\/2021\/02\/L-Ajuntament-Informa-Ajuntament-de-Santa-Coloma-de-Gramenet.png\" alt=\"\" width=\"188\" height=\"61\" \/><\/a><\/p>\n<p><a href=\"https:\/\/www.gramenet.cat\/ajuntament\/comunicacio\/l-ajuntament-informa\/\" target=\"_blank\" rel=\"noopener noreferrer\">L\u2019Ajuntament informa<\/a><br \/>\n<a href=\"https:\/\/ajuntamentinforma.gramenet.cat\/subscripcions\/\" target=\"_blank\" rel=\"noopener noreferrer\">Subscripci\u00f3<\/a><\/td>\n<\/tr>\n<tr style=\"height: 31px;\">\n<td style=\"height: 31px;\" colspan=\"2\"><a href=\"https:\/\/twitter.com\/scgramenet\" target=\"_blank\" rel=\"noopener noreferrer\"><img loading=\"lazy\" decoding=\"async\" class=\"wp-image-15671 alignleft\" src=\"https:\/\/serveiseducatius.xtec.cat\/santacolomag\/wp-content\/uploads\/usu1183\/2021\/02\/20-Aj-Sta-Coloma-Gram-scgramenet-Twitter.png\" alt=\"\" width=\"57\" height=\"54\" srcset=\"https:\/\/serveiseducatius.xtec.cat\/santacolomag\/wp-content\/uploads\/usu1183\/2021\/02\/20-Aj-Sta-Coloma-Gram-scgramenet-Twitter.png 153w, https:\/\/serveiseducatius.xtec.cat\/santacolomag\/wp-content\/uploads\/usu1183\/2021\/02\/20-Aj-Sta-Coloma-Gram-scgramenet-Twitter-150x144.png 150w\" sizes=\"auto, (max-width: 57px) 100vw, 57px\" \/><\/a><\/p>\n<p><a href=\"https:\/\/twitter.com\/scgramenet\" target=\"_blank\" rel=\"noopener noreferrer\">Twitter Ajuntament<\/a><\/td>\n<\/tr>\n<tr>\n<td style=\"width: 800px;\" colspan=\"2\"><a href=\"https:\/\/elwebdelmirall.net\/\" target=\"_blank\" rel=\"noopener noreferrer\"><img loading=\"lazy\" decoding=\"async\" class=\"alignleft wp-image-15675 size-full\" src=\"https:\/\/serveiseducatius.xtec.cat\/santacolomag\/wp-content\/uploads\/usu1183\/2021\/02\/Portada-El-Web-del-Mirall-net.png\" alt=\"\" width=\"150\" height=\"72\" \/><\/a><\/p>\n<p>&nbsp;<\/p>\n<p><a href=\"https:\/\/elwebdelmirall.net\/\" target=\"_blank\" rel=\"noopener noreferrer\">El digital de Santa Coloma de Gramenet<\/a><\/td>\n<\/tr>\n<\/tbody>\n<\/table>\n<table style=\"height: 41px;\">\n<tbody>\n<tr style=\"height: 39px;\">\n<td style=\"height: 10px; width: 800px;\" colspan=\"2\"><strong><a href=\"https:\/\/www.gramenet.tv\/Pagina-de-inicio\/\" target=\"_blank\" rel=\"noopener noreferrer\">Gramenet TV<\/a><a href=\"https:\/\/serveiseducatius.xtec.cat\/santacolomag\/wp-content\/uploads\/usu1183\/2021\/07\/gramenet-tv.png\"><img loading=\"lazy\" decoding=\"async\" class=\"wp-image-16524 alignleft\" src=\"https:\/\/serveiseducatius.xtec.cat\/santacolomag\/wp-content\/uploads\/usu1183\/2021\/07\/gramenet-tv.png\" alt=\"\" width=\"78\" height=\"62\" \/><\/a><\/strong><\/td>\n<\/tr>\n<\/tbody>\n<\/table>\n<p>&nbsp;<\/p>\n<p><strong>Informaci\u00f3 estad\u00edstica<\/strong><\/p>\n<table style=\"height: 41px;\">\n<tbody>\n<tr style=\"height: 39px;\">\n<td style=\"height: 10px; width: 800px;\" colspan=\"2\"><span style=\"font-weight: 400;\">IDESCAT<\/span><span style=\"font-weight: 400;\">. <a href=\"https:\/\/www.idescat.cat\/pub\/?id=shd&amp;n=1341&amp;geo=mun:082457#Plegable=geo\" target=\"_blank\" rel=\"noopener noreferrer\">Evoluci\u00f3 de la poblaci\u00f3 de fet de Santa Coloma de Gramenet<\/a><\/span><\/td>\n<\/tr>\n<\/tbody>\n<\/table>\n<p><strong><br \/>\n<a href=\"https:\/\/serveiseducatius.xtec.cat\/santacolomag\/general\/maleta-pedagogica-en-prestec-coneixer-santa-coloma\/\" target=\"_blank\" rel=\"noopener\">Maleta pedag\u00f2gica &#8220;Con\u00e8ixer SCG&#8221; (en pr\u00e9stec)<\/a><\/strong><\/p>\n<table style=\"height: 41px;\">\n<tbody>\n<tr style=\"height: 39px;\">\n<td style=\"height: 10px; width: 800px;\" colspan=\"2\"><span style=\"font-weight: 400;\">La maleta disposa de <a href=\"https:\/\/drive.google.com\/file\/d\/1plqVI0TQRMrM40MKrmaOqiC2Qz8mw1DN\/view\" target=\"_blank\" rel=\"noopener\">recursos que es poden trobar en l\u00ednia<\/a><\/span><\/td>\n<\/tr>\n<\/tbody>\n<\/table>\n<p>&nbsp;<\/p>\n<p><strong>Publicacions destacades<\/strong><\/p>\n<table style=\"height: 41px;\">\n<tbody>\n<tr style=\"height: 39px;\">\n<td style=\"height: 10px;\" colspan=\"2\"><span style=\"font-weight: 400;\"><a href=\"https:\/\/serveiseducatius.xtec.cat\/santacolomag\/general\/de-lescola-tradicional-a-ciutat-educadora-santa-coloma-de-gramenet-1822-2020\/\" target=\"_blank\" rel=\"noopener\">De l&#8217;escola tradicional a ciutat educadora<\/a>. Diego Arroyo, 2022<\/span><\/td>\n<\/tr>\n<tr>\n<td style=\"width: 800px;\" colspan=\"2\"><span style=\"font-weight: 400;\"><a href=\"https:\/\/www.plapopular.cat\/\" target=\"_blank\" rel=\"noopener\">De suburbi a ciutat. El Pla Popular de Santa Coloma de Gramenet<\/a>. Odei Antxustegi-Etxearte. Ed. F\u00f2rum-Grama. 2014<\/span><\/td>\n<\/tr>\n<\/tbody>\n<\/table>\n<p><strong><br \/>\nDocuments gr\u00e0fics<\/strong><\/p>\n<table style=\"height: 390px;\">\n<tbody>\n<tr>\n<td colspan=\"2\"><a href=\"https:\/\/serveiseducatius.xtec.cat\/santacolomag\/general\/santa-coloma-desapareguda\/\" target=\"_blank\" rel=\"noopener\">Santa Coloma de Gramenet desapareguda<\/a>. Disponible al Servei Educatiu i a les biblioteques<\/td>\n<\/tr>\n<tr>\n<td colspan=\"2\"><a href=\"https:\/\/serveiseducatius.xtec.cat\/santacolomag\/general\/exposicio-virtual-la-festa-major-destiu-a-santa-coloma-de-gramenet\/\"><span style=\"font-weight: 400;\">Exposici\u00f3 virtual: la Festa Major d\u2019Estiu<\/span><\/a><\/td>\n<\/tr>\n<tr>\n<td style=\"width: 800px;\" colspan=\"2\"><span style=\"font-weight: 400;\"><a href=\"https:\/\/serveiseducatius.xtec.cat\/santacolomag\/general\/videoclips-sobre-el-canvi-urbanistic-viscut-per-dones-de-la-santa-coloma-dels-anys-60-i-70\/\" target=\"_blank\" rel=\"noopener\">Videoclips: canvi urban\u00edstic viscut per dones de la Santa Coloma dels anys 60 i 70<\/a>. Museu Torre Balldovina i biblioteques<\/span><span style=\"font-weight: 400;\"><br \/>\n<\/span><\/td>\n<\/tr>\n<tr style=\"height: 48px;\">\n<td style=\"height: 48px;\" colspan=\"2\">Biblioteca Singuerl\u00edn-Salvador Cabr\u00e9. <span style=\"font-weight: 400;\">Fotografia i fot\u00f2grafs de Santa Coloma:<br \/>\n<\/span><a style=\"font-family: inherit; font-size: 1em;\" href=\"https:\/\/bibliotecavirtual.diba.cat\/es\/detall-guia\/-\/detall\/7D2o\/GUIA_LECTURA\/10934\/1898323\/1898327\">Joan Guerrero,<\/a> <a style=\"font-family: inherit; font-size: 1em;\" href=\"https:\/\/bibliotecavirtual.diba.cat\/es\/detall-guia\/-\/detall\/7D2o\/GUIA_LECTURA\/10934\/1898323\/1898377\">La ciutat i la seva gent<\/a>, <a style=\"font-family: inherit; font-size: 1em;\" href=\"https:\/\/bibliotecavirtual.diba.cat\/es\/detall-guia\/-\/detall\/7D2o\/GUIA_LECTURA\/10934\/1898323\/1898422\">Pedro Madue\u00f1o<\/a><\/td>\n<\/tr>\n<tr style=\"height: 31px;\">\n<td style=\"height: 31px; width: 800px;\" colspan=\"2\"><a href=\"https:\/\/www.youtube.com\/channel\/UCt2i4QKuOi5bf9_-ye3kInA\" target=\"_blank\" rel=\"noopener noreferrer\">Museu Torre Balldovina: canal de Youtube<\/a><\/td>\n<\/tr>\n<tr>\n<td style=\"width: 800px;\" colspan=\"2\"><a href=\"https:\/\/www.youtube.com\/channel\/UCDjN0wpFEs0SstD-Eoj-EdA\/videos\" target=\"_blank\" rel=\"noopener noreferrer\">IKonoGrama: Espai cultural Santa Coloma de Gramenet<\/a>. Canal de Youtube<\/td>\n<\/tr>\n<tr style=\"height: 29px;\">\n<td style=\"height: 29px;\" colspan=\"2\"><a href=\"http:\/\/aladi.diba.cat\/search*cat\/?searchtype=X&amp;searcharg=Santa+Coloma+de+Gramenet&amp;searchscope=175&amp;submit=Cercar\" target=\"_blank\" rel=\"noopener noreferrer\">Biblioteques de Santa Coloma: pel\u00b7l\u00edcules<\/a>. Un exemple de cerca\u00a0al cat\u00e0leg.<\/td>\n<\/tr>\n<tr style=\"height: 10px;\">\n<td style=\"height: 10px; width: 800px;\" colspan=\"2\"><a href=\"http:\/\/www.poblesdecatalunya.cat\/municipi.php?m=082457\" target=\"_blank\" rel=\"noopener noreferrer\">Pobles de Catalunya<\/a>. Guia del patrimoni hist\u00f2ric i art\u00edstic dels municipis catalans<\/td>\n<\/tr>\n<tr style=\"height: 31px;\">\n<td style=\"height: 31px; width: 800px;\" colspan=\"2\"><a href=\"https:\/\/www.facebook.com\/lluernarest\/videos\/230623298165389\/\" target=\"_blank\" rel=\"noopener noreferrer\">Santa Coloma en imatges<\/a>. V\u00eddeo a partir de fotografies antigues (font: Facebook Lluerna)<\/td>\n<\/tr>\n<tr style=\"height: 31px;\">\n<td style=\"height: 31px; width: 800px;\" colspan=\"2\"><a href=\"https:\/\/youtu.be\/2sCFe-teUjA\" target=\"_blank\" rel=\"noopener noreferrer\">La masia de Can Zam. La pagesia i la vinya a Gramenet<\/a>. <span style=\"font-family: inherit; font-size: 1em;\">Documental de Josep Pitarque. <a href=\"https:\/\/www.gramenet.tv\/\" target=\"_blank\" rel=\"noopener noreferrer\">Gramenet TV<\/a> (2016)<\/span><\/td>\n<\/tr>\n<tr style=\"height: 31px;\">\n<td style=\"height: 31px; width: 800px;\" colspan=\"2\"><a href=\"https:\/\/www.facebook.com\/GramenetImatges\/\" target=\"_blank\" rel=\"noopener noreferrer\">Santa Coloma de Gramenet. Im\u00e1genes<\/a>. Facebook <a id=\"js_15\" class=\"_2wmb\" href=\"https:\/\/www.facebook.com\/GramenetImatges\/#\" target=\"_blank\" rel=\"noopener noreferrer\" data-hover=\"tooltip\" aria-describedby=\"js_14\">@GramenetImatges<\/a><\/td>\n<\/tr>\n<tr style=\"height: 31px;\">\n<td style=\"height: 31px; width: 800px;\" colspan=\"2\"><a href=\"http:\/\/puigcastellar.cat\/projeccions\" target=\"_blank\" rel=\"noopener noreferrer\">V\u00eddeos del Centre Excursionista Puig Castellar<\/a><\/td>\n<\/tr>\n<tr style=\"height: 37px;\">\n<td style=\"height: 37px; width: 800px;\" colspan=\"2\"><a href=\"https:\/\/www.youtube.com\/results?search_query=santa+coloma+de+gramenet+patrimoni\" target=\"_blank\" rel=\"noopener noreferrer\">Cerca de v\u00eddeos de Santa Coloma i patrimoni. <\/a>Youtube<\/td>\n<\/tr>\n<tr style=\"height: 31px;\">\n<td style=\"height: 14px; width: 800px;\" colspan=\"2\"><a href=\"https:\/\/youtu.be\/UxJMurSFIuc\"><span style=\"font-weight: 400;\">Antic Hospital de l&#8217;Esperit Sant<\/span><\/a>. Youtube<\/td>\n<\/tr>\n<tr style=\"height: 33px;\">\n<td style=\"height: 33px; width: 800px;\" colspan=\"2\"><a href=\"https:\/\/pasajesypaisajes.com\/arte-urbano-santa-coloma-gramenet\/\" target=\"_blank\" rel=\"noopener noreferrer\">Ruta por el arte urbano de Santa Coloma de Gramenet<\/a>. Bloc d&#8217;<a href=\"https:\/\/twitter.com\/bitemebill\" target=\"_blank\" rel=\"noopener noreferrer\">Isabel Resina<\/a><\/td>\n<\/tr>\n<tr style=\"height: 33px;\">\n<td style=\"width: 800px; height: 33px;\" colspan=\"2\">Arte de la calle (grafitis). Web de Comuna Colomense (enlla\u00e7 trencat)<\/td>\n<\/tr>\n<tr style=\"height: 31px;\">\n<td style=\"height: 31px; width: 800px;\" colspan=\"2\"><a href=\"https:\/\/serveiseducatius.xtec.cat\/santacolomag\/general\/tradicions-populars-catalanes-de-santa-coloma-de-gramenet\/\" target=\"_blank\" rel=\"noopener noreferrer\">Pinta les nostres tradicions catalanes<\/a>. Il\u00b7lustracions per descarregar i imprimir<\/td>\n<\/tr>\n<\/tbody>\n<\/table>\n<p><strong><span style=\"font-family: inherit; font-size: 1em;\">P\u00e0gines web\u00a0<\/span><\/strong><\/p>\n<table style=\"height: 41px;\">\n<tbody>\n<tr style=\"height: 39px;\">\n<td style=\"height: 10px; width: 800px;\" colspan=\"2\"><a href=\"https:\/\/enelfondo.cat\/\" target=\"_blank\" rel=\"noopener noreferrer\"><span style=\"font-weight: 400;\">enelFondo<\/span><\/a><span style=\"font-weight: 400;\"> .Una web per a reconstruir la mem\u00f2ria del barri m\u00e9s singular de Santa Coloma de Gramenet.<br \/>\n<\/span><span style=\"font-weight: 400;\">A la biblioteca del Fondo s&#8217;ubica l&#8217;e<\/span><span style=\"font-weight: 400;\">spai Jaume-P. Sayrach (vegeu <\/span><a href=\"https:\/\/enelfondo.cat\/fundadors\/\"><span style=\"font-weight: 400;\">https:\/\/enelfondo.cat\/fundadors\/<\/span><\/a><span style=\"font-weight: 400;\">)<\/span><\/td>\n<\/tr>\n<tr style=\"height: 31px;\">\n<td style=\"height: 31px; width: 800px;\" colspan=\"2\"><\/td>\n<\/tr>\n<\/tbody>\n<\/table>\n<p><strong>Mapes, guies i rutes<\/strong><\/p>\n<table style=\"height: 41px;\">\n<tbody>\n<tr>\n<td colspan=\"2\"><a href=\"https:\/\/www.gramenet.cat\/geoportal\/?center=433581.0,4589400.5&amp;scale=30000&amp;thematic=tematic1\" target=\"_blank\" rel=\"noopener\"><span style=\"font-weight: 400;\">Ajuntament de Santa Coloma: pl\u00e0nol<\/span><\/a><\/td>\n<\/tr>\n<tr style=\"height: 39px;\">\n<td style=\"height: 10px;\" colspan=\"2\"><a href=\"https:\/\/www.gramenet.cat\/ajuntament\/arees-municipals\/informacio-urbanistica\/cartografia\/\" target=\"_blank\" rel=\"noopener noreferrer\"><span style=\"font-weight: 400;\">Ajuntament de Santa Coloma de Gramenet: cartografia<\/span><\/a><\/td>\n<\/tr>\n<tr>\n<td colspan=\"2\"><span style=\"font-weight: 400;\"><a href=\"https:\/\/betaportal.icgc.cat\/canurb\/cathistoric.htm\" target=\"_blank\" rel=\"noopener noreferrer\">ICGC. Ortofotos. Com era Catalunya? (des de 1945)<\/a><\/span><\/td>\n<\/tr>\n<tr>\n<td colspan=\"2\"><span style=\"font-weight: 400;\"><a href=\"http:\/\/betaserver.icgc.cat\/ulldeltemps\/#15\/41.4459\/2.2172\" target=\"_blank\" rel=\"noopener noreferrer\">ICGC. Ortofotos. L\u2019ull del temps: Catalunya abans i ara<\/a><\/span><\/td>\n<\/tr>\n<tr>\n<td colspan=\"2\"><span style=\"font-weight: 400;\"><a href=\"https:\/\/geoportalcartografia.amb.cat\/AppGeoportalCartografia2\/index.html\" target=\"_blank\" rel=\"noopener noreferrer\">\u00c0rea metropolitana de Barcelona. Geoportal de cartografia<\/a><\/span><\/td>\n<\/tr>\n<tr>\n<td colspan=\"2\"><span style=\"font-weight: 400;\"><a href=\"https:\/\/www.instamaps.cat\/visor.html?businessid=e3daf75eea47e6defca1d90ce6636a43#12\/41.4534\/2.1015\" target=\"_blank\" rel=\"noopener noreferrer\">Instamaps<\/a><\/span><\/td>\n<\/tr>\n<tr>\n<td style=\"width: 800px;\" colspan=\"2\"><span style=\"font-weight: 400;\"><a href=\"https:\/\/mhm.mobileworldcapital.com\/ca_ES\/escenari\/unic\/filtres\" target=\"_blank\" rel=\"noopener noreferrer\">Mobile History Map (fer cerca per poblaci\u00f3)<\/a><\/span><\/td>\n<\/tr>\n<\/tbody>\n<\/table>\n<table style=\"height: 41px;\">\n<tbody>\n<tr style=\"height: 39px;\">\n<td style=\"height: 10px; width: 800px;\" colspan=\"2\"><a href=\"https:\/\/serveiseducatius.xtec.cat\/santacolomag\/general\/guia-espais-naturals-fonts-i-miradors\/\" target=\"_blank\" rel=\"noopener\"><span style=\"font-weight: 400;\">Guia: Espais naturals, fonts i miradors<\/span><\/a><\/td>\n<\/tr>\n<\/tbody>\n<\/table>\n<table style=\"height: 41px;\">\n<tbody>\n<tr style=\"height: 39px;\">\n<td style=\"height: 10px;\" colspan=\"2\"><a href=\"https:\/\/museu.gramenet.cat\/activitats\/itineraris\/literari-itinerari-sagarra\/\" target=\"_blank\" rel=\"noopener\">Itinerari Sagarra. Museu Torre Balldovina<\/a><\/td>\n<\/tr>\n<tr>\n<td colspan=\"2\"><a href=\"https:\/\/museu.gramenet.cat\/fileadmin\/museu_torre_balldovina\/Imatges_itineraris\/ItinerariSAGARRA_digital.pdf\" target=\"_blank\" rel=\"noopener\">Itinerari Sagarra. Agustina Rico<\/a><\/td>\n<\/tr>\n<tr>\n<td style=\"width: 800px;\" colspan=\"2\"><a href=\"https:\/\/www.youtube.com\/watch?v=GHjJWysO6n8\" target=\"_blank\" rel=\"noopener\">Sagarra ins\u00f2lit. V\u00eddeo Juanjo Mar\u00edn<\/a><\/td>\n<\/tr>\n<\/tbody>\n<\/table>\n<table style=\"height: 41px;\">\n<tbody>\n<tr style=\"height: 39px;\">\n<td style=\"height: 10px; width: 800px;\" colspan=\"2\">Joc: Santa Coloma es mou (Ecometr\u00f2poli). <a href=\"https:\/\/drive.google.com\/file\/d\/1pKlV4CJ_kV44LAg1LWKmMqZEK-9l3Xcv\/view?usp=sharing\" target=\"_blank\" rel=\"noopener\">Valoraci\u00f3 dels docents<\/a><\/td>\n<\/tr>\n<\/tbody>\n<\/table>\n<p>&nbsp;<\/p>\n<p><strong><span style=\"font-family: inherit; font-size: 1em;\">Materials elaborats en el marc del grup de treball<\/span><\/strong><\/p>\n<table style=\"height: 43px; width: 67.2185%;\">\n<tbody>\n<tr style=\"height: 39px;\">\n<td style=\"height: 10px;\" colspan=\"2\">Les sortides com a recurs. <span style=\"font-weight: 400;\">Proposta d\u2019aprofitament de les sortides per con\u00e8ixer Santa Coloma.\u00a0<\/span><\/p>\n<ul>\n<li style=\"font-weight: 400;\" aria-level=\"2\"><a href=\"https:\/\/drive.google.com\/file\/d\/1Wg6uiDzW-y5Y3D9I60ujwntnYTAzJ5x2\/view\"><span style=\"font-weight: 400;\">Gui\u00f3 PREPAREM LA SORTIDA. Fitxer pdf<\/span><\/a><\/li>\n<li style=\"font-weight: 400;\" aria-level=\"2\"><a href=\"https:\/\/docs.google.com\/document\/d\/1jYe8dHR1Kjs2Mm1BFvwfCQwBEmlm_xBMAVsgUk-xQNk\/copy\"><span style=\"font-weight: 400;\">Fitxer editable. Per descarregar-se una c\u00f2pia<\/span><\/a><\/li>\n<li style=\"font-weight: 400;\" aria-level=\"2\"><a href=\"https:\/\/drive.google.com\/file\/d\/1B79oVdT13BXa7Rjjeid2eu6cYPGVyV3r\/view\"><span style=\"font-weight: 400;\">Exemple: sortida a Can Zam<\/span><\/a><\/li>\n<\/ul>\n<\/td>\n<\/tr>\n<tr style=\"height: 33px;\">\n<td style=\"width: 800px; height: 33px;\" colspan=\"2\">Ruta pel Raval (curs 2018-2019)<\/td>\n<\/tr>\n<\/tbody>\n<\/table>\n<p>&nbsp;<\/p>\n<p><span style=\"font-size: 10pt;\">Darrera actualitzaci\u00f3. Juny 2022<\/span><\/p>\n<p><a href=\"https:\/\/serveiseducatius.xtec.cat\/santacolomag\/wp-content\/uploads\/usu1183\/2021\/02\/34617930154_f92e7a25a4_b.jpg\"><img loading=\"lazy\" decoding=\"async\" class=\"size-full wp-image-15566 alignnone\" src=\"https:\/\/serveiseducatius.xtec.cat\/santacolomag\/wp-content\/uploads\/usu1183\/2021\/02\/34617930154_f92e7a25a4_b.jpg\" sizes=\"auto, (max-width: 1024px) 100vw, 1024px\" srcset=\"https:\/\/serveiseducatius.xtec.cat\/santacolomag\/wp-content\/uploads\/usu1183\/2021\/02\/34617930154_f92e7a25a4_b.jpg 1024w, https:\/\/serveiseducatius.xtec.cat\/santacolomag\/wp-content\/uploads\/usu1183\/2021\/02\/34617930154_f92e7a25a4_b-300x54.jpg 300w, https:\/\/serveiseducatius.xtec.cat\/santacolomag\/wp-content\/uploads\/usu1183\/2021\/02\/34617930154_f92e7a25a4_b-768x139.jpg 768w\" alt=\"\" width=\"1024\" height=\"185\" \/><\/a><\/p>\n<p><span style=\"font-size: 10pt;\"><span class=\"ccIcn ccIcnSmall\"><a href=\"https:\/\/creativecommons.org\/licenses\/by-sa\/2.0\/\"><img decoding=\"async\" title=\"Atribuci\u00f3n\" src=\"https:\/\/combo.staticflickr.com\/pw\/images\/cc_icon_attribution_small.gif\" alt=\"Atribuci\u00f3n\" border=\"0\" \/><img decoding=\"async\" title=\"Compartir bajo la misma licencia\" src=\"https:\/\/combo.staticflickr.com\/pw\/images\/cc_icon_sharealike_small.gif\" alt=\"Compartir bajo la misma licencia\" border=\"0\" \/><\/a><\/span>\u00a0<a title=\"Attribution-ShareAlike License\" href=\"https:\/\/creativecommons.org\/licenses\/by-sa\/2.0\/\">Alguns drets de la imatge reservats<\/a>\u00a0per\u00a0<a href=\"https:\/\/www.flickr.com\/photos\/carquinyol\/\">Carquinyol<\/a><\/span><\/p>\n","protected":false},"excerpt":{"rendered":"<p>Portada Entitats i associacions Recursos Projectes de centre Treballs de recerca\u00a0Qui som Mostra d&#8217;alguns dels recursos disponibles a la xarxa [&hellip;]<\/p>\n","protected":false},"author":4,"featured_media":0,"parent":345,"menu_order":0,"comment_status":"closed","ping_status":"closed","template":"","meta":{"_bbp_topic_count":0,"_bbp_reply_count":0,"_bbp_total_topic_count":0,"_bbp_total_reply_count":0,"_bbp_voice_count":0,"_bbp_anonymous_reply_count":0,"_bbp_topic_count_hidden":0,"_bbp_reply_count_hidden":0,"_bbp_forum_subforum_count":0,"site-sidebar-layout":"default","site-content-layout":"","ast-site-content-layout":"","site-content-style":"default","site-sidebar-style":"default","ast-global-header-display":"","ast-banner-title-visibility":"","ast-main-header-display":"","ast-hfb-above-header-display":"","ast-hfb-below-header-display":"","ast-hfb-mobile-header-display":"","site-post-title":"","ast-breadcrumbs-content":"","ast-featured-img":"","footer-sml-layout":"","theme-transparent-header-meta":"","adv-header-id-meta":"","stick-header-meta":"","header-above-stick-meta":"","header-main-stick-meta":"","header-below-stick-meta":"","astra-migrate-meta-layouts":"default","ast-page-background-enabled":"default","ast-page-background-meta":{"desktop":{"background-color":"var(--ast-global-color-4)","background-image":"","background-repeat":"repeat","background-position":"center center","background-size":"auto","background-attachment":"scroll","background-type":"","background-media":"","overlay-type":"","overlay-color":"","overlay-opacity":"","overlay-gradient":""},"tablet":{"background-color":"","background-image":"","background-repeat":"repeat","background-position":"center center","background-size":"auto","background-attachment":"scroll","background-type":"","background-media":"","overlay-type":"","overlay-color":"","overlay-opacity":"","overlay-gradient":""},"mobile":{"background-color":"","background-image":"","background-repeat":"repeat","background-position":"center center","background-size":"auto","background-attachment":"scroll","background-type":"","background-media":"","overlay-type":"","overlay-color":"","overlay-opacity":"","overlay-gradient":""}},"ast-content-background-meta":{"desktop":{"background-color":"var(--ast-global-color-5)","background-image":"","background-repeat":"repeat","background-position":"center center","background-size":"auto","background-attachment":"scroll","background-type":"","background-media":"","overlay-type":"","overlay-color":"","overlay-opacity":"","overlay-gradient":""},"tablet":{"background-color":"var(--ast-global-color-5)","background-image":"","background-repeat":"repeat","background-position":"center center","background-size":"auto","background-attachment":"scroll","background-type":"","background-media":"","overlay-type":"","overlay-color":"","overlay-opacity":"","overlay-gradient":""},"mobile":{"background-color":"var(--ast-global-color-5)","background-image":"","background-repeat":"repeat","background-position":"center center","background-size":"auto","background-attachment":"scroll","background-type":"","background-media":"","overlay-type":"","overlay-color":"","overlay-opacity":"","overlay-gradient":""}},"footnotes":""},"class_list":["post-15358","page","type-page","status-publish","hentry"],"post_mailing_queue_ids":[],"_links":{"self":[{"href":"https:\/\/serveiseducatius.xtec.cat\/santacolomag\/wp-json\/wp\/v2\/pages\/15358","targetHints":{"allow":["GET"]}}],"collection":[{"href":"https:\/\/serveiseducatius.xtec.cat\/santacolomag\/wp-json\/wp\/v2\/pages"}],"about":[{"href":"https:\/\/serveiseducatius.xtec.cat\/santacolomag\/wp-json\/wp\/v2\/types\/page"}],"author":[{"embeddable":true,"href":"https:\/\/serveiseducatius.xtec.cat\/santacolomag\/wp-json\/wp\/v2\/users\/4"}],"replies":[{"embeddable":true,"href":"https:\/\/serveiseducatius.xtec.cat\/santacolomag\/wp-json\/wp\/v2\/comments?post=15358"}],"version-history":[{"count":4,"href":"https:\/\/serveiseducatius.xtec.cat\/santacolomag\/wp-json\/wp\/v2\/pages\/15358\/revisions"}],"predecessor-version":[{"id":18429,"href":"https:\/\/serveiseducatius.xtec.cat\/santacolomag\/wp-json\/wp\/v2\/pages\/15358\/revisions\/18429"}],"up":[{"embeddable":true,"href":"https:\/\/serveiseducatius.xtec.cat\/santacolomag\/wp-json\/wp\/v2\/pages\/345"}],"wp:attachment":[{"href":"https:\/\/serveiseducatius.xtec.cat\/santacolomag\/wp-json\/wp\/v2\/media?parent=15358"}],"curies":[{"name":"wp","href":"https:\/\/api.w.org\/{rel}","templated":true}]}}