{"id":15349,"date":"2021-02-03T16:37:40","date_gmt":"2021-02-03T15:37:40","guid":{"rendered":"http:\/\/serveiseducatius.xtec.cat\/santacolomag\/?page_id=15349"},"modified":"2022-10-27T13:03:57","modified_gmt":"2022-10-27T11:03:57","slug":"coneixer-santa-coloma","status":"publish","type":"page","link":"https:\/\/serveiseducatius.xtec.cat\/santacolomag\/recursos\/coneixer-santa-coloma\/","title":{"rendered":"Con\u00e8ixer Santa Coloma &#8211; Entitats i associacions"},"content":{"rendered":"<p style=\"text-align: center;\"><a class=\"button normal\" style=\"padding: 1em; font-weight: 400; margin: 0.1em; color: white !important; background-color: #f0781f;\" href=\"https:\/\/serveiseducatius.xtec.cat\/santacolomag\/categoria\/recursos\/coneixer-santa-coloma\/\" rel=\"noopener noreferrer\">Portada<\/a> <a class=\"button medium\" style=\"padding: 1em; font-weight: 400; margin: 0.1em; color: white !important; background-color: #f0781f;\" href=\"http:\/\/serveiseducatius.xtec.cat\/santacolomag\/recursos\/coneixer-santa-coloma\/\" target=\"_self\" rel=\"noopener noreferrer\">Entitats i associacions<\/a> <a class=\"button medium\" style=\"padding: 1em; font-weight: 400; margin: 0.1em; color: white !important; background-color: #f0781f;\" href=\"http:\/\/serveiseducatius.xtec.cat\/santacolomag\/recursos\/coneixer-santa-coloma-materials\/\" target=\"_self\" rel=\"noopener noreferrer\">Recursos<\/a> <a class=\"button medium\" style=\"padding: 1em; font-weight: 400; margin: 0.1em; color: white !important; background-color: #f0781f;\" href=\"https:\/\/serveiseducatius.xtec.cat\/santacolomag\/recursos\/coneixer-santa-coloma-programes-i-projectes\/\" target=\"_self\" rel=\"noopener noreferrer\">Projectes de centre<\/a> <a class=\"button medium\" style=\"padding: 1em; font-weight: 400; margin: 0.1em; color: white !important; background-color: #f0781f;\" href=\"https:\/\/serveiseducatius.xtec.cat\/santacolomag\/recursos\/coneixer-santa-coloma-treballs-de-recerca\/\" target=\"_self\" rel=\"noopener noreferrer\">Treballs de recerca<\/a>\u00a0<a class=\"button medium\" style=\"padding: 1em; font-weight: 400; margin: 0.1em; color: white !important; background-color: #f0781f;\" href=\"https:\/\/serveiseducatius.xtec.cat\/santacolomag\/coneixer-santa-coloma-qui-som\/\" target=\"_self\" rel=\"noopener noreferrer\">Qui som<\/a><\/p>\n<p>&nbsp;<\/p>\n<p>Institucions, entitats i associacions ofereixen informaci\u00f3, suport i recursos al professorat interessat en con\u00e8ixer la ciutat.<br \/>\nAt\u00e8s que la relaci\u00f3 \u00e9s molt \u00e0mplia, podeu consultar el <a href=\"https:\/\/www.gramenet.cat\/es\/ciudad\/entitats\/ass-de-veins\/\" target=\"_blank\" rel=\"noopener noreferrer\"><strong>registre municipal d&#8217;entitats i associacions.<\/strong><\/a><\/p>\n<p>A continuaci\u00f3, us en destaquem algunes:<\/p>\n<table style=\"height: 230px;\">\n<tbody>\n<tr style=\"height: 117px;\">\n<td style=\"width: 185px; height: 91px; text-align: center;\"><a href=\"https:\/\/www.gramenet.cat\/santa-coloma\/\" target=\"_blank\" rel=\"noopener noreferrer\"><strong>Ajuntament<\/strong><\/a><\/p>\n<p><a href=\"https:\/\/www.gramenet.cat\/santa-coloma\/\" target=\"_blank\" rel=\"noopener noreferrer\"><img loading=\"lazy\" decoding=\"async\" class=\"alignleft wp-image-15435\" src=\"https:\/\/serveiseducatius.xtec.cat\/santacolomag\/wp-content\/uploads\/usu1183\/2021\/02\/Ajuntament-de-Santa-Coloma-de-Gramenet.png\" alt=\"\" width=\"161\" height=\"100\" \/><\/a><\/td>\n<td style=\"width: 613px; height: 135px;\">\n<ul>\n<li><a href=\"https:\/\/www.gramenet.cat\/ciutat\/historia-de-santa-coloma\/\" target=\"_blank\" rel=\"noopener noreferrer\">Hist\u00f2ria de Santa Coloma<\/a><\/li>\n<li><a href=\"https:\/\/www.gramenet.cat\/ciutat\/ciutat-i-memoria\/\" target=\"_blank\" rel=\"noopener noreferrer\">Ciutat i mem\u00f2ria<\/a><\/li>\n<li><a style=\"font-family: inherit; font-size: 1em;\" href=\"https:\/\/www.gramenet.cat\/ajuntament\/arees-municipals\/memoria-historica\/\" target=\"_blank\" rel=\"noopener noreferrer\">Mem\u00f2ria democr\u00e0tica<\/a><\/li>\n<li><a style=\"font-family: inherit; font-size: 1em;\" href=\"https:\/\/www.gramenet.cat\/santa-coloma\/gramenet-turisme\/\" target=\"_blank\" rel=\"noopener noreferrer\">Gramenet Turisme<\/a><\/li>\n<li><a style=\"font-family: inherit; font-size: 1em;\" href=\"https:\/\/www.gramenet.cat\/ciutat\/gramenet-turisme\/que-fer\/rutes-i-itineraris\/itineraris-patrimoni\/\" target=\"_blank\" rel=\"nofollow noopener noreferrer\">Itineraris Patrimoni<\/a><\/li>\n<li><a href=\"https:\/\/www.gramenet.cat\/ciutat\/gramenet-turisme\/que-fer\/rutes-i-itineraris\/ruta-teatralitzada-2020\/\" target=\"_blank\" rel=\"noopener noreferrer\">Rutes teatralitzades: Santa Coloma com mai l\u2019has vist<\/a><\/li>\n<li><a style=\"font-family: inherit; font-size: 1em;\" href=\"https:\/\/www.gramenet.cat\/es\/ayuntamiento\/areas-municipales\/informacion-urbanistica\/planeamiento-urbanistico\/expedientes-urbanisticos-vigentes\/planeamiento-derivado\/pu-158pe-pla-especial-de-proteccio-del-patrimoni-de-santa-coloma-de-gramenet\/\" target=\"_blank\" rel=\"nofollow noopener noreferrer\">Pla especial de protecci\u00f3 del patrimoni<\/a><\/li>\n<li><a href=\"https:\/\/www.gramenet.cat\/ajuntament\/arees-municipals\/medi-ambient\/\"><span style=\"font-weight: 400;\">Medi ambient<\/span><\/a><\/li>\n<li><a style=\"font-family: inherit; font-size: 1em;\" href=\"https:\/\/www.gramenet.cat\/ajuntament\/arees-municipals\/guia-dautors\/\" target=\"_blank\" rel=\"noopener noreferrer\">Guia d\u2019autors i autores colomenques<\/a><\/li>\n<li><a style=\"font-family: inherit; font-size: 1em;\" href=\"https:\/\/www.gramenet.cat\/ajuntament\/arees-municipals\/educacio\/projectes-educatius\/programa-dactivitats-educatives-complementaries\/paecc-2020-2021\/\" target=\"_blank\" rel=\"noopener noreferrer\">PAECC: Programa d&#8217;activitats educatives complement\u00e0ries<\/a><\/li>\n<li><a href=\"https:\/\/www.gramenet.cat\/ajuntament\/comunicacio\/l-ajuntament-informa\/\" target=\"_blank\" rel=\"noopener noreferrer\">L&#8217;Ajuntament informa<\/a> \/ <a href=\"https:\/\/twitter.com\/scgramenet\" target=\"_blank\" rel=\"noopener noreferrer\">Twitter<\/a><\/li>\n<\/ul>\n<\/td>\n<\/tr>\n<tr style=\"height: 31px;\">\n<td style=\"width: 185px; height: 10px;\">\n<p style=\"text-align: center;\"><a href=\"https:\/\/museu.gramenet.cat\/\" target=\"_blank\" rel=\"noopener noreferrer\"><strong>Museu Torre Balldovina<\/strong><\/a><\/p>\n<p style=\"text-align: center;\"><a href=\"https:\/\/museu.gramenet.cat\/\" target=\"_blank\" rel=\"noopener noreferrer\"><img loading=\"lazy\" decoding=\"async\" class=\"alignleft wp-image-15438 size-full\" src=\"https:\/\/serveiseducatius.xtec.cat\/santacolomag\/wp-content\/uploads\/usu1183\/2021\/02\/museu-torre-balldovina.png\" alt=\"\" width=\"177\" height=\"83\" \/><\/a><\/p>\n<p>&nbsp;<\/p>\n<p>&nbsp;<\/td>\n<td style=\"width: 613px; height: 10px;\">\n<ul>\n<li><a href=\"https:\/\/museu.gramenet.cat\/el-museu-al-territori\/\" target=\"_blank\" rel=\"noopener noreferrer\">El Museu al territori<\/a><\/li>\n<li><a style=\"font-family: inherit; font-size: 1em;\" href=\"https:\/\/museu.gramenet.cat\/exposicions\/\" target=\"_blank\" rel=\"noopener noreferrer\">Exposicions<\/a><\/li>\n<li><a style=\"font-family: inherit; font-size: 1em;\" href=\"https:\/\/museu.gramenet.cat\/activitats\/\" target=\"_blank\" rel=\"noopener noreferrer\">Activitats<\/a><\/li>\n<li><a style=\"font-family: inherit; font-size: 1em;\" href=\"https:\/\/museu.gramenet.cat\/educacio\/\" target=\"_blank\" rel=\"noopener noreferrer\">Educaci\u00f3<\/a><\/li>\n<li><a style=\"font-family: inherit; font-size: 1em;\" href=\"https:\/\/museu.gramenet.cat\/educacio\/materials-didactics\/\" target=\"_blank\" rel=\"noopener noreferrer\">Materials did\u00e0ctics<\/a><\/li>\n<li><a style=\"font-family: inherit; font-size: 1em;\" href=\"https:\/\/museu.gramenet.cat\/activitats\/itineraris\/\" target=\"_blank\" rel=\"noopener noreferrer\">Itineraris del patrimoni de la ciutat<\/a>\n<ul>\n<li><a href=\"https:\/\/museu.gramenet.cat\/activitats\/itineraris\/literari-itinerari-sagarra\/\" target=\"_blank\" rel=\"noopener\">Itinerari Sagarra<\/a><\/li>\n<\/ul>\n<\/li>\n<li><a style=\"font-family: inherit; font-size: 1em;\" href=\"https:\/\/museu.gramenet.cat\/activitats\/visites-guiades\/\" target=\"_blank\" rel=\"noopener noreferrer\">Visites guiades<\/a><\/li>\n<li><a style=\"font-family: inherit; font-size: 1em;\" href=\"https:\/\/museu.gramenet.cat\/activitats\/juguem-a-santa-coloma\/\" target=\"_blank\" rel=\"noopener noreferrer\">Juguem a Santa Coloma<\/a><\/li>\n<\/ul>\n<\/td>\n<\/tr>\n<tr>\n<td style=\"width: 185px;\">\n<p style=\"text-align: center;\"><a href=\"https:\/\/www.gramenet.cat\/ajuntament\/arees-municipals\/biblioteques-de-santa-coloma\/\" target=\"_blank\" rel=\"noopener noreferrer\"><strong>Xarxa de biblioteques p\u00fabliques<\/strong><\/a><\/p>\n<p>&nbsp;<\/p>\n<p style=\"text-align: center;\"><a href=\"https:\/\/www.gramenet.cat\/ajuntament\/arees-municipals\/biblioteques-de-santa-coloma\/\" target=\"_blank\" rel=\"noopener\"><img loading=\"lazy\" decoding=\"async\" class=\"alignleft wp-image-16829 size-medium\" src=\"https:\/\/serveiseducatius.xtec.cat\/santacolomag\/wp-content\/uploads\/usu1183\/2021\/10\/logo-xarxa-de-biblioteques-300x114.png\" alt=\"\" width=\"300\" height=\"114\" srcset=\"https:\/\/serveiseducatius.xtec.cat\/santacolomag\/wp-content\/uploads\/usu1183\/2021\/10\/logo-xarxa-de-biblioteques-300x114.png 300w, https:\/\/serveiseducatius.xtec.cat\/santacolomag\/wp-content\/uploads\/usu1183\/2021\/10\/logo-xarxa-de-biblioteques.png 699w\" sizes=\"auto, (max-width: 300px) 100vw, 300px\" \/><\/a><\/p>\n<p>&nbsp;<\/td>\n<td style=\"width: 613px;\">\n<ul>\n<li><a href=\"https:\/\/www.gramenet.cat\/ajuntament\/arees-municipals\/biblioteques-de-santa-coloma\/biblioteca-central\/la-biblioteca\/\" target=\"_blank\" rel=\"noopener noreferrer\">Biblioteca Central<\/a><\/li>\n<li><a style=\"font-family: inherit; font-size: 1em;\" href=\"https:\/\/www.gramenet.cat\/ajuntament\/arees-municipals\/biblioteques-de-santa-coloma\/biblioteca-de-can-peixauet\/la-biblioteca\/\" target=\"_blank\" rel=\"noopener noreferrer\">Biblioteca de Can Peixauet<\/a><\/li>\n<li><a style=\"font-family: inherit; font-size: 1em;\" href=\"https:\/\/www.gramenet.cat\/ajuntament\/arees-municipals\/biblioteques-de-santa-coloma\/biblioteca-del-fondo\/la-biblioteca\/\" target=\"_blank\" rel=\"noopener noreferrer\">Biblioteca del Fondo<\/a><\/li>\n<li><a style=\"font-family: inherit; font-size: 1em;\" href=\"https:\/\/www.gramenet.cat\/ajuntament\/arees-municipals\/biblioteques-de-santa-coloma\/biblioteca-de-singuerlin-salvador-cabre\/la-biblioteca\/\" target=\"_blank\" rel=\"noopener noreferrer\">Biblioteca de Singuerl\u00edn-Salvador Cabr\u00e9<\/a><\/li>\n<\/ul>\n<p>El lector pot trobar un fons documental \u00fanic de ciutat amb dip\u00f2sit als quatre equipaments, accessible i consultable per a tota la ciutadania. <a href=\"http:\/\/aladi.diba.cat\/search*cat\/X\" target=\"_blank\" rel=\"noopener noreferrer\">Cercador en l\u00ednia<\/a><\/td>\n<\/tr>\n<tr>\n<td style=\"width: 185px;\">\n<p style=\"text-align: center;\"><a href=\"https:\/\/www.diba.cat\/es\/web\/mediambient\/ecometropoli\" target=\"_blank\" rel=\"noopener noreferrer\"><strong>Ecometr\u00f2poli<\/strong><\/a><a href=\"https:\/\/www.gramenet.cat\/ajuntament\/arees-municipals\/medi-ambient\/ecometropoli\/\" target=\"_blank\" rel=\"noopener noreferrer\"><img loading=\"lazy\" decoding=\"async\" class=\"alignleft wp-image-15620 size-full\" src=\"https:\/\/serveiseducatius.xtec.cat\/santacolomag\/wp-content\/uploads\/usu1183\/2021\/02\/logo-ecometropoli-e1613043878110.png\" alt=\"\" width=\"330\" height=\"150\" \/><\/a><\/p>\n<\/td>\n<td style=\"width: 613px;\">\n<ul>\n<li><a href=\"https:\/\/www.gramenet.cat\/ajuntament\/arees-municipals\/medi-ambient\/ecometropoli\/exposicio-permanent\/\" target=\"_blank\" rel=\"noopener noreferrer\">Exposici\u00f3 permanent<\/a>: Serralada de Marina, riu Bes\u00f2s, medi urb\u00e0,&#8230;<\/li>\n<li><a href=\"https:\/\/www.gramenet.cat\/ajuntament\/arees-municipals\/medi-ambient\/ecometropoli\/espai-joan-vicente-i-castells\/\" target=\"_blank\" rel=\"noopener noreferrer\">Espai de recerca Joan Vicente i Castells<\/a><\/li>\n<li><a href=\"https:\/\/www.gramenet.cat\/ajuntament\/arees-municipals\/medi-ambient\/ecometropoli\/serralada-de-marina\/\" target=\"_blank\" rel=\"noopener noreferrer\">Itineraris pel Parc de la Serralada de la Marina<\/a><\/li>\n<li><a href=\"https:\/\/www.gramenet.cat\/fileadmin\/Files\/Ajuntament\/butlleti\/butlleti2021\/1649_9abril_web.pdf\" target=\"_blank\" rel=\"noopener noreferrer\">Monogr\u00e0fic: full informatiu (abril 2021)<\/a><\/li>\n<\/ul>\n<\/td>\n<\/tr>\n<tr>\n<td style=\"width: 185px;\">\n<p style=\"text-align: center;\"><strong><a href=\"https:\/\/www.gramenet.cat\/ajuntament\/arees-municipals\/medi-ambient\/aula-ambiental-isabel-munoz\/\" target=\"_blank\" rel=\"noopener noreferrer\"><img loading=\"lazy\" decoding=\"async\" class=\"alignleft wp-image-15704 size-medium\" src=\"https:\/\/serveiseducatius.xtec.cat\/santacolomag\/wp-content\/uploads\/usu1183\/2021\/02\/Logo_aula_ambiental-300x155.png\" alt=\"\" width=\"300\" height=\"155\" srcset=\"https:\/\/serveiseducatius.xtec.cat\/santacolomag\/wp-content\/uploads\/usu1183\/2021\/02\/Logo_aula_ambiental-300x155.png 300w, https:\/\/serveiseducatius.xtec.cat\/santacolomag\/wp-content\/uploads\/usu1183\/2021\/02\/Logo_aula_ambiental.png 413w\" sizes=\"auto, (max-width: 300px) 100vw, 300px\" \/><\/a><\/strong><\/p>\n<\/td>\n<td style=\"width: 613px;\">\n<ul>\n<li><a href=\"https:\/\/www.gramenet.cat\/ajuntament\/arees-municipals\/medi-ambient\/aula-ambiental-isabel-munoz\/\" target=\"_blank\" rel=\"noopener noreferrer\">Aula ambiental Isabel Mu\u00f1oz<\/a><\/li>\n<\/ul>\n<\/td>\n<\/tr>\n<tr>\n<td style=\"width: 185px;\">\n<p style=\"text-align: center;\"><strong><a href=\"https:\/\/laciba.gramenet.cat\/\" target=\"_blank\" rel=\"noopener\"><img loading=\"lazy\" decoding=\"async\" class=\"alignleft wp-image-13172 size-medium\" src=\"https:\/\/serveiseducatius.xtec.cat\/santacolomag\/wp-content\/uploads\/usu1183\/2020\/03\/ciba-logo-300x120.png\" alt=\"\" width=\"300\" height=\"120\" \/><\/a><\/strong><\/p>\n<\/td>\n<td style=\"width: 613px;\">\n<ul>\n<li><a href=\"https:\/\/laciba.gramenet.cat\/\" target=\"_blank\" rel=\"noopener noreferrer\">la Ciba. Espai de recursos per a dones, innovaci\u00f3 i economia feminista<\/a><\/li>\n<\/ul>\n<\/td>\n<\/tr>\n<\/tbody>\n<\/table>\n<p>&nbsp;<\/p>\n<table style=\"height: 230px;\">\n<tbody>\n<tr style=\"height: 135px;\">\n<td style=\"width: 185px; height: 135px;\"><a href=\"http:\/\/cenbn.cat\/\" target=\"_blank\" rel=\"noopener noreferrer\"><img loading=\"lazy\" decoding=\"async\" class=\"wp-image-15497 aligncenter\" src=\"https:\/\/serveiseducatius.xtec.cat\/santacolomag\/wp-content\/uploads\/usu1183\/2021\/02\/CENTRE-ESTUDIS-DE-LA-NATURA-e1612781780931.jpg\" alt=\"\" width=\"103\" height=\"105\" \/><\/a><\/td>\n<td style=\"width: 613px; height: 135px;\"><a href=\"http:\/\/cenbn.cat\/\" target=\"_blank\" rel=\"noopener noreferrer\">Centre d&#8217;Estudi de la Natura del Barcelon\u00e8s Nord<\/a>.<\/p>\n<p>Butlletins i publicacions.<\/p>\n<p><strong>\u00a0<\/strong><\/td>\n<\/tr>\n<tr style=\"height: 95px;\">\n<td style=\"width: 185px; height: 95px;\"><a href=\"http:\/\/puigcastellar.cat\/\" target=\"_blank\" rel=\"noopener noreferrer\"><img loading=\"lazy\" decoding=\"async\" class=\"alignleft wp-image-15498 size-medium\" src=\"https:\/\/serveiseducatius.xtec.cat\/santacolomag\/wp-content\/uploads\/usu1183\/2021\/02\/cropped-cap\u00e7alera-lla\u00e7-300x48.jpg\" alt=\"\" width=\"300\" height=\"48\" srcset=\"https:\/\/serveiseducatius.xtec.cat\/santacolomag\/wp-content\/uploads\/usu1183\/2021\/02\/cropped-cap\u00e7alera-lla\u00e7-300x48.jpg 300w, https:\/\/serveiseducatius.xtec.cat\/santacolomag\/wp-content\/uploads\/usu1183\/2021\/02\/cropped-cap\u00e7alera-lla\u00e7-768x122.jpg 768w, https:\/\/serveiseducatius.xtec.cat\/santacolomag\/wp-content\/uploads\/usu1183\/2021\/02\/cropped-cap\u00e7alera-lla\u00e7-1024x162.jpg 1024w, https:\/\/serveiseducatius.xtec.cat\/santacolomag\/wp-content\/uploads\/usu1183\/2021\/02\/cropped-cap\u00e7alera-lla\u00e7.jpg 1204w\" sizes=\"auto, (max-width: 300px) 100vw, 300px\" \/><\/a><\/td>\n<td style=\"width: 613px; height: 95px;\"><a href=\"http:\/\/puigcastellar.cat\/\" target=\"_blank\" rel=\"noopener noreferrer\">Centre Excursionista Puigcastellar<\/a>.<\/p>\n<p>Activitats, publicacions, fotografies i enlla\u00e7os d\u2019inter\u00e8s<\/td>\n<\/tr>\n<\/tbody>\n<\/table>\n<p>&nbsp;<\/p>\n<table>\n<tbody>\n<tr style=\"height: 95px;\">\n<td style=\"width: 185px; height: 95px;\"><a href=\"http:\/\/eqmcultura.com\/\"><img loading=\"lazy\" decoding=\"async\" class=\"alignleft size-full wp-image-17983\" src=\"https:\/\/serveiseducatius.xtec.cat\/santacolomag\/wp-content\/uploads\/usu1183\/2022\/06\/EQM-SERVEIS-CULTURALS.png\" alt=\"\" width=\"218\" height=\"90\" \/><\/a><\/td>\n<td style=\"width: 613px; height: 95px;\"><a href=\"http:\/\/eqmcultura.com\/\" target=\"_blank\" rel=\"noopener noreferrer\">EQM Serveis Culturals<\/a><\/p>\n<p>Producci\u00f3 i distribuci\u00f3 d&#8217;espectacles: teatre, arts de carrer&#8230;<br \/>\nRutes teatralitzades: <a href=\"https:\/\/www.gramenet.cat\/ciutat\/gramenet-turisme\/que-fer\/rutes-i-itineraris\/ruta-teatralitzada-2020\/\" target=\"_blank\" rel=\"noopener noreferrer\">Santa Coloma com mai l&#8217;has vist<\/a><\/td>\n<\/tr>\n<tr>\n<td style=\"width: 185px;\"><a href=\"http:\/\/www.lexcentrica.org\/\"><img loading=\"lazy\" decoding=\"async\" class=\"alignleft size-full wp-image-17981\" src=\"https:\/\/serveiseducatius.xtec.cat\/santacolomag\/wp-content\/uploads\/usu1183\/2022\/06\/lexcentrica.png\" alt=\"\" width=\"321\" height=\"103\" srcset=\"https:\/\/serveiseducatius.xtec.cat\/santacolomag\/wp-content\/uploads\/usu1183\/2022\/06\/lexcentrica.png 321w, https:\/\/serveiseducatius.xtec.cat\/santacolomag\/wp-content\/uploads\/usu1183\/2022\/06\/lexcentrica-300x96.png 300w\" sizes=\"auto, (max-width: 321px) 100vw, 321px\" \/><\/a><\/td>\n<td style=\"width: 613px;\"><a href=\"http:\/\/www.lexcentrica.org\/\" target=\"_blank\" rel=\"noopener\">L&#8217;eXc\u00e8ntrica<\/a><\/p>\n<p>Centre d&#8217;Arts Esc\u00e8niques<\/td>\n<\/tr>\n<\/tbody>\n<\/table>\n<p style=\"text-align: left;\"><span style=\"font-size: 10pt;\">P\u00e0gina en proc\u00e9s d&#8217;elaboraci\u00f3. Juny 2022<\/span><\/p>\n<p><a href=\"https:\/\/serveiseducatius.xtec.cat\/santacolomag\/wp-content\/uploads\/usu1183\/2021\/02\/34617930154_f92e7a25a4_b.jpg\"><img loading=\"lazy\" decoding=\"async\" class=\"size-full wp-image-15566 alignnone\" src=\"https:\/\/serveiseducatius.xtec.cat\/santacolomag\/wp-content\/uploads\/usu1183\/2021\/02\/34617930154_f92e7a25a4_b.jpg\" alt=\"\" width=\"1024\" height=\"185\" srcset=\"https:\/\/serveiseducatius.xtec.cat\/santacolomag\/wp-content\/uploads\/usu1183\/2021\/02\/34617930154_f92e7a25a4_b.jpg 1024w, https:\/\/serveiseducatius.xtec.cat\/santacolomag\/wp-content\/uploads\/usu1183\/2021\/02\/34617930154_f92e7a25a4_b-300x54.jpg 300w, https:\/\/serveiseducatius.xtec.cat\/santacolomag\/wp-content\/uploads\/usu1183\/2021\/02\/34617930154_f92e7a25a4_b-768x139.jpg 768w\" sizes=\"auto, (max-width: 1024px) 100vw, 1024px\" \/><\/a><\/p>\n<p style=\"text-align: left;\"><span style=\"font-size: 8pt;\"><span class=\"ccIcn ccIcnSmall\"><a href=\"https:\/\/creativecommons.org\/licenses\/by-sa\/2.0\/\"><img decoding=\"async\" title=\"Atribuci\u00f3n\" src=\"https:\/\/combo.staticflickr.com\/pw\/images\/cc_icon_attribution_small.gif\" alt=\"Atribuci\u00f3n\" border=\"0\" \/><img decoding=\"async\" title=\"Compartir bajo la misma licencia\" src=\"https:\/\/combo.staticflickr.com\/pw\/images\/cc_icon_sharealike_small.gif\" alt=\"Compartir bajo la misma licencia\" border=\"0\" \/><\/a><\/span>\u00a0<a title=\"Attribution-ShareAlike License\" href=\"https:\/\/creativecommons.org\/licenses\/by-sa\/2.0\/\">Alguns drets de la imatge reservats<\/a> per <a href=\"https:\/\/www.flickr.com\/photos\/carquinyol\/\">Carquinyol<\/a><\/span><\/p>\n","protected":false},"excerpt":{"rendered":"<p>Portada Entitats i associacions Recursos Projectes de centre Treballs de recerca\u00a0Qui som &nbsp; Institucions, entitats i associacions ofereixen informaci\u00f3, suport [&hellip;]<\/p>\n","protected":false},"author":4,"featured_media":0,"parent":906,"menu_order":0,"comment_status":"closed","ping_status":"closed","template":"","meta":{"_bbp_topic_count":0,"_bbp_reply_count":0,"_bbp_total_topic_count":0,"_bbp_total_reply_count":0,"_bbp_voice_count":0,"_bbp_anonymous_reply_count":0,"_bbp_topic_count_hidden":0,"_bbp_reply_count_hidden":0,"_bbp_forum_subforum_count":0,"site-sidebar-layout":"default","site-content-layout":"","ast-site-content-layout":"","site-content-style":"default","site-sidebar-style":"default","ast-global-header-display":"","ast-banner-title-visibility":"","ast-main-header-display":"","ast-hfb-above-header-display":"","ast-hfb-below-header-display":"","ast-hfb-mobile-header-display":"","site-post-title":"","ast-breadcrumbs-content":"","ast-featured-img":"","footer-sml-layout":"","theme-transparent-header-meta":"","adv-header-id-meta":"","stick-header-meta":"","header-above-stick-meta":"","header-main-stick-meta":"","header-below-stick-meta":"","astra-migrate-meta-layouts":"default","ast-page-background-enabled":"default","ast-page-background-meta":{"desktop":{"background-color":"var(--ast-global-color-4)","background-image":"","background-repeat":"repeat","background-position":"center center","background-size":"auto","background-attachment":"scroll","background-type":"","background-media":"","overlay-type":"","overlay-color":"","overlay-opacity":"","overlay-gradient":""},"tablet":{"background-color":"","background-image":"","background-repeat":"repeat","background-position":"center center","background-size":"auto","background-attachment":"scroll","background-type":"","background-media":"","overlay-type":"","overlay-color":"","overlay-opacity":"","overlay-gradient":""},"mobile":{"background-color":"","background-image":"","background-repeat":"repeat","background-position":"center center","background-size":"auto","background-attachment":"scroll","background-type":"","background-media":"","overlay-type":"","overlay-color":"","overlay-opacity":"","overlay-gradient":""}},"ast-content-background-meta":{"desktop":{"background-color":"var(--ast-global-color-5)","background-image":"","background-repeat":"repeat","background-position":"center center","background-size":"auto","background-attachment":"scroll","background-type":"","background-media":"","overlay-type":"","overlay-color":"","overlay-opacity":"","overlay-gradient":""},"tablet":{"background-color":"var(--ast-global-color-5)","background-image":"","background-repeat":"repeat","background-position":"center center","background-size":"auto","background-attachment":"scroll","background-type":"","background-media":"","overlay-type":"","overlay-color":"","overlay-opacity":"","overlay-gradient":""},"mobile":{"background-color":"var(--ast-global-color-5)","background-image":"","background-repeat":"repeat","background-position":"center center","background-size":"auto","background-attachment":"scroll","background-type":"","background-media":"","overlay-type":"","overlay-color":"","overlay-opacity":"","overlay-gradient":""}},"footnotes":""},"class_list":["post-15349","page","type-page","status-publish","hentry"],"post_mailing_queue_ids":[],"_links":{"self":[{"href":"https:\/\/serveiseducatius.xtec.cat\/santacolomag\/wp-json\/wp\/v2\/pages\/15349","targetHints":{"allow":["GET"]}}],"collection":[{"href":"https:\/\/serveiseducatius.xtec.cat\/santacolomag\/wp-json\/wp\/v2\/pages"}],"about":[{"href":"https:\/\/serveiseducatius.xtec.cat\/santacolomag\/wp-json\/wp\/v2\/types\/page"}],"author":[{"embeddable":true,"href":"https:\/\/serveiseducatius.xtec.cat\/santacolomag\/wp-json\/wp\/v2\/users\/4"}],"replies":[{"embeddable":true,"href":"https:\/\/serveiseducatius.xtec.cat\/santacolomag\/wp-json\/wp\/v2\/comments?post=15349"}],"version-history":[{"count":4,"href":"https:\/\/serveiseducatius.xtec.cat\/santacolomag\/wp-json\/wp\/v2\/pages\/15349\/revisions"}],"predecessor-version":[{"id":18428,"href":"https:\/\/serveiseducatius.xtec.cat\/santacolomag\/wp-json\/wp\/v2\/pages\/15349\/revisions\/18428"}],"up":[{"embeddable":true,"href":"https:\/\/serveiseducatius.xtec.cat\/santacolomag\/wp-json\/wp\/v2\/pages\/906"}],"wp:attachment":[{"href":"https:\/\/serveiseducatius.xtec.cat\/santacolomag\/wp-json\/wp\/v2\/media?parent=15349"}],"curies":[{"name":"wp","href":"https:\/\/api.w.org\/{rel}","templated":true}]}}