{"id":15219,"date":"2021-01-20T09:21:37","date_gmt":"2021-01-20T08:21:37","guid":{"rendered":"http:\/\/serveiseducatius.xtec.cat\/santacolomag\/?page_id=15219"},"modified":"2021-02-01T13:43:57","modified_gmt":"2021-02-01T12:43:57","slug":"cicle-de-conferencies-la-meva-area-necessita-de-les-altres","status":"publish","type":"page","link":"https:\/\/serveiseducatius.xtec.cat\/santacolomag\/cicle-de-conferencies-la-meva-area-necessita-de-les-altres\/","title":{"rendered":"Cicle de confer\u00e8ncies: La meva \u00e0rea necessita de les altres"},"content":{"rendered":"<p><span style=\"font-size: 14pt;\">Les tres confer\u00e8ncies que us presentem \u00a0fomenten la interdisciplinarietat i el consens a qu\u00e8 ha d&#8217;arribar el professorat de diferents \u00e0rees per tal de millorar l&#8217;aprenentatge, des de la pr\u00f2pia \u00e0rea i en relaci\u00f3 amb altres \u00e0rees de coneixement.<\/span><\/p>\n<ul>\n<li><strong><span style=\"font-size: 18pt;\">02\/02\/2021: <a href=\"https:\/\/serveiseducatius.xtec.cat\/santacolomag\/general\/02-02-conferencia-leducacio-online-llums-ombres-i-algun-mite-trencat-a-carrec-dalbert-sangra\/\" target=\"_blank\" rel=\"noopener noreferrer\">L\u2019educaci\u00f3 online: llums, ombres i algun mite trencat<\/a><br \/>\n<a href=\"https:\/\/serveiseducatius.xtec.cat\/santacolomag\/cicle-de-conferencies-la-meva-area-necessita-de-les-altres\/ponents\/\">Albert Sangr\u00e0<\/a><\/span><\/strong><br \/>\n<span style=\"font-size: 14pt;\">L\u2019educaci\u00f3 online ha aparegut en les nostres vides, fins i tot per a aquelles persones que mai havien pensat que els pogu\u00e9s afectar a elles. \u00c9s educaci\u00f3 online el que hem fet durant la pand\u00e8mia? Quins s\u00f3n els elements i els tributs que ens permetrien aplicar models d\u2019educaci\u00f3 online (o h\u00edbrids) que milloressin la nostra doc\u00e8ncia? I sobretot, els docents som \u201creplicants\u201d que hem de fer el mateix en qualsevol context i escenari?<\/span><\/li>\n<\/ul>\n<p>&nbsp;<\/p>\n<ul>\n<li><span style=\"font-family: inherit; font-size: 14pt;\"><span style=\"font-family: inherit; font-size: 14pt;\"><span style=\"font-family: inherit;\"><span style=\"font-size: 18pt;\"><strong>11\/03\/2021: L\u2019aprenentatge cient\u00edfic i el ling\u00fc\u00edstic: vasos comunicants<br \/>\n<a href=\"https:\/\/serveiseducatius.xtec.cat\/santacolomag\/cicle-de-conferencies-la-meva-area-necessita-de-les-altres\/ponents\/\">Digna Couso i Carme Duran.<\/a><\/strong><\/span><br \/>\nL\u2019ensenyament i aprenentatge de qualsevol disciplina requereix del llenguatge, no nom\u00e9s com a vehicle de comunicaci\u00f3, sin\u00f3 tamb\u00e9 per a la construcci\u00f3 del coneixement.<br \/>\nPer aprendre ci\u00e8ncies, i qualsevol altra \u00e0rea, necessitem escoltar, parlar, llegir i escriure. En aquesta confer\u00e8ncia reflexionarem sobre la necessitat de crear vasos comunicants entre els coneixements cient\u00edfics i els coneixements ling\u00fc\u00edstics i mostrarem alguns exemples de com abordar-los a l\u2019aula tant a prim\u00e0ria com a secund\u00e0ria.<\/span><\/span><\/span><\/li>\n<li><span style=\"font-size: 18pt;\"><strong>07\/04\/2021: <\/strong><span style=\"font-family: inherit;\"><strong>De l&#8217;art al m\u00f3n i del m\u00f3n a l&#8217;art<\/strong><\/span><strong><br \/>\n<\/strong><\/span><span style=\"font-size: 18pt;\"><strong> <a href=\"https:\/\/serveiseducatius.xtec.cat\/santacolomag\/cicle-de-conferencies-la-meva-area-necessita-de-les-altres\/ponents\/\">Dimas F\u00e0bregas<\/a><\/strong><\/span><br \/>\n<span style=\"font-size: 14pt;\"><span style=\"font-size: 14pt;\"><i>L&#8217;art \u00e9s una inutilitat necess\u00e0ria.\u00a0<\/i>Cildo Meireles, artista brasiler.<br \/>\nLes propostes art\u00edstiques ens provoquen preguntes. Per resoldre-les caldr\u00e0 iniciar processos d&#8217;investigaci\u00f3 i descoberta que ens porten a diferents camps del coneixement.\u00a0 Veurem algunes estrat\u00e8gies diferents per partir de l&#8217;art i acabar en altres disciplines; i a l&#8217;inrev\u00e9s, acabar o expressar una investigaci\u00f3 en forma art\u00edstica.<br \/>\n<\/span><\/span><\/p>\n<hr \/>\n<p><span style=\"font-size: 14pt;\">Les 3 conf\u00e8rencies s&#8217;emetran en directe pel nostre<strong> <a href=\"https:\/\/www.youtube.com\/channel\/UCN17adrb5l-wrTzQda7Es9Q\">canal de Youtube<\/a><\/strong><br \/>\n<\/span><\/li>\n<\/ul>\n<p><span style=\"font-size: 14pt;\"><strong><a href=\"https:\/\/serveiseducatius.xtec.cat\/santacolomag\/cicle-de-conferencies-la-meva-area-necessita-de-les-altres\/inscripcions\/\">\u00a0 \u00a0 INSCRIPCIONS a cada confer\u00e8ncia<\/a><\/strong> (L&#8217;assist\u00e8ncia a les 3 confer\u00e8ncies se certifiquen amb 6h de Formaci\u00f3 (PFZ)<\/span><\/p>\n<hr \/>\n<p>&nbsp;<\/p>\n","protected":false},"excerpt":{"rendered":"<p>Les tres confer\u00e8ncies que us presentem \u00a0fomenten la interdisciplinarietat i el consens a qu\u00e8 ha d&#8217;arribar el professorat de diferents [&hellip;]<\/p>\n","protected":false},"author":4,"featured_media":0,"parent":0,"menu_order":0,"comment_status":"closed","ping_status":"closed","template":"page-templates\/side-menu.php","meta":{"_bbp_topic_count":0,"_bbp_reply_count":0,"_bbp_total_topic_count":0,"_bbp_total_reply_count":0,"_bbp_voice_count":0,"_bbp_anonymous_reply_count":0,"_bbp_topic_count_hidden":0,"_bbp_reply_count_hidden":0,"_bbp_forum_subforum_count":0,"site-sidebar-layout":"default","site-content-layout":"","ast-site-content-layout":"","site-content-style":"default","site-sidebar-style":"default","ast-global-header-display":"","ast-banner-title-visibility":"","ast-main-header-display":"","ast-hfb-above-header-display":"","ast-hfb-below-header-display":"","ast-hfb-mobile-header-display":"","site-post-title":"","ast-breadcrumbs-content":"","ast-featured-img":"","footer-sml-layout":"","theme-transparent-header-meta":"","adv-header-id-meta":"","stick-header-meta":"","header-above-stick-meta":"","header-main-stick-meta":"","header-below-stick-meta":"","astra-migrate-meta-layouts":"default","ast-page-background-enabled":"default","ast-page-background-meta":{"desktop":{"background-color":"var(--ast-global-color-4)","background-image":"","background-repeat":"repeat","background-position":"center center","background-size":"auto","background-attachment":"scroll","background-type":"","background-media":"","overlay-type":"","overlay-color":"","overlay-opacity":"","overlay-gradient":""},"tablet":{"background-color":"","background-image":"","background-repeat":"repeat","background-position":"center center","background-size":"auto","background-attachment":"scroll","background-type":"","background-media":"","overlay-type":"","overlay-color":"","overlay-opacity":"","overlay-gradient":""},"mobile":{"background-color":"","background-image":"","background-repeat":"repeat","background-position":"center center","background-size":"auto","background-attachment":"scroll","background-type":"","background-media":"","overlay-type":"","overlay-color":"","overlay-opacity":"","overlay-gradient":""}},"ast-content-background-meta":{"desktop":{"background-color":"var(--ast-global-color-5)","background-image":"","background-repeat":"repeat","background-position":"center center","background-size":"auto","background-attachment":"scroll","background-type":"","background-media":"","overlay-type":"","overlay-color":"","overlay-opacity":"","overlay-gradient":""},"tablet":{"background-color":"var(--ast-global-color-5)","background-image":"","background-repeat":"repeat","background-position":"center center","background-size":"auto","background-attachment":"scroll","background-type":"","background-media":"","overlay-type":"","overlay-color":"","overlay-opacity":"","overlay-gradient":""},"mobile":{"background-color":"var(--ast-global-color-5)","background-image":"","background-repeat":"repeat","background-position":"center center","background-size":"auto","background-attachment":"scroll","background-type":"","background-media":"","overlay-type":"","overlay-color":"","overlay-opacity":"","overlay-gradient":""}},"footnotes":""},"class_list":["post-15219","page","type-page","status-publish","hentry"],"post_mailing_queue_ids":[],"_links":{"self":[{"href":"https:\/\/serveiseducatius.xtec.cat\/santacolomag\/wp-json\/wp\/v2\/pages\/15219","targetHints":{"allow":["GET"]}}],"collection":[{"href":"https:\/\/serveiseducatius.xtec.cat\/santacolomag\/wp-json\/wp\/v2\/pages"}],"about":[{"href":"https:\/\/serveiseducatius.xtec.cat\/santacolomag\/wp-json\/wp\/v2\/types\/page"}],"author":[{"embeddable":true,"href":"https:\/\/serveiseducatius.xtec.cat\/santacolomag\/wp-json\/wp\/v2\/users\/4"}],"replies":[{"embeddable":true,"href":"https:\/\/serveiseducatius.xtec.cat\/santacolomag\/wp-json\/wp\/v2\/comments?post=15219"}],"version-history":[{"count":5,"href":"https:\/\/serveiseducatius.xtec.cat\/santacolomag\/wp-json\/wp\/v2\/pages\/15219\/revisions"}],"predecessor-version":[{"id":15331,"href":"https:\/\/serveiseducatius.xtec.cat\/santacolomag\/wp-json\/wp\/v2\/pages\/15219\/revisions\/15331"}],"wp:attachment":[{"href":"https:\/\/serveiseducatius.xtec.cat\/santacolomag\/wp-json\/wp\/v2\/media?parent=15219"}],"curies":[{"name":"wp","href":"https:\/\/api.w.org\/{rel}","templated":true}]}}