{"id":15122,"date":"2020-12-18T10:24:03","date_gmt":"2020-12-18T09:24:03","guid":{"rendered":"http:\/\/serveiseducatius.xtec.cat\/santacolomag\/?page_id=15122"},"modified":"2020-12-18T10:27:50","modified_gmt":"2020-12-18T09:27:50","slug":"iv-trobada-pedagogica-de-secundaria","status":"publish","type":"page","link":"https:\/\/serveiseducatius.xtec.cat\/santacolomag\/iv-trobada-pedagogica-de-secundaria\/","title":{"rendered":"IV Trobada pedag\u00f2gica de secund\u00e0ria"},"content":{"rendered":"<p>&nbsp;<\/p>\n<p><span style=\"font-family: arial, helvetica, geneva; font-size: 14pt;\"><a href=\"https:\/\/serveiseducatius.xtec.cat\/santacolomag\/wp-content\/uploads\/usu1183\/2018\/01\/projectes-1-e1557394174914.jpg\"><img loading=\"lazy\" decoding=\"async\" class=\"alignleft size-medium wp-image-10205\" src=\"https:\/\/serveiseducatius.xtec.cat\/santacolomag\/wp-content\/uploads\/usu1183\/2018\/01\/projectes-1-300x200.jpg\" alt=\"\" width=\"300\" height=\"200\" \/><\/a><\/span><\/p>\n<p><span style=\"font-size: 14pt;\">Confer\u00e8ncia: &#8220;Investigar i aprendre a l\u2019aula&#8221;<b>,<\/b> a c\u00e0rrec de <strong><a href=\"https:\/\/jordidomenechportfolio.wordpress.com\/2019\/11\/20\/aprendizaje-basado-en-proyectos-trabajos-practicos-y-controversias\/\">Jordi Dom\u00e8nech<\/a><\/strong>. Es descriuen eines, activitats i enfocaments per treballar la recerca a les aules, en dues perspectives: aprendre a investigar i aprendre investigant.<\/span><br \/>\n<span style=\"font-size: 14pt;\">A continuaci\u00f3<\/span><span style=\"font-family: arial, helvetica, geneva; font-size: 14pt;\"> es plantejaran les preguntes del professorat assistent.<br \/>\n<\/span><\/p>\n<table style=\"height: 102px; width: 648px;\" border=\"0\" cellspacing=\"0\" cellpadding=\"0\">\n<tbody>\n<tr>\n<td style=\"width: 31px;\"><span style=\"font-size: 12pt;\"><b><span style=\"font-family: arial, helvetica, geneva;\">\u00a0<\/span><\/b><\/span><\/td>\n<td style=\"width: 615px;\"><span style=\"font-family: arial, helvetica, geneva; font-size: 12pt;\"><strong><a href=\"https:\/\/drive.google.com\/file\/d\/1rDW6oz_1HBQTizpGfvVcq4rLA1psIfE9\/view?usp=sharing\">PROGRAMA<\/a><\/strong><\/span><\/td>\n<\/tr>\n<tr style=\"height: 34px;\">\n<td style=\"height: 34px; width: 31px;\" align=\"RIGHT\" valign=\"TOP\"><span style=\"font-size: 12pt;\"><b><span style=\"font-family: arial, helvetica, geneva;\">\u00a0\u00a0<\/span><\/b><\/span><\/td>\n<td style=\"height: 34px; width: 615px;\" valign=\"TOP\"><span style=\"font-family: arial, helvetica, geneva; font-size: 12pt;\">11 de novembre de 16:00h a 18:00h<\/span><\/td>\n<\/tr>\n<tr style=\"height: 34px;\">\n<td style=\"height: 34px; width: 31px;\" align=\"RIGHT\" valign=\"TOP\"><span style=\"font-size: 12pt;\"><b><span style=\"font-family: arial, helvetica, geneva;\">\u00a0\u00a0<\/span><\/b><\/span><\/td>\n<td style=\"height: 34px; width: 615px;\" valign=\"TOP\"><span style=\"font-size: 12pt;\"><strong><span style=\"font-family: arial, helvetica, geneva;\"><a href=\"https:\/\/www.youtube.com\/watch?v=okM5aFOVNP8\">\u00a0ENLLA\u00c7 <span style=\"font-size: 14pt;\">Videoconfer\u00e8ncia<\/span>\u00a0<\/a><\/span><\/strong><\/span><\/td>\n<\/tr>\n<\/tbody>\n<\/table>\n<ul>\n<li><span style=\"font-family: arial, helvetica, geneva; font-size: 14pt;\">Recorrerem l&#8217;aprenentatge basat en la indagaci\u00f3 i modelitzaci\u00f3, la formulaci\u00f3 de preguntes i el disseny de recerques i experiments.<br \/>\n<\/span><\/li>\n<li><span style=\"font-family: arial, helvetica, geneva; font-size: 14pt;\">El treball amb fonts documentals i la selecci\u00f3 i an\u00e0lisi de dades (compet\u00e8ncia informacional i lectura cr\u00edtica); aix\u00ed com les lit\u00fargies comunicatives, com ara congressos i fires, seminaris socr\u00e0tics&#8230;.<\/span><\/li>\n<li><span style=\"font-family: arial, helvetica, geneva; font-size: 14pt;\">Es comentaran aspectes a tenir en compte en el disseny d\u2019activitats i diversos exemples de tipus d\u2019activitats (WebQuests, Estudis de Cas, pr\u00e0ctiques investigadores, Ci\u00e8ncia ciutadana, treballs de recerca) de diferents \u00e0rees: Ci\u00e8ncies, Matem\u00e0tiques, Socials i Llengua.<\/span><\/li>\n<\/ul>\n<p><strong><a href=\"https:\/\/serveiseducatius.xtec.cat\/santacolomag\/iii-trobada-pedagogica-de-secundaria-de-santa-coloma-de-gramenet\/\">Trobada anterior 2018-2019<\/a><\/strong><\/p>\n","protected":false},"excerpt":{"rendered":"<p>&nbsp; Confer\u00e8ncia: &#8220;Investigar i aprendre a l\u2019aula&#8221;, a c\u00e0rrec de Jordi Dom\u00e8nech. Es descriuen eines, activitats i enfocaments per treballar [&hellip;]<\/p>\n","protected":false},"author":7,"featured_media":0,"parent":0,"menu_order":0,"comment_status":"closed","ping_status":"closed","template":"","meta":{"_bbp_topic_count":0,"_bbp_reply_count":0,"_bbp_total_topic_count":0,"_bbp_total_reply_count":0,"_bbp_voice_count":0,"_bbp_anonymous_reply_count":0,"_bbp_topic_count_hidden":0,"_bbp_reply_count_hidden":0,"_bbp_forum_subforum_count":0,"site-sidebar-layout":"default","site-content-layout":"","ast-site-content-layout":"","site-content-style":"default","site-sidebar-style":"default","ast-global-header-display":"","ast-banner-title-visibility":"","ast-main-header-display":"","ast-hfb-above-header-display":"","ast-hfb-below-header-display":"","ast-hfb-mobile-header-display":"","site-post-title":"","ast-breadcrumbs-content":"","ast-featured-img":"","footer-sml-layout":"","theme-transparent-header-meta":"","adv-header-id-meta":"","stick-header-meta":"","header-above-stick-meta":"","header-main-stick-meta":"","header-below-stick-meta":"","astra-migrate-meta-layouts":"default","ast-page-background-enabled":"default","ast-page-background-meta":{"desktop":{"background-color":"var(--ast-global-color-4)","background-image":"","background-repeat":"repeat","background-position":"center center","background-size":"auto","background-attachment":"scroll","background-type":"","background-media":"","overlay-type":"","overlay-color":"","overlay-opacity":"","overlay-gradient":""},"tablet":{"background-color":"","background-image":"","background-repeat":"repeat","background-position":"center center","background-size":"auto","background-attachment":"scroll","background-type":"","background-media":"","overlay-type":"","overlay-color":"","overlay-opacity":"","overlay-gradient":""},"mobile":{"background-color":"","background-image":"","background-repeat":"repeat","background-position":"center center","background-size":"auto","background-attachment":"scroll","background-type":"","background-media":"","overlay-type":"","overlay-color":"","overlay-opacity":"","overlay-gradient":""}},"ast-content-background-meta":{"desktop":{"background-color":"var(--ast-global-color-5)","background-image":"","background-repeat":"repeat","background-position":"center center","background-size":"auto","background-attachment":"scroll","background-type":"","background-media":"","overlay-type":"","overlay-color":"","overlay-opacity":"","overlay-gradient":""},"tablet":{"background-color":"var(--ast-global-color-5)","background-image":"","background-repeat":"repeat","background-position":"center center","background-size":"auto","background-attachment":"scroll","background-type":"","background-media":"","overlay-type":"","overlay-color":"","overlay-opacity":"","overlay-gradient":""},"mobile":{"background-color":"var(--ast-global-color-5)","background-image":"","background-repeat":"repeat","background-position":"center center","background-size":"auto","background-attachment":"scroll","background-type":"","background-media":"","overlay-type":"","overlay-color":"","overlay-opacity":"","overlay-gradient":""}},"footnotes":""},"class_list":["post-15122","page","type-page","status-publish","hentry"],"post_mailing_queue_ids":[],"_links":{"self":[{"href":"https:\/\/serveiseducatius.xtec.cat\/santacolomag\/wp-json\/wp\/v2\/pages\/15122","targetHints":{"allow":["GET"]}}],"collection":[{"href":"https:\/\/serveiseducatius.xtec.cat\/santacolomag\/wp-json\/wp\/v2\/pages"}],"about":[{"href":"https:\/\/serveiseducatius.xtec.cat\/santacolomag\/wp-json\/wp\/v2\/types\/page"}],"author":[{"embeddable":true,"href":"https:\/\/serveiseducatius.xtec.cat\/santacolomag\/wp-json\/wp\/v2\/users\/7"}],"replies":[{"embeddable":true,"href":"https:\/\/serveiseducatius.xtec.cat\/santacolomag\/wp-json\/wp\/v2\/comments?post=15122"}],"version-history":[{"count":2,"href":"https:\/\/serveiseducatius.xtec.cat\/santacolomag\/wp-json\/wp\/v2\/pages\/15122\/revisions"}],"predecessor-version":[{"id":15125,"href":"https:\/\/serveiseducatius.xtec.cat\/santacolomag\/wp-json\/wp\/v2\/pages\/15122\/revisions\/15125"}],"wp:attachment":[{"href":"https:\/\/serveiseducatius.xtec.cat\/santacolomag\/wp-json\/wp\/v2\/media?parent=15122"}],"curies":[{"name":"wp","href":"https:\/\/api.w.org\/{rel}","templated":true}]}}