{"id":14501,"date":"2020-07-14T16:47:38","date_gmt":"2020-07-14T14:47:38","guid":{"rendered":"http:\/\/serveiseducatius.xtec.cat\/santacolomag\/?page_id=14501"},"modified":"2020-09-01T18:35:38","modified_gmt":"2020-09-01T16:35:38","slug":"activitats-extraordinaries-dinici-al-setembre","status":"publish","type":"page","link":"https:\/\/serveiseducatius.xtec.cat\/santacolomag\/formacio\/activitats-extraordinaries-dinici-al-setembre\/","title":{"rendered":"Activitats extraordin\u00e0ries que comencen al setembre"},"content":{"rendered":"<p><strong>Es tracta d&#8217;activitats de suport a la compet\u00e8ncia digital de centre i professorat. <\/strong><strong style=\"font-family: inherit; font-size: 1em;\">Inscripci\u00f3 a partir de l&#8217;1 de setembre 2020<\/strong><\/p>\n<ul>\n<li style=\"font-weight: 400;\"><a href=\"https:\/\/aplicacions.gestioeducativa.gencat.cat\/pls\/soloas\/pk_for_mod_ins.p_for_detall_activitat?p_header=Llista%20d%27activitats^pk_for_mod_ins.p_for_cons_activitats?p_crp=207%26p_any=2020-2021%26p_totes=s%26p_inici=21%26p_excloure_crp_rec=F&amp;p_codi=2070310529&amp;p_curs=2020-2021&amp;p_excloure_crp_rec=F\" target=\"_blank\" rel=\"noopener noreferrer\"><b>Suport a la creaci\u00f3 i administraci\u00f3 d&#8217;entorns virtuals d&#8217;aprenentatge. <\/b><b>GSuite i Google Classroom<\/b><\/a><span style=\"font-weight: 400;\"><br \/>\n<\/span><span style=\"font-weight: 400;\">Activitat adre\u00e7ada a responsables de la gesti\u00f3 i administraci\u00f3 de l&#8217;EVA del centre. A partir del 07\/09\/2020<\/span><b><\/b><\/li>\n<li style=\"font-weight: 400;\"><a href=\"https:\/\/aplicacions.gestioeducativa.gencat.cat\/pls\/soloas\/pk_for_mod_ins.p_for_detall_activitat?p_header=Llista%20d%27activitats^pk_for_mod_ins.p_for_cons_activitats?p_crp=207%26p_any=2020-2021%26p_totes=s%26p_inici=31%26p_excloure_crp_rec=F&amp;p_codi=2070430529&amp;p_curs=2020-2021&amp;p_excloure_crp_rec=F\" target=\"_blank\" rel=\"noopener noreferrer\"><b>Suport a la creaci\u00f3 i administraci\u00f3 d&#8217;entorns virtuals d&#8217;aprenentatge. <\/b><b>Moodle Eix<\/b><\/a><b><br \/>\n<\/b><span style=\"font-weight: 400;\">Activitat adre\u00e7ada a responsables de la gesti\u00f3 i administraci\u00f3 de l&#8217;EVA del centre. A partir del 07\/09\/2020<br \/>\n<\/span><\/li>\n<li><a href=\"https:\/\/aplicacions.gestioeducativa.gencat.cat\/pls\/soloas\/pk_for_mod_ins.p_for_detall_activitat?p_header=Llista%20d%27activitats^pk_for_mod_ins.p_for_cons_activitats?p_crp=207%26p_any=2020-2021%26p_totes=s%26p_inici=21%26p_excloure_crp_rec=F&amp;p_codi=2070321207&amp;p_curs=2020-2021&amp;p_excloure_crp_rec=F\" target=\"_blank\" rel=\"noopener noreferrer\"><strong>Les TAC a la teva mida<\/strong><\/a><br \/>\nDel 08\/09\/2020 al 30\/09\/2020<br \/>\nActivitat interzonal (Badalona, Sant Adri\u00e0 del Bes\u00f2s i Santa Coloma de Gramenet)<br \/>\nitinerari formatiu que consta de tres m\u00f2duls i que t\u00e9 una durada de tres setmanes.<br \/>\nCada m\u00f2dul tindr\u00e0 una durada de 7h: cinc de treball i 2 de tasca individual.<br \/>\nCadasc\u00fa escull el seu itinerari a partir dels vuit m\u00f2duls seg\u00fcents:<br \/>\n1. Qu\u00e8 fem amb les dades del centre? Identitat digital, protecci\u00f3 de dades i seguretat a internet.<br \/>\n2. Moodle: primeres passes.<br \/>\n3. Fem el moodle a la nostra mida. Moodle intermedi.<br \/>\n4. Treu partit de La meva Xtec: Meet, Correu, Contactes, Calendari i Jamboard (pissarra digital).<br \/>\n5. Treu partit del Drive: \u00fas del Drive, documents de text, formularis i presentacions per al treball col\u00b7laboratiu.<br \/>\n6. Google Classroom: de 0 a 100.<br \/>\n7. Descobreix Genially: pot\u00e8ncia, interactivitat i integraci\u00f3, tot en un.<br \/>\n8. Genially a fons.<br \/>\nSi un\/a professor\/a t\u00e9 inter\u00e8s a fer m\u00e9s m\u00f2duls, pot inscriure&#8217;s a l\u2019activitat &#8220;<a href=\"https:\/\/aplicacions.gestioeducativa.gencat.cat\/pls\/soloas\/pk_for_mod_ins.p_for_detall_activitat?p_header=Llista%20d%27activitats^pk_for_mod_ins.p_for_cons_activitats?p_any=2020-2021%26p_totes=N%26p_desc=Les%2520TAC%2520a%2520la%2520teva%2520mida%26p_inici=1%26p_excloure_crp_rec=T&amp;p_codi=2061001206&amp;p_curs=2020-2021&amp;p_excloure_crp_rec=T\" target=\"_blank\" rel=\"noopener noreferrer\">Les TAC a la teva mida (grup B)<\/a>&#8221;\u00a0 amb la condici\u00f3 de no repetir cap dels m\u00f2duls treballats en aquest itinerari.<br \/>\n<b><b><span style=\"font-weight: 400;\">Es prioritzar\u00e0 el professorat que formi part d\u2019un equip de centre.<\/span><\/b><\/b><\/li>\n<\/ul>\n<p>&nbsp;<\/p>\n<ul>\n<li><b><b>Suport puntual a activitats de formaci\u00f3 de Cultura Digital en centres<br \/>\n<span style=\"font-weight: 400;\">A partir de les demandes que es vagin produint durant el curs.<\/span><\/b><\/b><\/li>\n<\/ul>\n<hr \/>\n<p>Enlla\u00e7 a <a href=\"https:\/\/aplicacions.gestioeducativa.gencat.cat\/pls\/soloas\/pk_for_mod_ins.p_for_cons_activitats?p_any=2020-2021&amp;p_totes=s&amp;p_crp=207\" target=\"_blank\" rel=\"noopener noreferrer\">totes les activitats del PFZ<\/a><\/p>\n<hr \/>\n<p><span style=\"font-size: 10pt;\">Les activitats de formaci\u00f3 per al primer trimestre del proper curs 2020-2021 seran en format virtual donada la situaci\u00f3 excepcional per la covid-19, en compliment de la Instrucci\u00f3 6\/2020, de 30 de juny<em>, sobre mesures organitzatives, de prevenci\u00f3 i seguretat aplicables en l\u2019etapa de la represa al personal de l\u2019Administraci\u00f3 de la Generalitat de Catalunya amb motiu del coronavirus SARS-CoV-2<\/em><\/span><\/p>\n","protected":false},"excerpt":{"rendered":"<p>Es tracta d&#8217;activitats de suport a la compet\u00e8ncia digital de centre i professorat. Inscripci\u00f3 a partir de l&#8217;1 de setembre [&hellip;]<\/p>\n","protected":false},"author":4,"featured_media":0,"parent":416,"menu_order":0,"comment_status":"closed","ping_status":"closed","template":"","meta":{"_bbp_topic_count":0,"_bbp_reply_count":0,"_bbp_total_topic_count":0,"_bbp_total_reply_count":0,"_bbp_voice_count":0,"_bbp_anonymous_reply_count":0,"_bbp_topic_count_hidden":0,"_bbp_reply_count_hidden":0,"_bbp_forum_subforum_count":0,"site-sidebar-layout":"default","site-content-layout":"","ast-site-content-layout":"","site-content-style":"default","site-sidebar-style":"default","ast-global-header-display":"","ast-banner-title-visibility":"","ast-main-header-display":"","ast-hfb-above-header-display":"","ast-hfb-below-header-display":"","ast-hfb-mobile-header-display":"","site-post-title":"","ast-breadcrumbs-content":"","ast-featured-img":"","footer-sml-layout":"","theme-transparent-header-meta":"","adv-header-id-meta":"","stick-header-meta":"","header-above-stick-meta":"","header-main-stick-meta":"","header-below-stick-meta":"","astra-migrate-meta-layouts":"default","ast-page-background-enabled":"default","ast-page-background-meta":{"desktop":{"background-color":"var(--ast-global-color-4)","background-image":"","background-repeat":"repeat","background-position":"center center","background-size":"auto","background-attachment":"scroll","background-type":"","background-media":"","overlay-type":"","overlay-color":"","overlay-opacity":"","overlay-gradient":""},"tablet":{"background-color":"","background-image":"","background-repeat":"repeat","background-position":"center center","background-size":"auto","background-attachment":"scroll","background-type":"","background-media":"","overlay-type":"","overlay-color":"","overlay-opacity":"","overlay-gradient":""},"mobile":{"background-color":"","background-image":"","background-repeat":"repeat","background-position":"center center","background-size":"auto","background-attachment":"scroll","background-type":"","background-media":"","overlay-type":"","overlay-color":"","overlay-opacity":"","overlay-gradient":""}},"ast-content-background-meta":{"desktop":{"background-color":"var(--ast-global-color-5)","background-image":"","background-repeat":"repeat","background-position":"center center","background-size":"auto","background-attachment":"scroll","background-type":"","background-media":"","overlay-type":"","overlay-color":"","overlay-opacity":"","overlay-gradient":""},"tablet":{"background-color":"var(--ast-global-color-5)","background-image":"","background-repeat":"repeat","background-position":"center center","background-size":"auto","background-attachment":"scroll","background-type":"","background-media":"","overlay-type":"","overlay-color":"","overlay-opacity":"","overlay-gradient":""},"mobile":{"background-color":"var(--ast-global-color-5)","background-image":"","background-repeat":"repeat","background-position":"center center","background-size":"auto","background-attachment":"scroll","background-type":"","background-media":"","overlay-type":"","overlay-color":"","overlay-opacity":"","overlay-gradient":""}},"footnotes":""},"class_list":["post-14501","page","type-page","status-publish","hentry"],"post_mailing_queue_ids":[],"_links":{"self":[{"href":"https:\/\/serveiseducatius.xtec.cat\/santacolomag\/wp-json\/wp\/v2\/pages\/14501","targetHints":{"allow":["GET"]}}],"collection":[{"href":"https:\/\/serveiseducatius.xtec.cat\/santacolomag\/wp-json\/wp\/v2\/pages"}],"about":[{"href":"https:\/\/serveiseducatius.xtec.cat\/santacolomag\/wp-json\/wp\/v2\/types\/page"}],"author":[{"embeddable":true,"href":"https:\/\/serveiseducatius.xtec.cat\/santacolomag\/wp-json\/wp\/v2\/users\/4"}],"replies":[{"embeddable":true,"href":"https:\/\/serveiseducatius.xtec.cat\/santacolomag\/wp-json\/wp\/v2\/comments?post=14501"}],"version-history":[{"count":4,"href":"https:\/\/serveiseducatius.xtec.cat\/santacolomag\/wp-json\/wp\/v2\/pages\/14501\/revisions"}],"predecessor-version":[{"id":14583,"href":"https:\/\/serveiseducatius.xtec.cat\/santacolomag\/wp-json\/wp\/v2\/pages\/14501\/revisions\/14583"}],"up":[{"embeddable":true,"href":"https:\/\/serveiseducatius.xtec.cat\/santacolomag\/wp-json\/wp\/v2\/pages\/416"}],"wp:attachment":[{"href":"https:\/\/serveiseducatius.xtec.cat\/santacolomag\/wp-json\/wp\/v2\/media?parent=14501"}],"curies":[{"name":"wp","href":"https:\/\/api.w.org\/{rel}","templated":true}]}}