{"id":13637,"date":"2020-05-14T17:52:52","date_gmt":"2020-05-14T15:52:52","guid":{"rendered":"http:\/\/serveiseducatius.xtec.cat\/santacolomag\/?page_id=13637"},"modified":"2021-01-19T09:34:15","modified_gmt":"2021-01-19T08:34:15","slug":"comunicacio-virtual","status":"publish","type":"page","link":"https:\/\/serveiseducatius.xtec.cat\/santacolomag\/comunicacio-virtual\/","title":{"rendered":"Comunicaci\u00f3 virtual"},"content":{"rendered":"<p><img loading=\"lazy\" decoding=\"async\" class=\"wp-image-13737 alignnone\" src=\"https:\/\/serveiseducatius.xtec.cat\/santacolomag\/wp-content\/uploads\/usu1183\/2020\/05\/aplicaciones-estar-conectados_1134-94.jpg\" alt=\"https:\/\/www.freepik.es\/foto-gratis\/aplicaciones-estar-conectados_902853.htm#page=1&amp;query=comunicaci%C3%B3n%20virtual&amp;position=1\" width=\"271\" height=\"153\" \/><\/p>\n<ul>\n<li><a href=\"http:\/\/xtec.gencat.cat\/ca\/recursos\/media\/video\/centres-educatius-en-linia\/\">XTEC. Centres Educatius en L\u00ednia<\/a>\n<ul>\n<li><a href=\"http:\/\/xtec.gencat.cat\/web\/.content\/centres\/centres-educatius-en-linia\/La-comunicacio-en-leducacio-en-linia.pdf\" target=\"_blank\" rel=\"noopener noreferrer\">La comunicaci\u00f3 en l&#8217;educaci\u00f3 en l\u00ednia<\/a><\/li>\n<li><a href=\"https:\/\/documents.espai.educacio.gencat.cat\/RecursosTIC\/Tips-seguretat-centres.pdf\" target=\"_blank\" rel=\"noopener noreferrer\">Cheklist per a un \u00fas responsable d\u2019internet<\/a><\/li>\n<li><a href=\"http:\/\/xtec.gencat.cat\/web\/.content\/centres\/centres-educatius-en-linia\/videoconferencies.pdf\" target=\"_blank\" rel=\"noopener noreferrer\">Dinamitzaci\u00f3 de videoconfer\u00e8ncies<\/a><\/li>\n<\/ul>\n<\/li>\n<li><a href=\"http:\/\/xtec.gencat.cat\/web\/.content\/centres\/centres-educatius-en-linia\/Orientacions-per-a-la-personalitzacio-entorn-virtual-aprenentatge.pdf\" target=\"_blank\" rel=\"noopener noreferrer\">Pla d&#8217;Educaci\u00f3 Digital de Catalunya: Orientacions per a la personalitzaci\u00f3 dels EVA<\/a>\n<ul>\n<li><a href=\"https:\/\/view.genial.ly\/5f508b32defb6a0d27319ad4\/vertical-infographic-1920infografia-eva-horitzontal\" target=\"_blank\" rel=\"noopener noreferrer\">Infografia<\/a> (desembre 2020). <a href=\"http:\/\/xtec.gencat.cat\/web\/.content\/centres\/centres-educatius-en-linia\/Orientacions-per-a-la-personalitzacio-entorn-virtual-aprenentatge.pdf#page=15\" target=\"_blank\" rel=\"noopener noreferrer\">La forma en qu\u00e8 ens comuniquem<\/a><\/li>\n<\/ul>\n<\/li>\n<li><a href=\"https:\/\/view.genial.ly\/5ffc143d09df510d06835fd7\/horizontal-infographic-diagrams-consideracions-vc\" target=\"_blank\" rel=\"noopener noreferrer\">Consideracions durant les videoconfer\u00e8ncies<\/a>. Maria Masjuan. Infografia, gener 2021<br \/>\n<a style=\"font-family: inherit; font-size: 1em;\" href=\"https:\/\/view.genial.ly\/5ffc143d09df510d06835fd7\/horizontal-infographic-diagrams-consideracions-vc\"><img loading=\"lazy\" decoding=\"async\" class=\"alignleft wp-image-15216 size-medium\" src=\"https:\/\/serveiseducatius.xtec.cat\/santacolomag\/wp-content\/uploads\/usu1183\/2021\/01\/Consideracions-VC-by-mmasjua2-on-Genially-300x285.png\" alt=\"\" width=\"300\" height=\"285\" srcset=\"https:\/\/serveiseducatius.xtec.cat\/santacolomag\/wp-content\/uploads\/usu1183\/2021\/01\/Consideracions-VC-by-mmasjua2-on-Genially-300x285.png 300w, https:\/\/serveiseducatius.xtec.cat\/santacolomag\/wp-content\/uploads\/usu1183\/2021\/01\/Consideracions-VC-by-mmasjua2-on-Genially.png 748w\" sizes=\"auto, (max-width: 300px) 100vw, 300px\" \/><\/a><\/li>\n<\/ul>\n<p>&nbsp;<\/p>\n<p>&nbsp;<\/p>\n<p>&nbsp;<\/p>\n<p>&nbsp;<\/p>\n<p>&nbsp;<\/p>\n<p>&nbsp;<\/p>\n<p>&nbsp;<\/p>\n<ul>\n<li><a href=\"https:\/\/drive.google.com\/file\/d\/14sLlwU9C0Saz642JdE6r9BEkPeC6OB2s\/view\" target=\"_blank\" rel=\"noopener noreferrer\">Xarxa Cb: Qu\u00e8 funciona en una videoconfer\u00e8ncia?<\/a> Infografia, gener 2021<\/li>\n<li>Servei Educatiu de l&#8217;Alt Empord\u00e0: <a href=\"https:\/\/serveiseducatius.xtec.cat\/altemporda\/general\/videotrucades-en-entorns-educatius\/\" target=\"_blank\" rel=\"noopener noreferrer\">Videotrucades en entorns educatius<\/a><br \/>\n<a href=\"https:\/\/www.cac.cat\/sites\/default\/files\/Recomanacions%20videotrucades_8_05_2020.jpg\"><img loading=\"lazy\" decoding=\"async\" class=\"alignleft wp-image-13810\" src=\"https:\/\/serveiseducatius.xtec.cat\/santacolomag\/wp-content\/uploads\/usu1183\/2020\/05\/infografia-SEAE-e1589963383462.jpg\" alt=\"\" width=\"545\" height=\"355\" \/><\/a><\/li>\n<\/ul>\n<p>&nbsp;<\/p>\n<p>&nbsp;<\/p>\n<p>&nbsp;<\/p>\n<p>&nbsp;<\/p>\n<p>&nbsp;<\/p>\n<p>&nbsp;<\/p>\n<p>&nbsp;<\/p>\n<p>&nbsp;<\/p>\n<ul>\n<li>Equips ICE-UAB\n<ul>\n<li><a href=\"http:\/\/blogs.uab.cat\/ice-equipdocent\/2020\/05\/15\/eduquem-per-un-bon-us-de-les-xarxes-socials-digitals\/\" target=\"_blank\" rel=\"noopener noreferrer\">Eduquem per un bon \u00fas de les xarxes socials digitals<\/a> (Equip ICE Mon digital i educaci\u00f3)<\/li>\n<li><a href=\"https:\/\/view.genial.ly\/5eb3cacbd4d59a0d61ff7eee\/horizontal-infographic-review-claus-videoconferencia\" target=\"_blank\" rel=\"noopener noreferrer\">Claus per a l&#8217;ensenyament a dist\u00e0ncia. Aprenem a fer una videoconfer\u00e8ncia <\/a>(Equip TIC+C)<\/li>\n<\/ul>\n<\/li>\n<li><a href=\"https:\/\/www.educac.cat\/actualitat\/les-videotrucades-una-finestra-la-intimitat\" target=\"_blank\" rel=\"noopener noreferrer\">eduCAC. Les videotrucades, una finestra a la intimitat<\/a>. 20\/05\/2020<\/li>\n<li>Autoritat Catalana de Protecci\u00f3 de Dades\n<ul>\n<li><a href=\"https:\/\/apdcat.gencat.cat\/ca\/documentacio\/guies_basiques\/Guies-apdcat\/Pautes-de-proteccio-de-dades-per-als-centres-educatius\/\" target=\"_blank\" rel=\"noopener noreferrer\">Pautes de protecci\u00f3 de dades per a centres educatius<\/a><\/li>\n<li><a href=\"https:\/\/apdcat.gencat.cat\/ca\/documentacio\/guies_basiques\/Guies-apdcat\/pautes_centres_educatius_preguntes_frequents\/\" target=\"_blank\" rel=\"noopener noreferrer\">Pautes centres educatius: preguntes freq\u00fcents<\/a><\/li>\n<\/ul>\n<\/li>\n<li>Internet Segura\n<ul>\n<li><a href=\"https:\/\/internetsegura.cat\/educador\/\" target=\"_blank\" rel=\"noopener noreferrer\">Educadors<\/a><\/li>\n<li><a href=\"https:\/\/internetsegura.cat\/families\/\" target=\"_blank\" rel=\"noopener noreferrer\">Fam\u00edlies<\/a><\/li>\n<\/ul>\n<\/li>\n<li><span style=\"font-weight: 400;\"><a href=\"https:\/\/ciberseguretat.gencat.cat\/ca\/detalls\/noticia\/Nota-de-lAgencia-de-Ciberseguretat-de-Catalunya-en-relacio-a-lus-daplicacions-de-videoconferencia\" target=\"_blank\" rel=\"noopener noreferrer\">Nota de l\u2019Ag\u00e8ncia de Ciberseguretat de Catalunya en relaci\u00f3 a l\u2019\u00fas d\u2019aplicacions de videoconfer\u00e8ncia<\/a> (10\/04\/2020)<\/span><\/li>\n<\/ul>\n<hr \/>\n<p>Articles del nostre web<\/p>\n<ul>\n<li><a href=\"https:\/\/serveiseducatius.xtec.cat\/santacolomag\/general\/eines-de-comunicacio-virtual\/\"><span style=\"font-weight: 400;\">Eines de comunicaci\u00f3 virtual: Meet, Jitsi, Zomm, Skype<\/span><\/a><\/li>\n<li><a href=\"https:\/\/serveiseducatius.xtec.cat\/santacolomag\/general\/guia-rapida-per-teletreballar-amb-seguretat\/\">Guia r\u00e0pida per teletreballar amb seguretat<\/a><\/li>\n<li><a href=\"https:\/\/serveiseducatius.xtec.cat\/santacolomag\/portada\/infoxicats-materials-educatius-deducac\/\">INFOXICATS? Materials educatius d&#8217;eduCAC<\/a><\/li>\n<\/ul>\n","protected":false},"excerpt":{"rendered":"<p>XTEC. Centres Educatius en L\u00ednia La comunicaci\u00f3 en l&#8217;educaci\u00f3 en l\u00ednia Cheklist per a un \u00fas responsable d\u2019internet Dinamitzaci\u00f3 de [&hellip;]<\/p>\n","protected":false},"author":4,"featured_media":0,"parent":0,"menu_order":0,"comment_status":"closed","ping_status":"closed","template":"","meta":{"_bbp_topic_count":0,"_bbp_reply_count":0,"_bbp_total_topic_count":0,"_bbp_total_reply_count":0,"_bbp_voice_count":0,"_bbp_anonymous_reply_count":0,"_bbp_topic_count_hidden":0,"_bbp_reply_count_hidden":0,"_bbp_forum_subforum_count":0,"site-sidebar-layout":"default","site-content-layout":"","ast-site-content-layout":"","site-content-style":"default","site-sidebar-style":"default","ast-global-header-display":"","ast-banner-title-visibility":"","ast-main-header-display":"","ast-hfb-above-header-display":"","ast-hfb-below-header-display":"","ast-hfb-mobile-header-display":"","site-post-title":"","ast-breadcrumbs-content":"","ast-featured-img":"","footer-sml-layout":"","theme-transparent-header-meta":"","adv-header-id-meta":"","stick-header-meta":"","header-above-stick-meta":"","header-main-stick-meta":"","header-below-stick-meta":"","astra-migrate-meta-layouts":"default","ast-page-background-enabled":"default","ast-page-background-meta":{"desktop":{"background-color":"var(--ast-global-color-4)","background-image":"","background-repeat":"repeat","background-position":"center center","background-size":"auto","background-attachment":"scroll","background-type":"","background-media":"","overlay-type":"","overlay-color":"","overlay-opacity":"","overlay-gradient":""},"tablet":{"background-color":"","background-image":"","background-repeat":"repeat","background-position":"center center","background-size":"auto","background-attachment":"scroll","background-type":"","background-media":"","overlay-type":"","overlay-color":"","overlay-opacity":"","overlay-gradient":""},"mobile":{"background-color":"","background-image":"","background-repeat":"repeat","background-position":"center center","background-size":"auto","background-attachment":"scroll","background-type":"","background-media":"","overlay-type":"","overlay-color":"","overlay-opacity":"","overlay-gradient":""}},"ast-content-background-meta":{"desktop":{"background-color":"var(--ast-global-color-5)","background-image":"","background-repeat":"repeat","background-position":"center center","background-size":"auto","background-attachment":"scroll","background-type":"","background-media":"","overlay-type":"","overlay-color":"","overlay-opacity":"","overlay-gradient":""},"tablet":{"background-color":"var(--ast-global-color-5)","background-image":"","background-repeat":"repeat","background-position":"center center","background-size":"auto","background-attachment":"scroll","background-type":"","background-media":"","overlay-type":"","overlay-color":"","overlay-opacity":"","overlay-gradient":""},"mobile":{"background-color":"var(--ast-global-color-5)","background-image":"","background-repeat":"repeat","background-position":"center center","background-size":"auto","background-attachment":"scroll","background-type":"","background-media":"","overlay-type":"","overlay-color":"","overlay-opacity":"","overlay-gradient":""}},"footnotes":""},"class_list":["post-13637","page","type-page","status-publish","hentry"],"post_mailing_queue_ids":[],"_links":{"self":[{"href":"https:\/\/serveiseducatius.xtec.cat\/santacolomag\/wp-json\/wp\/v2\/pages\/13637","targetHints":{"allow":["GET"]}}],"collection":[{"href":"https:\/\/serveiseducatius.xtec.cat\/santacolomag\/wp-json\/wp\/v2\/pages"}],"about":[{"href":"https:\/\/serveiseducatius.xtec.cat\/santacolomag\/wp-json\/wp\/v2\/types\/page"}],"author":[{"embeddable":true,"href":"https:\/\/serveiseducatius.xtec.cat\/santacolomag\/wp-json\/wp\/v2\/users\/4"}],"replies":[{"embeddable":true,"href":"https:\/\/serveiseducatius.xtec.cat\/santacolomag\/wp-json\/wp\/v2\/comments?post=13637"}],"version-history":[{"count":3,"href":"https:\/\/serveiseducatius.xtec.cat\/santacolomag\/wp-json\/wp\/v2\/pages\/13637\/revisions"}],"predecessor-version":[{"id":15217,"href":"https:\/\/serveiseducatius.xtec.cat\/santacolomag\/wp-json\/wp\/v2\/pages\/13637\/revisions\/15217"}],"wp:attachment":[{"href":"https:\/\/serveiseducatius.xtec.cat\/santacolomag\/wp-json\/wp\/v2\/media?parent=13637"}],"curies":[{"name":"wp","href":"https:\/\/api.w.org\/{rel}","templated":true}]}}