{"id":13447,"date":"2020-04-23T12:03:00","date_gmt":"2020-04-23T10:03:00","guid":{"rendered":"http:\/\/serveiseducatius.xtec.cat\/santacolomag\/?page_id=13447"},"modified":"2022-11-02T10:53:02","modified_gmt":"2022-11-02T09:53:02","slug":"faqs-centres-en-linia","status":"publish","type":"page","link":"https:\/\/serveiseducatius.xtec.cat\/santacolomag\/faqs-centres-en-linia\/","title":{"rendered":"Preguntes TAC freq\u00fcents"},"content":{"rendered":"<h3><a href=\"https:\/\/serveiseducatius.xtec.cat\/santacolomag\/wp-content\/uploads\/usu1183\/2020\/05\/Captura-de-pantalla-2020-05-21-a-les-12.25.44.png\"><img loading=\"lazy\" decoding=\"async\" class=\"wp-image-13862 alignnone\" src=\"https:\/\/serveiseducatius.xtec.cat\/santacolomag\/wp-content\/uploads\/usu1183\/2020\/05\/Captura-de-pantalla-2020-05-21-a-les-12.25.44.png\" alt=\"\" width=\"278\" height=\"157\" \/><\/a><\/h3>\n<h3>Recull de preguntes i respostes al voltant del portals educatius i d&#8217;altres temes TAC<\/h3>\n<p>Aquest \u00e9s l&#8217;<a href=\"https:\/\/forms.gle\/isZyt9zXo7JCtg9K6\"><strong>acc\u00e9s al formulari<\/strong><\/a> per plantejar-nos dubtes.<\/p>\n<p><strong>I les fam\u00edlies?<\/strong><br \/>\nDes del\u00a0<a href=\"http:\/\/educacio.gencat.cat\/ca\/departament\/linies-estrategiques\/pla-educacio-digital\/\" target=\"_blank\" rel=\"noopener noreferrer\">Pla d\u2019educaci\u00f3 digital de Catalunya 2020-23<\/a>\u00a0i el\u00a0<a href=\"http:\/\/educacio.gencat.cat\/ca\/departament\/linies-estrategiques\/pla-millora-oportunitats-educatives\/\" target=\"_blank\" rel=\"noopener noreferrer\">Pla de millora d\u2019oportunitats educatives<\/a>, impulsats des del Departament d\u2019Educaci\u00f3, neix la iniciativa\u00a0<a href=\"https:\/\/projectes.xtec.cat\/families-digitals\/\" target=\"_blank\" rel=\"noopener\"><strong>Fam\u00edlies digitals<\/strong><\/a>\u00a0per facilitar l\u2019adquisici\u00f3 de la compet\u00e8ncia digital per part de les fam\u00edlies i donar resposta des de l\u2019acompanyament a les seves necessitats.<\/p>\n<p><strong>Qu\u00e8 \u00e9s l&#8217;Estrat\u00e8gia Digital de Centre? Complementa el nostre Pla TAC o el substitueix? On podem trobar tota la documentaci\u00f3 sobre el tema?<\/strong><\/p>\n<ul style=\"list-style-type: circle;\">\n<li>L\u2019Estrat\u00e8gia Digital de Centre (EDC) \u00e9s un document que recull totes les accions que es realitzen en un centre per aconseguir la m\u00e0xima compet\u00e8ncia digital de l\u2019alumnat, del professorat i del centre educatiu, per tant \u00e9s una evoluci\u00f3 dels antics Plans TAC. Podeu trobar tota la informaci\u00f3 sobre el tema en <a href=\"https:\/\/projectes.xtec.cat\/edc-suport\/\" target=\"_blank\" rel=\"noopener noreferrer\">aquesta p\u00e0gina<\/a><\/li>\n<li>Podeu trobar en <a href=\"https:\/\/projectes.xtec.cat\/edc-suport\/docs_recursos\/\" target=\"_blank\" rel=\"noopener noreferrer\">aquesta altra p\u00e0gina<\/a> tots els documents publicats pel Departament sobre el Pla d&#8217;Educaci\u00f3 Digital de Catalunya.<\/li>\n<\/ul>\n<p><strong>Ja tenim al centre els ordinadors del professorat i de l&#8217;alumnat i les MIFI&#8217;s de connectivitat del Pla d&#8217;Educaci\u00f3 Digital de Catalunya (PEDC). On podem trobar indicacions per a la gesti\u00f3 de tot aquest maquinari? <\/strong><\/p>\n<ul style=\"list-style-type: circle;\">\n<li>Consulteu la p\u00e0gina del <a href=\"http:\/\/educacio.gencat.cat\/ca\/departament\/linies-estrategiques\/pla-educacio-digital\/\" target=\"_blank\" rel=\"noopener noreferrer\">Departament d&#8217;Educaci\u00f3 del PEDC<\/a><\/li>\n<li>Per a la gesti\u00f3 del usuaris i les assignacions de MIFI&#8217;s i port\u00e0tils consulteu les <strong><a href=\"https:\/\/projectes.xtec.cat\/edc\/preguntes-frequents\/\" target=\"_blank\" rel=\"noopener noreferrer\">Preguntes freq\u00fcents<\/a><\/strong> de la <a href=\"https:\/\/projectes.xtec.cat\/edc\/\" target=\"_blank\" rel=\"noopener noreferrer\">Pagina Nodes del Projecte d&#8217;acceleraci\u00f3 digital<\/a>. Tamb\u00e9 hi trobareu, entre d&#8217;altres coses, el <a href=\"https:\/\/projectes.xtec.cat\/edc\/aplicacions\/\" target=\"_blank\" rel=\"noopener noreferrer\">cat\u00e0leg d&#8217;aplicacions<\/a> instal\u00b7lades i instal\u00b7lables dels port\u00e0tils.<\/li>\n<li>Vegeu l&#8217;<a href=\"https:\/\/sites.google.com\/segirones.cat\/suport-digital-girones\/p%C3%A0gina-principal\/suport-digital\/pla-deducaci%C3%B3-digital-de-catalunya\/i-ara-qu%C3%A8\" target=\"_blank\" rel=\"noopener noreferrer\">espai web de suport digital del Giron\u00e8s<\/a><\/li>\n<\/ul>\n<p><strong>Tenim dubtes entre el moodle-EIX i el Google Classroom. Hi ha alguna comparativa entre les dues plataformes?\u00a0<\/strong><\/p>\n<ul>\n<li style=\"list-style-type: none;\">\n<ul>\n<li>El SE del Giron\u00e8s ha creat <a href=\"https:\/\/view.genial.ly\/5ee1fb1dc232630cedc59f1c\/horizontal-infographic-lists-moodle-i-classroom\" target=\"_blank\" rel=\"noopener\">aquesta presentaci\u00f3<\/a> on es comparen les caracter\u00edstiques de les dues plataformes.<\/li>\n<li>A XTEC s&#8217;han publicat (setembre 2020) unes <a style=\"font-family: inherit; font-size: 1em;\" href=\"http:\/\/xtec.gencat.cat\/web\/.content\/centres\/centres-educatius-en-linia\/Orientacions-per-a-la-personalitzacio-entorn-virtual-aprenentatge.pdf\" target=\"_blank\" rel=\"noopener noreferrer\" data-saferedirecturl=\"https:\/\/www.google.com\/url?q=http:\/\/xtec.gencat.cat\/web\/.content\/centres\/centres-educatius-en-linia\/Orientacions-per-a-la-personalitzacio-entorn-virtual-aprenentatge.pdf&amp;source=gmail&amp;ust=1599212230736000&amp;usg=AFQjCNH_ssckSIzAt7XbSv6fABS_L6fyLA\">ORIENTACIONS per a la personalitzaci\u00f3 de l&#8217;entorn virtual d&#8217;aprenentatge en diferents escenaris educatius<\/a>. <span style=\"font-family: inherit; font-size: 1em;\">Vegeu <a href=\"https:\/\/view.genial.ly\/5f508b32defb6a0d27319ad4\/vertical-infographic-1920infografia-eva-horitzontal\" target=\"_blank\" rel=\"noopener\">versi\u00f3 en Genially<\/a><\/span><span style=\"font-family: inherit; font-size: 1em;\">.<\/span><\/li>\n<li><span style=\"font-family: inherit; font-size: 1em;\">Des del SE hem confeccionat amb el suport del mentor digital <a href=\"https:\/\/sites.google.com\/xtec.cat\/evassantacolomagramenet\/p%C3%A0gina-principal\" target=\"_blank\" rel=\"noopener\">uns tutorials de les dues plataformes<\/a> que contemplen els seus tres rols b\u00e0sics: l&#8217;alumnat, el professorat i l&#8217;administraci\u00f3 <span style=\"color: #993366;\">[novetat: novembre 2020]<\/span><\/span>\n<div><\/div>\n<\/li>\n<\/ul>\n<\/li>\n<\/ul>\n<p>1. Moodle \u00c0gora o EIX<\/p>\n<ul>\n<li style=\"list-style-type: none;\">\n<ul>\n<li><strong>Pot el meu centre demanar el portal EIX?<\/strong> S\u00ed, si no t\u00e9 activat ni el moodle \u00c0gora ni el moodle EIX. Cal fer la demanda en aquesta <a href=\"https:\/\/educaciodigital.cat\/moodle\/moodle\/\" target=\"_blank\" rel=\"noopener\">p\u00e0gina<\/a>\u00a0i trobareu el proc\u00e9s a seguir en <a href=\"https:\/\/educaciodigital.cat\/moodle\/moodle\/mod\/glossary\/view.php?id=461&amp;mode=entry&amp;hook=61\" target=\"_blank\" rel=\"noopener\">aquest fil del f\u00f2rum d&#8217;ajuda<\/a>.<\/li>\n<li><strong>Qu\u00e8 ens aporta Moodle-Eix respecte altres EVA <\/strong>(Entorns Virtuals d&#8217;Aprenentatge)? Les dades estan allotjades en el servidor d\u2019Educaci\u00f3 i no cal demanar registre als alumnes. Hi ha plantilles predissenyades, tamb\u00e9 per a educaci\u00f3 infantil i cicle inicial. Facilita la comunicaci\u00f3 amb alumnes, fer agrupacions per personalitzar l\u2019entorn d\u2019aprenentatge i fer seguiment ordenat de les tasques i les retroaccions (\u201cfeedback\u201d).<\/li>\n<li><strong>Hem vist als webinars que hi ha l&#8217;opci\u00f3 de no ensenyar les mateixes activitats als diferents alumnes d&#8217;una classe. Necessitar\u00edem saber com restringir determinades activitats, des de la mateixa activitat.<\/strong> Per aconseguir-ho s&#8217;han de crear diferents grups: un general amb tot l&#8217;alumnat de l&#8217;aula i la mestra, un altre sense una part de l&#8217;alumnat i la mestra i un \u00faltim en qu\u00e8 hi hagi nom\u00e9s l&#8217;alumnat excl\u00f2s anteriorment i la mestra. Abans, per\u00f2, s&#8217;ha d&#8217;haver configurat el curs amb grups separats. Un cop creats aquests diferents grups, quan s&#8217;afegeixen recursos o activitats s&#8217;han d&#8217;assignar al grup que m\u00e9s convingui tenint en compte qui hi ha a cada grup. Consulteu aquest <a href=\"https:\/\/docs.moodle.org\/all\/es\/Grupos\">tutorial de creaci\u00f3 de grups<\/a>.<\/li>\n<\/ul>\n<\/li>\n<\/ul>\n<p>2. Google Classroom<\/p>\n<ul>\n<li style=\"list-style-type: none;\">\n<ul>\n<li><strong>Puc recuperar un classroom que tenia en un altre centre per utilitzar-lo en el meu centre actual?<\/strong> S\u00ed, de moment, per fer-ho cal que el centre on estava allotjat el classroom a importar introdueixi el domini del teu nou centre a la llista blanca del seu domini. Pots seguir aquestes <a href=\"http:\/\/ateneu.xtec.cat\/wikiform\/wikiexport\/cmd\/tac\/lamevaxtec\/google_app_education\/aula\/classroom\/profe\/publicacions-altres_dominis\">indicacions de l&#8217;Ateneu. <\/a><a href=\"http:\/\/xtec.gencat.cat\/ca\/recursos\/actuacio-extraordinaria-activitats-autoaprenentatge\/entorns-aprenentatge\/classroom\/\">M\u00e9s informaci\u00f3<\/a>.<\/li>\n<li>E<strong>s poden fer proves avaluatives amb el Google Classroom?<\/strong> Hi ha la possibilitat de limitar el temps de realitzaci\u00f3? Des d&#8217;aquests tutorials (<a href=\"https:\/\/www.youtube.com\/watch?v=Aw_gA8KMsG4\">1<\/a> i <a href=\"https:\/\/www.youtube.com\/watch?v=S2TUL6d7OlA\">2<\/a>) de Youtube podeu veure com crear q\u00fcestionaris avaluatius i amb limitaci\u00f3 de temps. pots trobar m\u00e9s informaci\u00f3 a l&#8217;<a href=\"https:\/\/support.google.com\/edu\/classroom\/answer\/7627459?hl=es\">ajut de Google<\/a>.<\/li>\n<\/ul>\n<\/li>\n<\/ul>\n<p>3. Google Workspace<\/p>\n<ul>\n<li style=\"list-style-type: none;\">\n<ul>\n<li><strong>Quins processos cal seguir per demanar el Google Workspace?<\/strong> Pots seguir els passos que marca aquesta <a href=\"http:\/\/ateneu.xtec.cat\/wikiform\/wikiexport\/cmd\/tac\/treballaralnuvol\/obtenir_gsuite\/index\" target=\"_blank\" rel=\"noopener\">p\u00e0gina de l&#8217;Ateneu.<\/a><br \/>\nTot i aix\u00f2, en el cas de voler demanar-lo, et recomanem que et posis en contacte amb el CRP per facilitar-te algun aclariment.<\/li>\n<\/ul>\n<\/li>\n<\/ul>\n<p>4. NODES<\/p>\n<ul>\n<li style=\"list-style-type: none;\">\n<ul>\n<li><strong>Es pot traspassar la informaci\u00f3 d&#8217;un blog al NODES? <\/strong>Pots seguir els passos que marca aquesta <a href=\"https:\/\/ateneu.xtec.cat\/wikiform\/wikiexport\/cmd\/tac\/agora-nodes\/importacio\/index\" target=\"_blank\" rel=\"noopener\">p\u00e0gina de l&#8217;Ateneu.\u00a0<\/a> <a href=\"http:\/\/xtec.gencat.cat\/web\/.content\/centres\/centres-educatius-en-linia\/Publicacio-en-web.pdf\" target=\"_blank\" rel=\"noopener\">M\u00e9s informaci\u00f3<\/a>.<\/li>\n<li><strong>Com es pot redireccionar un antic web al NODES? <\/strong>En aquesta <a href=\"https:\/\/agora.xtec.cat\/moodle\/moodle\/mod\/glossary\/view.php?id=1741&amp;mode=entry&amp;hook=2321\" target=\"_blank\" rel=\"noopener\">p\u00e0gina de l&#8217;\u00c0gora<\/a> s&#8217;indica com fer aquest redireccionament.<\/li>\n<\/ul>\n<\/li>\n<\/ul>\n<p>5. Microsoft365<\/p>\n<ul>\n<li style=\"list-style-type: none;\">\n<ul>\n<li><strong>Les aplicacions de Microsoft365 s\u00f3n gratu\u00eftes?<\/strong> S\u00ed, es poden consultar les condicions d&#8217;acc\u00e9s <a href=\"https:\/\/www.microsoft.com\/es-es\/education\/Products\/office\" target=\"_blank\" rel=\"noopener\">a la seva p\u00e0gina<\/a>. Entre el professorat es pot fer servir l&#8217;adre\u00e7a de correu electr\u00f2nic de la xtec per accedir-hi gratu\u00eftament a t\u00edtol individual. Com a centre, tamb\u00e9 es pot obtenir gratu\u00eftament el paquet de Microsoft365 per a tota la comunitat, per\u00f2 caldr\u00e0 tenir un domini per fer la demanda.<\/li>\n<\/ul>\n<\/li>\n<\/ul>\n<p>6. Continguts digitals<\/p>\n<ul>\n<li style=\"list-style-type: none;\">\n<ul>\n<li><strong>Quines indicacions podem seguir perqu\u00e8 les nostres activitats contemplin la inclusi\u00f3?<\/strong> Es pot trobar informaci\u00f3 sobre com organitzar accions pedag\u00f2giques inclusives a la infografia <a href=\"https:\/\/view.genial.ly\/5e7a023d57cf570e0a5afd3e\/vertical-infographic-infografia-orientacions-inclusiva\" target=\"_blank\" rel=\"noopener\">Una escola per a tothom, un projecte per a cadasc\u00fa<\/a> (Departament d&#8217;Educaci\u00f3). Tamb\u00e9 us recomanem uns <a href=\"https:\/\/view.genial.ly\/5e7c5178a432900da3c2734d\/horizontal-infographic-review-accesibilidad-en-casa-alumnos\" target=\"_blank\" rel=\"noopener\">Consells per a fam\u00edlies i alumnat,\u00a0<\/a> <a href=\"https:\/\/www.antonioamarquez.com\/wp-content\/uploads\/2020\/03\/dise%C3%B1o-de-tareas-accesibles-1.png\" target=\"_blank\" rel=\"noopener\">Consells per a docents <\/a>i el <a href=\"https:\/\/view.genial.ly\/5c332137b47b536e4b39be9a\/interactive-content-pack-dua-basico-aula-desigual\" target=\"_blank\" rel=\"noopener\">Repositori del Pack DUA B\u00e0sic.<\/a> <a href=\"https:\/\/cedec.intef.es\/tareas-accesibles-y-tecnologicas-en-tiempos-de-covid\/\" target=\"_blank\" rel=\"noopener\">M\u00e9s informaci\u00f3<\/a>.<\/li>\n<li><strong>Existeix algun recurs perqu\u00e8 les fam\u00edlies puguin acompanyar als seus fills en aquest temps de confinament en evoluci\u00f3? <\/strong>Vegeu la <a href=\"https:\/\/docs.google.com\/document\/d\/1x4jXfF689z5PQuiD1ijZc6tI_LH3Mqqc8h1DxH6gYnI\/edit\" target=\"_blank\" rel=\"noopener\">selecci\u00f3 de recursos<\/a> que hem preparat des del CRP.<\/li>\n<li><strong>Existeix algun banc de recursos que contempli l&#8217;alumnat d&#8217;Aula d&#8217;Acollida? <\/strong>A <a href=\"https:\/\/serveiseducatius.xtec.cat\/santacolomag\/general\/grup-de-treball-centre-acollidor-compartim-en-temps-de-confinament\/\">Compartim en temps de confinament<\/a> trobareu una selecci\u00f3 de recursos que ha elaborat el Grup de Treball Centre Acollidor sota la coordinaci\u00f3 de l&#8217;Equip LIC.<\/li>\n<li><strong>On es poden trobar recursos per a l&#8217;alumnat amb defici\u00e8ncia auditiva?<\/strong> Els membre del CREDA II Comarques ha facilitat tot un seguit de recursos per a les fam\u00edlies i docents d&#8217;aquest alumnat al qual podeu es pot accedir des de la <a href=\"https:\/\/serveiseducatius.xtec.cat\/creda-comarques2\/general\/enllac-amb-material-per-a-docents-i-families\/\">seva p\u00e0gina web<\/a>.<\/li>\n<\/ul>\n<\/li>\n<\/ul>\n<p><strong>Altres preguntes<\/strong><\/p>\n<ul>\n<li style=\"list-style-type: none;\">\n<ul>\n<li><strong>Hi ha alguna recomanaci\u00f3 pel que fa a l&#8217;\u00fas did\u00e0ctic de les videoconfer\u00e8ncies? <\/strong>El CRP ha preparat <a href=\"https:\/\/serveiseducatius.xtec.cat\/santacolomag\/comunicacio-virtual\/\">una p\u00e0gina<\/a> amb tot un seguit de recomanacions pel que fa a les videoconfer\u00e8ncies.<\/li>\n<li><strong>Amb quin suport o formaci\u00f3 podem comptar per incorporar els EVA?<\/strong> Feu arribar les vostres necessitats i propostes al CRP. Podem facilitar-vos recursos i valorar conjuntament quin \u00e9s el suport que us podem oferir: enlla\u00e7os, webinars, monogr\u00e0fics CRP o formaci\u00f3 en centre. <a href=\"http:\/\/xtec.gencat.cat\/web\/.content\/centres\/centres-educatius-en-linia\/Estructura-i-planificacio-EVA.pdf\">M\u00e9s informaci\u00f3<\/a>.<\/li>\n<li><strong>Es poden visualitzar els mails dels comptes corporatius (XTEC i del meu centre) al meu compte personal de correu? <\/strong>S\u00ed, cal seguir les indicacions de <a href=\"https:\/\/support.google.com\/mail\/answer\/10957?hl=ca\">l&#8217;ajut de Google<\/a> per redirigir tots els correus dels comptes corporatius al compte que es vulgui o a l&#8217;inrev\u00e9s.<\/li>\n<\/ul>\n<\/li>\n<\/ul>\n<hr \/>\n<p>Al nostre web, a Recursos en l\u00ednia, podeu trobar m\u00e9s informaci\u00f3 sobre <a href=\"https:\/\/serveiseducatius.xtec.cat\/santacolomag\/recursos\/espai-tictac\/\" target=\"_blank\" rel=\"noopener\">Cultura digital i tecnologies educatives<\/a><\/p>\n<p style=\"text-align: right;\"><em>Darrera actualitzaci\u00f3: 13\/09\/2021<\/em><\/p>\n","protected":false},"excerpt":{"rendered":"<p>Recull de preguntes i respostes al voltant del portals educatius i d&#8217;altres temes TAC Aquest \u00e9s l&#8217;acc\u00e9s al formulari per [&hellip;]<\/p>\n","protected":false},"author":4,"featured_media":0,"parent":0,"menu_order":0,"comment_status":"closed","ping_status":"closed","template":"","meta":{"_bbp_topic_count":0,"_bbp_reply_count":0,"_bbp_total_topic_count":0,"_bbp_total_reply_count":0,"_bbp_voice_count":0,"_bbp_anonymous_reply_count":0,"_bbp_topic_count_hidden":0,"_bbp_reply_count_hidden":0,"_bbp_forum_subforum_count":0,"site-sidebar-layout":"default","site-content-layout":"","ast-site-content-layout":"","site-content-style":"default","site-sidebar-style":"default","ast-global-header-display":"","ast-banner-title-visibility":"","ast-main-header-display":"","ast-hfb-above-header-display":"","ast-hfb-below-header-display":"","ast-hfb-mobile-header-display":"","site-post-title":"","ast-breadcrumbs-content":"","ast-featured-img":"","footer-sml-layout":"","theme-transparent-header-meta":"","adv-header-id-meta":"","stick-header-meta":"","header-above-stick-meta":"","header-main-stick-meta":"","header-below-stick-meta":"","astra-migrate-meta-layouts":"default","ast-page-background-enabled":"default","ast-page-background-meta":{"desktop":{"background-color":"var(--ast-global-color-4)","background-image":"","background-repeat":"repeat","background-position":"center center","background-size":"auto","background-attachment":"scroll","background-type":"","background-media":"","overlay-type":"","overlay-color":"","overlay-opacity":"","overlay-gradient":""},"tablet":{"background-color":"","background-image":"","background-repeat":"repeat","background-position":"center center","background-size":"auto","background-attachment":"scroll","background-type":"","background-media":"","overlay-type":"","overlay-color":"","overlay-opacity":"","overlay-gradient":""},"mobile":{"background-color":"","background-image":"","background-repeat":"repeat","background-position":"center center","background-size":"auto","background-attachment":"scroll","background-type":"","background-media":"","overlay-type":"","overlay-color":"","overlay-opacity":"","overlay-gradient":""}},"ast-content-background-meta":{"desktop":{"background-color":"var(--ast-global-color-5)","background-image":"","background-repeat":"repeat","background-position":"center center","background-size":"auto","background-attachment":"scroll","background-type":"","background-media":"","overlay-type":"","overlay-color":"","overlay-opacity":"","overlay-gradient":""},"tablet":{"background-color":"var(--ast-global-color-5)","background-image":"","background-repeat":"repeat","background-position":"center center","background-size":"auto","background-attachment":"scroll","background-type":"","background-media":"","overlay-type":"","overlay-color":"","overlay-opacity":"","overlay-gradient":""},"mobile":{"background-color":"var(--ast-global-color-5)","background-image":"","background-repeat":"repeat","background-position":"center center","background-size":"auto","background-attachment":"scroll","background-type":"","background-media":"","overlay-type":"","overlay-color":"","overlay-opacity":"","overlay-gradient":""}},"footnotes":""},"class_list":["post-13447","page","type-page","status-publish","hentry"],"post_mailing_queue_ids":[],"_links":{"self":[{"href":"https:\/\/serveiseducatius.xtec.cat\/santacolomag\/wp-json\/wp\/v2\/pages\/13447","targetHints":{"allow":["GET"]}}],"collection":[{"href":"https:\/\/serveiseducatius.xtec.cat\/santacolomag\/wp-json\/wp\/v2\/pages"}],"about":[{"href":"https:\/\/serveiseducatius.xtec.cat\/santacolomag\/wp-json\/wp\/v2\/types\/page"}],"author":[{"embeddable":true,"href":"https:\/\/serveiseducatius.xtec.cat\/santacolomag\/wp-json\/wp\/v2\/users\/4"}],"replies":[{"embeddable":true,"href":"https:\/\/serveiseducatius.xtec.cat\/santacolomag\/wp-json\/wp\/v2\/comments?post=13447"}],"version-history":[{"count":5,"href":"https:\/\/serveiseducatius.xtec.cat\/santacolomag\/wp-json\/wp\/v2\/pages\/13447\/revisions"}],"predecessor-version":[{"id":18461,"href":"https:\/\/serveiseducatius.xtec.cat\/santacolomag\/wp-json\/wp\/v2\/pages\/13447\/revisions\/18461"}],"wp:attachment":[{"href":"https:\/\/serveiseducatius.xtec.cat\/santacolomag\/wp-json\/wp\/v2\/media?parent=13447"}],"curies":[{"name":"wp","href":"https:\/\/api.w.org\/{rel}","templated":true}]}}