{"id":13023,"date":"2020-02-05T09:08:22","date_gmt":"2020-02-05T08:08:22","guid":{"rendered":"http:\/\/serveiseducatius.xtec.cat\/santacolomag\/?page_id=13023"},"modified":"2020-07-14T07:53:43","modified_gmt":"2020-07-14T05:53:43","slug":"formacio-a-copenhagen-dinamarca","status":"publish","type":"page","link":"https:\/\/serveiseducatius.xtec.cat\/santacolomag\/diari-de-les-mobilitats\/formacio-a-copenhagen-dinamarca\/","title":{"rendered":"Formaci\u00f3 a Copenhagen (Dinamarca)"},"content":{"rendered":"<table>\n<tbody>\n<tr style=\"height: 203px;\">\n<td style=\"width: 488.889px; height: 10px;\"><a href=\"https:\/\/drive.google.com\/file\/d\/1CN3MryktI_cPWKpf7W0zWqZFJIWODtYn\/view\"><img loading=\"lazy\" decoding=\"async\" class=\"alignleft wp-image-14480 size-full\" src=\"https:\/\/serveiseducatius.xtec.cat\/santacolomag\/wp-content\/uploads\/usu1183\/2020\/07\/portada-in-dialogue.png\" alt=\"\" width=\"913\" height=\"531\" srcset=\"https:\/\/serveiseducatius.xtec.cat\/santacolomag\/wp-content\/uploads\/usu1183\/2020\/07\/portada-in-dialogue.png 913w, https:\/\/serveiseducatius.xtec.cat\/santacolomag\/wp-content\/uploads\/usu1183\/2020\/07\/portada-in-dialogue-300x174.png 300w, https:\/\/serveiseducatius.xtec.cat\/santacolomag\/wp-content\/uploads\/usu1183\/2020\/07\/portada-in-dialogue-768x447.png 768w\" sizes=\"auto, (max-width: 913px) 100vw, 913px\" \/><\/a><\/td>\n<td style=\"width: 292.222px; height: 10px;\">&nbsp;<\/p>\n<p><span style=\"color: #003366;\"><span style=\"font-weight: 400;\">Maria Marcos Fern\u00e1ndez<br \/>\nEscola Tanit<br \/>\nSanta Coloma de Gramanet<br \/>\n<\/span><\/span><\/p>\n<p><a href=\"https:\/\/serveiseducatius.xtec.cat\/santacolomag\/wp-content\/uploads\/usu1183\/2020\/07\/Maria-a-Dinamarca-2020.jpg\"><img loading=\"lazy\" decoding=\"async\" class=\"alignleft size-full wp-image-14479\" src=\"https:\/\/serveiseducatius.xtec.cat\/santacolomag\/wp-content\/uploads\/usu1183\/2020\/07\/Maria-a-Dinamarca-2020.jpg\" alt=\"\" width=\"300\" height=\"269\" \/><\/a><\/p>\n<p><span style=\"color: #003366;\"><span style=\"font-weight: 400;\">\u00a0<\/span><\/span><\/p>\n<p>&nbsp;<\/td>\n<\/tr>\n<\/tbody>\n<\/table>\n<p>&nbsp;<\/p>\n<p>&nbsp;<\/p>\n<p>&nbsp;<\/p>\n<p>&nbsp;<\/p>\n<p>&nbsp;<\/p>\n<hr \/>\n<p><a href=\"http:\/\/www.sepie.es\/\"><img loading=\"lazy\" decoding=\"async\" class=\"alignleft wp-image-12787\" src=\"https:\/\/serveiseducatius.xtec.cat\/santacolomag\/wp-content\/uploads\/usu1183\/2019\/12\/sepiefixelogo-300x75.png\" sizes=\"auto, (max-width: 128px) 100vw, 128px\" srcset=\"https:\/\/serveiseducatius.xtec.cat\/santacolomag\/wp-content\/uploads\/usu1183\/2019\/12\/sepiefixelogo-300x75.png 300w, https:\/\/serveiseducatius.xtec.cat\/santacolomag\/wp-content\/uploads\/usu1183\/2019\/12\/sepiefixelogo.png 400w\" alt=\"\" width=\"128\" height=\"32\" \/><\/a><img loading=\"lazy\" decoding=\"async\" class=\"alignleft wp-image-12649\" src=\"https:\/\/serveiseducatius.xtec.cat\/santacolomag\/wp-content\/uploads\/usu1183\/2019\/11\/cofinanciado-1-300x73.png\" sizes=\"auto, (max-width: 150px) 100vw, 150px\" srcset=\"https:\/\/serveiseducatius.xtec.cat\/santacolomag\/wp-content\/uploads\/usu1183\/2019\/11\/cofinanciado-1-300x73.png 300w, https:\/\/serveiseducatius.xtec.cat\/santacolomag\/wp-content\/uploads\/usu1183\/2019\/11\/cofinanciado-1-768x187.png 768w, https:\/\/serveiseducatius.xtec.cat\/santacolomag\/wp-content\/uploads\/usu1183\/2019\/11\/cofinanciado-1-1024x249.png 1024w\" alt=\"\" width=\"150\" height=\"36\" \/><\/p>\n<p><em>Aque<\/em><em>sta publicaci\u00f3 \u00e9s responsabilitat\u00a0<\/em><em>exclusiva del seu autor. La Comissi\u00f3 no \u00e9s responsable de l\u2019\u00fas que es pugui fer de la informaci\u00f3 aqu\u00ed difosa.<\/em><\/p>\n<div class=\"addtoany_share_save_container addtoany_content_bottom\">\n<div class=\"a2a_kit a2a_kit_size_25 addtoany_list\" data-a2a-url=\"https:\/\/serveiseducatius.xtec.cat\/santacolomag\/el-nostre-projecte-erasmus-2019-2020\/diari-de-les-mobilitats\/job-shadowing-a-glasgow\/\" data-a2a-title=\"Job shadowing a Glasgow (Regne Unit)\"><\/div>\n<\/div>\n","protected":false},"excerpt":{"rendered":"<p>&nbsp; Maria Marcos Fern\u00e1ndez Escola Tanit Santa Coloma de Gramanet \u00a0 &nbsp; &nbsp; &nbsp; &nbsp; &nbsp; &nbsp; Aquesta publicaci\u00f3 \u00e9s [&hellip;]<\/p>\n","protected":false},"author":7,"featured_media":0,"parent":12459,"menu_order":0,"comment_status":"closed","ping_status":"closed","template":"page-templates\/side-menu.php","meta":{"_bbp_topic_count":0,"_bbp_reply_count":0,"_bbp_total_topic_count":0,"_bbp_total_reply_count":0,"_bbp_voice_count":0,"_bbp_anonymous_reply_count":0,"_bbp_topic_count_hidden":0,"_bbp_reply_count_hidden":0,"_bbp_forum_subforum_count":0,"site-sidebar-layout":"default","site-content-layout":"","ast-site-content-layout":"","site-content-style":"default","site-sidebar-style":"default","ast-global-header-display":"","ast-banner-title-visibility":"","ast-main-header-display":"","ast-hfb-above-header-display":"","ast-hfb-below-header-display":"","ast-hfb-mobile-header-display":"","site-post-title":"","ast-breadcrumbs-content":"","ast-featured-img":"","footer-sml-layout":"","theme-transparent-header-meta":"","adv-header-id-meta":"","stick-header-meta":"","header-above-stick-meta":"","header-main-stick-meta":"","header-below-stick-meta":"","astra-migrate-meta-layouts":"default","ast-page-background-enabled":"default","ast-page-background-meta":{"desktop":{"background-color":"var(--ast-global-color-4)","background-image":"","background-repeat":"repeat","background-position":"center center","background-size":"auto","background-attachment":"scroll","background-type":"","background-media":"","overlay-type":"","overlay-color":"","overlay-opacity":"","overlay-gradient":""},"tablet":{"background-color":"","background-image":"","background-repeat":"repeat","background-position":"center center","background-size":"auto","background-attachment":"scroll","background-type":"","background-media":"","overlay-type":"","overlay-color":"","overlay-opacity":"","overlay-gradient":""},"mobile":{"background-color":"","background-image":"","background-repeat":"repeat","background-position":"center center","background-size":"auto","background-attachment":"scroll","background-type":"","background-media":"","overlay-type":"","overlay-color":"","overlay-opacity":"","overlay-gradient":""}},"ast-content-background-meta":{"desktop":{"background-color":"var(--ast-global-color-5)","background-image":"","background-repeat":"repeat","background-position":"center center","background-size":"auto","background-attachment":"scroll","background-type":"","background-media":"","overlay-type":"","overlay-color":"","overlay-opacity":"","overlay-gradient":""},"tablet":{"background-color":"var(--ast-global-color-5)","background-image":"","background-repeat":"repeat","background-position":"center center","background-size":"auto","background-attachment":"scroll","background-type":"","background-media":"","overlay-type":"","overlay-color":"","overlay-opacity":"","overlay-gradient":""},"mobile":{"background-color":"var(--ast-global-color-5)","background-image":"","background-repeat":"repeat","background-position":"center center","background-size":"auto","background-attachment":"scroll","background-type":"","background-media":"","overlay-type":"","overlay-color":"","overlay-opacity":"","overlay-gradient":""}},"footnotes":""},"class_list":["post-13023","page","type-page","status-publish","hentry"],"post_mailing_queue_ids":[],"_links":{"self":[{"href":"https:\/\/serveiseducatius.xtec.cat\/santacolomag\/wp-json\/wp\/v2\/pages\/13023","targetHints":{"allow":["GET"]}}],"collection":[{"href":"https:\/\/serveiseducatius.xtec.cat\/santacolomag\/wp-json\/wp\/v2\/pages"}],"about":[{"href":"https:\/\/serveiseducatius.xtec.cat\/santacolomag\/wp-json\/wp\/v2\/types\/page"}],"author":[{"embeddable":true,"href":"https:\/\/serveiseducatius.xtec.cat\/santacolomag\/wp-json\/wp\/v2\/users\/7"}],"replies":[{"embeddable":true,"href":"https:\/\/serveiseducatius.xtec.cat\/santacolomag\/wp-json\/wp\/v2\/comments?post=13023"}],"version-history":[{"count":3,"href":"https:\/\/serveiseducatius.xtec.cat\/santacolomag\/wp-json\/wp\/v2\/pages\/13023\/revisions"}],"predecessor-version":[{"id":14482,"href":"https:\/\/serveiseducatius.xtec.cat\/santacolomag\/wp-json\/wp\/v2\/pages\/13023\/revisions\/14482"}],"up":[{"embeddable":true,"href":"https:\/\/serveiseducatius.xtec.cat\/santacolomag\/wp-json\/wp\/v2\/pages\/12459"}],"wp:attachment":[{"href":"https:\/\/serveiseducatius.xtec.cat\/santacolomag\/wp-json\/wp\/v2\/media?parent=13023"}],"curies":[{"name":"wp","href":"https:\/\/api.w.org\/{rel}","templated":true}]}}