{"id":12615,"date":"2019-11-14T08:10:31","date_gmt":"2019-11-14T07:10:31","guid":{"rendered":"http:\/\/serveiseducatius.xtec.cat\/santacolomag\/?page_id=12615"},"modified":"2022-11-10T15:34:35","modified_gmt":"2022-11-10T14:34:35","slug":"ciencia-en-primera-persona-2019-2020","status":"publish","type":"page","link":"https:\/\/serveiseducatius.xtec.cat\/santacolomag\/ciencia-en-primera-persona-2019-2020\/","title":{"rendered":"Ci\u00e8ncia en primera persona 2019-2020"},"content":{"rendered":"<p><em><a href=\"https:\/\/serveiseducatius.xtec.cat\/santacolomag\/wp-content\/uploads\/usu1183\/2019\/11\/IMG_0124.jpeg\"><img loading=\"lazy\" decoding=\"async\" class=\"wp-image-12636 alignleft\" src=\"https:\/\/serveiseducatius.xtec.cat\/santacolomag\/wp-content\/uploads\/usu1183\/2019\/11\/IMG_0124.jpeg\" alt=\"\" width=\"368\" height=\"276\" srcset=\"https:\/\/serveiseducatius.xtec.cat\/santacolomag\/wp-content\/uploads\/usu1183\/2019\/11\/IMG_0124.jpeg 2048w, https:\/\/serveiseducatius.xtec.cat\/santacolomag\/wp-content\/uploads\/usu1183\/2019\/11\/IMG_0124-300x225.jpeg 300w, https:\/\/serveiseducatius.xtec.cat\/santacolomag\/wp-content\/uploads\/usu1183\/2019\/11\/IMG_0124-768x576.jpeg 768w, https:\/\/serveiseducatius.xtec.cat\/santacolomag\/wp-content\/uploads\/usu1183\/2019\/11\/IMG_0124-1024x768.jpeg 1024w, https:\/\/serveiseducatius.xtec.cat\/santacolomag\/wp-content\/uploads\/usu1183\/2019\/11\/IMG_0124-200x150.jpeg 200w\" sizes=\"auto, (max-width: 368px) 100vw, 368px\" \/><\/a><\/em>Dins dels actes de la Setmana de la Ci\u00e8ncia 2019, el passat 15 de novembre, l\u2019alumnat de 3r i 4t d\u2019ESO i de Batxillerat de Santa Coloma de Gramenet va poder assistir a la confer\u00e8ncia <strong>El paradigma de la biodiversitat ant\u00e0rtica: Una selva sota un desert de gel, a c\u00e0rrec de Josep Maria Gili, <\/strong>qui va fer dues confer\u00e8ncies per tal que m\u00e9s alumnat pogu\u00e9s assistir-hi<strong><br \/>\n<\/strong>Josep M Gili, \u00e9s professor de recerca del CSIC i treballa\u00a0 en l&#8217;Institut de Ci\u00e8ncies del Mar de Barcelona, on ha creat el Grup d&#8217;Ecologia del Bentos Mar\u00ed.<\/p>\n<p>Articles recomanats pel ponent:<\/p>\n<p><a href=\"https:\/\/drive.google.com\/file\/d\/0B7J2wtKTJ0CvYURtcm5OaTk5aG40QldGUFZSNHhrLWdpcTFj\/view?usp=sharing\">L&#8217;ant\u00e0rtida: un continent \u00fanic<\/a><br \/>\n<a href=\"https:\/\/drive.google.com\/file\/d\/0B7J2wtKTJ0CvdHY4ZWRaeF9KRFZnYkJHX3pQLVlrOVBMeVNF\/view?usp=sharing\">Un cas \u00fanic al planeta<\/a><br \/>\n<a href=\"https:\/\/drive.google.com\/file\/d\/0B7J2wtKTJ0CvcEw1OW5KYy1vejVkUDJkTWRKX2pQeC1lV2tB\/view?usp=sharing\">Les comunitats bent\u00f2niques ant\u00e0rtiques<\/a><\/p>\n<p><strong>V\u00cdDEO DE LA CONFER\u00c8NCIA<\/strong><\/p>\n<p style=\"text-align: left;\"><iframe loading=\"lazy\" src=\"https:\/\/drive.google.com\/file\/d\/1be_YVfVLyyftiX-uhpgy_GJanlqwxkyo\/preview\" width=\"740\" height=\"480\"><span data-mce-type=\"bookmark\" style=\"display: inline-block; width: 0px; overflow: hidden; line-height: 0;\" class=\"mce_SELRES_start\">\ufeff<\/span><\/iframe><\/p>\n<p style=\"text-align: left;\"><a href=\"https:\/\/serveiseducatius.xtec.cat\/santacolomag\/ciencia-en-primera-persona-2018-2019\/\">Ci\u00e8ncia en primera persona, novembre 2018<\/a><\/p>\n<p>&nbsp;<\/p>\n<p>&nbsp;<\/p>\n","protected":false},"excerpt":{"rendered":"<p>Dins dels actes de la Setmana de la Ci\u00e8ncia 2019, el passat 15 de novembre, l\u2019alumnat de 3r i 4t [&hellip;]<\/p>\n","protected":false},"author":7,"featured_media":0,"parent":0,"menu_order":0,"comment_status":"closed","ping_status":"closed","template":"","meta":{"_bbp_topic_count":0,"_bbp_reply_count":0,"_bbp_total_topic_count":0,"_bbp_total_reply_count":0,"_bbp_voice_count":0,"_bbp_anonymous_reply_count":0,"_bbp_topic_count_hidden":0,"_bbp_reply_count_hidden":0,"_bbp_forum_subforum_count":0,"site-sidebar-layout":"default","site-content-layout":"","ast-site-content-layout":"","site-content-style":"default","site-sidebar-style":"default","ast-global-header-display":"","ast-banner-title-visibility":"","ast-main-header-display":"","ast-hfb-above-header-display":"","ast-hfb-below-header-display":"","ast-hfb-mobile-header-display":"","site-post-title":"","ast-breadcrumbs-content":"","ast-featured-img":"","footer-sml-layout":"","theme-transparent-header-meta":"","adv-header-id-meta":"","stick-header-meta":"","header-above-stick-meta":"","header-main-stick-meta":"","header-below-stick-meta":"","astra-migrate-meta-layouts":"default","ast-page-background-enabled":"default","ast-page-background-meta":{"desktop":{"background-color":"var(--ast-global-color-4)","background-image":"","background-repeat":"repeat","background-position":"center center","background-size":"auto","background-attachment":"scroll","background-type":"","background-media":"","overlay-type":"","overlay-color":"","overlay-opacity":"","overlay-gradient":""},"tablet":{"background-color":"","background-image":"","background-repeat":"repeat","background-position":"center center","background-size":"auto","background-attachment":"scroll","background-type":"","background-media":"","overlay-type":"","overlay-color":"","overlay-opacity":"","overlay-gradient":""},"mobile":{"background-color":"","background-image":"","background-repeat":"repeat","background-position":"center center","background-size":"auto","background-attachment":"scroll","background-type":"","background-media":"","overlay-type":"","overlay-color":"","overlay-opacity":"","overlay-gradient":""}},"ast-content-background-meta":{"desktop":{"background-color":"var(--ast-global-color-5)","background-image":"","background-repeat":"repeat","background-position":"center center","background-size":"auto","background-attachment":"scroll","background-type":"","background-media":"","overlay-type":"","overlay-color":"","overlay-opacity":"","overlay-gradient":""},"tablet":{"background-color":"var(--ast-global-color-5)","background-image":"","background-repeat":"repeat","background-position":"center center","background-size":"auto","background-attachment":"scroll","background-type":"","background-media":"","overlay-type":"","overlay-color":"","overlay-opacity":"","overlay-gradient":""},"mobile":{"background-color":"var(--ast-global-color-5)","background-image":"","background-repeat":"repeat","background-position":"center center","background-size":"auto","background-attachment":"scroll","background-type":"","background-media":"","overlay-type":"","overlay-color":"","overlay-opacity":"","overlay-gradient":""}},"footnotes":""},"class_list":["post-12615","page","type-page","status-publish","hentry"],"post_mailing_queue_ids":[],"_links":{"self":[{"href":"https:\/\/serveiseducatius.xtec.cat\/santacolomag\/wp-json\/wp\/v2\/pages\/12615","targetHints":{"allow":["GET"]}}],"collection":[{"href":"https:\/\/serveiseducatius.xtec.cat\/santacolomag\/wp-json\/wp\/v2\/pages"}],"about":[{"href":"https:\/\/serveiseducatius.xtec.cat\/santacolomag\/wp-json\/wp\/v2\/types\/page"}],"author":[{"embeddable":true,"href":"https:\/\/serveiseducatius.xtec.cat\/santacolomag\/wp-json\/wp\/v2\/users\/7"}],"replies":[{"embeddable":true,"href":"https:\/\/serveiseducatius.xtec.cat\/santacolomag\/wp-json\/wp\/v2\/comments?post=12615"}],"version-history":[{"count":3,"href":"https:\/\/serveiseducatius.xtec.cat\/santacolomag\/wp-json\/wp\/v2\/pages\/12615\/revisions"}],"predecessor-version":[{"id":12698,"href":"https:\/\/serveiseducatius.xtec.cat\/santacolomag\/wp-json\/wp\/v2\/pages\/12615\/revisions\/12698"}],"wp:attachment":[{"href":"https:\/\/serveiseducatius.xtec.cat\/santacolomag\/wp-json\/wp\/v2\/media?parent=12615"}],"curies":[{"name":"wp","href":"https:\/\/api.w.org\/{rel}","templated":true}]}}