{"id":12488,"date":"2019-10-15T09:41:26","date_gmt":"2019-10-15T07:41:26","guid":{"rendered":"http:\/\/serveiseducatius.xtec.cat\/santacolomag\/?page_id=12488"},"modified":"2020-06-16T18:29:15","modified_gmt":"2020-06-16T16:29:15","slug":"job-shadowing-a-glasgow","status":"publish","type":"page","link":"https:\/\/serveiseducatius.xtec.cat\/santacolomag\/diari-de-les-mobilitats\/job-shadowing-a-glasgow\/","title":{"rendered":"Job shadowing a Glasgow (Regne Unit-Esc\u00f2cia)"},"content":{"rendered":"<p>&nbsp;<\/p>\n<table style=\"width: 771px; height: 299px;\">\n<tbody>\n<tr>\n<td style=\"width: 424px;\">&nbsp;<\/p>\n<p><a href=\"https:\/\/drive.google.com\/file\/d\/1OZkfK368a584phz7ye5rHFJ22JwLX3bZ\/view?usp=sharing\"><span style=\"font-family: 'Open Sans', Arial, Helvetica, sans-serif; font-size: 10pt;\"><img loading=\"lazy\" decoding=\"async\" class=\"wp-image-14166 alignleft\" src=\"https:\/\/serveiseducatius.xtec.cat\/santacolomag\/wp-content\/uploads\/usu1183\/2020\/06\/memo\u0300ria-Job-Shadowing-e1591641150698.png\" alt=\"\" width=\"457\" height=\"263\" \/><\/span><\/a><\/td>\n<td style=\"width: 339px; text-align: justify;\"><span style=\"font-family: tahoma, arial, helvetica, sans-serif; color: #003366;\">Esther Malla. Escola Tanit<br \/>\n<\/span><br \/>\n<span style=\"font-family: tahoma, arial, helvetica, sans-serif; color: #003366;\">Dani Luna. Institut Torrent de les Bruixes<br \/>\n<\/span><br \/>\n<span style=\"font-family: tahoma, arial, helvetica, sans-serif; color: #003366;\">Manuela G\u00f3mez. Centre de Recursos Pedag\u00f2gics<\/span><a href=\"https:\/\/serveiseducatius.xtec.cat\/santacolomag\/wp-content\/uploads\/usu1183\/2020\/06\/PHOTO-2020-06-10-13-39-34.jpg\"><img loading=\"lazy\" decoding=\"async\" class=\"wp-image-14247 aligncenter\" src=\"https:\/\/serveiseducatius.xtec.cat\/santacolomag\/wp-content\/uploads\/usu1183\/2020\/06\/PHOTO-2020-06-10-13-39-34-300x225.jpg\" alt=\"\" width=\"256\" height=\"192\" srcset=\"https:\/\/serveiseducatius.xtec.cat\/santacolomag\/wp-content\/uploads\/usu1183\/2020\/06\/PHOTO-2020-06-10-13-39-34-300x225.jpg 300w, https:\/\/serveiseducatius.xtec.cat\/santacolomag\/wp-content\/uploads\/usu1183\/2020\/06\/PHOTO-2020-06-10-13-39-34-768x576.jpg 768w, https:\/\/serveiseducatius.xtec.cat\/santacolomag\/wp-content\/uploads\/usu1183\/2020\/06\/PHOTO-2020-06-10-13-39-34-1024x768.jpg 1024w, https:\/\/serveiseducatius.xtec.cat\/santacolomag\/wp-content\/uploads\/usu1183\/2020\/06\/PHOTO-2020-06-10-13-39-34-200x150.jpg 200w, https:\/\/serveiseducatius.xtec.cat\/santacolomag\/wp-content\/uploads\/usu1183\/2020\/06\/PHOTO-2020-06-10-13-39-34.jpg 2048w\" sizes=\"auto, (max-width: 256px) 100vw, 256px\" \/><\/a><\/td>\n<\/tr>\n<\/tbody>\n<\/table>\n<hr \/>\n<p style=\"font-family: 'Helvetica Neue', Helvetica, Helvetica, Arial, sans-serif; font-size: 16px;\"><a href=\"http:\/\/www.sepie.es\/\"><img loading=\"lazy\" decoding=\"async\" class=\"alignleft wp-image-12787\" src=\"https:\/\/serveiseducatius.xtec.cat\/santacolomag\/wp-content\/uploads\/usu1183\/2019\/12\/sepiefixelogo-300x75.png\" alt=\"\" width=\"128\" height=\"32\" srcset=\"https:\/\/serveiseducatius.xtec.cat\/santacolomag\/wp-content\/uploads\/usu1183\/2019\/12\/sepiefixelogo-300x75.png 300w, https:\/\/serveiseducatius.xtec.cat\/santacolomag\/wp-content\/uploads\/usu1183\/2019\/12\/sepiefixelogo.png 400w\" sizes=\"auto, (max-width: 128px) 100vw, 128px\" \/><\/a><img loading=\"lazy\" decoding=\"async\" class=\"alignleft wp-image-12649\" src=\"https:\/\/serveiseducatius.xtec.cat\/santacolomag\/wp-content\/uploads\/usu1183\/2019\/11\/cofinanciado-1-300x73.png\" alt=\"\" width=\"150\" height=\"36\" srcset=\"https:\/\/serveiseducatius.xtec.cat\/santacolomag\/wp-content\/uploads\/usu1183\/2019\/11\/cofinanciado-1-300x73.png 300w, https:\/\/serveiseducatius.xtec.cat\/santacolomag\/wp-content\/uploads\/usu1183\/2019\/11\/cofinanciado-1-768x187.png 768w, https:\/\/serveiseducatius.xtec.cat\/santacolomag\/wp-content\/uploads\/usu1183\/2019\/11\/cofinanciado-1-1024x249.png 1024w, https:\/\/serveiseducatius.xtec.cat\/santacolomag\/wp-content\/uploads\/usu1183\/2019\/11\/cofinanciado-1.png 1659w\" sizes=\"auto, (max-width: 150px) 100vw, 150px\" \/><\/p>\n<p><span style=\"font-size: 8pt;\"><em>Aque<\/em><\/span><em style=\"font-size: 8pt; font-family: inherit;\">sta publicaci\u00f3 \u00e9s responsabilitat <\/em><em style=\"font-size: 8pt; font-family: inherit;\">exclusiva del seu autor. La Comissi\u00f3 no \u00e9s responsable de l\u2019\u00fas que es pugui fer de la informaci\u00f3 aqu\u00ed difosa.<\/em><\/p>\n","protected":false},"excerpt":{"rendered":"<p>&nbsp; &nbsp; Esther Malla. Escola Tanit Dani Luna. Institut Torrent de les Bruixes Manuela G\u00f3mez. Centre de Recursos Pedag\u00f2gics Aquesta [&hellip;]<\/p>\n","protected":false},"author":7,"featured_media":0,"parent":12459,"menu_order":0,"comment_status":"closed","ping_status":"closed","template":"page-templates\/side-menu.php","meta":{"_bbp_topic_count":0,"_bbp_reply_count":0,"_bbp_total_topic_count":0,"_bbp_total_reply_count":0,"_bbp_voice_count":0,"_bbp_anonymous_reply_count":0,"_bbp_topic_count_hidden":0,"_bbp_reply_count_hidden":0,"_bbp_forum_subforum_count":0,"site-sidebar-layout":"default","site-content-layout":"","ast-site-content-layout":"","site-content-style":"default","site-sidebar-style":"default","ast-global-header-display":"","ast-banner-title-visibility":"","ast-main-header-display":"","ast-hfb-above-header-display":"","ast-hfb-below-header-display":"","ast-hfb-mobile-header-display":"","site-post-title":"","ast-breadcrumbs-content":"","ast-featured-img":"","footer-sml-layout":"","theme-transparent-header-meta":"","adv-header-id-meta":"","stick-header-meta":"","header-above-stick-meta":"","header-main-stick-meta":"","header-below-stick-meta":"","astra-migrate-meta-layouts":"default","ast-page-background-enabled":"default","ast-page-background-meta":{"desktop":{"background-color":"var(--ast-global-color-4)","background-image":"","background-repeat":"repeat","background-position":"center center","background-size":"auto","background-attachment":"scroll","background-type":"","background-media":"","overlay-type":"","overlay-color":"","overlay-opacity":"","overlay-gradient":""},"tablet":{"background-color":"","background-image":"","background-repeat":"repeat","background-position":"center center","background-size":"auto","background-attachment":"scroll","background-type":"","background-media":"","overlay-type":"","overlay-color":"","overlay-opacity":"","overlay-gradient":""},"mobile":{"background-color":"","background-image":"","background-repeat":"repeat","background-position":"center center","background-size":"auto","background-attachment":"scroll","background-type":"","background-media":"","overlay-type":"","overlay-color":"","overlay-opacity":"","overlay-gradient":""}},"ast-content-background-meta":{"desktop":{"background-color":"var(--ast-global-color-5)","background-image":"","background-repeat":"repeat","background-position":"center center","background-size":"auto","background-attachment":"scroll","background-type":"","background-media":"","overlay-type":"","overlay-color":"","overlay-opacity":"","overlay-gradient":""},"tablet":{"background-color":"var(--ast-global-color-5)","background-image":"","background-repeat":"repeat","background-position":"center center","background-size":"auto","background-attachment":"scroll","background-type":"","background-media":"","overlay-type":"","overlay-color":"","overlay-opacity":"","overlay-gradient":""},"mobile":{"background-color":"var(--ast-global-color-5)","background-image":"","background-repeat":"repeat","background-position":"center center","background-size":"auto","background-attachment":"scroll","background-type":"","background-media":"","overlay-type":"","overlay-color":"","overlay-opacity":"","overlay-gradient":""}},"footnotes":""},"class_list":["post-12488","page","type-page","status-publish","hentry"],"post_mailing_queue_ids":[],"_links":{"self":[{"href":"https:\/\/serveiseducatius.xtec.cat\/santacolomag\/wp-json\/wp\/v2\/pages\/12488","targetHints":{"allow":["GET"]}}],"collection":[{"href":"https:\/\/serveiseducatius.xtec.cat\/santacolomag\/wp-json\/wp\/v2\/pages"}],"about":[{"href":"https:\/\/serveiseducatius.xtec.cat\/santacolomag\/wp-json\/wp\/v2\/types\/page"}],"author":[{"embeddable":true,"href":"https:\/\/serveiseducatius.xtec.cat\/santacolomag\/wp-json\/wp\/v2\/users\/7"}],"replies":[{"embeddable":true,"href":"https:\/\/serveiseducatius.xtec.cat\/santacolomag\/wp-json\/wp\/v2\/comments?post=12488"}],"version-history":[{"count":4,"href":"https:\/\/serveiseducatius.xtec.cat\/santacolomag\/wp-json\/wp\/v2\/pages\/12488\/revisions"}],"predecessor-version":[{"id":14350,"href":"https:\/\/serveiseducatius.xtec.cat\/santacolomag\/wp-json\/wp\/v2\/pages\/12488\/revisions\/14350"}],"up":[{"embeddable":true,"href":"https:\/\/serveiseducatius.xtec.cat\/santacolomag\/wp-json\/wp\/v2\/pages\/12459"}],"wp:attachment":[{"href":"https:\/\/serveiseducatius.xtec.cat\/santacolomag\/wp-json\/wp\/v2\/media?parent=12488"}],"curies":[{"name":"wp","href":"https:\/\/api.w.org\/{rel}","templated":true}]}}