{"id":12459,"date":"2019-10-15T09:01:42","date_gmt":"2019-10-15T07:01:42","guid":{"rendered":"http:\/\/serveiseducatius.xtec.cat\/santacolomag\/?page_id=12459"},"modified":"2021-11-09T12:22:40","modified_gmt":"2021-11-09T11:22:40","slug":"diari-de-les-mobilitats","status":"publish","type":"page","link":"https:\/\/serveiseducatius.xtec.cat\/santacolomag\/diari-de-les-mobilitats\/","title":{"rendered":"Diari de les mobilitats"},"content":{"rendered":"<ul>\n<li><a title=\"Formaci\u00f3 a Reykjav\u00edk (Isl\u00e0ndia)\" href=\"https:\/\/serveiseducatius.xtec.cat\/santacolomag\/el-nostre-projecte-erasmus-2019-2020\/diari-de-les-mobilitats\/formacio-a-islandia\/\">Formaci\u00f3 a Reykjav\u00edk (Isl\u00e0ndia)<\/a><\/li>\n<li><a title=\"Job shadowing a Londres (Regne Unit-Anglaterra)\" href=\"https:\/\/serveiseducatius.xtec.cat\/santacolomag\/el-nostre-projecte-erasmus-2019-2020\/diari-de-les-mobilitats\/job-shadowing-a-londres\/\">Job shadowing a Londres (Regne Unit-Anglaterra)<\/a><\/li>\n<li><a title=\"Job shadowing a Glasgow (Regne Unit-Esc\u00f2cia)\" href=\"https:\/\/serveiseducatius.xtec.cat\/santacolomag\/el-nostre-projecte-erasmus-2019-2020\/diari-de-les-mobilitats\/job-shadowing-a-glasgow\/\">Job shadowing a Glasgow (Regne Unit-Esc\u00f2cia)<\/a><\/li>\n<li><a title=\"Formaci\u00f3 a Copenhagen (Dinamarca)\" href=\"https:\/\/serveiseducatius.xtec.cat\/santacolomag\/el-nostre-projecte-erasmus-2019-2020\/diari-de-les-mobilitats\/formacio-a-copenhagen-dinamarca\/\">Formaci\u00f3 a Copenhagen (Dinamarca)<\/a><\/li>\n<li><a title=\"Job shadowing a Kangasala (Finl\u00e0ndia)\" href=\"https:\/\/serveiseducatius.xtec.cat\/santacolomag\/el-nostre-projecte-erasmus-2019-2020\/diari-de-les-mobilitats\/job-shadowing-a-kangasala-finlandia\/\">Job shadowing a Kangasala (Finl\u00e0ndia)<\/a><\/li>\n<li><a title=\"Job shadowing a Kuusalu (Est\u00f2nia)\" href=\"https:\/\/serveiseducatius.xtec.cat\/santacolomag\/el-nostre-projecte-erasmus-2019-2020\/diari-de-les-mobilitats\/job-shadowing-a-kuusalu-estonia\/\">Job shadowing a Est\u00f2nia<\/a><\/li>\n<li><a title=\"Job shadowing a S\u00e3o Sebasti\u00e3 (A\u00e7ores - Portugal)\" href=\"https:\/\/serveiseducatius.xtec.cat\/santacolomag\/el-nostre-projecte-erasmus-2019-2020\/diari-de-les-mobilitats\/job-shadowing-a-sao-sebastia-acores-portugal\/\">Job shadowing a S\u00e3o Sebasti\u00e3 (A\u00e7ores &#8211; Portugal)<\/a> (pendent)<\/li>\n<\/ul>\n<p>&nbsp;<\/p>\n<hr \/>\n<p style=\"font-family: 'Helvetica Neue', Helvetica, Helvetica, Arial, sans-serif; font-size: 16px;\"><a href=\"http:\/\/www.sepie.es\/\"><img loading=\"lazy\" decoding=\"async\" class=\"alignleft wp-image-12787\" src=\"https:\/\/serveiseducatius.xtec.cat\/santacolomag\/wp-content\/uploads\/usu1183\/2019\/12\/sepiefixelogo-300x75.png\" alt=\"\" width=\"128\" height=\"32\" srcset=\"https:\/\/serveiseducatius.xtec.cat\/santacolomag\/wp-content\/uploads\/usu1183\/2019\/12\/sepiefixelogo-300x75.png 300w, https:\/\/serveiseducatius.xtec.cat\/santacolomag\/wp-content\/uploads\/usu1183\/2019\/12\/sepiefixelogo.png 400w\" sizes=\"auto, (max-width: 128px) 100vw, 128px\" \/><\/a><img loading=\"lazy\" decoding=\"async\" class=\"alignleft wp-image-12649\" src=\"https:\/\/serveiseducatius.xtec.cat\/santacolomag\/wp-content\/uploads\/usu1183\/2019\/11\/cofinanciado-1-300x73.png\" alt=\"\" width=\"150\" height=\"36\" srcset=\"https:\/\/serveiseducatius.xtec.cat\/santacolomag\/wp-content\/uploads\/usu1183\/2019\/11\/cofinanciado-1-300x73.png 300w, https:\/\/serveiseducatius.xtec.cat\/santacolomag\/wp-content\/uploads\/usu1183\/2019\/11\/cofinanciado-1-768x187.png 768w, https:\/\/serveiseducatius.xtec.cat\/santacolomag\/wp-content\/uploads\/usu1183\/2019\/11\/cofinanciado-1-1024x249.png 1024w, https:\/\/serveiseducatius.xtec.cat\/santacolomag\/wp-content\/uploads\/usu1183\/2019\/11\/cofinanciado-1.png 1659w\" sizes=\"auto, (max-width: 150px) 100vw, 150px\" \/><\/p>\n<p><span style=\"font-size: 8pt;\"><em>Aque<\/em><\/span><em style=\"font-size: 8pt; font-family: inherit;\">sta publicaci\u00f3 \u00e9s responsabilitat <\/em><em style=\"font-size: 8pt; font-family: inherit;\">exclusiva del seu autor. La Comissi\u00f3 no \u00e9s responsable de l\u2019\u00fas que es pugui fer de la informaci\u00f3 aqu\u00ed difosa.<\/em><\/p>\n","protected":false},"excerpt":{"rendered":"<p>Formaci\u00f3 a Reykjav\u00edk (Isl\u00e0ndia) Job shadowing a Londres (Regne Unit-Anglaterra) Job shadowing a Glasgow (Regne Unit-Esc\u00f2cia) Formaci\u00f3 a Copenhagen (Dinamarca) [&hellip;]<\/p>\n","protected":false},"author":7,"featured_media":0,"parent":0,"menu_order":0,"comment_status":"closed","ping_status":"closed","template":"page-templates\/side-menu.php","meta":{"_bbp_topic_count":0,"_bbp_reply_count":0,"_bbp_total_topic_count":0,"_bbp_total_reply_count":0,"_bbp_voice_count":0,"_bbp_anonymous_reply_count":0,"_bbp_topic_count_hidden":0,"_bbp_reply_count_hidden":0,"_bbp_forum_subforum_count":0,"site-sidebar-layout":"default","site-content-layout":"","ast-site-content-layout":"","site-content-style":"default","site-sidebar-style":"default","ast-global-header-display":"","ast-banner-title-visibility":"","ast-main-header-display":"","ast-hfb-above-header-display":"","ast-hfb-below-header-display":"","ast-hfb-mobile-header-display":"","site-post-title":"","ast-breadcrumbs-content":"","ast-featured-img":"","footer-sml-layout":"","theme-transparent-header-meta":"","adv-header-id-meta":"","stick-header-meta":"","header-above-stick-meta":"","header-main-stick-meta":"","header-below-stick-meta":"","astra-migrate-meta-layouts":"default","ast-page-background-enabled":"default","ast-page-background-meta":{"desktop":{"background-color":"var(--ast-global-color-4)","background-image":"","background-repeat":"repeat","background-position":"center center","background-size":"auto","background-attachment":"scroll","background-type":"","background-media":"","overlay-type":"","overlay-color":"","overlay-opacity":"","overlay-gradient":""},"tablet":{"background-color":"","background-image":"","background-repeat":"repeat","background-position":"center center","background-size":"auto","background-attachment":"scroll","background-type":"","background-media":"","overlay-type":"","overlay-color":"","overlay-opacity":"","overlay-gradient":""},"mobile":{"background-color":"","background-image":"","background-repeat":"repeat","background-position":"center center","background-size":"auto","background-attachment":"scroll","background-type":"","background-media":"","overlay-type":"","overlay-color":"","overlay-opacity":"","overlay-gradient":""}},"ast-content-background-meta":{"desktop":{"background-color":"var(--ast-global-color-5)","background-image":"","background-repeat":"repeat","background-position":"center center","background-size":"auto","background-attachment":"scroll","background-type":"","background-media":"","overlay-type":"","overlay-color":"","overlay-opacity":"","overlay-gradient":""},"tablet":{"background-color":"var(--ast-global-color-5)","background-image":"","background-repeat":"repeat","background-position":"center center","background-size":"auto","background-attachment":"scroll","background-type":"","background-media":"","overlay-type":"","overlay-color":"","overlay-opacity":"","overlay-gradient":""},"mobile":{"background-color":"var(--ast-global-color-5)","background-image":"","background-repeat":"repeat","background-position":"center center","background-size":"auto","background-attachment":"scroll","background-type":"","background-media":"","overlay-type":"","overlay-color":"","overlay-opacity":"","overlay-gradient":""}},"footnotes":""},"class_list":["post-12459","page","type-page","status-publish","hentry"],"post_mailing_queue_ids":[],"_links":{"self":[{"href":"https:\/\/serveiseducatius.xtec.cat\/santacolomag\/wp-json\/wp\/v2\/pages\/12459","targetHints":{"allow":["GET"]}}],"collection":[{"href":"https:\/\/serveiseducatius.xtec.cat\/santacolomag\/wp-json\/wp\/v2\/pages"}],"about":[{"href":"https:\/\/serveiseducatius.xtec.cat\/santacolomag\/wp-json\/wp\/v2\/types\/page"}],"author":[{"embeddable":true,"href":"https:\/\/serveiseducatius.xtec.cat\/santacolomag\/wp-json\/wp\/v2\/users\/7"}],"replies":[{"embeddable":true,"href":"https:\/\/serveiseducatius.xtec.cat\/santacolomag\/wp-json\/wp\/v2\/comments?post=12459"}],"version-history":[{"count":4,"href":"https:\/\/serveiseducatius.xtec.cat\/santacolomag\/wp-json\/wp\/v2\/pages\/12459\/revisions"}],"predecessor-version":[{"id":16934,"href":"https:\/\/serveiseducatius.xtec.cat\/santacolomag\/wp-json\/wp\/v2\/pages\/12459\/revisions\/16934"}],"wp:attachment":[{"href":"https:\/\/serveiseducatius.xtec.cat\/santacolomag\/wp-json\/wp\/v2\/media?parent=12459"}],"curies":[{"name":"wp","href":"https:\/\/api.w.org\/{rel}","templated":true}]}}