{"id":12449,"date":"2019-10-15T08:56:40","date_gmt":"2019-10-15T06:56:40","guid":{"rendered":"http:\/\/serveiseducatius.xtec.cat\/santacolomag\/?page_id=12449"},"modified":"2025-11-25T13:54:11","modified_gmt":"2025-11-25T12:54:11","slug":"projecte","status":"publish","type":"page","link":"https:\/\/serveiseducatius.xtec.cat\/santacolomag\/el-nostre-projecte-erasmus-2019-2020\/projecte\/","title":{"rendered":"Presentaci\u00f3"},"content":{"rendered":"<p><img loading=\"lazy\" decoding=\"async\" class=\"alignleft wp-image-12446\" src=\"https:\/\/serveiseducatius.xtec.cat\/santacolomag\/wp-content\/uploads\/usu1183\/2019\/10\/logo_Erasmus.png\" alt=\"\" width=\"408\" height=\"87\" \/>El 27 de setembre de 2019 s&#8217;inici\u00e0 a Santa Coloma de Gramenet el projecte europeu <span style=\"font-weight: 400;\">Erasmus +<br \/>\n&#8220;<strong>L&#8217;avaluaci\u00f3 formadora com a proc\u00e9s per a la millora de l&#8217;adquisici\u00f3 de les compet\u00e8ncies b\u00e0siques<\/strong>&#8220;.<\/span><\/p>\n<p><span style=\"font-size: 14pt;\"><a href=\"https:\/\/youtu.be\/2iiBg1rGDwQ?t=0.5s\" target=\"_blank\" rel=\"noopener\"><strong>V\u00cdDEO<\/strong><\/a> I <a href=\"https:\/\/drive.google.com\/file\/d\/18q49e3FyIqoyfPPGt7dmheQ56NsxxOV2\/view\" target=\"_blank\" rel=\"noopener\"><strong>PRESENTACI\u00d3 DIGITAL<\/strong><\/a><\/span><\/p>\n<p>Aquest projecte KA1 de mobilitat del professorat s&#8217;ha desenvolupat fins al 27 d&#8217;octubre de 2021, un any m\u00e9s del previst a causa d&#8217;una pr\u00f2rroga per la situaci\u00f3 de pand\u00e8mia.<\/p>\n<p>Els centres que formen el consorci s\u00f3n les escoles <a href=\"https:\/\/ja.cat\/salvat\" target=\"_blank\" rel=\"noopener noreferrer\">Joan Salvat Papasseit<\/a> i <a href=\"https:\/\/escolatanit.cat\/erasmus-2\/\" target=\"_blank\" rel=\"noopener noreferrer\">Tanit<\/a>,\u00a0 l&#8217;institut <a href=\"https:\/\/agora.xtec.cat\/iestorrent\/erasmus\/\" target=\"_blank\" rel=\"noopener noreferrer\">Torrent de les Bruixes<\/a>, i el <a href=\"http:\/\/serveiseducatius.xtec.cat\/santacolomag\/el-nostre-projecte-erasmus-2019-2020\/\" target=\"_blank\" rel=\"noopener noreferrer\">Centre de Recursos Pedag\u00f2gics<\/a>.<\/p>\n<p><span style=\"font-weight: 400;\">\u00a0 <strong>Objectius del projecte:<\/strong><br \/>\n<\/span>&#8211; Con\u00e8ixer i millorar procediments d&#8217;avaluaci\u00f3 formadora com a part del proc\u00e9s d&#8217;aprenentatge.<br \/>\n&#8211; Implementar metodologies de car\u00e0cter competencial que donin resposta de manera globalitzadora a les diferents compet\u00e8ncies b\u00e0siques.<br \/>\n&#8211; Transferir els aprenentatges resultants del projecte a la resta de professorat dels centres del consorci i a la resta de professorat de Santa Coloma de Gramenet.<br \/>\n&#8211; Afavorir la internacionalitzaci\u00f3 dels centres educatius<\/p>\n<p>Tenint en compte aquests objectius, cada centre participant ha desenvolupat el seu propi pla de treball d&#8217;acord amb el seu projecte educatiu, i <strong>com a grup de treball hem compartit els coneixements, els materials i les experi\u00e8ncies fruit del treball d\u2019aquest consorci<\/strong>.<\/p>\n<p>El projecte inclou:<\/p>\n<ul>\n<li>Observacions en el centres educatius. (Job Shadowing)<\/li>\n<li>Assist\u00e8ncia a cursos de formaci\u00f3.<\/li>\n<\/ul>\n<hr \/>\n<p><span class=\"style-scope yt-formatted-string\" dir=\"auto\">Vegeu, en format v\u00eddeo:<\/span><\/p>\n<ul>\n<li><span class=\"style-scope yt-formatted-string\" dir=\"auto\"><a href=\"https:\/\/youtu.be\/2iiBg1rGDwQ?t=1\" target=\"_blank\" rel=\"noopener\">Presentaci\u00f3 del projecte<\/a> (durada: 5&#8217;30&#8221;)<\/span><\/li>\n<li><a href=\"https:\/\/youtu.be\/2iiBg1rGDwQ?t=334\" target=\"_blank\" rel=\"noopener\"><span class=\"style-scope yt-formatted-string\" dir=\"auto\">Quin ha estat el nostre pla de treball a cada centre?<\/span><\/a><span class=\"style-scope yt-formatted-string\" dir=\"auto\"> (durada: 3&#8217;00&#8221;)<\/span><\/li>\n<li><span class=\"style-scope yt-formatted-string\" dir=\"auto\"><a href=\"https:\/\/www.youtube.com\/watch?v=2iiBg1rGDwQ&amp;t=510s\" target=\"_blank\" rel=\"noopener\">Qu\u00e8 ens ha aportat el projecte a cada centre?<\/a> (durada: 10&#8217;30&#8221;)<\/span><\/li>\n<li><span class=\"style-scope yt-formatted-string\" dir=\"auto\"><a href=\"https:\/\/www.youtube.com\/watch?v=2iiBg1rGDwQ&amp;t=1130s\" target=\"_blank\" rel=\"noopener\">Com veiem la continu\u00eftat del projecte?<\/a> (durada: 4&#8217;00&#8221;) <\/span><\/li>\n<li><span class=\"style-scope yt-formatted-string\" dir=\"auto\"><a href=\"https:\/\/www.youtube.com\/watch?v=2iiBg1rGDwQ&amp;t=1398s\" target=\"_blank\" rel=\"noopener\">Quins han estat els punts forts de la participaci\u00f3 en aquest projecte? (Neus Sanmart\u00ed)<\/a>\u00a0(durada: 4&#8217;00&#8221;)<\/span><\/li>\n<\/ul>\n<hr \/>\n<p style=\"font-family: 'Helvetica Neue', Helvetica, Helvetica, Arial, sans-serif; font-size: 16px;\"><a href=\"http:\/\/www.sepie.es\/\"><img loading=\"lazy\" decoding=\"async\" class=\"alignleft wp-image-12787\" src=\"https:\/\/serveiseducatius.xtec.cat\/santacolomag\/wp-content\/uploads\/usu1183\/2019\/12\/sepiefixelogo-300x75.png\" alt=\"\" width=\"128\" height=\"32\" srcset=\"https:\/\/serveiseducatius.xtec.cat\/santacolomag\/wp-content\/uploads\/usu1183\/2019\/12\/sepiefixelogo-300x75.png 300w, https:\/\/serveiseducatius.xtec.cat\/santacolomag\/wp-content\/uploads\/usu1183\/2019\/12\/sepiefixelogo.png 400w\" sizes=\"auto, (max-width: 128px) 100vw, 128px\" \/><\/a><img loading=\"lazy\" decoding=\"async\" class=\"alignleft wp-image-12649\" src=\"https:\/\/serveiseducatius.xtec.cat\/santacolomag\/wp-content\/uploads\/usu1183\/2019\/11\/cofinanciado-1-300x73.png\" alt=\"\" width=\"150\" height=\"36\" srcset=\"https:\/\/serveiseducatius.xtec.cat\/santacolomag\/wp-content\/uploads\/usu1183\/2019\/11\/cofinanciado-1-300x73.png 300w, https:\/\/serveiseducatius.xtec.cat\/santacolomag\/wp-content\/uploads\/usu1183\/2019\/11\/cofinanciado-1-768x187.png 768w, https:\/\/serveiseducatius.xtec.cat\/santacolomag\/wp-content\/uploads\/usu1183\/2019\/11\/cofinanciado-1-1024x249.png 1024w, https:\/\/serveiseducatius.xtec.cat\/santacolomag\/wp-content\/uploads\/usu1183\/2019\/11\/cofinanciado-1.png 1659w\" sizes=\"auto, (max-width: 150px) 100vw, 150px\" \/><\/p>\n<p><span style=\"font-size: 8pt;\"><em>Aque<\/em><\/span><em style=\"font-size: 8pt; font-family: inherit;\">sta publicaci\u00f3 \u00e9s responsabilitat <\/em><em style=\"font-size: 8pt; font-family: inherit;\">exclusiva del seu autor. La Comissi\u00f3 no \u00e9s responsable de l\u2019\u00fas que es pugui fer de la informaci\u00f3 aqu\u00ed difosa.<\/em><\/p>\n","protected":false},"excerpt":{"rendered":"<p>El 27 de setembre de 2019 s&#8217;inici\u00e0 a Santa Coloma de Gramenet el projecte europeu Erasmus + &#8220;L&#8217;avaluaci\u00f3 formadora com [&hellip;]<\/p>\n","protected":false},"author":7,"featured_media":0,"parent":12406,"menu_order":1,"comment_status":"closed","ping_status":"closed","template":"","meta":{"_bbp_topic_count":0,"_bbp_reply_count":0,"_bbp_total_topic_count":0,"_bbp_total_reply_count":0,"_bbp_voice_count":0,"_bbp_anonymous_reply_count":0,"_bbp_topic_count_hidden":0,"_bbp_reply_count_hidden":0,"_bbp_forum_subforum_count":0,"site-sidebar-layout":"no-sidebar","site-content-layout":"","ast-site-content-layout":"default","site-content-style":"default","site-sidebar-style":"default","ast-global-header-display":"","ast-banner-title-visibility":"","ast-main-header-display":"","ast-hfb-above-header-display":"","ast-hfb-below-header-display":"","ast-hfb-mobile-header-display":"","site-post-title":"","ast-breadcrumbs-content":"","ast-featured-img":"","footer-sml-layout":"","theme-transparent-header-meta":"","adv-header-id-meta":"","stick-header-meta":"","header-above-stick-meta":"","header-main-stick-meta":"","header-below-stick-meta":"","astra-migrate-meta-layouts":"set","ast-page-background-enabled":"default","ast-page-background-meta":{"desktop":{"background-color":"var(--ast-global-color-4)","background-image":"","background-repeat":"repeat","background-position":"center center","background-size":"auto","background-attachment":"scroll","background-type":"","background-media":"","overlay-type":"","overlay-color":"","overlay-opacity":"","overlay-gradient":""},"tablet":{"background-color":"","background-image":"","background-repeat":"repeat","background-position":"center center","background-size":"auto","background-attachment":"scroll","background-type":"","background-media":"","overlay-type":"","overlay-color":"","overlay-opacity":"","overlay-gradient":""},"mobile":{"background-color":"","background-image":"","background-repeat":"repeat","background-position":"center center","background-size":"auto","background-attachment":"scroll","background-type":"","background-media":"","overlay-type":"","overlay-color":"","overlay-opacity":"","overlay-gradient":""}},"ast-content-background-meta":{"desktop":{"background-color":"var(--ast-global-color-5)","background-image":"","background-repeat":"repeat","background-position":"center center","background-size":"auto","background-attachment":"scroll","background-type":"","background-media":"","overlay-type":"","overlay-color":"","overlay-opacity":"","overlay-gradient":""},"tablet":{"background-color":"var(--ast-global-color-5)","background-image":"","background-repeat":"repeat","background-position":"center center","background-size":"auto","background-attachment":"scroll","background-type":"","background-media":"","overlay-type":"","overlay-color":"","overlay-opacity":"","overlay-gradient":""},"mobile":{"background-color":"var(--ast-global-color-5)","background-image":"","background-repeat":"repeat","background-position":"center center","background-size":"auto","background-attachment":"scroll","background-type":"","background-media":"","overlay-type":"","overlay-color":"","overlay-opacity":"","overlay-gradient":""}},"footnotes":""},"class_list":["post-12449","page","type-page","status-publish","hentry"],"post_mailing_queue_ids":[],"_links":{"self":[{"href":"https:\/\/serveiseducatius.xtec.cat\/santacolomag\/wp-json\/wp\/v2\/pages\/12449","targetHints":{"allow":["GET"]}}],"collection":[{"href":"https:\/\/serveiseducatius.xtec.cat\/santacolomag\/wp-json\/wp\/v2\/pages"}],"about":[{"href":"https:\/\/serveiseducatius.xtec.cat\/santacolomag\/wp-json\/wp\/v2\/types\/page"}],"author":[{"embeddable":true,"href":"https:\/\/serveiseducatius.xtec.cat\/santacolomag\/wp-json\/wp\/v2\/users\/7"}],"replies":[{"embeddable":true,"href":"https:\/\/serveiseducatius.xtec.cat\/santacolomag\/wp-json\/wp\/v2\/comments?post=12449"}],"version-history":[{"count":4,"href":"https:\/\/serveiseducatius.xtec.cat\/santacolomag\/wp-json\/wp\/v2\/pages\/12449\/revisions"}],"predecessor-version":[{"id":23130,"href":"https:\/\/serveiseducatius.xtec.cat\/santacolomag\/wp-json\/wp\/v2\/pages\/12449\/revisions\/23130"}],"up":[{"embeddable":true,"href":"https:\/\/serveiseducatius.xtec.cat\/santacolomag\/wp-json\/wp\/v2\/pages\/12406"}],"wp:attachment":[{"href":"https:\/\/serveiseducatius.xtec.cat\/santacolomag\/wp-json\/wp\/v2\/media?parent=12449"}],"curies":[{"name":"wp","href":"https:\/\/api.w.org\/{rel}","templated":true}]}}