{"id":12406,"date":"2019-10-11T13:41:21","date_gmt":"2019-10-11T11:41:21","guid":{"rendered":"http:\/\/serveiseducatius.xtec.cat\/santacolomag\/?page_id=12406"},"modified":"2021-11-09T16:51:27","modified_gmt":"2021-11-09T15:51:27","slug":"el-nostre-projecte-erasmus-2019-2020","status":"publish","type":"page","link":"https:\/\/serveiseducatius.xtec.cat\/santacolomag\/el-nostre-projecte-erasmus-2019-2020\/","title":{"rendered":"Erasmus + Santa Coloma de Gramenet 2019-2021"},"content":{"rendered":"<p><a href=\"https:\/\/serveiseducatius.xtec.cat\/santacolomag\/wp-content\/uploads\/usu1183\/2019\/10\/logo_Erasmus.png\"><img loading=\"lazy\" decoding=\"async\" class=\"wp-image-12446 alignnone\" src=\"https:\/\/serveiseducatius.xtec.cat\/santacolomag\/wp-content\/uploads\/usu1183\/2019\/10\/logo_Erasmus.png\" alt=\"\" width=\"408\" height=\"87\" \/><\/a><\/p>\n<p>&nbsp;<\/p>\n<p><strong>L\u2019avaluaci\u00f3 formadora com a proc\u00e9s per a la millora de l\u2019adquisici\u00f3 de les compet\u00e8ncies b\u00e0siques<\/strong><\/p>\n<p><strong>Objectius:<\/strong><br \/>\n\u2013 Con\u00e8ixer i millorar procediments d\u2019avaluaci\u00f3 formadora com a part del proc\u00e9s d\u2019aprenentatge.<br \/>\n\u2013 Implementar metodologies de car\u00e0cter competencial que donin resposta de manera globalitzadora a les diferents compet\u00e8ncies b\u00e0siques.<br \/>\n\u2013 Transferir els aprenentatges resultants del projecte a la resta de professorat dels centres del consorci i a la resta de professorat de Santa Coloma de Gramenet.<br \/>\n\u2013 Afavorir la internacionalitzaci\u00f3 dels centres educatius<\/p>\n<p>Cada centre participant ha desenvolupat el seu propi <a href=\"https:\/\/serveiseducatius.xtec.cat\/santacolomag\/el-nostre-projecte-erasmus-2019-2020\/projecte\/plans-daccio\/\" target=\"_blank\" rel=\"noopener noreferrer\">pla de d&#8217;acci\u00f3<\/a> d\u2019acord amb el seu projecte educatiu.<\/p>\n<hr \/>\n<p style=\"font-family: 'Helvetica Neue', Helvetica, Helvetica, Arial, sans-serif; font-size: 16px;\"><a href=\"http:\/\/www.sepie.es\/\"><img loading=\"lazy\" decoding=\"async\" class=\"alignleft wp-image-12787\" src=\"https:\/\/serveiseducatius.xtec.cat\/santacolomag\/wp-content\/uploads\/usu1183\/2019\/12\/sepiefixelogo-300x75.png\" alt=\"\" width=\"128\" height=\"32\" srcset=\"https:\/\/serveiseducatius.xtec.cat\/santacolomag\/wp-content\/uploads\/usu1183\/2019\/12\/sepiefixelogo-300x75.png 300w, https:\/\/serveiseducatius.xtec.cat\/santacolomag\/wp-content\/uploads\/usu1183\/2019\/12\/sepiefixelogo.png 400w\" sizes=\"auto, (max-width: 128px) 100vw, 128px\" \/><\/a><img loading=\"lazy\" decoding=\"async\" class=\"alignleft wp-image-12649\" src=\"https:\/\/serveiseducatius.xtec.cat\/santacolomag\/wp-content\/uploads\/usu1183\/2019\/11\/cofinanciado-1-300x73.png\" alt=\"\" width=\"150\" height=\"36\" srcset=\"https:\/\/serveiseducatius.xtec.cat\/santacolomag\/wp-content\/uploads\/usu1183\/2019\/11\/cofinanciado-1-300x73.png 300w, https:\/\/serveiseducatius.xtec.cat\/santacolomag\/wp-content\/uploads\/usu1183\/2019\/11\/cofinanciado-1-768x187.png 768w, https:\/\/serveiseducatius.xtec.cat\/santacolomag\/wp-content\/uploads\/usu1183\/2019\/11\/cofinanciado-1-1024x249.png 1024w, https:\/\/serveiseducatius.xtec.cat\/santacolomag\/wp-content\/uploads\/usu1183\/2019\/11\/cofinanciado-1.png 1659w\" sizes=\"auto, (max-width: 150px) 100vw, 150px\" \/><\/p>\n<p><span style=\"font-size: 8pt;\"><em>Aque<\/em><\/span><em style=\"font-size: 8pt; font-family: inherit;\">sta publicaci\u00f3 \u00e9s responsabilitat <\/em><em style=\"font-size: 8pt; font-family: inherit;\">exclusiva del seu autor. La Comissi\u00f3 no \u00e9s responsable de l\u2019\u00fas que es pugui fer de la informaci\u00f3 aqu\u00ed difosa.<\/em><\/p>\n<p>&nbsp;<\/p>\n","protected":false},"excerpt":{"rendered":"<p>&nbsp; L\u2019avaluaci\u00f3 formadora com a proc\u00e9s per a la millora de l\u2019adquisici\u00f3 de les compet\u00e8ncies b\u00e0siques Objectius: \u2013 Con\u00e8ixer i [&hellip;]<\/p>\n","protected":false},"author":7,"featured_media":0,"parent":0,"menu_order":0,"comment_status":"closed","ping_status":"closed","template":"page-templates\/side-menu.php","meta":{"_bbp_topic_count":0,"_bbp_reply_count":0,"_bbp_total_topic_count":0,"_bbp_total_reply_count":0,"_bbp_voice_count":0,"_bbp_anonymous_reply_count":0,"_bbp_topic_count_hidden":0,"_bbp_reply_count_hidden":0,"_bbp_forum_subforum_count":0,"site-sidebar-layout":"default","site-content-layout":"","ast-site-content-layout":"","site-content-style":"default","site-sidebar-style":"default","ast-global-header-display":"","ast-banner-title-visibility":"","ast-main-header-display":"","ast-hfb-above-header-display":"","ast-hfb-below-header-display":"","ast-hfb-mobile-header-display":"","site-post-title":"","ast-breadcrumbs-content":"","ast-featured-img":"","footer-sml-layout":"","theme-transparent-header-meta":"","adv-header-id-meta":"","stick-header-meta":"","header-above-stick-meta":"","header-main-stick-meta":"","header-below-stick-meta":"","astra-migrate-meta-layouts":"default","ast-page-background-enabled":"default","ast-page-background-meta":{"desktop":{"background-color":"var(--ast-global-color-4)","background-image":"","background-repeat":"repeat","background-position":"center center","background-size":"auto","background-attachment":"scroll","background-type":"","background-media":"","overlay-type":"","overlay-color":"","overlay-opacity":"","overlay-gradient":""},"tablet":{"background-color":"","background-image":"","background-repeat":"repeat","background-position":"center center","background-size":"auto","background-attachment":"scroll","background-type":"","background-media":"","overlay-type":"","overlay-color":"","overlay-opacity":"","overlay-gradient":""},"mobile":{"background-color":"","background-image":"","background-repeat":"repeat","background-position":"center center","background-size":"auto","background-attachment":"scroll","background-type":"","background-media":"","overlay-type":"","overlay-color":"","overlay-opacity":"","overlay-gradient":""}},"ast-content-background-meta":{"desktop":{"background-color":"var(--ast-global-color-5)","background-image":"","background-repeat":"repeat","background-position":"center center","background-size":"auto","background-attachment":"scroll","background-type":"","background-media":"","overlay-type":"","overlay-color":"","overlay-opacity":"","overlay-gradient":""},"tablet":{"background-color":"var(--ast-global-color-5)","background-image":"","background-repeat":"repeat","background-position":"center center","background-size":"auto","background-attachment":"scroll","background-type":"","background-media":"","overlay-type":"","overlay-color":"","overlay-opacity":"","overlay-gradient":""},"mobile":{"background-color":"var(--ast-global-color-5)","background-image":"","background-repeat":"repeat","background-position":"center center","background-size":"auto","background-attachment":"scroll","background-type":"","background-media":"","overlay-type":"","overlay-color":"","overlay-opacity":"","overlay-gradient":""}},"footnotes":""},"class_list":["post-12406","page","type-page","status-publish","hentry"],"post_mailing_queue_ids":[],"_links":{"self":[{"href":"https:\/\/serveiseducatius.xtec.cat\/santacolomag\/wp-json\/wp\/v2\/pages\/12406","targetHints":{"allow":["GET"]}}],"collection":[{"href":"https:\/\/serveiseducatius.xtec.cat\/santacolomag\/wp-json\/wp\/v2\/pages"}],"about":[{"href":"https:\/\/serveiseducatius.xtec.cat\/santacolomag\/wp-json\/wp\/v2\/types\/page"}],"author":[{"embeddable":true,"href":"https:\/\/serveiseducatius.xtec.cat\/santacolomag\/wp-json\/wp\/v2\/users\/7"}],"replies":[{"embeddable":true,"href":"https:\/\/serveiseducatius.xtec.cat\/santacolomag\/wp-json\/wp\/v2\/comments?post=12406"}],"version-history":[{"count":3,"href":"https:\/\/serveiseducatius.xtec.cat\/santacolomag\/wp-json\/wp\/v2\/pages\/12406\/revisions"}],"predecessor-version":[{"id":16993,"href":"https:\/\/serveiseducatius.xtec.cat\/santacolomag\/wp-json\/wp\/v2\/pages\/12406\/revisions\/16993"}],"wp:attachment":[{"href":"https:\/\/serveiseducatius.xtec.cat\/santacolomag\/wp-json\/wp\/v2\/media?parent=12406"}],"curies":[{"name":"wp","href":"https:\/\/api.w.org\/{rel}","templated":true}]}}