{"id":11810,"date":"2019-03-27T10:24:48","date_gmt":"2019-03-27T09:24:48","guid":{"rendered":"http:\/\/serveiseducatius.xtec.cat\/santacolomag\/?page_id=11810"},"modified":"2019-03-27T10:30:37","modified_gmt":"2019-03-27T09:30:37","slug":"identitat-digital-i-seguretat-a-internet-2","status":"publish","type":"page","link":"https:\/\/serveiseducatius.xtec.cat\/santacolomag\/recursos\/espai-tictac\/seleccio-de-recursos-tac\/identitat-digital-i-seguretat-a-internet-2\/","title":{"rendered":"Identitat digital i seguretat a internet"},"content":{"rendered":"<ul>\n<li><strong>Les compet\u00e8ncies b\u00e0siques i la seguretat a internet<\/strong>.\n<ul>\n<li><a href=\"https:\/\/docs.google.com\/a\/xtec.cat\/viewer?a=v&amp;pid=sites&amp;srcid=eHRlYy5jYXR8Y3JwLXNhbnRhY29sb21hZ3xneDozYzM0OThhNjA1YmVmZTM5\" target=\"_blank\" rel=\"noopener\">Dimensi\u00f3 h\u00e0bits, civisme i identitat digital a prim\u00e0ria<\/a>\u00a0(compet\u00e8ncies\u00a0<a href=\"https:\/\/drive.google.com\/file\/d\/0B7J2wtKTJ0CveWo4OHhWSzFjQTg\/edit?usp=sharing\" target=\"_blank\" rel=\"noopener\">9<\/a>\u00a0i\u00a0<a href=\"https:\/\/drive.google.com\/file\/d\/0B7J2wtKTJ0CvNWw2VWdiTFkydmc\/edit?usp=sharing\" target=\"_blank\" rel=\"noopener\">10<\/a>)<\/li>\n<li><a href=\"https:\/\/docs.google.com\/a\/xtec.cat\/viewer?a=v&amp;pid=sites&amp;srcid=eHRlYy5jYXR8Y3JwLXNhbnRhY29sb21hZ3xneDo0OGJlMjljYzM4ZDliYjM0\" target=\"_blank\" rel=\"noopener\">Dimensi\u00f3 ciutadania, h\u00e0bits, civisme i identitat digital a secund\u00e0ria<\/a>\u00a0(compet\u00e8ncies\u00a0<a href=\"https:\/\/drive.google.com\/file\/d\/0B7J2wtKTJ0CvUzV2bjRBclZZUE0\/edit?usp=sharing\" target=\"_blank\" rel=\"noopener\">9<\/a>,\u00a0<a href=\"https:\/\/drive.google.com\/file\/d\/0B7J2wtKTJ0CvNWRURmczWVF1blE\/edit?usp=sharing\" target=\"_blank\" rel=\"noopener\">10<\/a>\u00a0i\u00a0<a href=\"https:\/\/drive.google.com\/file\/d\/0B7J2wtKTJ0CveUNTN2tKbTlUbXc\/edit?usp=sharing\" target=\"_blank\" rel=\"noopener\">11<\/a>)<\/li>\n<\/ul>\n<\/li>\n<\/ul>\n<ul>\n<li>\n<div><strong><a href=\"http:\/\/www.google.com\/url?q=http%3A%2F%2Fwww.xtec.cat%2Fweb%2Frecursos%2Ftecinformacio%2Finternet_segura&amp;sa=D&amp;sntz=1&amp;usg=AFrqEzfF5MURTAxLl-g7m5YhFqwhGI4M4w\" target=\"_blank\" rel=\"noopener\">XTEC: Internet Segura<\/a><\/strong><\/div>\n<\/li>\n<\/ul>\n<div>\n<div>\n<div>\n<div><a href=\"http:\/\/www.xtec.cat\/img_seccions\/internet_segura_top.png\" rel=\"nofollow\"><img loading=\"lazy\" decoding=\"async\" src=\"http:\/\/www.xtec.cat\/img_seccions\/internet_segura_top.png\" width=\"400\" height=\"51\" border=\"0\" \/><\/a><\/div>\n<\/div>\n<\/div>\n<\/div>\n<div>\n<div>\n<div>\n<ul>\n<li style=\"list-style-type: none;\">\n<ul>\n<li><a href=\"http:\/\/www.xtec.cat\/web\/recursos\/tecinformacio\/internet_segura\/recursos\" rel=\"nofollow\"><span style=\"font-family: verdana, sans-serif; font-size: small;\">Recursos d&#8217;aula<\/span><\/a><\/li>\n<li><a href=\"http:\/\/www.xtec.cat\/web\/recursos\/tecinformacio\/internet_segura\/videos\" rel=\"nofollow\"><span style=\"font-family: verdana, sans-serif; font-size: small;\">V\u00eddeos<\/span><\/a><\/li>\n<\/ul>\n<ul>\n<li><a href=\"http:\/\/www.xtec.cat\/web\/recursos\/tecinformacio\/internet_segura\/pmf\" rel=\"nofollow\"><span style=\"font-family: verdana, sans-serif; font-size: small;\">Preguntes m\u00e9s freq\u00fcents<\/span><\/a><\/li>\n<li><a href=\"http:\/\/www.xtec.cat\/web\/recursos\/tecinformacio\/internet_segura\/documents\" rel=\"nofollow\"><span style=\"font-family: verdana, sans-serif; font-size: small;\">Documents<\/span><\/a><\/li>\n<li><a href=\"http:\/\/www.xtec.cat\/web\/recursos\/tecinformacio\/internet_segura\/enllacos\" rel=\"nofollow\"><span style=\"font-family: verdana, sans-serif; font-size: small;\">Enlla\u00e7os d&#8217;inter\u00e8s<\/span><\/a><\/li>\n<\/ul>\n<\/li>\n<\/ul>\n<\/div>\n<\/div>\n<\/div>\n<ul>\n<li>\n<div><a href=\"https:\/\/internetsegura.cat\/\"><strong>Internetsegura.cat<\/strong><\/a><\/div>\n<\/li>\n<\/ul>\n<p><img decoding=\"async\" src=\"https:\/\/internetsegura.cat\/wp-content\/uploads\/2018\/10\/LogoIS_OK_MobilSombra-1.png\" alt=\"Internet Segura\" \/><\/p>\n<ul>\n<li>\n<div>\n<div>\n<div><a href=\"http:\/\/familiaiescola.gencat.cat\/ca\/educar-creixer-en-familia\/educacio-us-tecnologies\/\"><strong>Fam\u00edlia i Escola<\/strong><\/a><\/div>\n<\/div>\n<\/div>\n<div><a href=\"https:\/\/serveiseducatius.xtec.cat\/santacolomag\/wp-content\/uploads\/usu1183\/2019\/03\/Sense-t\u00edtol-1.png\"><img loading=\"lazy\" decoding=\"async\" class=\"wp-image-11863 alignnone\" src=\"https:\/\/serveiseducatius.xtec.cat\/santacolomag\/wp-content\/uploads\/usu1183\/2019\/03\/Sense-t\u00edtol-1.png\" alt=\"\" width=\"206\" height=\"89\" srcset=\"https:\/\/serveiseducatius.xtec.cat\/santacolomag\/wp-content\/uploads\/usu1183\/2019\/03\/Sense-t\u00edtol-1.png 454w, https:\/\/serveiseducatius.xtec.cat\/santacolomag\/wp-content\/uploads\/usu1183\/2019\/03\/Sense-t\u00edtol-1-300x130.png 300w\" sizes=\"auto, (max-width: 206px) 100vw, 206px\" \/><\/a><\/div>\n<div>\n<div>\n<div><\/div>\n<\/div>\n<\/div>\n<\/li>\n<li><a href=\"http:\/\/www.edu365.cat\/internetsegura\/index.htm\"><strong>Activitats de l&#8217;Edu365<\/strong><\/a><\/li>\n<\/ul>\n<p><img decoding=\"async\" src=\"http:\/\/www.edu365.cat\/img\/cabecera_ensenyament.jpg\" \/><\/p>\n","protected":false},"excerpt":{"rendered":"<p>Les compet\u00e8ncies b\u00e0siques i la seguretat a internet. Dimensi\u00f3 h\u00e0bits, civisme i identitat digital a prim\u00e0ria\u00a0(compet\u00e8ncies\u00a09\u00a0i\u00a010) Dimensi\u00f3 ciutadania, h\u00e0bits, civisme [&hellip;]<\/p>\n","protected":false},"author":7,"featured_media":0,"parent":9438,"menu_order":0,"comment_status":"closed","ping_status":"closed","template":"","meta":{"_bbp_topic_count":0,"_bbp_reply_count":0,"_bbp_total_topic_count":0,"_bbp_total_reply_count":0,"_bbp_voice_count":0,"_bbp_anonymous_reply_count":0,"_bbp_topic_count_hidden":0,"_bbp_reply_count_hidden":0,"_bbp_forum_subforum_count":0,"site-sidebar-layout":"default","site-content-layout":"","ast-site-content-layout":"","site-content-style":"default","site-sidebar-style":"default","ast-global-header-display":"","ast-banner-title-visibility":"","ast-main-header-display":"","ast-hfb-above-header-display":"","ast-hfb-below-header-display":"","ast-hfb-mobile-header-display":"","site-post-title":"","ast-breadcrumbs-content":"","ast-featured-img":"","footer-sml-layout":"","theme-transparent-header-meta":"","adv-header-id-meta":"","stick-header-meta":"","header-above-stick-meta":"","header-main-stick-meta":"","header-below-stick-meta":"","astra-migrate-meta-layouts":"default","ast-page-background-enabled":"default","ast-page-background-meta":{"desktop":{"background-color":"var(--ast-global-color-4)","background-image":"","background-repeat":"repeat","background-position":"center center","background-size":"auto","background-attachment":"scroll","background-type":"","background-media":"","overlay-type":"","overlay-color":"","overlay-opacity":"","overlay-gradient":""},"tablet":{"background-color":"","background-image":"","background-repeat":"repeat","background-position":"center center","background-size":"auto","background-attachment":"scroll","background-type":"","background-media":"","overlay-type":"","overlay-color":"","overlay-opacity":"","overlay-gradient":""},"mobile":{"background-color":"","background-image":"","background-repeat":"repeat","background-position":"center center","background-size":"auto","background-attachment":"scroll","background-type":"","background-media":"","overlay-type":"","overlay-color":"","overlay-opacity":"","overlay-gradient":""}},"ast-content-background-meta":{"desktop":{"background-color":"var(--ast-global-color-5)","background-image":"","background-repeat":"repeat","background-position":"center center","background-size":"auto","background-attachment":"scroll","background-type":"","background-media":"","overlay-type":"","overlay-color":"","overlay-opacity":"","overlay-gradient":""},"tablet":{"background-color":"var(--ast-global-color-5)","background-image":"","background-repeat":"repeat","background-position":"center center","background-size":"auto","background-attachment":"scroll","background-type":"","background-media":"","overlay-type":"","overlay-color":"","overlay-opacity":"","overlay-gradient":""},"mobile":{"background-color":"var(--ast-global-color-5)","background-image":"","background-repeat":"repeat","background-position":"center center","background-size":"auto","background-attachment":"scroll","background-type":"","background-media":"","overlay-type":"","overlay-color":"","overlay-opacity":"","overlay-gradient":""}},"footnotes":""},"class_list":["post-11810","page","type-page","status-publish","hentry"],"post_mailing_queue_ids":[],"_links":{"self":[{"href":"https:\/\/serveiseducatius.xtec.cat\/santacolomag\/wp-json\/wp\/v2\/pages\/11810","targetHints":{"allow":["GET"]}}],"collection":[{"href":"https:\/\/serveiseducatius.xtec.cat\/santacolomag\/wp-json\/wp\/v2\/pages"}],"about":[{"href":"https:\/\/serveiseducatius.xtec.cat\/santacolomag\/wp-json\/wp\/v2\/types\/page"}],"author":[{"embeddable":true,"href":"https:\/\/serveiseducatius.xtec.cat\/santacolomag\/wp-json\/wp\/v2\/users\/7"}],"replies":[{"embeddable":true,"href":"https:\/\/serveiseducatius.xtec.cat\/santacolomag\/wp-json\/wp\/v2\/comments?post=11810"}],"version-history":[{"count":2,"href":"https:\/\/serveiseducatius.xtec.cat\/santacolomag\/wp-json\/wp\/v2\/pages\/11810\/revisions"}],"predecessor-version":[{"id":11867,"href":"https:\/\/serveiseducatius.xtec.cat\/santacolomag\/wp-json\/wp\/v2\/pages\/11810\/revisions\/11867"}],"up":[{"embeddable":true,"href":"https:\/\/serveiseducatius.xtec.cat\/santacolomag\/wp-json\/wp\/v2\/pages\/9438"}],"wp:attachment":[{"href":"https:\/\/serveiseducatius.xtec.cat\/santacolomag\/wp-json\/wp\/v2\/media?parent=11810"}],"curies":[{"name":"wp","href":"https:\/\/api.w.org\/{rel}","templated":true}]}}