{"id":11804,"date":"2019-03-22T12:16:20","date_gmt":"2019-03-22T11:16:20","guid":{"rendered":"http:\/\/serveiseducatius.xtec.cat\/santacolomag\/?page_id=11804"},"modified":"2019-03-25T15:36:07","modified_gmt":"2019-03-25T14:36:07","slug":"multimedia","status":"publish","type":"page","link":"https:\/\/serveiseducatius.xtec.cat\/santacolomag\/recursos\/espai-tictac\/seleccio-de-recursos-tac\/multimedia\/","title":{"rendered":"Llenguatge audiovisual"},"content":{"rendered":"<p><img loading=\"lazy\" decoding=\"async\" class=\"aligncenter\" src=\"https:\/\/simplebooklet.com\/userFiles\/a\/3\/3\/9\/2\/6\/3\/mN4D2KlmDsjWPGnkL0rL4p\/63vI3W0X.png\" alt=\"Resultat d'imatges de audio i v\u00c3\u00addeo\" width=\"227\" height=\"153\" \/><\/p>\n<table style=\"border-collapse: collapse; width: 100%;\" border=\"1\">\n<tbody>\n<tr>\n<td style=\"width: 33.3333%; text-align: center; vertical-align: top;\"><strong>Imatge fixa<\/strong><\/td>\n<td style=\"width: 33.3333%; text-align: center; vertical-align: top;\"><strong>\u00a0Imatge en moviment<\/strong><\/td>\n<td style=\"width: 33.3333%; vertical-align: top; text-align: center;\"><b>\u00a0L&#8217;\u00e0udio\u00a0i la r\u00e0dio escolar<\/b><\/td>\n<\/tr>\n<tr>\n<td style=\"width: 33.3333%; vertical-align: top;\">\n<ul>\n<li><b><a href=\"https:\/\/sites.google.com\/a\/xtec.cat\/crp-santacolomag\/espai-tic-tac\/seleccio-recursos-tac\/competencia-informacional\/presentacions-digitals\/imatges\" target=\"_blank\" rel=\"noopener\">Cercar<\/a><\/b><br \/>\nRepositoris i bancs d&#8217;imatges Drets d&#8217;autoria&#8230;<\/li>\n<li><a href=\"https:\/\/sites.google.com\/a\/xtec.cat\/crp-santacolomag\/espai-tic-tac\/seleccio-recursos-tac\/multimedia\/imatge-fixa\/desar\"><b>Desar<\/b><\/a><br \/>\nDesc\u00e0rrega del fitxer Captura de pantalla&#8230;<\/li>\n<li><a href=\"https:\/\/sites.google.com\/a\/xtec.cat\/crp-santacolomag\/espai-tic-tac\/seleccio-recursos-tac\/multimedia\/imatge-fixa\/crear\" target=\"_blank\" rel=\"noopener\"><b>Crear<\/b><\/a><br \/>\nFotografia, dibuix, gr\u00e0fic&#8230;<\/li>\n<li><b><a href=\"https:\/\/sites.google.com\/a\/xtec.cat\/crp-santacolomag\/espai-tic-tac\/seleccio-recursos-tac\/multimedia\/imatge-fixa\/edicio-imatges\">Editar<\/a><\/b><br \/>\nRetoc de la imatge, filtres, canvi de tamany o resoluci\u00f3&#8230;<\/li>\n<li><a href=\"https:\/\/sites.google.com\/a\/xtec.cat\/crp-santacolomag\/espai-tic-tac\/seleccio-recursos-tac\/multimedia\/imatge-fixa\/publicar-i-compartir\"><b>Publicar \/ compartir<\/b><\/a><br \/>\nWeb, sites, blog, xarxes socials&#8230; Autorizacions<\/li>\n<li>\u00a0<strong>Programari<\/strong>\n<ul>\n<li><b><a href=\"http:\/\/www.gimp.org\/\" target=\"_blank\" rel=\"nofollow noopener\">Gimp<br \/>\n<\/a><\/b><a href=\"http:\/\/ateneu.xtec.cat\/wikiform\/wikiexport\/cursos\/curriculum\/interniv\/d135\/modul_1\/practica_3\" target=\"_blank\" rel=\"nofollow noopener\"><span style=\"font-size: xx-small;\">M\u00e9s informaci\u00f3<\/span><\/a><\/li>\n<li><b><a href=\"https:\/\/sites.google.com\/a\/xtec.cat\/crp-santacolomag\/espai-tic-tac\/seleccio-recursos-tac\/multimedia\/programari-portable-multimedia\" target=\"_blank\" rel=\"noopener\">Programari portable<\/a><\/b><\/li>\n<\/ul>\n<\/li>\n<\/ul>\n<ul>\n<li><span style=\"font-size: 12pt; font-family: arial, helvetica, sans-serif;\"><b><a href=\"http:\/\/www.scoop.it\/t\/fotografia-i-imatge\" target=\"_blank\" rel=\"nofollow noopener\">Fotografia i imatge<\/a><\/b><\/span>\n<div class=\"sites-layout-tile sites-tile-name-footer\">\n<div dir=\"ltr\">\n<p><span style=\"font-size: 12pt; font-family: arial, helvetica, sans-serif;\">Eines i consells per a l&#8217;edici\u00f3 fotogr\u00e0fica digital i bancs d&#8217;imatge<\/span><\/p>\n<\/div>\n<\/div>\n<\/li>\n<\/ul>\n<\/td>\n<td style=\"width: 33.3333%; vertical-align: top;\">\n<ul>\n<li><strong><a href=\"https:\/\/docs.google.com\/document\/d\/19B-GoKopFPeROQFw6an_-0sJ9vKcdmv4jIP0H1oXMKs\/edit?usp=sharing\">L&#8217;edici\u00f3 de v\u00eddeo en l\u00ednia amb Dispositiu m\u00f2bil<\/a><\/strong><\/li>\n<li><strong><a href=\"https:\/\/docs.google.com\/document\/d\/19B-GoKopFPeROQFw6an_-0sJ9vKcdmv4jIP0H1oXMKs\/edit?usp=sharing\">L&#8217;edici\u00f3 de v\u00eddeo en l\u00ednia amb PC<\/a><\/strong><\/li>\n<\/ul>\n<p>&nbsp;<\/td>\n<td style=\"width: 33.3333%; vertical-align: top;\">\n<ul>\n<li><strong><a style=\"font-family: inherit; font-size: 1em;\" href=\"http:\/\/linkat.xtec.cat\/portal_linkat\/wikilinkat\/index.php\/Perfil_R%C3%A0dio\">El perfil de r\u00e0dio de la Linkat<\/a><\/strong><\/li>\n<li><strong><a style=\"font-family: inherit; font-size: 1em;\" href=\"http:\/\/ateneu.xtec.cat\/wikiform\/wikiexport\/cmd\/tac\/linkat\/escriptoriradio\/index\">Materials de formaci\u00f3 sobre l\u2019escriptori de r\u00e0dio de la Linkat<\/a><\/strong><\/li>\n<li><strong><a href=\"https:\/\/sites.google.com\/a\/xtec.cat\/dispositius-mobils\/sessio-2-2017-2018\">L&#8217;audio i els dispositius m\u00f2bils<\/a><\/strong><\/li>\n<\/ul>\n<\/td>\n<\/tr>\n<\/tbody>\n<\/table>\n","protected":false},"excerpt":{"rendered":"<p>Imatge fixa \u00a0Imatge en moviment \u00a0L&#8217;\u00e0udio\u00a0i la r\u00e0dio escolar Cercar Repositoris i bancs d&#8217;imatges Drets d&#8217;autoria&#8230; Desar Desc\u00e0rrega del fitxer [&hellip;]<\/p>\n","protected":false},"author":7,"featured_media":0,"parent":9438,"menu_order":0,"comment_status":"closed","ping_status":"closed","template":"","meta":{"_bbp_topic_count":0,"_bbp_reply_count":0,"_bbp_total_topic_count":0,"_bbp_total_reply_count":0,"_bbp_voice_count":0,"_bbp_anonymous_reply_count":0,"_bbp_topic_count_hidden":0,"_bbp_reply_count_hidden":0,"_bbp_forum_subforum_count":0,"site-sidebar-layout":"default","site-content-layout":"","ast-site-content-layout":"","site-content-style":"default","site-sidebar-style":"default","ast-global-header-display":"","ast-banner-title-visibility":"","ast-main-header-display":"","ast-hfb-above-header-display":"","ast-hfb-below-header-display":"","ast-hfb-mobile-header-display":"","site-post-title":"","ast-breadcrumbs-content":"","ast-featured-img":"","footer-sml-layout":"","theme-transparent-header-meta":"","adv-header-id-meta":"","stick-header-meta":"","header-above-stick-meta":"","header-main-stick-meta":"","header-below-stick-meta":"","astra-migrate-meta-layouts":"default","ast-page-background-enabled":"default","ast-page-background-meta":{"desktop":{"background-color":"var(--ast-global-color-4)","background-image":"","background-repeat":"repeat","background-position":"center center","background-size":"auto","background-attachment":"scroll","background-type":"","background-media":"","overlay-type":"","overlay-color":"","overlay-opacity":"","overlay-gradient":""},"tablet":{"background-color":"","background-image":"","background-repeat":"repeat","background-position":"center center","background-size":"auto","background-attachment":"scroll","background-type":"","background-media":"","overlay-type":"","overlay-color":"","overlay-opacity":"","overlay-gradient":""},"mobile":{"background-color":"","background-image":"","background-repeat":"repeat","background-position":"center center","background-size":"auto","background-attachment":"scroll","background-type":"","background-media":"","overlay-type":"","overlay-color":"","overlay-opacity":"","overlay-gradient":""}},"ast-content-background-meta":{"desktop":{"background-color":"var(--ast-global-color-5)","background-image":"","background-repeat":"repeat","background-position":"center center","background-size":"auto","background-attachment":"scroll","background-type":"","background-media":"","overlay-type":"","overlay-color":"","overlay-opacity":"","overlay-gradient":""},"tablet":{"background-color":"var(--ast-global-color-5)","background-image":"","background-repeat":"repeat","background-position":"center center","background-size":"auto","background-attachment":"scroll","background-type":"","background-media":"","overlay-type":"","overlay-color":"","overlay-opacity":"","overlay-gradient":""},"mobile":{"background-color":"var(--ast-global-color-5)","background-image":"","background-repeat":"repeat","background-position":"center center","background-size":"auto","background-attachment":"scroll","background-type":"","background-media":"","overlay-type":"","overlay-color":"","overlay-opacity":"","overlay-gradient":""}},"footnotes":""},"class_list":["post-11804","page","type-page","status-publish","hentry"],"post_mailing_queue_ids":[],"_links":{"self":[{"href":"https:\/\/serveiseducatius.xtec.cat\/santacolomag\/wp-json\/wp\/v2\/pages\/11804","targetHints":{"allow":["GET"]}}],"collection":[{"href":"https:\/\/serveiseducatius.xtec.cat\/santacolomag\/wp-json\/wp\/v2\/pages"}],"about":[{"href":"https:\/\/serveiseducatius.xtec.cat\/santacolomag\/wp-json\/wp\/v2\/types\/page"}],"author":[{"embeddable":true,"href":"https:\/\/serveiseducatius.xtec.cat\/santacolomag\/wp-json\/wp\/v2\/users\/7"}],"replies":[{"embeddable":true,"href":"https:\/\/serveiseducatius.xtec.cat\/santacolomag\/wp-json\/wp\/v2\/comments?post=11804"}],"version-history":[{"count":3,"href":"https:\/\/serveiseducatius.xtec.cat\/santacolomag\/wp-json\/wp\/v2\/pages\/11804\/revisions"}],"predecessor-version":[{"id":11847,"href":"https:\/\/serveiseducatius.xtec.cat\/santacolomag\/wp-json\/wp\/v2\/pages\/11804\/revisions\/11847"}],"up":[{"embeddable":true,"href":"https:\/\/serveiseducatius.xtec.cat\/santacolomag\/wp-json\/wp\/v2\/pages\/9438"}],"wp:attachment":[{"href":"https:\/\/serveiseducatius.xtec.cat\/santacolomag\/wp-json\/wp\/v2\/media?parent=11804"}],"curies":[{"name":"wp","href":"https:\/\/api.w.org\/{rel}","templated":true}]}}