{"id":11648,"date":"2019-03-01T10:37:28","date_gmt":"2019-03-01T09:37:28","guid":{"rendered":"http:\/\/serveiseducatius.xtec.cat\/santacolomag\/?page_id=11648"},"modified":"2019-04-29T14:35:49","modified_gmt":"2019-04-29T12:35:49","slug":"iii-trobada-pedagogica-de-secundaria-de-santa-coloma-de-gramenet","status":"publish","type":"page","link":"https:\/\/serveiseducatius.xtec.cat\/santacolomag\/iii-trobada-pedagogica-de-secundaria-de-santa-coloma-de-gramenet\/","title":{"rendered":"III Trobada pedag\u00f2gica de secund\u00e0ria de Santa Coloma de Gramenet"},"content":{"rendered":"<p>III Trobada pedag\u00f2gica de secund\u00e0ria de Santa Coloma de Gramenet<\/p>\n<p>Lloc:\u00a0Biblioteca Salvador Cabr\u00e9 \u2013 Singuerl\u00edn<\/p>\n<table>\n<tbody>\n<tr>\n<td style=\"width: 122px;\" rowspan=\"2\"><a href=\"http:\/\/serveiseducatius.xtec.cat\/santacolomag\/wp-content\/uploads\/usu1183\/2018\/01\/projectes-1-e1515504661484.jpg\"><img loading=\"lazy\" decoding=\"async\" class=\"alignleft size-thumbnail wp-image-10205\" src=\"http:\/\/serveiseducatius.xtec.cat\/santacolomag\/wp-content\/uploads\/usu1183\/2018\/01\/projectes-1-150x150.jpg\" alt=\"\" width=\"150\" height=\"150\" \/><\/a><\/td>\n<td style=\"width: 1249px;\"><span style=\"font-size: 12pt;\"><strong>Sessi\u00f3, 27 de febrer de 2019<\/strong><\/span><\/p>\n<p>Confer\u00e8ncia \u201c<strong>L\u2019atenci\u00f3 a la diversitat a l\u2019aula i al centre. Ensenyar i avaluar per aprendre competencialment<\/strong>\u201d\u00a0a c\u00e0rrec de Marisa Dom\u00ednguez, professora de<a href=\"https:\/\/agora.xtec.cat\/iesm-jmzafra\/\" target=\"_blank\" rel=\"noopener\" data-saferedirecturl=\"https:\/\/www.google.com\/url?q=https:\/\/agora.xtec.cat\/iesm-jmzafra\/&amp;source=gmail&amp;ust=1551518812140000&amp;usg=AFQjCNEfwbE13h1hfCb61KEvOH3gJ3r4Qw\">\u00a0l&#8217;Institut Juan Manuel Zafra<\/a>\u00a0de Barcelona i membre del Grup de Treball\u00a0\u201cAvaluar per aprendre\u201d de l\u2019Associaci\u00f3 Rosa Sensat.<\/p>\n<p><a href=\"https:\/\/drive.google.com\/file\/d\/1Pr1iES9kZOaBXjoYsOiqFchDarbzpi9_\/view?usp=sharing\">Presentaci\u00f3 digital de la sessi\u00f3<\/a> &#8211; <a href=\"https:\/\/drive.google.com\/open?id=171TEfb10oJGdFEFk8QawEsV45DYyBvsD\">V\u00eddeo de la sessi\u00f3<\/a><a href=\"https:\/\/docs.google.com\/document\/d\/1MHM0px6DYjAvqYr-WbkA-31oFOn1tP8vjwtTLYmkHcM\/pub\"><br \/>\n<\/a><\/td>\n<\/tr>\n<tr>\n<td style=\"width: 1249px;\"><span style=\"font-size: 12pt;\"><strong>Sessi\u00f3, 10 d\u2019abril de 2018<\/strong><\/span><\/p>\n<p>Presentaci\u00f3 d&#8217;experi\u00e8ncies<\/p>\n<ol>\n<li><b><i>Migracions\u00a0 <a href=\"https:\/\/prezi.com\/view\/7RsGw3KFM5D71dXZkGPe\/\">Presentaci\u00f3 digital<\/a><br \/>\n<\/i><\/b>Eugeni Ruf\u00ed, Irene Lop.<em>\u00a0<\/em><span style=\"font-weight: 400;\"><em>INS Barres i Ones.<\/em> Badalona<\/span><\/li>\n<\/ol>\n<p><b><i>2. T\u00e0ctica i ludificaci\u00f3 a l\u2019aula\u00a0 <a href=\"https:\/\/drive.google.com\/open?id=1TiO7Nzrhcoz7lz5L1Ujw3WXZncYBSuZ0\">Presentaci\u00f3 digital<\/a><\/i><\/b><b><i><br \/>\n<\/i><\/b><span style=\"font-weight: 400;\">Jos\u00e9 Antonio Serrano, Francesc Garc\u00eda), Mar\u00eda Hern\u00e1ndez.<em>\u00a0<\/em><\/span><em><span style=\"font-weight: 400;\">INS Santa Coloma de Gramenet <\/span><\/em><\/p>\n<p><b><i>3. Recursos d\u2019audici\u00f3 i llenguatge per a l\u2019aula ordin\u00e0ria\u00a0 \u00a0<a href=\"https:\/\/drive.google.com\/open?id=0B7J2wtKTJ0CvLWMyM0NJTlR4Y3dXSjdkdUh6ckhTb294eW9v\">Presentaci\u00f3 digital<\/a><\/i><\/b><b><i><br \/>\n<\/i><\/b><span style=\"font-weight: 400;\">Laia Roure.\u00a0<\/span><span style=\"font-weight: 400;\"><em>INS Num\u00e0ncia<\/em>. Santa Coloma de Gramenet<\/span><span style=\"font-weight: 400;\"><br \/>\n<\/span><span style=\"font-weight: 400;\"><br \/>\n<\/span><b><i>4. Tractament de la diversitat des de diferents \u00e0rees al Puig Castellar\u00a0 <a href=\"https:\/\/drive.google.com\/open?id=0B7J2wtKTJ0CvWmpyNElNejQ5NmYyd3pJT3h4Q1RObTJjU2hv\">Presentaci\u00f3 digital<\/a><\/i><\/b><b><i><br \/>\n<\/i><\/b><span style=\"font-weight: 400;\">Belinda Le\u00f3n, Diego Gim\u00e9nez, <\/span><span style=\"font-weight: 400;\">Astrid Casademunt, Jaime Morcillo, Esther A\u00f1\u00f3n,\u00a0 Miriam Ad\u00e1n<br \/>\n<\/span><span style=\"font-weight: 400;\"><em>INS Puig Castellar<\/em>. Santa Coloma de Gramenet<\/span><\/p>\n<p>&nbsp;<\/p>\n<p><strong>ARTICLES D&#8217;INTER\u00c8S<\/strong><\/p>\n<p>Philippe Meirieu.( Entrevista). <a href=\"https:\/\/drive.google.com\/file\/d\/1xyPVjsDwufhLOK5GaA15c1kvMUA1K9W_\/view?usp=sharing\"><strong>\u201cEs responsabilidad del educador provocar el deseo de aprender\u201d.<\/strong><\/a> Cuadernos de Pedagog\u00eda. 2007<br \/>\nNeus Sanmart\u00ed.<strong><a href=\"https:\/\/drive.google.com\/file\/d\/0B7J2wtKTJ0CvcEtncFg0U0hfWlU\/view?usp=sharing\">\u00a0&#8220;Avaluar per aprendre&#8221;.<\/a> <\/strong>Novembre 2010<br \/>\nJane Jones, <strong><a href=\"https:\/\/drive.google.com\/file\/d\/1jTZXzDo5nK5Kcvpraoytp7W1bNQ_Ii6R\/view?usp=sharing\">&#8220;Avaluaci\u00f3 formativa: qu\u00e8 hi ha de nou? Una mirada des d\u2019Anglaterra&#8221;.<\/a><\/strong>\u00a0King\u2019s College London, 2014<br \/>\nJos\u00e9 Peirats Chac\u00f3n i Mar\u00eda L\u00f3pez Mar\u00ed<strong>.<a href=\"https:\/\/drive.google.com\/file\/d\/1TJ1smGIY1O_XwOBdcWvpSnsH8o4AT-Hg\/view?usp=sharing\">\u00a0\u201cLos grupos interactivos como estrategia did\u00e1ctica en la atenci\u00f3n a la diversidad\u201d,<\/a>\u00a0<\/strong>Desembre, 2013.<\/td>\n<\/tr>\n<\/tbody>\n<\/table>\n<p><strong><a href=\"https:\/\/serveiseducatius.xtec.cat\/santacolomag\/ii-trobada-pedagogica-de-secundaria-cap-al-treball-per-projectes\/\">Trobades<\/a><a href=\"https:\/\/serveiseducatius.xtec.cat\/santacolomag\/ii-trobada-pedagogica-de-secundaria-cap-al-treball-per-projectes\/\">\u00a0anteriors<\/a><\/strong><\/p>\n<p>&nbsp;<\/p>\n","protected":false},"excerpt":{"rendered":"<p>III Trobada pedag\u00f2gica de secund\u00e0ria de Santa Coloma de Gramenet Lloc:\u00a0Biblioteca Salvador Cabr\u00e9 \u2013 Singuerl\u00edn Sessi\u00f3, 27 de febrer de [&hellip;]<\/p>\n","protected":false},"author":7,"featured_media":0,"parent":0,"menu_order":0,"comment_status":"closed","ping_status":"closed","template":"","meta":{"_bbp_topic_count":0,"_bbp_reply_count":0,"_bbp_total_topic_count":0,"_bbp_total_reply_count":0,"_bbp_voice_count":0,"_bbp_anonymous_reply_count":0,"_bbp_topic_count_hidden":0,"_bbp_reply_count_hidden":0,"_bbp_forum_subforum_count":0,"site-sidebar-layout":"default","site-content-layout":"","ast-site-content-layout":"","site-content-style":"default","site-sidebar-style":"default","ast-global-header-display":"","ast-banner-title-visibility":"","ast-main-header-display":"","ast-hfb-above-header-display":"","ast-hfb-below-header-display":"","ast-hfb-mobile-header-display":"","site-post-title":"","ast-breadcrumbs-content":"","ast-featured-img":"","footer-sml-layout":"","theme-transparent-header-meta":"","adv-header-id-meta":"","stick-header-meta":"","header-above-stick-meta":"","header-main-stick-meta":"","header-below-stick-meta":"","astra-migrate-meta-layouts":"default","ast-page-background-enabled":"default","ast-page-background-meta":{"desktop":{"background-color":"var(--ast-global-color-4)","background-image":"","background-repeat":"repeat","background-position":"center center","background-size":"auto","background-attachment":"scroll","background-type":"","background-media":"","overlay-type":"","overlay-color":"","overlay-opacity":"","overlay-gradient":""},"tablet":{"background-color":"","background-image":"","background-repeat":"repeat","background-position":"center center","background-size":"auto","background-attachment":"scroll","background-type":"","background-media":"","overlay-type":"","overlay-color":"","overlay-opacity":"","overlay-gradient":""},"mobile":{"background-color":"","background-image":"","background-repeat":"repeat","background-position":"center center","background-size":"auto","background-attachment":"scroll","background-type":"","background-media":"","overlay-type":"","overlay-color":"","overlay-opacity":"","overlay-gradient":""}},"ast-content-background-meta":{"desktop":{"background-color":"var(--ast-global-color-5)","background-image":"","background-repeat":"repeat","background-position":"center center","background-size":"auto","background-attachment":"scroll","background-type":"","background-media":"","overlay-type":"","overlay-color":"","overlay-opacity":"","overlay-gradient":""},"tablet":{"background-color":"var(--ast-global-color-5)","background-image":"","background-repeat":"repeat","background-position":"center center","background-size":"auto","background-attachment":"scroll","background-type":"","background-media":"","overlay-type":"","overlay-color":"","overlay-opacity":"","overlay-gradient":""},"mobile":{"background-color":"var(--ast-global-color-5)","background-image":"","background-repeat":"repeat","background-position":"center center","background-size":"auto","background-attachment":"scroll","background-type":"","background-media":"","overlay-type":"","overlay-color":"","overlay-opacity":"","overlay-gradient":""}},"footnotes":""},"class_list":["post-11648","page","type-page","status-publish","hentry"],"post_mailing_queue_ids":[],"_links":{"self":[{"href":"https:\/\/serveiseducatius.xtec.cat\/santacolomag\/wp-json\/wp\/v2\/pages\/11648","targetHints":{"allow":["GET"]}}],"collection":[{"href":"https:\/\/serveiseducatius.xtec.cat\/santacolomag\/wp-json\/wp\/v2\/pages"}],"about":[{"href":"https:\/\/serveiseducatius.xtec.cat\/santacolomag\/wp-json\/wp\/v2\/types\/page"}],"author":[{"embeddable":true,"href":"https:\/\/serveiseducatius.xtec.cat\/santacolomag\/wp-json\/wp\/v2\/users\/7"}],"replies":[{"embeddable":true,"href":"https:\/\/serveiseducatius.xtec.cat\/santacolomag\/wp-json\/wp\/v2\/comments?post=11648"}],"version-history":[{"count":4,"href":"https:\/\/serveiseducatius.xtec.cat\/santacolomag\/wp-json\/wp\/v2\/pages\/11648\/revisions"}],"predecessor-version":[{"id":11974,"href":"https:\/\/serveiseducatius.xtec.cat\/santacolomag\/wp-json\/wp\/v2\/pages\/11648\/revisions\/11974"}],"wp:attachment":[{"href":"https:\/\/serveiseducatius.xtec.cat\/santacolomag\/wp-json\/wp\/v2\/media?parent=11648"}],"curies":[{"name":"wp","href":"https:\/\/api.w.org\/{rel}","templated":true}]}}