{"id":11541,"date":"2019-02-22T09:12:53","date_gmt":"2019-02-22T08:12:53","guid":{"rendered":"http:\/\/serveiseducatius.xtec.cat\/santacolomag\/?page_id=11541"},"modified":"2024-06-17T09:24:02","modified_gmt":"2024-06-17T07:24:02","slug":"educacio-per-a-la-convivencia","status":"publish","type":"page","link":"https:\/\/serveiseducatius.xtec.cat\/santacolomag\/educacio-per-a-la-convivencia\/","title":{"rendered":"La conviv\u00e8ncia"},"content":{"rendered":"<ul>\n<li><a href=\"http:\/\/www.jovesenxarxa.com\/\" target=\"_blank\" rel=\"nofollow noopener noreferrer\">Joves en Xarxa\u00a0<\/a>Projecte de conviv\u00e8ncia a Santa Coloma de Gramenet<\/li>\n<li><a href=\"http:\/\/portalpaula.org\/ca\/qui-som\/\" target=\"_blank\" rel=\"nofollow noopener noreferrer\">Paula<\/a><\/li>\n<li><a href=\"https:\/\/projectes.xtec.cat\/alumnat\/\">El benestar emocional de l&#8217;alumnat<\/a>. Nova p\u00e0gina del departament<img decoding=\"async\" class=\"alignright\" src=\"https:\/\/sites.google.com\/a\/xtec.cat\/crp-santacolomag\/_\/rsrc\/1369216389321\/mediateca\/recursos-en-linia\/educacio-per-a-la-convivencia\/conviencia6.jpg?height=174&amp;width=200\" \/><\/li>\n<\/ul>\n<p>Portal d&#8217;educaci\u00f3 per a la pau.<\/p>\n<ul>\n<li><a href=\"https:\/\/faros.hsjdbcn.org\/sites\/default\/files\/faros_6_cast.pdf\" target=\"_blank\" rel=\"nofollow noopener noreferrer\">\u00bfC\u00f3mo educar las emociones?<\/a><\/li>\n<\/ul>\n<p>Recursos f\u00edsics de la mediateca del CRP de Santa Coloma de Gramenet i recursos en l\u00ednia.<\/p>\n<ul>\n<li><a href=\"https:\/\/audir.org\/\" target=\"_blank\" rel=\"nofollow noopener noreferrer\">Associaci\u00f3 UNESCO per al di\u00e0leg interreligi\u00f3s <\/a>Materials per al professorat i unitats did\u00e0ctiques per a l&#8217;alumnat<\/li>\n<\/ul>\n<p>Creada per les<a href=\"http:\/\/bibliotecavirtual.diba.cat\/detall-guia?p_p_id=VisorDetalle_WAR_VisorDetalleportlet_INSTANCE_7D2o&amp;p_p_lifecycle=0&amp;p_p_state=normal&amp;p_p_mode=view&amp;p_p_col_id=column-1&amp;p_p_col_pos=1&amp;p_p_col_count=2&amp;_VisorDetalle_WAR_VisorDetalleportlet_INSTANCE_7D2o_structureId=GUIA_LECTURA&amp;_VisorDetalle_WAR_VisorDetalleportlet_INSTANCE_7D2o_articleId=6884253&amp;_VisorDetalle_WAR_VisorDetalleportlet_INSTANCE_7D2o_seccionId=6884276&amp;_VisorDetalle_WAR_VisorDetalleportlet_INSTANCE_7D2o_groupId=10934\" target=\"_blank\" rel=\"nofollow noopener noreferrer\">\u00a0biblioteques de Santa Coloma de Gramenet<\/a>. Consta de\u00a0libres i pel\u00b7l\u00edcules disponibles en Servei de pr\u00e9stec. La selecci\u00f3 est\u00e0 feta al voltant dels temes: viol\u00e8ncia escolar,\u00a0viol\u00e8ncia masclista, estereotips, civisme i joves, prejudicis i joves.<\/p>\n<ul>\n<li><a href=\"https:\/\/docs.google.com\/presentation\/d\/1CCf2iny-DoaKNTLgm-cwoCAU2Pi0uZpZSv6ZW9HWs4g\/edit?usp=sharing\" target=\"_blank\" rel=\"noopener noreferrer\">Educaci\u00f3 en valors socials i c\u00edvics<\/a><\/li>\n<\/ul>\n<ul>\n<li><a href=\"https:\/\/www.caib.es\/sites\/convivexit\/ca\/practiques_restauratives\/\">Pr\u00e0ctiques restauratives<\/a><\/li>\n<li><a href=\"https:\/\/projectes.xtec.cat\/convivenciapositiva\/categoria\/enfocament-restauratiu\/?_ga=2.120934984.1372319870.1699269363-523349214.1685343415\">Enfocament restauratiu global<\/a><\/li>\n<\/ul>\n<ul>\n<li><span style=\"font-weight: 400;\"><a href=\"https:\/\/educacio.gencat.cat\/ca\/arees-actuacio\/families\/fomentem-valors\/acompanyem-emocions\/index.html\">Orientacions per atendre les emocions de l\u2019alumnat<\/a><\/span><\/li>\n<\/ul>\n<ul>\n<li><span style=\"font-weight: 400;\"><a href=\"https:\/\/educacio.gencat.cat\/ca\/arees-actuacio\/families\/families-escola\/index.html\">Fam\u00edlia i escola<\/a><\/span><\/li>\n<\/ul>\n<ul>\n<li><span style=\"font-weight: 400;\">Comunitat educativa: <\/span><span style=\"font-weight: 400;\"><a href=\"http:\/\/xtec.gencat.cat\/ca\/comunitat\/escolaifamilies\/index.html\">escoles i fam\u00edlies\u00a0\u00a0<\/a><\/span><\/li>\n<li><a href=\"http:\/\/xtec.gencat.cat\/ca\/centres\/projeducatiu\/convivencia\/aquiproubullying\/\"><span style=\"font-weight: 400;\">#aqu\u00edproubullying<\/span> <\/a><span style=\"font-weight: 400;\">Programa que posa a l\u2019abast dels centres la formaci\u00f3, estrat\u00e8gies i recursos necessaris per elaborar un projecte de prevenci\u00f3, detecci\u00f3 i intervenci\u00f3 davant l\u2019assetjament. Promou la participaci\u00f3 de tota la comunitat escolar, especialment de l\u2019alumnat, qui actuar\u00e0 com observador i agent actiu i comprom\u00e8s en la lluita contra l\u2019assetjament, alhora que adquireix les actituds i els valors propis de la compet\u00e8ncia social i ciutadana.<\/span><\/li>\n<li style=\"list-style-type: none;\"><\/li>\n<li><span style=\"text-decoration: underline; font-size: 14pt;\"><b><a href=\"http:\/\/xtec.gencat.cat\/ca\/centres\/projeducatiu\/convivencia\/\">Projecte de conviv\u00e8ncia<\/a><\/b><\/span>\n<ul>\n<li style=\"font-weight: 400;\"><a href=\"http:\/\/xtec.gencat.cat\/ca\/centres\/projeducatiu\/convivencia\/recursos\/\"><span style=\"font-weight: 400;\">Recursos<\/span><\/a>\n<ul>\n<li style=\"font-weight: 400;\"><a href=\"http:\/\/xtec.gencat.cat\/ca\/centres\/projeducatiu\/convivencia\/recursos\/orgacentre\/\"><span style=\"font-weight: 400;\">Organitzaci\u00f3 de centre<\/span><\/a><\/li>\n<li style=\"font-weight: 400;\"><a href=\"http:\/\/xtec.gencat.cat\/ca\/centres\/projeducatiu\/convivencia\/recursos\/resconflictes\/\"><span style=\"font-weight: 400;\">Resoluci\u00f3 de conflictes<\/span><\/a><\/li>\n<li style=\"font-weight: 400;\"><a href=\"http:\/\/xtec.gencat.cat\/ca\/centres\/projeducatiu\/convivencia\/recursos\/valorsiactituds\/\"><span style=\"font-weight: 400;\">Valors i actituds<\/span><\/a><\/li>\n<\/ul>\n<\/li>\n<li style=\"font-weight: 400;\"><a href=\"http:\/\/xtec.gencat.cat\/ca\/centres\/projeducatiu\/convivencia\/prog-form-prev-violencia-masclista\/\"><span style=\"font-weight: 400;\">Program<\/span><span style=\"font-weight: 400;\">a formatiu de prevenci\u00f3 de la viol\u00e8ncia masclista<\/span><\/a><\/li>\n<li style=\"font-weight: 400;\"><a href=\"http:\/\/xtec.gencat.cat\/ca\/centres\/projeducatiu\/convivencia\/aquiproubullying\/moduls-formatius\/una-ma-de-contes\/\"><span style=\"font-weight: 400;\">Contes contra l\u2019assetjament escolar<\/span><\/a><\/li>\n<li style=\"font-weight: 400;\"><span style=\"font-weight: 400;\"><a href=\"http:\/\/xtec.gencat.cat\/ca\/centres\/projeducatiu\/convivencia\/protocols\/\"><strong>Protocols<\/strong> per a la millora de la conviv\u00e8ncia<\/a><\/span><\/li>\n<li><a href=\"https:\/\/educacio.gencat.cat\/web\/.content\/home\/departament\/publicacions\/protocols\/actuacio-davant-violencia-ambit-educatiu\/protocol-actuacio-davant-violencia.pdf\">Protocol d\u2019actuaci\u00f3 davant de qualsevol tipus de viol\u00e8ncia en l\u2019\u00e0mbit educatiu (octubre de 2023).<\/a>\u00a0\u00a0<a href=\"https:\/\/educacio.gencat.cat\/web\/.content\/home\/departament\/publicacions\/protocols\/actuacio-davant-violencia-ambit-educatiu\/circuit-actuacio-protocol.pdf\">Infografia<\/a><\/li>\n<li class=\"NG-menu__title\"><a href=\"https:\/\/xtec.gencat.cat\/ca\/centres\/projeducatiu\/convivencia\/recursos\/resconflictes\/conflictesgreus\/usce\/\/\">Unitat de suport a la conviv\u00e8ncia escolar (USCE)<\/a><\/li>\n<li><a href=\"https:\/\/projectes.xtec.cat\/convivenciapositiva\/\">Conviv\u00e8ncia positiva<\/a><\/li>\n<\/ul>\n<\/li>\n<li><a href=\"https:\/\/drive.google.com\/open?id=1gUkgIyjR5UlA8ksW83jfj51X5wuvR-yX\"><span style=\"font-weight: 400;\">La mediaci\u00f3 escolar<\/span><\/a><span style=\"font-weight: 400;\"> i <\/span><a href=\"https:\/\/drive.google.com\/open?id=1F1VVGeg0GCV0QVaDdsCIkvMcP2o3NI0X\"><span style=\"font-weight: 400;\">targetes<\/span><\/a><span style=\"font-weight: 400;\"> de mediaci\u00f3<\/span><\/li>\n<\/ul>\n<ul>\n<li><a href=\"https:\/\/www.gramenet.cat\/ajuntament\/arees-municipals\/servei-de-convivencia-desenvolupament-comunitari-i-civisme\/\">El Servei de Conviv\u00e8ncia, Desenvolupament Comunitari i Civisme de l&#8217;ajuntament de Santa Coloma<\/a><\/li>\n<li><a href=\"https:\/\/www.gramenet.cat\/es\/ayuntamiento\/areas-municipales\/salud-publica\/promocion-de-la-salud\/emocionat\/\">Programa municipal Emociona\u2019t<\/a><\/li>\n<li><a href=\"https:\/\/laciba.gramenet.cat\/\">Espai de recursos per a dones, innovaci\u00f3 i economia feminista (CIBA)<\/a><\/li>\n<\/ul>\n<p>&nbsp;<\/p>\n","protected":false},"excerpt":{"rendered":"<p>Joves en Xarxa\u00a0Projecte de conviv\u00e8ncia a Santa Coloma de Gramenet Paula El benestar emocional de l&#8217;alumnat. Nova p\u00e0gina del departament [&hellip;]<\/p>\n","protected":false},"author":7,"featured_media":0,"parent":0,"menu_order":0,"comment_status":"closed","ping_status":"closed","template":"","meta":{"_bbp_topic_count":0,"_bbp_reply_count":0,"_bbp_total_topic_count":0,"_bbp_total_reply_count":0,"_bbp_voice_count":0,"_bbp_anonymous_reply_count":0,"_bbp_topic_count_hidden":0,"_bbp_reply_count_hidden":0,"_bbp_forum_subforum_count":0,"site-sidebar-layout":"default","site-content-layout":"","ast-site-content-layout":"","site-content-style":"default","site-sidebar-style":"default","ast-global-header-display":"","ast-banner-title-visibility":"","ast-main-header-display":"","ast-hfb-above-header-display":"","ast-hfb-below-header-display":"","ast-hfb-mobile-header-display":"","site-post-title":"","ast-breadcrumbs-content":"","ast-featured-img":"","footer-sml-layout":"","theme-transparent-header-meta":"","adv-header-id-meta":"","stick-header-meta":"","header-above-stick-meta":"","header-main-stick-meta":"","header-below-stick-meta":"","astra-migrate-meta-layouts":"default","ast-page-background-enabled":"default","ast-page-background-meta":{"desktop":{"background-color":"var(--ast-global-color-4)","background-image":"","background-repeat":"repeat","background-position":"center center","background-size":"auto","background-attachment":"scroll","background-type":"","background-media":"","overlay-type":"","overlay-color":"","overlay-opacity":"","overlay-gradient":""},"tablet":{"background-color":"","background-image":"","background-repeat":"repeat","background-position":"center center","background-size":"auto","background-attachment":"scroll","background-type":"","background-media":"","overlay-type":"","overlay-color":"","overlay-opacity":"","overlay-gradient":""},"mobile":{"background-color":"","background-image":"","background-repeat":"repeat","background-position":"center center","background-size":"auto","background-attachment":"scroll","background-type":"","background-media":"","overlay-type":"","overlay-color":"","overlay-opacity":"","overlay-gradient":""}},"ast-content-background-meta":{"desktop":{"background-color":"var(--ast-global-color-5)","background-image":"","background-repeat":"repeat","background-position":"center center","background-size":"auto","background-attachment":"scroll","background-type":"","background-media":"","overlay-type":"","overlay-color":"","overlay-opacity":"","overlay-gradient":""},"tablet":{"background-color":"var(--ast-global-color-5)","background-image":"","background-repeat":"repeat","background-position":"center center","background-size":"auto","background-attachment":"scroll","background-type":"","background-media":"","overlay-type":"","overlay-color":"","overlay-opacity":"","overlay-gradient":""},"mobile":{"background-color":"var(--ast-global-color-5)","background-image":"","background-repeat":"repeat","background-position":"center center","background-size":"auto","background-attachment":"scroll","background-type":"","background-media":"","overlay-type":"","overlay-color":"","overlay-opacity":"","overlay-gradient":""}},"footnotes":""},"class_list":["post-11541","page","type-page","status-publish","hentry"],"post_mailing_queue_ids":[],"_links":{"self":[{"href":"https:\/\/serveiseducatius.xtec.cat\/santacolomag\/wp-json\/wp\/v2\/pages\/11541","targetHints":{"allow":["GET"]}}],"collection":[{"href":"https:\/\/serveiseducatius.xtec.cat\/santacolomag\/wp-json\/wp\/v2\/pages"}],"about":[{"href":"https:\/\/serveiseducatius.xtec.cat\/santacolomag\/wp-json\/wp\/v2\/types\/page"}],"author":[{"embeddable":true,"href":"https:\/\/serveiseducatius.xtec.cat\/santacolomag\/wp-json\/wp\/v2\/users\/7"}],"replies":[{"embeddable":true,"href":"https:\/\/serveiseducatius.xtec.cat\/santacolomag\/wp-json\/wp\/v2\/comments?post=11541"}],"version-history":[{"count":7,"href":"https:\/\/serveiseducatius.xtec.cat\/santacolomag\/wp-json\/wp\/v2\/pages\/11541\/revisions"}],"predecessor-version":[{"id":20742,"href":"https:\/\/serveiseducatius.xtec.cat\/santacolomag\/wp-json\/wp\/v2\/pages\/11541\/revisions\/20742"}],"wp:attachment":[{"href":"https:\/\/serveiseducatius.xtec.cat\/santacolomag\/wp-json\/wp\/v2\/media?parent=11541"}],"curies":[{"name":"wp","href":"https:\/\/api.w.org\/{rel}","templated":true}]}}