{"id":11527,"date":"2019-02-22T09:06:40","date_gmt":"2019-02-22T08:06:40","guid":{"rendered":"http:\/\/serveiseducatius.xtec.cat\/santacolomag\/?page_id=11527"},"modified":"2022-11-18T12:14:11","modified_gmt":"2022-11-18T11:14:11","slug":"acollida-dalumnat-nouvingut","status":"publish","type":"page","link":"https:\/\/serveiseducatius.xtec.cat\/santacolomag\/acollida-dalumnat-nouvingut\/","title":{"rendered":"Acollida d&#8217;alumnat nouvingut"},"content":{"rendered":"<div>\n<div style=\"text-align: center;\"><\/div>\n<div><\/div>\n<div><img decoding=\"async\" class=\"alignright\" src=\"https:\/\/sites.google.com\/a\/xtec.cat\/crp-santacolomag\/_\/rsrc\/1302869457416\/acollida-d-alumnat-nouvingut\/alumnat%20nouvingut.jpg\" \/><\/div>\n<div><strong><span style=\"color: #993366;\">RECURSOS A L&#8217;XTEC<\/span><\/strong><\/div>\n<h6><\/h6>\n<ul>\n<li><a href=\"http:\/\/xtec.gencat.cat\/ca\/projectes\/alumnat-origen-estranger\/\"><strong>Alumnat d&#8217;origen estranger\u00a0<\/strong><\/a>\n<ul>\n<li>\n<h6><a href=\"http:\/\/xtec.gencat.cat\/ca\/projectes\/alumnat-origen-estranger\/alumnatnou\/index.html\" target=\"_blank\" rel=\"nofollow noopener noreferrer\">Alumnat nouvingut<\/a><\/h6>\n<\/li>\n<li>\n<h6><a href=\"http:\/\/xtec.gencat.cat\/ca\/projectes\/alumnat-origen-estranger\/suport-linguistic-social\/\"><strong>Suport ling\u00fc\u00edstic i social (atenci\u00f3 dins les aules de refer\u00e8ncia)<\/strong><\/a><\/h6>\n<p><span style=\"font-weight: 400;\">Recursos i estrat\u00e8gies destinades a alumnat d\u2019origen estranger que necessita suport per accedir al curr\u00edculum. L\u2019objectiu \u00e9s facilitar-los que continu\u00efn progressant en el domini de la llengua vehicular de l\u2019escola i del llenguatge acad\u00e8mic espec\u00edfic de les mat\u00e8ries, atenent les seves necessitats emocionals, relacionals i d\u2019inclusi\u00f3 escolar i social.<\/span><\/li>\n<\/ul>\n<\/li>\n<li>\n<h6><a href=\"http:\/\/xtec.gencat.cat\/ca\/projectes\/alumnat-origen-estranger\/alumnatnou\/avaluacio\/inicial2\/\" target=\"_blank\" rel=\"nofollow noopener noreferrer\">Avaluaci\u00f3 inicial<\/a><\/h6>\n<\/li>\n<li>\n<h6><a href=\"http:\/\/xtec.gencat.cat\/ca\/projectes\/alumnat-origen-estranger\/alumnatnou\/orientacions\/\" target=\"_blank\" rel=\"nofollow noopener noreferrer\">Orientacions curriculars<\/a><\/h6>\n<\/li>\n<li>\n<h6><a href=\"http:\/\/xtec.gencat.cat\/ca\/projectes\/alumnat-origen-estranger\/alumnatnou\/acollida\/notes\/\" target=\"_blank\" rel=\"nofollow noopener noreferrer\">Notes per a la comunicaci\u00f3 amb les fam\u00edlies<\/a><\/h6>\n<\/li>\n<li>\n<h6><a href=\"http:\/\/xtec.gencat.cat\/ca\/projectes\/alumnat-origen-estranger\/alumnatnou\/acollida\/informacio2\/\" target=\"_blank\" rel=\"nofollow noopener noreferrer\">Informaci\u00f3 per a les fam\u00edlies<\/a><\/h6>\n<\/li>\n<li>\n<h6><a style=\"font-size: 1em;\" href=\"http:\/\/www.edu365.cat\/acollida\/index.html\">Espai Acollida Edu365<\/a><\/h6>\n<\/li>\n<\/ul>\n<\/div>\n<div><\/div>\n<div>\n<div>\n<p><strong><span style=\"color: #993366;\">FORMACI\u00d3 PER A L&#8217;ATENCI\u00d3 D&#8217;ALUMNAT D&#8217;ORIGEN ESTRANGER<\/span><\/strong><\/p>\n<ul>\n<li style=\"font-weight: 400;\"><strong><a href=\"http:\/\/xtec.gencat.cat\/ca\/projectes\/alumnat-origen-estranger\/suport-linguistic-social\/Proposta-formativa\/\">Cursos telem\u00e0tics<\/a><\/strong><\/li>\n<\/ul>\n<p>Accions formatives que proporcionen, en el marc d\u2019un sistema educatiu inclusiu, recursos i estrat\u00e8gies d&#8217;intervenci\u00f3 docent per afavorir l&#8217;\u00e8xit educatiu dels alumnes de proced\u00e8ncia estrangera que necessiten suport a l\u2019aula ordin\u00e0ria per accedir al curr\u00edculum.<\/p>\n<ul>\n<li style=\"font-weight: 400;\"><span style=\"color: #27b3b3;\"><strong><span style=\"color: #000000;\">Grup de treball Centre Acollidor<\/span><\/strong><\/span><\/li>\n<\/ul>\n<p><span style=\"font-weight: 400;\">El grup de treball \u201cCentre acollidor: llengua, interculturalitat i cohesi\u00f3 social\u201d est\u00e0 format per mestres, professors\/es d\u2019AA i coordinadors\/es LIC dels centres educatius de Santa Coloma. Amb tot, est\u00e0 obert a tots els professionals que estiguin interessats i interessades en l\u2019atenci\u00f3 d\u2019alumnat nouvingut. Cada curs ens formem, compartim i creem recursos per a l\u2019atenci\u00f3 d\u2019alumnat nouvingut a les aules d\u2019acollida i a les aules de refer\u00e8ncia. Els principals objectius s\u00f3n crear equips acollidors en el centre, aix\u00ed com generar i fer cr\u00e8ixer una xarxa de centres acollidors dins la ciutat.\u00a0<\/span><\/p>\n<ul>\n<li style=\"font-weight: 400;\"><strong><a href=\"https:\/\/drive.google.com\/drive\/folders\/179UW09sDmifo-PvGipa8rH0ldGbHmjUs?usp=sharing\">Espai compartit del grup de treball Centre Acollidor<\/a><\/strong><\/li>\n<\/ul>\n<p><span style=\"font-weight: 400;\">En aquest espai drive compartim i actualitzem materials i recursos que poden ser \u00fatils per a l\u2019atenci\u00f3 d\u2019alumnat d\u2019origen estranger als centres.\u00a0<\/span><\/p>\n<\/div>\n<p>&nbsp;<\/p>\n<div><strong><span style=\"color: #993366;\">TRADUCTORS<\/span><\/strong><\/div>\n<div><\/div>\n<ul>\n<li>\n<h6><a href=\"http:\/\/www.chino-china.com\/herramientas\/anotaciones.html\" target=\"_blank\" rel=\"nofollow noopener noreferrer\">Traducci\u00f3 anotada de xin\u00e8s<\/a><\/h6>\n<\/li>\n<li>\n<h6><a href=\"http:\/\/translate.google.es\/#ca%7Czh-TW%7C\" target=\"_blank\" rel=\"noopener noreferrer\">Traductor google\u00a0<\/a><\/h6>\n<\/li>\n<li>\n<h6><a href=\"http:\/\/www.logos.it\/lang\/transl_ca.html\" target=\"_blank\" rel=\"nofollow noopener noreferrer\">Traductor multiling\u00fce per a nens<\/a><\/h6>\n<\/li>\n<li>\n<h6><a href=\"https:\/\/translate.google.es\/?hl=ca#view=home&amp;op=translate&amp;sl=ar&amp;tl=ca\" target=\"_blank\" rel=\"noopener noreferrer\">Traductor \u00e0rab-catal\u00e0<\/a><\/h6>\n<\/li>\n<li><strong><a href=\"https:\/\/llengua.gencat.cat\/ca\/eines_i_serveis\/traduccio-automatica-en-linia\/\">Traductors autom\u00e0tics<\/a><\/strong><\/li>\n<\/ul>\n<div><\/div>\n<div><strong><span style=\"color: #993366;\">DICCIONARIS<\/span><\/strong><\/div>\n<h6><\/h6>\n<ul>\n<li>\n<h6><a href=\"http:\/\/www.edu365.cat\/acollida\/catala_arab\/index.htm\">Diccionari infantil il\u00b7lustrat catal\u00e0-\u00e0rab<\/a><\/h6>\n<\/li>\n<\/ul>\n<ul>\n<li>\n<h6><a href=\"https:\/\/llengua.gencat.cat\/ca\/serveis\/informacio_i_difusio\/publicacions_en_linia\/aprenem_catala_des_de_col\/urdu_aprenem_cat_general\/urdu_2_cat_llengua_acollida\/\">Diccionari infantil il\u00b7lustrat catal\u00e0-urd\u00fa<\/a><\/h6>\n<\/li>\n<\/ul>\n<ul>\n<li>\n<h6><a href=\"http:\/\/www.laformiga.org\/diba_servei\/diccionari-il-lustrat-catala-xines\/\">Diccionari infantil il\u00b7lustrat catal\u00e0-xin\u00e8s<\/a><\/h6>\n<\/li>\n<\/ul>\n<ul>\n<li>\n<h6><a href=\"https:\/\/llengua.gencat.cat\/ca\/serveis\/informacio_i_difusio\/publicacions_en_linia\/aprenem_catala_des_de_col\/xines_aprenem_cat_general\">Diccionari xin\u00e8s-catal\u00e0<\/a><\/h6>\n<\/li>\n<\/ul>\n<div>\n<p>&nbsp;<\/p>\n<p><strong><span style=\"color: #993366;\">WEBS D&#8217;INTER\u00c8S<\/span><\/strong><\/p>\n<ul>\n<li><strong><a href=\"http:\/\/www.laformiga.org\/\" target=\"_blank\" rel=\"nofollow noopener noreferrer\">La formiga<\/a><\/strong><\/li>\n<\/ul>\n<p>Servei de mediaci\u00f3, traducci\u00f3 i informaci\u00f3.<\/p>\n<\/div>\n<ul>\n<li><strong><a href=\"http:\/\/xtec.gencat.cat\/ca\/projectes\/plurilinguisme\/\" target=\"_blank\" rel=\"nofollow noopener noreferrer\">Servei de lleng\u00fces<\/a><\/strong><\/li>\n<\/ul>\n<p>Unitat de treball per a l&#8217;impuls de Projecte Pluriling\u00fce a Catalunya.<\/p>\n<div>\n<ul>\n<li><strong><a href=\"http:\/\/www.espurna.cat\/\" target=\"_blank\" rel=\"nofollow noopener noreferrer\">Projecte Espurna<\/a><\/strong><\/li>\n<\/ul>\n<p>Plataforma col\u00b7laborativa de treball en xarxa, adre\u00e7ada \u00a0al treball en les aules d\u2019acollida i agrupaments de diversificaci\u00f3.<\/p>\n<ul>\n<li><a href=\"https:\/\/llengua.gencat.cat\/ca\/serveis\/aprendre_catala\/\"><strong>Aprendre catal\u00e0<\/strong><\/a><\/li>\n<\/ul>\n<p><span style=\"font-weight: 400;\">La Direcci\u00f3 General de Pol\u00edtica Ling\u00fc\u00edstica us ofereix eines i recursos did\u00e0ctics per aprendre catal\u00e0: <\/span><a href=\"https:\/\/www.cpnl.cat\/\"><span style=\"font-weight: 400;\">Consorci de Normalitzaci\u00f3 ling\u00fa\u00edstica<\/span><\/a><span style=\"font-weight: 400;\">, <\/span><a href=\"https:\/\/www.parla.cat\/pres_catalaenlinia\/AppPHP\/login\/index.php\"><span style=\"font-weight: 400;\">parla.cat<\/span><\/a><span style=\"font-weight: 400;\">, <\/span><a href=\"https:\/\/llengua.gencat.cat\/ca\/serveis\/aprendre_catala\/ep-curs-oral-catala\/\"><span style=\"font-weight: 400;\">curs oral de catal\u00e0<\/span><\/a><span style=\"font-weight: 400;\"> i <\/span><a href=\"https:\/\/llengua.gencat.cat\/ca\/serveis\/aprendre_catala\/a-catalunya\/\"><span style=\"font-weight: 400;\">altres recursos<\/span><\/a><span style=\"font-weight: 400;\">. \u00datil per a l\u2019autoaprenentatge i per a la doc\u00e8ncia a l\u2019AA. <\/span><\/p>\n<\/div>\n<h6><\/h6>\n<div>\n<div><strong><span style=\"color: #993366;\">MATERIAL DID\u00c0CTIC<\/span><\/strong><\/div>\n<div><\/div>\n<div>\n<ul>\n<li><strong><a href=\"http:\/\/www20.gencat.cat\/portal\/site\/Llengcat\/menuitem.b318de7236aed0e7a129d410b0c0e1a0\/?vgnextoid=35d94da9cfdaa210VgnVCM1000008d0c1e0aRCRD&amp;vgnextchannel=35d94da9cfdaa210VgnVCM1000008d0c1e0aRCRD&amp;vgnextfmt=default\" target=\"_blank\" rel=\"nofollow noopener noreferrer\">Aprendre catal\u00e0 des de l&#8217;amazic<\/a><\/strong><\/li>\n<li><strong><a href=\"http:\/\/www20.gencat.cat\/portal\/site\/Llengcat\/menuitem.b318de7236aed0e7a129d410b0c0e1a0\/?vgnextoid=b767944db93d7210VgnVCM1000008d0c1e0aRCRD&amp;vgnextchannel=b767944db93d7210VgnVCM1000008d0c1e0aRCRD&amp;vgnextfmt=default\" target=\"_blank\" rel=\"nofollow noopener noreferrer\">Aprendre catal\u00e0 des del roman\u00e9s<\/a><\/strong><\/li>\n<li><strong><a href=\"http:\/\/www20.gencat.cat\/portal\/site\/Llengcat\/menuitem.b318de7236aed0e7a129d410b0c0e1a0\/?vgnextoid=4ed1d17527650210VgnVCM1000008d0c1e0aRCRD&amp;vgnextchannel=4ed1d17527650210VgnVCM1000008d0c1e0aRCRD&amp;vgnextfmt=default\" target=\"_blank\" rel=\"nofollow noopener noreferrer\">Aprendre catal\u00e0 des de l&#8217;\u00e0rab<\/a><\/strong><\/li>\n<li><strong><a href=\"http:\/\/www20.gencat.cat\/portal\/site\/Llengcat\/menuitem.b318de7236aed0e7a129d410b0c0e1a0\/?vgnextoid=9223a49c2660e110VgnVCM1000008d0c1e0aRCRD&amp;vgnextchannel=9223a49c2660e110VgnVCM1000008d0c1e0aRCRD&amp;vgnextfmt=default\" target=\"_blank\" rel=\"nofollow noopener noreferrer\">Aprendre catal\u00e0 des del xin\u00e8s<\/a><\/strong><\/li>\n<li><strong><a href=\"http:\/\/www20.gencat.cat\/portal\/site\/Llengcat\/menuitem.b318de7236aed0e7a129d410b0c0e1a0\/?vgnextoid=0fdb44fde77ca210VgnVCM1000008d0c1e0aRCRD&amp;vgnextchannel=0fdb44fde77ca210VgnVCM1000008d0c1e0aRCRD&amp;vgnextfmt=default\" target=\"_blank\" rel=\"nofollow noopener noreferrer\">Aprendre catal\u00e0 des de l&#8217;urd\u00fa<\/a><\/strong><\/li>\n<li><strong><a href=\"http:\/\/www.xtec.cat\/~mgil2243\/material\/xarranca.htm\" target=\"_blank\" rel=\"nofollow noopener noreferrer\">Xarranca<\/a> <\/strong>Joc per a l&#8217;aprenentatge del catal\u00e0.<\/li>\n<li><strong><a href=\"http:\/\/www.xtec.cat\/~mgil2243\/material\/pascual.htm\" target=\"_blank\" rel=\"nofollow noopener noreferrer\">Recursos i activitats per a la comprensi\u00f3 lectora<\/a><\/strong><\/li>\n<li><strong><a href=\"https:\/\/llengua.gencat.cat\/ca\/eines_i_serveis\/llengua-des-de-casa\/\">Recursos per consultar, aprendre i divertir-se amb el catal\u00e0!<\/a><\/strong><\/li>\n<li><strong><strong><a href=\"http:\/\/xtec.gencat.cat\/ca\/projectes\/plurilinguisme\/metodologies\/tilc\/immersiolinguistica\/enrolat\/\">Enrola&#8217;t <\/a><\/strong><\/strong>Recurs tant per a l\u2019alumnat com per al professorat per treballar la llengua oral a l\u2019escola. Aplega un recull de situacions comunicatives amb la finalitat de fomentar la interacci\u00f3 entre els alumnes. La t\u00e8cnica utilitzada \u00e9s el joc de rol, tamb\u00e9 anomenat role-playing o representaci\u00f3 de papers<strong><strong>.<\/strong><\/strong>\n<div>\n<div><\/div>\n<\/div>\n<\/li>\n<\/ul>\n<div>\n<div><\/div>\n<div><strong><span style=\"color: #993366;\">MATERIAL MULTIM\u00c8DIA<\/span><\/strong><\/div>\n<div><\/div>\n<ul>\n<li><strong><a href=\"http:\/\/clic.xtec.cat\/gali\/\" target=\"_blank\" rel=\"nofollow noopener noreferrer\">Gal\u00ed <\/a><\/strong>Introdueix l&#8217;alumnat a un nivell b\u00e0sic de llengua catalana a partir d&#8217;activitats \u00a0que desenvolupen les habilitats b\u00e0siques d&#8217;escoltar, parlar, llegir i escriure.<\/li>\n<\/ul>\n<ul>\n<li><strong><a href=\"http:\/\/www.edu365.cat\/infantil\/monperunforat\/\" target=\"_blank\" rel=\"nofollow noopener noreferrer\">El m\u00f3n per un forat <\/a><\/strong>Aplicaci\u00f3 interactiva amb v\u00eddeos, fotografies, dibuixos i activitats.<\/li>\n<\/ul>\n<ul>\n<li><strong><a href=\"http:\/\/weib.caib.es\/Recursos\/abast\/home.htm\" target=\"_blank\" rel=\"nofollow noopener noreferrer\">A l&#8217;abast <\/a><\/strong>Activitats de comunicaci\u00f3 b\u00e0sica en llengua catalana.<\/li>\n<\/ul>\n<ul>\n<li><strong><a href=\"http:\/\/www.edu365.cat\/eso\/catala\/mudsmots\/index.html\">Muds de mots<\/a><\/strong> Aplicaci\u00f3 per a treballar el vocabulari de diferents camps sem\u00e0ntics.<\/li>\n<\/ul>\n<ul>\n<li><strong><a href=\"http:\/\/www.voki.com\/\" target=\"_blank\" rel=\"nofollow noopener noreferrer\">Voki <\/a><\/strong>Eina interessant per al treball de lleng\u00fces, amb la qual podem crear un avatar que reprodueix els nostres enregistraments.<\/li>\n<\/ul>\n<ul>\n<li><strong><a href=\"https:\/\/es.duolingo.com\/course\/ca\/es\/Aprender-catal%C3%A1n\">Duolingo <\/a><\/strong> Espai web i projecte social destinat a l&#8217;aprenentatge gratuit d&#8217;idiomes.<\/li>\n<\/ul>\n<\/div>\n<\/div>\n<\/div>\n<\/div>\n<ul>\n<li><strong><a href=\"https:\/\/toontastic.withgoogle.com\/\">Toontastik<\/a> <\/strong>Aplicaci\u00f3 per tauletes i m\u00f2bils que permet crear hist\u00f2ries amb personatges 3D tot gravant oralment les veus del narrador, els personatges&#8230; Excel\u00b7lent per treballar totes les habilitats ling\u00fc\u00edstiques a m\u00e9s de la imaginaci\u00f3 i la creativitat.<\/li>\n<\/ul>\n<ul>\n<li><strong><a href=\"http:\/\/radio.garden\/visit\/badalona\/po3zdJFT\">R\u00e0dio Garden<\/a> <\/strong>P\u00e0gina web a on pots escoltar milions de r\u00e0dios de tot el m\u00f3n! Permet treballar i posar en valor les lleng\u00fces arreu del m\u00f3n, i per tant, les lleng\u00fces d&#8217;origen de tot l&#8217;alumnat.<\/li>\n<\/ul>\n<div><\/div>\n<div>\n<div>\n<div>\n<p><strong><span style=\"color: #993366;\">IMATGES<\/span><\/strong><\/p>\n<ul>\n<li><strong><a href=\"https:\/\/drive.google.com\/open?id=1l6n-E0WwrtSJJJEpTaXelazoEE7tYzrE\">Domin\u00f3 d&#8217;accions<\/a><\/strong><\/li>\n<\/ul>\n<ul>\n<li><strong><a href=\"https:\/\/drive.google.com\/open?id=1YR00pYYQ2_5o5GU4nTS9tundWuvbjoMv\">Vocabulari en imatges<\/a><\/strong><\/li>\n<li><strong><a href=\"https:\/\/serveiseducatius.xtec.cat\/badalona\/recursos\/portal-de-recursos-educatius\/recursos-bancs-dimatges-i-sons\/\">Bancs d&#8217;imatges i sons<\/a><\/strong><\/li>\n<\/ul>\n<p>&nbsp;<\/p>\n<p><strong><span style=\"color: #993366;\">ALTRES RECURSOS<\/span><\/strong><\/p>\n<ul>\n<li><strong><a href=\"http:\/\/www.chino-china.com\/herramientas\/editor.html\" target=\"_blank\" rel=\"nofollow noopener noreferrer\">Escriure Xin\u00e8s<\/a><\/strong><\/li>\n<li><strong><a href=\"http:\/\/www.chino-china.com\/herramientas\/editor-pinyin.html\" target=\"_blank\" rel=\"nofollow noopener noreferrer\">Escriure pinyin<\/a><\/strong><\/li>\n<li><strong><a href=\"https:\/\/docs.google.com\/a\/xtec.cat\/viewer?a=v&amp;pid=sites&amp;srcid=eHRlYy5jYXR8Y3JwLXNhbnRhY29sb21hZ3xneDoyMjNkMmI3NjZhZjYyMTBh\" target=\"_blank\" rel=\"noopener noreferrer\">Configurar Windows per escriure Xin\u00e8s<\/a><\/strong><\/li>\n<\/ul>\n<\/div>\n<\/div>\n<\/div>\n","protected":false},"excerpt":{"rendered":"<p>RECURSOS A L&#8217;XTEC Alumnat d&#8217;origen estranger\u00a0 Alumnat nouvingut Suport ling\u00fc\u00edstic i social (atenci\u00f3 dins les aules de refer\u00e8ncia) Recursos i [&hellip;]<\/p>\n","protected":false},"author":7,"featured_media":0,"parent":0,"menu_order":0,"comment_status":"closed","ping_status":"closed","template":"","meta":{"_bbp_topic_count":0,"_bbp_reply_count":0,"_bbp_total_topic_count":0,"_bbp_total_reply_count":0,"_bbp_voice_count":0,"_bbp_anonymous_reply_count":0,"_bbp_topic_count_hidden":0,"_bbp_reply_count_hidden":0,"_bbp_forum_subforum_count":0,"site-sidebar-layout":"default","site-content-layout":"","ast-site-content-layout":"","site-content-style":"default","site-sidebar-style":"default","ast-global-header-display":"","ast-banner-title-visibility":"","ast-main-header-display":"","ast-hfb-above-header-display":"","ast-hfb-below-header-display":"","ast-hfb-mobile-header-display":"","site-post-title":"","ast-breadcrumbs-content":"","ast-featured-img":"","footer-sml-layout":"","theme-transparent-header-meta":"","adv-header-id-meta":"","stick-header-meta":"","header-above-stick-meta":"","header-main-stick-meta":"","header-below-stick-meta":"","astra-migrate-meta-layouts":"default","ast-page-background-enabled":"default","ast-page-background-meta":{"desktop":{"background-color":"var(--ast-global-color-4)","background-image":"","background-repeat":"repeat","background-position":"center center","background-size":"auto","background-attachment":"scroll","background-type":"","background-media":"","overlay-type":"","overlay-color":"","overlay-opacity":"","overlay-gradient":""},"tablet":{"background-color":"","background-image":"","background-repeat":"repeat","background-position":"center center","background-size":"auto","background-attachment":"scroll","background-type":"","background-media":"","overlay-type":"","overlay-color":"","overlay-opacity":"","overlay-gradient":""},"mobile":{"background-color":"","background-image":"","background-repeat":"repeat","background-position":"center center","background-size":"auto","background-attachment":"scroll","background-type":"","background-media":"","overlay-type":"","overlay-color":"","overlay-opacity":"","overlay-gradient":""}},"ast-content-background-meta":{"desktop":{"background-color":"var(--ast-global-color-5)","background-image":"","background-repeat":"repeat","background-position":"center center","background-size":"auto","background-attachment":"scroll","background-type":"","background-media":"","overlay-type":"","overlay-color":"","overlay-opacity":"","overlay-gradient":""},"tablet":{"background-color":"var(--ast-global-color-5)","background-image":"","background-repeat":"repeat","background-position":"center center","background-size":"auto","background-attachment":"scroll","background-type":"","background-media":"","overlay-type":"","overlay-color":"","overlay-opacity":"","overlay-gradient":""},"mobile":{"background-color":"var(--ast-global-color-5)","background-image":"","background-repeat":"repeat","background-position":"center center","background-size":"auto","background-attachment":"scroll","background-type":"","background-media":"","overlay-type":"","overlay-color":"","overlay-opacity":"","overlay-gradient":""}},"footnotes":""},"class_list":["post-11527","page","type-page","status-publish","hentry"],"post_mailing_queue_ids":[],"_links":{"self":[{"href":"https:\/\/serveiseducatius.xtec.cat\/santacolomag\/wp-json\/wp\/v2\/pages\/11527","targetHints":{"allow":["GET"]}}],"collection":[{"href":"https:\/\/serveiseducatius.xtec.cat\/santacolomag\/wp-json\/wp\/v2\/pages"}],"about":[{"href":"https:\/\/serveiseducatius.xtec.cat\/santacolomag\/wp-json\/wp\/v2\/types\/page"}],"author":[{"embeddable":true,"href":"https:\/\/serveiseducatius.xtec.cat\/santacolomag\/wp-json\/wp\/v2\/users\/7"}],"replies":[{"embeddable":true,"href":"https:\/\/serveiseducatius.xtec.cat\/santacolomag\/wp-json\/wp\/v2\/comments?post=11527"}],"version-history":[{"count":4,"href":"https:\/\/serveiseducatius.xtec.cat\/santacolomag\/wp-json\/wp\/v2\/pages\/11527\/revisions"}],"predecessor-version":[{"id":14068,"href":"https:\/\/serveiseducatius.xtec.cat\/santacolomag\/wp-json\/wp\/v2\/pages\/11527\/revisions\/14068"}],"wp:attachment":[{"href":"https:\/\/serveiseducatius.xtec.cat\/santacolomag\/wp-json\/wp\/v2\/media?parent=11527"}],"curies":[{"name":"wp","href":"https:\/\/api.w.org\/{rel}","templated":true}]}}