{"id":11507,"date":"2019-03-20T14:52:55","date_gmt":"2019-03-20T13:52:55","guid":{"rendered":"http:\/\/serveiseducatius.xtec.cat\/santacolomag\/?page_id=11507"},"modified":"2022-11-18T12:14:26","modified_gmt":"2022-11-18T11:14:26","slug":"tutoria","status":"publish","type":"page","link":"https:\/\/serveiseducatius.xtec.cat\/santacolomag\/tutoria\/","title":{"rendered":"Tutoria"},"content":{"rendered":"<p><strong>ESTRAT\u00c8GIES D&#8217;APRENENTATGE<\/strong><\/p>\n<ul>\n<li><a href=\"http:\/\/www.xtec.cat\/~ibalague\/aula\/tecniques\/tecniques.html\" target=\"_blank\" rel=\"nofollow noopener\">T\u00e8cniques d&#8217;estudi<\/a><br \/>\nDiverses t\u00e8cniques \u00fatils per als estudiants.<\/li>\n<li><a href=\"http:\/\/ntic.educacion.es\/w3\/eos\/MaterialesEducativos\/mem2006\/aprender_estudiar\/index2.html\" target=\"_blank\" rel=\"nofollow noopener\">Aprendre a estudiar<\/a><br \/>\nWeb que incorpora un recull de recursos i consells<br \/>\nper a un bon aprenentatge d&#8217;estudi.<\/li>\n<li><a href=\"http:\/\/www.escolapia.cat\/terrassa\/aulavirtual\/in_tecniques.html\" target=\"_blank\" rel=\"nofollow noopener\">T\u00e8cniques d&#8217;estudi Escola Pia<\/a><br \/>\nWeb de l&#8217;Escola Pia que cont\u00e9 enlla\u00e7os per treballar<br \/>\ni con\u00e8ixer diverses t\u00e8cniques d&#8217;estudi.<\/li>\n<\/ul>\n<div><strong>DIN\u00c0MIQUES DE GRUP<\/strong><\/div>\n<div><\/div>\n<ul style=\"list-style-type: disc;\">\n<li><a style=\"font-family: inherit; font-size: 1em;\" href=\"http:\/\/www.educarueca.org\/plan.php3\" target=\"_blank\" rel=\"nofollow noopener\">EduRueca<br \/>\n<\/a>Recull de din\u00e0miques per a treballar a l&#8217;aula<\/li>\n<\/ul>\n<div><strong>\u00a0VALORS A L&#8217;ESCOLA<\/strong><\/div>\n<div><\/div>\n<div>\n<div>\n<ul style=\"list-style-type: disc;\">\n<li><a href=\"http:\/\/escolapau.uab.cat\/convivencia\/index.php\" target=\"_blank\" rel=\"nofollow noopener\">Escola Pau de l&#8217;Universitat aut\u00f3noma de Barcelona<\/a><br \/>\nJocs i din\u00e0miques per a l&#8217;an\u00e0lisi i negociaci\u00f3 de conflictes.<\/li>\n<li><a href=\"http:\/\/www.xtec.es\/innovacio\/coeducacio\/\" target=\"_blank\" rel=\"nofollow noopener\">Coeducaci\u00f3<\/a><br \/>\nPrograma que promou la igualtat de g\u00e8nere i d&#8217;oportunitats.<\/li>\n<li><a href=\"http:\/\/www.xtec.es\/innovacio\/ciutadania\/\" target=\"_blank\" rel=\"nofollow noopener\">Educaci\u00f3 per a la ciutadania<\/a><br \/>\nPrograma que promou el comprom\u00eds dels joves a la societat.<\/li>\n<li>\n<div>\n<div><a href=\"http:\/\/www.edu3.cat\/Edu3tv\/Fitxa?p_id=43193&amp;p_ex=%E0lbum%20de%20fotos&amp;p_pe=E\" target=\"_blank\" rel=\"nofollow noopener\">Seguretat a Internet. Proposta did\u00e0ctica<\/a><\/div>\n<div>\n<p>Elaborada pel CRP de Santa Coloma \u00a0per reflexionar sobre responsabilitat i privacitat en l&#8217;\u00fas de la informaci\u00f3.<\/p>\n<\/div>\n<div><a href=\"https:\/\/drive.google.com\/file\/d\/0B7J2wtKTJ0CvLTV3NGFmX21ZMnYwdkZnVFA5eWZrQkJocGt3\/view?usp=sharing\"><span style=\"font-family: inherit; font-size: 1em;\">Guia did\u00e0ctica per fomentar la no-discriminaci\u00f3.<\/span><\/a><\/div>\n<div>\n<div>\n<p>DIVERSITAT CULTURAL,COSSOS, G\u00c8NERES I SALUT DES DE PRIMERA INF\u00c0NCIA.<\/p>\n<\/div>\n<div dir=\"ltr\"><\/div>\n<\/div>\n<\/div>\n<p><strong>ORIENTACI\u00d3<\/strong><\/p>\n<p>P\u00e0gines web d&#8217;orientaci\u00f3 acad\u00e8mica i professional per a estimular la reflexi\u00f3 de l&#8217;alumnat davant el seu itinerari\u00a0educatiu i professional.<\/p>\n<ul>\n<li style=\"list-style-type: none;\">\n<ul>\n<li><a href=\"http:\/\/www20.gencat.cat\/portal\/site\/queestudiar\" target=\"_blank\" rel=\"nofollow noopener\">Estudiar a Catalunya<\/a><\/li>\n<li><a href=\"http:\/\/www.unportal.cat\/\" target=\"_blank\" rel=\"nofollow noopener\">\u00a0Unportal<\/a><br \/>\nEl web de l&#8217;educaci\u00f3 superior a Catalunya<\/li>\n<\/ul>\n<\/li>\n<\/ul>\n<ul>\n<li style=\"list-style-type: none;\">\n<ul>\n<li><a href=\"http:\/\/phobos.xtec.cat\/orientacio\/orientacio\/web\/index.php\" target=\"_blank\" rel=\"nofollow noopener\">Orienta&#8217;t<\/a><br \/>\n<span lang=\"CA\">Orientaci\u00f3 acad\u00e8mica i professional<\/span><\/li>\n<\/ul>\n<\/li>\n<\/ul>\n<ul>\n<li style=\"list-style-type: none;\">\n<ul>\n<li><a href=\"http:\/\/www.informat.cat\/\" target=\"_blank\" rel=\"nofollow noopener\">Informa&#8217;t<\/a><\/li>\n<\/ul>\n<\/li>\n<\/ul>\n<p><span lang=\"CA\">\u00a0 \u00a0 \u00a0 \u00a0 \u00a0 Activitats propostes per l&#8217;Ajuntament de Barcelona per\u00a0triar l&#8217;itinerari acad\u00e8mic persona<\/span><span lang=\"CA\">l\u00a0<\/span><\/p>\n<ul>\n<li style=\"list-style-type: none;\">\n<ul>\n<li><a href=\"http:\/\/www.edubcn.cat\/ca\/suport_educatiu_recursos\/orientacio_transicions\/documentacio_orientacio\" target=\"_blank\" rel=\"nofollow noopener\">Edubcn<\/a><\/li>\n<\/ul>\n<\/li>\n<\/ul>\n<p>Orientaci\u00f3 acad\u00e8mica i professional de Barcelona<\/p>\n<ul>\n<li style=\"list-style-type: none;\">\n<ul>\n<li><span lang=\"CA\"><span lang=\"CA\"><a href=\"http:\/\/w27.bcn.cat\/porta22\/cat\/\" target=\"_blank\" rel=\"nofollow noopener\">Barcelona activa<\/a>\u00a0<\/span><\/span>Web per a la recerca de feina<\/li>\n<li><a href=\"https:\/\/serveiseducatius.xtec.cat\/santacolomag\/orientacio-academica-i-professional\/\">Espai d&#8217;orientaci\u00f3 acad\u00e8mica i professional al web del Servei Educatiu<br \/>\n<\/a><span lang=\"CA\"><br \/>\n<\/span><span style=\"font-size: small;\"><span lang=\"CA\"><b><br \/>\n<\/b><\/span><\/span><\/li>\n<\/ul>\n<\/li>\n<\/ul>\n<\/li>\n<\/ul>\n<\/div>\n<\/div>\n","protected":false},"excerpt":{"rendered":"<p>ESTRAT\u00c8GIES D&#8217;APRENENTATGE T\u00e8cniques d&#8217;estudi Diverses t\u00e8cniques \u00fatils per als estudiants. Aprendre a estudiar Web que incorpora un recull de recursos [&hellip;]<\/p>\n","protected":false},"author":7,"featured_media":0,"parent":0,"menu_order":0,"comment_status":"closed","ping_status":"closed","template":"","meta":{"_bbp_topic_count":0,"_bbp_reply_count":0,"_bbp_total_topic_count":0,"_bbp_total_reply_count":0,"_bbp_voice_count":0,"_bbp_anonymous_reply_count":0,"_bbp_topic_count_hidden":0,"_bbp_reply_count_hidden":0,"_bbp_forum_subforum_count":0,"site-sidebar-layout":"default","site-content-layout":"","ast-site-content-layout":"","site-content-style":"default","site-sidebar-style":"default","ast-global-header-display":"","ast-banner-title-visibility":"","ast-main-header-display":"","ast-hfb-above-header-display":"","ast-hfb-below-header-display":"","ast-hfb-mobile-header-display":"","site-post-title":"","ast-breadcrumbs-content":"","ast-featured-img":"","footer-sml-layout":"","theme-transparent-header-meta":"","adv-header-id-meta":"","stick-header-meta":"","header-above-stick-meta":"","header-main-stick-meta":"","header-below-stick-meta":"","astra-migrate-meta-layouts":"default","ast-page-background-enabled":"default","ast-page-background-meta":{"desktop":{"background-color":"var(--ast-global-color-4)","background-image":"","background-repeat":"repeat","background-position":"center center","background-size":"auto","background-attachment":"scroll","background-type":"","background-media":"","overlay-type":"","overlay-color":"","overlay-opacity":"","overlay-gradient":""},"tablet":{"background-color":"","background-image":"","background-repeat":"repeat","background-position":"center center","background-size":"auto","background-attachment":"scroll","background-type":"","background-media":"","overlay-type":"","overlay-color":"","overlay-opacity":"","overlay-gradient":""},"mobile":{"background-color":"","background-image":"","background-repeat":"repeat","background-position":"center center","background-size":"auto","background-attachment":"scroll","background-type":"","background-media":"","overlay-type":"","overlay-color":"","overlay-opacity":"","overlay-gradient":""}},"ast-content-background-meta":{"desktop":{"background-color":"var(--ast-global-color-5)","background-image":"","background-repeat":"repeat","background-position":"center center","background-size":"auto","background-attachment":"scroll","background-type":"","background-media":"","overlay-type":"","overlay-color":"","overlay-opacity":"","overlay-gradient":""},"tablet":{"background-color":"var(--ast-global-color-5)","background-image":"","background-repeat":"repeat","background-position":"center center","background-size":"auto","background-attachment":"scroll","background-type":"","background-media":"","overlay-type":"","overlay-color":"","overlay-opacity":"","overlay-gradient":""},"mobile":{"background-color":"var(--ast-global-color-5)","background-image":"","background-repeat":"repeat","background-position":"center center","background-size":"auto","background-attachment":"scroll","background-type":"","background-media":"","overlay-type":"","overlay-color":"","overlay-opacity":"","overlay-gradient":""}},"footnotes":""},"class_list":["post-11507","page","type-page","status-publish","hentry"],"post_mailing_queue_ids":[],"_links":{"self":[{"href":"https:\/\/serveiseducatius.xtec.cat\/santacolomag\/wp-json\/wp\/v2\/pages\/11507","targetHints":{"allow":["GET"]}}],"collection":[{"href":"https:\/\/serveiseducatius.xtec.cat\/santacolomag\/wp-json\/wp\/v2\/pages"}],"about":[{"href":"https:\/\/serveiseducatius.xtec.cat\/santacolomag\/wp-json\/wp\/v2\/types\/page"}],"author":[{"embeddable":true,"href":"https:\/\/serveiseducatius.xtec.cat\/santacolomag\/wp-json\/wp\/v2\/users\/7"}],"replies":[{"embeddable":true,"href":"https:\/\/serveiseducatius.xtec.cat\/santacolomag\/wp-json\/wp\/v2\/comments?post=11507"}],"version-history":[{"count":3,"href":"https:\/\/serveiseducatius.xtec.cat\/santacolomag\/wp-json\/wp\/v2\/pages\/11507\/revisions"}],"predecessor-version":[{"id":11787,"href":"https:\/\/serveiseducatius.xtec.cat\/santacolomag\/wp-json\/wp\/v2\/pages\/11507\/revisions\/11787"}],"wp:attachment":[{"href":"https:\/\/serveiseducatius.xtec.cat\/santacolomag\/wp-json\/wp\/v2\/media?parent=11507"}],"curies":[{"name":"wp","href":"https:\/\/api.w.org\/{rel}","templated":true}]}}