{"id":11470,"date":"2019-02-21T11:41:05","date_gmt":"2019-02-21T10:41:05","guid":{"rendered":"http:\/\/serveiseducatius.xtec.cat\/santacolomag\/?page_id=11470"},"modified":"2022-11-18T12:06:30","modified_gmt":"2022-11-18T11:06:30","slug":"ciencies-naturals","status":"publish","type":"page","link":"https:\/\/serveiseducatius.xtec.cat\/santacolomag\/ciencies-naturals\/","title":{"rendered":"Ci\u00e8ncies naturals"},"content":{"rendered":"<h6><strong><a href=\"https:\/\/serveiseducatius.xtec.cat\/santacolomag\/wp-content\/uploads\/usu1183\/2020\/05\/image6-1024x1024-e1589700163628.jpeg\"><img loading=\"lazy\" decoding=\"async\" class=\"size-full wp-image-13723 alignright\" src=\"https:\/\/serveiseducatius.xtec.cat\/santacolomag\/wp-content\/uploads\/usu1183\/2020\/05\/image6-1024x1024-e1589700163628.jpeg\" alt=\"\" width=\"160\" height=\"160\" \/><\/a><span style=\"color: #008000;\">Activitats, seq\u00fc\u00e8ncies did\u00e0ctiques i recursos<\/span><\/strong><\/h6>\n<ul>\n<li><b><a href=\"http:\/\/srvcnpbs.xtec.cat\/cdec\/index.php\/activitats-didactiques-inf-i-pr\/pdescoberta-3-6\" target=\"_blank\" rel=\"noopener noreferrer\" data-saferedirecturl=\"https:\/\/www.google.com\/url?q=http:\/\/srvcnpbs.xtec.cat\/cdec\/index.php\/activitats-didactiques-inf-i-pr\/pdescoberta-3-6&amp;source=gmail&amp;ust=1590666881515000&amp;usg=AFQjCNE7dT0zCDSwK2AbN-QcjcLhnDVGxg\">Projecte descoberta 3-6<\/a><\/b><\/li>\n<li><strong><strong><a href=\"https:\/\/formacio.cesire.cat\/ciencies1215\/el-projecte\/per-que-aquest-projecte\/\">Projecte Ci\u00e8ncies 12-15<\/a><\/strong><\/strong><\/li>\n<li><span style=\"font-family: helvetica, arial, sans-serif; font-size: 12pt;\"><b><a href=\"http:\/\/www.cienciesencontext.com\/\" target=\"_blank\" rel=\"noopener noreferrer\">Ci\u00e8ncies en context<\/a><\/b><\/span><\/li>\n<li><strong><strong><a href=\"http:\/\/www.xtec.cat\/web\/recursos\/ccnn\" target=\"_blank\" rel=\"nofollow noopener noreferrer\">Ci\u00e8ncies Naturals a totes les etapes educatives. XTEC<\/a><\/strong><\/strong><\/li>\n<li><strong><strong><a href=\"http:\/\/www.edu365.cat\/primaria\/natural\/index.html\" target=\"_blank\" rel=\"nofollow noopener noreferrer\">Medi Natural Prim\u00e0ria. Edu365.cat<\/a><\/strong><\/strong><\/li>\n<li><strong><strong><a href=\"http:\/\/www.edu365.cat\/eso\/bio_geo\/index.html\">Biologia i Geologia.\u00a0ESO. Edu365.cat<\/a><\/strong><\/strong><\/li>\n<li><strong><strong><a href=\"http:\/\/www.edu365.cat\/eso\/ed_fisica\/index.html\">F\u00edsica i Qu\u00edmica. Edu365.cat<\/a><\/strong><\/strong><\/li>\n<li><strong><strong><a href=\"http:\/\/apliense.xtec.cat\/arc\/\" target=\"_blank\" rel=\"nofollow noopener noreferrer\">ARC (Aplicaci\u00f3 de Recursos al Curr\u00edculum)<\/a><\/strong><\/strong><\/li>\n<li><strong><a href=\"http:\/\/www.recercaenaccio.cat\/category\/experimenta\/\" target=\"_blank\" rel=\"noopener noreferrer\" data-saferedirecturl=\"https:\/\/www.google.com\/url?q=http:\/\/www.recercaenaccio.cat\/category\/experimenta\/&amp;source=gmail&amp;ust=1590666881515000&amp;usg=AFQjCNH4rqMnJKd-jK7aBVxidTA56t2TaA\">Recerca en Acci\u00f3. <\/a><a href=\"http:\/\/www.recercaenaccio.cat\/category\/experimenta\/\" target=\"_blank\" rel=\"noopener noreferrer\" data-saferedirecturl=\"https:\/\/www.google.com\/url?q=http:\/\/www.recercaenaccio.cat\/category\/experimenta\/&amp;source=gmail&amp;ust=1590666881515000&amp;usg=AFQjCNH4rqMnJKd-jK7aBVxidTA56t2TaA\">Experiments cient\u00edfics. <\/a><\/strong><\/li>\n<li><strong><a href=\"http:\/\/www.recercaenaccio.cat\/category\/jocs-i-recursos-educatius\/\">Recerca en acci\u00f3. Jocs i recursos educatius <\/a><\/strong><\/li>\n<li><b style=\"font-family: helvetica, arial, sans-serif; font-size: 12pt;\"><a href=\"http:\/\/blocs.umanresa.cat\/educaciofub\/\" target=\"_blank\" rel=\"noopener noreferrer\">Bloc d&#8217;educaci\u00f3 de la FUB (Universitat del Bages)<\/a><\/b><\/li>\n<li><strong style=\"font-family: helvetica, arial, sans-serif; font-size: 12pt;\"><a href=\"https:\/\/tresorderecursos.com\/competencia-cientifica\/\" target=\"_blank\" rel=\"noopener noreferrer\">Tresor de recursos. Avaluar per aprendre i compet\u00e8ncia cient\u00edfica<\/a><\/strong><\/li>\n<li><strong><a href=\"https:\/\/serveiseducatius.xtec.cat\/cesire\/finestres\/\">CESIRE. Suport a la innovaci\u00f3 i recerca educativa<\/a><\/strong><\/li>\n<li><strong><a href=\"http:\/\/El Consejo Superior de Investigaciones Cient\u00edficas (CSIC)\">CESIC. Consejo Superior de Investigaciones cient\u00edficas<\/a><\/strong><br \/>\n<h6><\/h6>\n<h6><span style=\"color: #008000;\"><strong><strong>Guies de la col\u00b7lecci\u00f3 Petits Talents Cient\u00edfics<\/strong><\/strong><\/span><\/h6>\n<\/li>\n<li><strong><a href=\"https:\/\/drive.google.com\/file\/d\/1yo8TEYgNL6HnyDDsUit0TZQi3So7NfAk\/view?usp=sharing\" rel=\"nofollow\">Investiguem la mat\u00e8ria<\/a><\/strong><\/li>\n<li><strong><a href=\"http:\/\/petitstalentscientifics.fundaciorecerca.cat\/wp-content\/uploads\/2020\/02\/llibre_fenomens_astronomics_catala.pdf\">Investiguem els fen\u00f2mens meterorol\u00f2gics<\/a><\/strong><\/li>\n<li>\n<h6><strong><a style=\"font-family: inherit; font-size: 1em;\" href=\"https:\/\/media-edg.barcelona.cat\/wp-content\/uploads\/2018\/12\/14202724\/investiguem_com_funciona_el_cos_humae_web.pdf\" rel=\"nofollow\">Investiguem com funciona el cos hum\u00e0<\/a><\/strong><strong><br \/>\n<\/strong><strong><br \/>\n<\/strong><span style=\"color: #008000;\">Educaci\u00f3 ambiental<\/span><\/h6>\n<\/li>\n<li>\n<h6><a href=\"https:\/\/www.gramenet.cat\/ajuntament\/arees-municipals\/medi-ambient\/aula-ambiental-isabel-munoz\/\">Aula d&#8217;educaci\u00f3 ambiental Isabel Mu\u00f1oz <\/a>Santa Coloma de Gramenet<\/h6>\n<\/li>\n<li>\n<h6><a href=\"https:\/\/www.sostenible.cat\/article\/centre-de-recursos-barcelona-sostenible-6\">Centre de recursos Barcelona Sostenible<\/a><\/h6>\n<\/li>\n<li>\n<h6><a href=\"http:\/\/recursostic.educacion.es\/ciencias\/biosfera\/web\/\" target=\"_blank\" rel=\"nofollow noopener noreferrer\">Proyecto biosfera. <\/a>Unitats did\u00e0ctiques i experi\u00e8ncies sobre ci\u00e8ncies de la naturalesa (Biologia i Geologia) Ministerio de Educaci\u00f3n i Ciencia.<\/h6>\n<\/li>\n<li>\n<h6><a href=\"http:\/\/www.biodiversidadvirtual.org\/taxofoto\/galerias\" target=\"_blank\" rel=\"nofollow noopener noreferrer\">Biodiversidad Virtual <\/a>Banc d&#8217;imatges<\/h6>\n<\/li>\n<li>\n<h6><a href=\"http:\/\/www.esa.int\/esaKIDSes\/index.html\" target=\"_blank\" rel=\"nofollow noopener noreferrer\">ESA Kids.\u00a0 <\/a>Espai educatiu de l&#8217;Ag\u00e8ncia Espacial Europea.<\/h6>\n<\/li>\n<li>\n<h6><a href=\"http:\/\/www.nasa.gov\/offices\/education\/about\/index.html\" target=\"_blank\" rel=\"nofollow noopener noreferrer\">NASA Education. <\/a>Programa educatiu de la NASA,\u00a0en angl\u00e8s, per al professorat i l&#8217;alumnat.<\/h6>\n<\/li>\n<li>\n<h6><a href=\"https:\/\/ambientech.org\/\" target=\"_blank\" rel=\"nofollow noopener noreferrer\">Ambientech <\/a>Programa educatiu de ci\u00e8ncies tecnologia i medi\u00a0ambient.<\/h6>\n<\/li>\n<li>\n<h6><a href=\"http:\/\/enciclopedia.cat\/divulcat\" target=\"_blank\" rel=\"nofollow noopener noreferrer\">DIVULCAT <\/a>Divulgaci\u00f3 cient\u00edfica en catal\u00e0.<\/h6>\n<\/li>\n<\/ul>\n<h6><span style=\"color: #008000;\"><strong>Publicacions<\/strong><\/span><\/h6>\n<ul>\n<li>\n<h6><strong><a style=\"font-family: inherit; font-size: 1em;\" href=\"https:\/\/blogs.iec.cat\/scfis\/publicacions\/revista-de-fisica\/\">Revista electr\u00f2nica de la Societat Catalana de F\u00edsica.<\/a><\/strong><\/h6>\n<\/li>\n<li>\n<h6><strong><a href=\"https:\/\/publicacions.iec.cat\/PopulaFitxa.do?moduleName=revistes_cientifiques&amp;subModuleName=&amp;idColleccio=94\">Revista electr\u00f2nica de la Societat Catalana de Qu\u00edmica<\/a><\/strong><\/h6>\n<\/li>\n<li>\n<h6><strong><a style=\"font-family: inherit; font-size: 1em;\" href=\"https:\/\/raco.cat\/index.php\/Ciencies\">Revista del professorat de ci\u00e8ncies d&#8217;infantil,\u00a0prim\u00e0ria i secund\u00e0ria.<\/a><\/strong><\/h6>\n<\/li>\n<\/ul>\n<p><span style=\"color: #008000;\"><strong>Museus<\/strong><\/span><\/p>\n<ul>\n<li>\n<h6><strong><a href=\"http:\/\/obrasocial.lacaixa.es\/nuestroscentros\/cosmocaixabarcelona\/cosmocaixabarcelona_ca.html\" target=\"_blank\" rel=\"nofollow noopener noreferrer\">CosmoCaixa Barcelona<\/a><\/strong><\/h6>\n<\/li>\n<li>\n<h6><strong><a href=\"http:\/\/www.mnactec.cat\/\" target=\"_blank\" rel=\"nofollow noopener noreferrer\">Museu de la Ci\u00e8ncia i la T\u00e8cnica de Catalunya (mNACTEC)<\/a><\/strong><\/h6>\n<\/li>\n<li>\n<h6><strong><a href=\"http:\/\/w3.bcn.cat\/V65\/Home\/V65XMLHomeLinkPl\/0,4555,418159056,00.html\" target=\"_blank\" rel=\"nofollow noopener noreferrer\">Museu de Ci\u00e8ncies Naturals de Barcelona<\/a><\/strong><\/h6>\n<\/li>\n<li>\n<h6><strong><a href=\"http:\/\/museovirtual.csic.es\/\">Museo virtual de la Ciencia\u00a0CSIC<\/a><\/strong><\/h6>\n<\/li>\n<li>\n<h6><strong><a href=\"http:\/\/www.sciencemuseum.org.uk\/onlinestuff.aspx\" target=\"_blank\" rel=\"nofollow noopener noreferrer\">Science Museum of London<\/a><\/strong><\/h6>\n<\/li>\n<\/ul>\n<h6><\/h6>\n","protected":false},"excerpt":{"rendered":"<p>Activitats, seq\u00fc\u00e8ncies did\u00e0ctiques i recursos Projecte descoberta 3-6 Projecte Ci\u00e8ncies 12-15 Ci\u00e8ncies en context Ci\u00e8ncies Naturals a totes les etapes [&hellip;]<\/p>\n","protected":false},"author":7,"featured_media":0,"parent":0,"menu_order":0,"comment_status":"closed","ping_status":"closed","template":"","meta":{"_bbp_topic_count":0,"_bbp_reply_count":0,"_bbp_total_topic_count":0,"_bbp_total_reply_count":0,"_bbp_voice_count":0,"_bbp_anonymous_reply_count":0,"_bbp_topic_count_hidden":0,"_bbp_reply_count_hidden":0,"_bbp_forum_subforum_count":0,"site-sidebar-layout":"default","site-content-layout":"","ast-site-content-layout":"","site-content-style":"default","site-sidebar-style":"default","ast-global-header-display":"","ast-banner-title-visibility":"","ast-main-header-display":"","ast-hfb-above-header-display":"","ast-hfb-below-header-display":"","ast-hfb-mobile-header-display":"","site-post-title":"","ast-breadcrumbs-content":"","ast-featured-img":"","footer-sml-layout":"","theme-transparent-header-meta":"","adv-header-id-meta":"","stick-header-meta":"","header-above-stick-meta":"","header-main-stick-meta":"","header-below-stick-meta":"","astra-migrate-meta-layouts":"default","ast-page-background-enabled":"default","ast-page-background-meta":{"desktop":{"background-color":"var(--ast-global-color-4)","background-image":"","background-repeat":"repeat","background-position":"center center","background-size":"auto","background-attachment":"scroll","background-type":"","background-media":"","overlay-type":"","overlay-color":"","overlay-opacity":"","overlay-gradient":""},"tablet":{"background-color":"","background-image":"","background-repeat":"repeat","background-position":"center center","background-size":"auto","background-attachment":"scroll","background-type":"","background-media":"","overlay-type":"","overlay-color":"","overlay-opacity":"","overlay-gradient":""},"mobile":{"background-color":"","background-image":"","background-repeat":"repeat","background-position":"center center","background-size":"auto","background-attachment":"scroll","background-type":"","background-media":"","overlay-type":"","overlay-color":"","overlay-opacity":"","overlay-gradient":""}},"ast-content-background-meta":{"desktop":{"background-color":"var(--ast-global-color-5)","background-image":"","background-repeat":"repeat","background-position":"center center","background-size":"auto","background-attachment":"scroll","background-type":"","background-media":"","overlay-type":"","overlay-color":"","overlay-opacity":"","overlay-gradient":""},"tablet":{"background-color":"var(--ast-global-color-5)","background-image":"","background-repeat":"repeat","background-position":"center center","background-size":"auto","background-attachment":"scroll","background-type":"","background-media":"","overlay-type":"","overlay-color":"","overlay-opacity":"","overlay-gradient":""},"mobile":{"background-color":"var(--ast-global-color-5)","background-image":"","background-repeat":"repeat","background-position":"center center","background-size":"auto","background-attachment":"scroll","background-type":"","background-media":"","overlay-type":"","overlay-color":"","overlay-opacity":"","overlay-gradient":""}},"footnotes":""},"class_list":["post-11470","page","type-page","status-publish","hentry"],"post_mailing_queue_ids":[],"_links":{"self":[{"href":"https:\/\/serveiseducatius.xtec.cat\/santacolomag\/wp-json\/wp\/v2\/pages\/11470","targetHints":{"allow":["GET"]}}],"collection":[{"href":"https:\/\/serveiseducatius.xtec.cat\/santacolomag\/wp-json\/wp\/v2\/pages"}],"about":[{"href":"https:\/\/serveiseducatius.xtec.cat\/santacolomag\/wp-json\/wp\/v2\/types\/page"}],"author":[{"embeddable":true,"href":"https:\/\/serveiseducatius.xtec.cat\/santacolomag\/wp-json\/wp\/v2\/users\/7"}],"replies":[{"embeddable":true,"href":"https:\/\/serveiseducatius.xtec.cat\/santacolomag\/wp-json\/wp\/v2\/comments?post=11470"}],"version-history":[{"count":4,"href":"https:\/\/serveiseducatius.xtec.cat\/santacolomag\/wp-json\/wp\/v2\/pages\/11470\/revisions"}],"predecessor-version":[{"id":17359,"href":"https:\/\/serveiseducatius.xtec.cat\/santacolomag\/wp-json\/wp\/v2\/pages\/11470\/revisions\/17359"}],"wp:attachment":[{"href":"https:\/\/serveiseducatius.xtec.cat\/santacolomag\/wp-json\/wp\/v2\/media?parent=11470"}],"curies":[{"name":"wp","href":"https:\/\/api.w.org\/{rel}","templated":true}]}}