{"id":11463,"date":"2019-02-21T10:40:34","date_gmt":"2019-02-21T09:40:34","guid":{"rendered":"http:\/\/serveiseducatius.xtec.cat\/santacolomag\/?page_id=11463"},"modified":"2023-10-06T11:47:08","modified_gmt":"2023-10-06T09:47:08","slug":"educacio-ambiental","status":"publish","type":"page","link":"https:\/\/serveiseducatius.xtec.cat\/santacolomag\/educacio-ambiental\/","title":{"rendered":"Educaci\u00f3 ambiental"},"content":{"rendered":"<p><strong><a href=\"https:\/\/mediambient.gencat.cat\/ca\/05_ambits_dactuacio\/educacio_i_sostenibilitat\/educacio_per_a_la_sostenibilitat\/escoles_verdes\/el_programa_escoles_verdes\/\"><span style=\"color: #008000;\">PROGRAMA ESCOLES VERDES<\/span><\/a><\/strong><\/p>\n<hr \/>\n<p><strong><a href=\"https:\/\/mediambient.gencat.cat\/ca\/05_ambits_dactuacio\/educacio_i_sostenibilitat\/educacio_per_a_la_sostenibilitat\/escoles_verdes\/el_programa_escoles_verdes\/\"><img loading=\"lazy\" decoding=\"async\" class=\"alignleft wp-image-17102\" src=\"https:\/\/serveiseducatius.xtec.cat\/santacolomag\/wp-content\/uploads\/usu1183\/2021\/11\/logo-programa-escoles-verdes.png\" alt=\"\" width=\"312\" height=\"285\" \/><\/a><\/strong><strong><a href=\"https:\/\/atpscan.global.hornetsecurity.com\/index.php?atp_str=Ri3Py42vKGWGTnPCHkwN2U9jAepiJlA1IrajburW7heQu3ATy8URn8LT1zyfoZoW-n2Q1etuETsKZFozIyie6UEj_JwWXWb3qBAFFYQbW7cmVzhL8hmpMeHFEpusrprR3Xg7LbSTNGldTJia6UbbOn8lnE2Iq82-uuHDSWOsARfQUazKuln8UZzNUEKPNkvxgChUQc9uRUP3-eHYsrEornUClKuQQsBwjrqEUnwae2_WWn1TowPHlvthgHpls1R0fgdWvLVhlDYwGzXMip1GBjks6KCylFf9UK8WEGnSBhTneK_X2AZZN_uhzNVfE5aZ-WPMJZuBxynOxDFDRr6A2Q3a2ukc9Vq6ZE2yIzo6I9rCd4D2Sp-GbYNpJCM6OiNvBlGjWVRRlPNqQfsb7K0_&amp;\">Blog Escoles Verdes Barcelona Comarques<\/a><\/strong><\/p>\n<p>Escoles verdes Santa Coloma de Gramenet 2021:<br \/>\n<span style=\"font-weight: 400;\"><a href=\"https:\/\/www.gramenet.cat\/ajuntament\/arees-municipals\/educacio\/preinscripcio-i-matricula-escolar\/preinscripcio-i-matricula-a-les-escoles-bressol-municipals-2021-2022\/portes-obertes-virtuals-de-les-escoles-bressol-municipals\/coneix-les-escoles-bressol-municipals\/les-oliveres\/\">EBM Les Oliveres<\/a><br \/>\n<\/span><span style=\"font-weight: 400;\"><a href=\"https:\/\/agora.xtec.cat\/ceip-lespalmeres\/escoles-verdes\/\">Escola Les Palmeres<\/a><br \/>\n<\/span><span style=\"font-weight: 400;\"><a href=\"https:\/\/agora.xtec.cat\/ceiprodoredag\/lescola\/escola-verda\/\">Escola Merc\u00e8 Rodoreda<\/a><br \/>\n<\/span><span style=\"font-weight: 400;\"><a href=\"https:\/\/blocs.xtec.cat\/ceipprimavera\/?page_id=4426\">Escola Primavera<\/a><br \/>\n<\/span><span style=\"font-weight: 400;\"><a href=\"https:\/\/agora.xtec.cat\/esc-riera-alta\/\">Escola Riera Alta<\/a><br \/>\n<\/span><span style=\"font-weight: 400;\"><a href=\"https:\/\/agora.xtec.cat\/iesrb4\/escola-verda\/\">Institut Ramon Berenguer IV<\/a><br \/>\n<a href=\"https:\/\/agora.xtec.cat\/iestorrent\/\">Institut Torrent de les Bruixes<\/a><br \/>\n<\/span><a href=\"https:\/\/santacoloma.fedac.cat\/avuixdema\/#projectes\"><span style=\"font-weight: 400;\">FEDAC Santa Coloma<\/span><\/a><br \/>\n<strong><a href=\"https:\/\/mediambient.gencat.cat\/ca\/05_ambits_dactuacio\/educacio_i_sostenibilitat\/premis\/premi_escoles_verdes\/convocatoria-2021\/\"><br \/>\n<\/a><a href=\"https:\/\/mediambient.gencat.cat\/ca\/05_ambits_dactuacio\/educacio_i_sostenibilitat\/premis\/premi_escoles_verdes\/\"><span style=\"color: #008000;\">Premi escoles verdes<\/span><\/a><\/strong><\/p>\n<hr \/>\n<p><span style=\"font-size: 14pt; color: #008000;\"><strong><a style=\"color: #008000;\" href=\"https:\/\/www.gramenet.cat\/ajuntament\/arees-municipals\/medi-ambient\/\">Medi ambient. Ajuntament de Santa Coloma<\/a><\/strong><\/span><\/p>\n<p><img loading=\"lazy\" decoding=\"async\" class=\" wp-image-17100 alignleft\" src=\"https:\/\/serveiseducatius.xtec.cat\/santacolomag\/wp-content\/uploads\/usu1183\/2021\/11\/riubaixa-300x200.jpeg\" alt=\"\" width=\"467\" height=\"311\" \/><\/p>\n<p id=\"i4t-id-iuzi3rjhe\" class=\" content-header\"><strong><a href=\"https:\/\/www.gramenet.cat\/ajuntament\/arees-municipals\/medi-ambient\/renaturalitzacio-del-besos\/\">Renaturalitzaci\u00f3 del riu Bes\u00f2s<\/a><\/strong><br \/>\n<span style=\"font-size: 12pt;\"><a href=\"https:\/\/www.gramenet.cat\/ajuntament\/arees-municipals\/medi-ambient\/aula-ambiental-isabel-munoz\/\" data-insuit-uuid=\"9dd0cb5c-24b6-485b-970a-1584b43ead9b\">Aula ambiental Isabel Mu\u00f1oz<\/a><\/span><br \/>\n<span style=\"font-size: 12pt;\"><a href=\"https:\/\/www.gramenet.cat\/ajuntament\/arees-municipals\/medi-ambient\/ecometropoli\/\" data-insuit-uuid=\"358345af-5b59-40e8-9a2d-d656eeb9aac1\">Ecometropoli<\/a><br \/>\n<\/span><span style=\"font-size: 12pt;\"><a style=\"font-family: inherit;\" href=\"https:\/\/www.gramenet.cat\/ajuntament\/arees-municipals\/medi-ambient\/ecometropoli\/activitats-ecometropoli\/\" data-insuit-uuid=\"cdaee2c5-43e2-4dd4-a036-dd6e583b14cb\">Activiats Ecometr\u00f2poli<\/a><\/span><br \/>\n<span style=\"font-size: 12pt;\"><a href=\"https:\/\/www.gramenet.cat\/ajuntament\/arees-municipals\/medi-ambient\/horts-urbans\/\" data-insuit-uuid=\"04ccc4c7-9b8f-4661-bfa3-079f3c36502d\">Horts urbans<\/a><\/span><br \/>\n<span style=\"font-size: 12pt;\"><a href=\"https:\/\/www.gramenet.cat\/ajuntament\/arees-municipals\/medi-ambient\/agenda-21-local\/\" data-insuit-uuid=\"e7291500-e50e-4a77-81ef-2b0d2218fbfa\">Agenda 21 Local<\/a><\/span><br \/>\n<span style=\"font-size: 12pt;\"><a href=\"https:\/\/www.gramenet.cat\/ajuntament\/arees-municipals\/medi-ambient\/mobilitat\/\" data-insuit-uuid=\"d4f7f2cf-26b2-4ea1-bd58-a1f01009af48\">Mobilitat<\/a><\/span><br \/>\n<span style=\"font-size: 12pt;\"><a href=\"https:\/\/www.gramenet.cat\/ajuntament\/arees-municipals\/medi-ambient\/qualitat-de-laire\/\" data-insuit-uuid=\"a472254a-71ec-4035-9549-f8de3fff7149\">Qualitat de l&#8217;aire<\/a><\/span><br \/>\n<span style=\"font-size: 12pt;\"><a href=\"https:\/\/www.gramenet.cat\/ajuntament\/arees-municipals\/medi-ambient\/energia\/\" data-insuit-uuid=\"39a82067-4b0a-4781-8b87-cc6b5968690a\">Energia<\/a><\/span><br \/>\n<span style=\"font-size: 12pt;\"><a href=\"https:\/\/www.gramenet.cat\/ajuntament\/arees-municipals\/medi-ambient\/pla-de-sensibilitzacio-ambiental\/\" data-insuit-uuid=\"a7bf33af-cce8-4503-bcc3-ed1bad7aeb9a\">Pla de sensibilitzaci\u00f3 ambiental<\/a><\/span><br \/>\n<span style=\"font-size: 12pt;\"><a href=\"https:\/\/www.gramenet.cat\/ajuntament\/arees-municipals\/medi-ambient\/serralada-de-marina\/\" data-insuit-uuid=\"d8630ce5-651b-4a37-9e2b-c02f1600e9ec\">Serralada de Marina<\/a><\/span><br \/>\n<span style=\"font-size: 12pt;\"><a href=\"https:\/\/www.gramenet.cat\/ajuntament\/arees-municipals\/medi-ambient\/parc-fluvial-del-besos\/\" data-insuit-uuid=\"9734cf31-a69d-47ea-a7ec-bab339f19b51\">Parc Fluvial del Bes\u00f2s<\/a><\/span><br \/>\n<span style=\"font-size: 12pt;\"><a href=\"https:\/\/www.gramenet.cat\/ajuntament\/arees-municipals\/medi-ambient\/gestio-dels-residus\/\" data-insuit-uuid=\"35886229-0d51-44d3-b4cb-7476a40b9d04\">Gesti\u00f3 dels residus<\/a><br \/>\n<\/span><\/p>\n<hr \/>\n<p><span style=\"font-size: 14pt; color: #008000;\"><strong><span style=\"color: #00ccff;\"><a style=\"color: #00ccff;\" href=\"https:\/\/mediambient.gencat.cat\/ca\/05_ambits_dactuacio\/educacio_i_sostenibilitat\/\">Educaci\u00f3 i sostenibilitat (GENCAT)<\/a><\/span><br \/>\n<\/strong><a href=\"https:\/\/mediambient.gencat.cat\/ca\/05_ambits_dactuacio\/educacio_i_sostenibilitat\/educacio_per_a_la_sostenibilitat\/\"><span style=\"font-size: 12pt;\">Educaci\u00f3 per l<\/span>a sostenibilitat<\/a><br \/>\n<\/span><span style=\"font-size: 12pt;\"><a href=\"https:\/\/mediambient.gencat.cat\/ca\/05_ambits_dactuacio\/educacio_i_sostenibilitat\/desenvolupament_sostenible\/agenda-2030-ods\/implementacio-agenda-2030\/\">L\u2019Agenda 2030 per al Desenvolupament Sostenible de les Nacions\u00a0<\/a><br \/>\n<\/span><\/p>\n<hr \/>\n<div>\n<ul>\n<li><strong><a href=\"https:\/\/serveiseducatius.xtec.cat\/santacolomag\/ciencies-naturals\/\" target=\"_blank\" rel=\"noopener noreferrer\">Ensenyament de ci\u00e8ncies<\/a><\/strong><br \/>\nRecursos en l\u00ednia i p\u00e0gines web de refer\u00e8ncia en la did\u00e0ctica de les ci\u00e8ncies.<\/li>\n<li><strong><a href=\"http:\/\/escolesxesc.cat\/recursos\/\">XESC.<\/a> <\/strong>Xarxa d&#8217;Escoles per la Sostenibilitat de Catalunya<\/li>\n<\/ul>\n<ul style=\"list-style-type: disc;\">\n<li><strong><a href=\"http:\/\/www.bcn.es\/agenda21\/crbs\/\" target=\"_blank\" rel=\"nofollow noopener noreferrer\">La F\u00e0brica del Sol<\/a><\/strong><br \/>\nServei d&#8217;informaci\u00f3 i assessorament relacionat amb el medi ambient. Compta amb una exposici\u00f3 permanent i una completa programaci\u00f3 d&#8217;activitats que integra recursos audiovisuals i interactius per a un millor aprenentatge d&#8217;iniciatives sostenibles.<\/li>\n<\/ul>\n<div>\n<ul>\n<li><strong><a href=\"https:\/\/www.parcnaturalcollserola.cat\/can-coll-centre-deducacio-ambiental\/\">Can Coll. Centre d&#8217;Educaci\u00f3 Ambiental<\/a><\/strong><br \/>\nUn punt de refer\u00e8ncia per al professorat que vol incloure el Parc de Collserola com a proposta educativa<\/li>\n<\/ul>\n<ul>\n<li><strong><a href=\"http:\/\/opcions.org\/\" target=\"_blank\" rel=\"nofollow noopener noreferrer\">Opcions<\/a><\/strong><br \/>\nBloc per compartir informacions i opinions sobre el consum conscient i transformador i eines \u00fatils per portar-lo a la pr\u00e0ctica<br \/>\n.<\/li>\n<li><strong><a href=\"https:\/\/biblioteques.gencat.cat\/web\/.content\/tematic\/professionals\/bibliografies\/bibliografies_tematiques\/documents\/bibliografia_CC.pdf\">Activa&#8217;t per la just\u00edcia ambiental.<\/a><\/strong> Bibliografia especialitzada en sostenibilitat ambiental i crisi clim\u00e0tica.<br \/>\nBiblioteques de Catalunya. Juliol 2021<\/li>\n<li><strong><a href=\"https:\/\/teachersforfuturespain.org\/\">Teacher&#8217;s for Future<\/a><\/strong>. Propostes, Recursos per al professorat: materials escolars, iniciatives per fer l&#8217;escola m\u00e9s sostenible&#8230;<\/li>\n<\/ul>\n<\/div>\n<\/div>\n","protected":false},"excerpt":{"rendered":"<p>PROGRAMA ESCOLES VERDES Blog Escoles Verdes Barcelona Comarques Escoles verdes Santa Coloma de Gramenet 2021: EBM Les Oliveres Escola Les [&hellip;]<\/p>\n","protected":false},"author":7,"featured_media":0,"parent":0,"menu_order":0,"comment_status":"closed","ping_status":"closed","template":"","meta":{"_bbp_topic_count":0,"_bbp_reply_count":0,"_bbp_total_topic_count":0,"_bbp_total_reply_count":0,"_bbp_voice_count":0,"_bbp_anonymous_reply_count":0,"_bbp_topic_count_hidden":0,"_bbp_reply_count_hidden":0,"_bbp_forum_subforum_count":0,"site-sidebar-layout":"default","site-content-layout":"","ast-site-content-layout":"","site-content-style":"default","site-sidebar-style":"default","ast-global-header-display":"","ast-banner-title-visibility":"","ast-main-header-display":"","ast-hfb-above-header-display":"","ast-hfb-below-header-display":"","ast-hfb-mobile-header-display":"","site-post-title":"","ast-breadcrumbs-content":"","ast-featured-img":"","footer-sml-layout":"","theme-transparent-header-meta":"","adv-header-id-meta":"","stick-header-meta":"","header-above-stick-meta":"","header-main-stick-meta":"","header-below-stick-meta":"","astra-migrate-meta-layouts":"default","ast-page-background-enabled":"default","ast-page-background-meta":{"desktop":{"background-color":"var(--ast-global-color-4)","background-image":"","background-repeat":"repeat","background-position":"center center","background-size":"auto","background-attachment":"scroll","background-type":"","background-media":"","overlay-type":"","overlay-color":"","overlay-opacity":"","overlay-gradient":""},"tablet":{"background-color":"","background-image":"","background-repeat":"repeat","background-position":"center center","background-size":"auto","background-attachment":"scroll","background-type":"","background-media":"","overlay-type":"","overlay-color":"","overlay-opacity":"","overlay-gradient":""},"mobile":{"background-color":"","background-image":"","background-repeat":"repeat","background-position":"center center","background-size":"auto","background-attachment":"scroll","background-type":"","background-media":"","overlay-type":"","overlay-color":"","overlay-opacity":"","overlay-gradient":""}},"ast-content-background-meta":{"desktop":{"background-color":"var(--ast-global-color-5)","background-image":"","background-repeat":"repeat","background-position":"center center","background-size":"auto","background-attachment":"scroll","background-type":"","background-media":"","overlay-type":"","overlay-color":"","overlay-opacity":"","overlay-gradient":""},"tablet":{"background-color":"var(--ast-global-color-5)","background-image":"","background-repeat":"repeat","background-position":"center center","background-size":"auto","background-attachment":"scroll","background-type":"","background-media":"","overlay-type":"","overlay-color":"","overlay-opacity":"","overlay-gradient":""},"mobile":{"background-color":"var(--ast-global-color-5)","background-image":"","background-repeat":"repeat","background-position":"center center","background-size":"auto","background-attachment":"scroll","background-type":"","background-media":"","overlay-type":"","overlay-color":"","overlay-opacity":"","overlay-gradient":""}},"footnotes":""},"class_list":["post-11463","page","type-page","status-publish","hentry"],"post_mailing_queue_ids":[],"_links":{"self":[{"href":"https:\/\/serveiseducatius.xtec.cat\/santacolomag\/wp-json\/wp\/v2\/pages\/11463","targetHints":{"allow":["GET"]}}],"collection":[{"href":"https:\/\/serveiseducatius.xtec.cat\/santacolomag\/wp-json\/wp\/v2\/pages"}],"about":[{"href":"https:\/\/serveiseducatius.xtec.cat\/santacolomag\/wp-json\/wp\/v2\/types\/page"}],"author":[{"embeddable":true,"href":"https:\/\/serveiseducatius.xtec.cat\/santacolomag\/wp-json\/wp\/v2\/users\/7"}],"replies":[{"embeddable":true,"href":"https:\/\/serveiseducatius.xtec.cat\/santacolomag\/wp-json\/wp\/v2\/comments?post=11463"}],"version-history":[{"count":4,"href":"https:\/\/serveiseducatius.xtec.cat\/santacolomag\/wp-json\/wp\/v2\/pages\/11463\/revisions"}],"predecessor-version":[{"id":19772,"href":"https:\/\/serveiseducatius.xtec.cat\/santacolomag\/wp-json\/wp\/v2\/pages\/11463\/revisions\/19772"}],"wp:attachment":[{"href":"https:\/\/serveiseducatius.xtec.cat\/santacolomag\/wp-json\/wp\/v2\/media?parent=11463"}],"curies":[{"name":"wp","href":"https:\/\/api.w.org\/{rel}","templated":true}]}}