{"id":11460,"date":"2019-02-21T10:34:09","date_gmt":"2019-02-21T09:34:09","guid":{"rendered":"http:\/\/serveiseducatius.xtec.cat\/santacolomag\/?page_id=11460"},"modified":"2025-09-09T11:03:59","modified_gmt":"2025-09-09T09:03:59","slug":"ciencies-socials","status":"publish","type":"page","link":"https:\/\/serveiseducatius.xtec.cat\/santacolomag\/ciencies-socials\/","title":{"rendered":"Ci\u00e8ncies socials"},"content":{"rendered":"<p>Darrera actualitzaci\u00f3<\/p>\n<ul>\n<li><a href=\"http:\/\/www.xtec.cat\/web\/recursos\/socials\" target=\"_blank\" rel=\"nofollow noopener noreferrer\">Recursos de Ci\u00e8ncies Socials<\/a><br \/>\nRecull de recursos de ci\u00e8ncies socials de l&#8217;espai Escola oberta de la XTEC<\/li>\n<li><a href=\"http:\/\/apliense.xtec.cat\/arc\/\" target=\"_blank\" rel=\"nofollow noopener noreferrer\">ARC<\/a><br \/>\nAplicaci\u00f3 de Recobriment Curricular. Recull d\u2019activitats, seq\u00fc\u00e8ncies did\u00e0ctiques i recursos de l&#8217;\u00e0rea de ci\u00e8ncies socials i d&#8217;altres \u00e0rees.<\/li>\n<li><a href=\"http:\/\/www.edu365.cat\/primaria\/muds\/socials\/index.htm\" target=\"_blank\" rel=\"nofollow noopener noreferrer\">Medi social i cultural. Prim\u00e0ria. edu365.cat<\/a><br \/>\nActivitats de ci\u00e8ncies socials per a prim\u00e0ria publicades a edu365.cat.<\/li>\n<li><a href=\"http:\/\/www.edu365.cat\/eso\/socials\/index.html\">Ci\u00e8ncies socials. ESO. edu365.cat<\/a><br \/>\nActivitats de ci\u00e8ncies socials per a l&#8217;ESO publicades a\u00a0edu365.cat.<\/li>\n<li><a href=\"http:\/\/www.edu365.cat\/batxillerat\/modalitat\/humanitats\/index.html\">Humanitats i ci\u00e8ncies socials. educ365.cat<\/a><br \/>\nBatxillerat, mat\u00e8ries optatives<\/li>\n<li><a href=\"http:\/\/www.edu365.cat\/batxillerat\/comunes\/historia\/index.html\">Hist\u00f2ria. edu365.cat<\/a><br \/>\nBatxillerat, mat\u00e8ria comuna<\/li>\n<li><a href=\"https:\/\/sites.google.com\/site\/cerescesire\/\" target=\"_blank\" rel=\"nofollow noopener noreferrer\">Cesire Ceres<\/a><br \/>\nCentre de suport a la Innovaci\u00f3 i la Recerca Educativa en Humanitats, Ci\u00e8ncies Socials i Filosofia<\/li>\n<li><a href=\"https:\/\/mapasinteractivos.didactalia.net\/ca\/comunitat\/mapasflashinteractivos\" target=\"_blank\" rel=\"nofollow noopener noreferrer\">Mapes interactius de Didactalia<\/a><br \/>\nUna eina molt recomanable per treballar la geografia. Amb mapes de tot el m\u00f3n que es poden treballar de manera interactiva.<\/li>\n<li><a href=\"http:\/\/www.idescat.cat\/\" target=\"_blank\" rel=\"nofollow noopener noreferrer\">Institut d&#8217;Estad\u00edstica de Catalunya<\/a><br \/>\nDades de poblaci\u00f3, economia, societat, etc., de Catalunya.<\/li>\n<li><a href=\"http:\/\/www.icc.cat\/\" target=\"_blank\" rel=\"nofollow noopener noreferrer\">Institut Cartogr\u00e0fic de Catalunya<\/a><br \/>\nConsulta i desc\u00e0rrega de mapes.<\/li>\n<li><a href=\"http:\/\/www.catpaisatge.net\/cat\/materials_ctp.php\">Ciutat, territori, paisatge<\/a><br \/>\nMaterials did\u00e0ctics per al coneixement del territori i la sensibilitzaci\u00f3 envers el paisatge a Catalunya.<\/li>\n<li><a href=\"http:\/\/mdc.cbuc.cat\/index.php\" target=\"_blank\" rel=\"nofollow noopener noreferrer\">Mem\u00f2ria Digital de Catalunya<\/a><br \/>\nCol\u00b7leccions digitalitzades de revistes antigues, mapes, fotografies, cartells, etc.<\/li>\n<li><a href=\"http:\/\/webquestcat.net\/category\/ciencies-socials\/\" target=\"_blank\" rel=\"nofollow noopener noreferrer\">Webquests de ci\u00e8ncies socials<\/a><br \/>\nWebquests elaborades sobre diferents \u00e0mbits de les ci\u00e8ncies socials.<\/li>\n<li><a href=\"http:\/\/ntic.educacion.es\/v5\/web\/profesores\/asignaturas\/ciencias_sociales\/\" target=\"_blank\" rel=\"nofollow noopener noreferrer\">Ciencias Sociales.Ministerio de Educaci\u00f3n<\/a><br \/>\nRecursos per a tots els nivells de ci\u00e8ncies socials de l&#8217;INTEF (institut nacional de tecnologies educatives i formaci\u00f3 del professorat) del Ministeri d&#8217;Educaci\u00f3.<\/li>\n<li><a href=\"https:\/\/www.artehistoria.com\/es\" target=\"_blank\" rel=\"nofollow noopener noreferrer\">ArteHistoria<\/a><br \/>\nArticles, biografies, imatges, v\u00eddeos, mapes&#8230; sobre hist\u00f2ria i art.<\/li>\n<li><a href=\"https:\/\/www.nationalgeographic.org\/education\/?xpop=1\">Xpeditions. National Geographic<\/a><br \/>\nUnitats did\u00e0ctiques i activitats relacionades amb la geografia (en angl\u00e8s).<\/li>\n<li><a href=\"http:\/\/commons.wikimedia.org\/wiki\/Atlas_of_world_history\" target=\"_blank\" rel=\"nofollow noopener noreferrer\">Atlas of world history<\/a><br \/>\nRecull de mapes d&#8217;hist\u00f2ria disponibles a Wikimedia Commons.<\/li>\n<li><a href=\"http:\/\/www.atlasofworldhistory.com\/\" target=\"_blank\" rel=\"nofollow noopener noreferrer\">Atlas of World History<\/a><br \/>\nAtles hist\u00f2ric d&#8217;Europa, \u00c0sia i \u00c0frica. Abasta de l&#8217;any -3000 al 1000.<\/li>\n<li><a href=\"http:\/\/www.buxaweb.com\/historia\/cronologia\/index.htm\" target=\"_blank\" rel=\"nofollow noopener noreferrer\">Cronologia dels segles XVIII, XIX i XX<\/a><br \/>\nRecull elaborat per Juli\u00e0 Buxadera, amb els fets m\u00e9s destacats -any per any- a Catalunya, Espanya i al m\u00f3n.<\/li>\n<li><a style=\"font-family: inherit; font-size: 1em;\" href=\"https:\/\/www2.memoria.cat\/edu\/\" target=\"_blank\" rel=\"nofollow noopener noreferrer\">Mem\u00f2ria.cat<\/a><br \/>\nPortal educatiu sobre mem\u00f2ria hist\u00f2rica<\/li>\n<\/ul>\n","protected":false},"excerpt":{"rendered":"<p>Darrera actualitzaci\u00f3 Recursos de Ci\u00e8ncies Socials Recull de recursos de ci\u00e8ncies socials de l&#8217;espai Escola oberta de la XTEC ARC [&hellip;]<\/p>\n","protected":false},"author":7,"featured_media":0,"parent":0,"menu_order":0,"comment_status":"closed","ping_status":"closed","template":"","meta":{"_bbp_topic_count":0,"_bbp_reply_count":0,"_bbp_total_topic_count":0,"_bbp_total_reply_count":0,"_bbp_voice_count":0,"_bbp_anonymous_reply_count":0,"_bbp_topic_count_hidden":0,"_bbp_reply_count_hidden":0,"_bbp_forum_subforum_count":0,"site-sidebar-layout":"default","site-content-layout":"","ast-site-content-layout":"default","site-content-style":"default","site-sidebar-style":"default","ast-global-header-display":"","ast-banner-title-visibility":"","ast-main-header-display":"","ast-hfb-above-header-display":"","ast-hfb-below-header-display":"","ast-hfb-mobile-header-display":"","site-post-title":"","ast-breadcrumbs-content":"","ast-featured-img":"","footer-sml-layout":"","theme-transparent-header-meta":"","adv-header-id-meta":"","stick-header-meta":"","header-above-stick-meta":"","header-main-stick-meta":"","header-below-stick-meta":"","astra-migrate-meta-layouts":"set","ast-page-background-enabled":"default","ast-page-background-meta":{"desktop":{"background-color":"var(--ast-global-color-4)","background-image":"","background-repeat":"repeat","background-position":"center center","background-size":"auto","background-attachment":"scroll","background-type":"","background-media":"","overlay-type":"","overlay-color":"","overlay-opacity":"","overlay-gradient":""},"tablet":{"background-color":"","background-image":"","background-repeat":"repeat","background-position":"center center","background-size":"auto","background-attachment":"scroll","background-type":"","background-media":"","overlay-type":"","overlay-color":"","overlay-opacity":"","overlay-gradient":""},"mobile":{"background-color":"","background-image":"","background-repeat":"repeat","background-position":"center center","background-size":"auto","background-attachment":"scroll","background-type":"","background-media":"","overlay-type":"","overlay-color":"","overlay-opacity":"","overlay-gradient":""}},"ast-content-background-meta":{"desktop":{"background-color":"var(--ast-global-color-5)","background-image":"","background-repeat":"repeat","background-position":"center center","background-size":"auto","background-attachment":"scroll","background-type":"","background-media":"","overlay-type":"","overlay-color":"","overlay-opacity":"","overlay-gradient":""},"tablet":{"background-color":"var(--ast-global-color-5)","background-image":"","background-repeat":"repeat","background-position":"center center","background-size":"auto","background-attachment":"scroll","background-type":"","background-media":"","overlay-type":"","overlay-color":"","overlay-opacity":"","overlay-gradient":""},"mobile":{"background-color":"var(--ast-global-color-5)","background-image":"","background-repeat":"repeat","background-position":"center center","background-size":"auto","background-attachment":"scroll","background-type":"","background-media":"","overlay-type":"","overlay-color":"","overlay-opacity":"","overlay-gradient":""}},"footnotes":""},"class_list":["post-11460","page","type-page","status-publish","hentry"],"post_mailing_queue_ids":[],"_links":{"self":[{"href":"https:\/\/serveiseducatius.xtec.cat\/santacolomag\/wp-json\/wp\/v2\/pages\/11460","targetHints":{"allow":["GET"]}}],"collection":[{"href":"https:\/\/serveiseducatius.xtec.cat\/santacolomag\/wp-json\/wp\/v2\/pages"}],"about":[{"href":"https:\/\/serveiseducatius.xtec.cat\/santacolomag\/wp-json\/wp\/v2\/types\/page"}],"author":[{"embeddable":true,"href":"https:\/\/serveiseducatius.xtec.cat\/santacolomag\/wp-json\/wp\/v2\/users\/7"}],"replies":[{"embeddable":true,"href":"https:\/\/serveiseducatius.xtec.cat\/santacolomag\/wp-json\/wp\/v2\/comments?post=11460"}],"version-history":[{"count":3,"href":"https:\/\/serveiseducatius.xtec.cat\/santacolomag\/wp-json\/wp\/v2\/pages\/11460\/revisions"}],"predecessor-version":[{"id":22694,"href":"https:\/\/serveiseducatius.xtec.cat\/santacolomag\/wp-json\/wp\/v2\/pages\/11460\/revisions\/22694"}],"wp:attachment":[{"href":"https:\/\/serveiseducatius.xtec.cat\/santacolomag\/wp-json\/wp\/v2\/media?parent=11460"}],"curies":[{"name":"wp","href":"https:\/\/api.w.org\/{rel}","templated":true}]}}