{"id":11323,"date":"2019-03-13T12:07:23","date_gmt":"2019-03-13T11:07:23","guid":{"rendered":"http:\/\/serveiseducatius.xtec.cat\/santacolomag\/?page_id=11323"},"modified":"2019-04-01T17:04:52","modified_gmt":"2019-04-01T15:04:52","slug":"jornades-deducacio-infantil-0-6-curs-2018-2019","status":"publish","type":"page","link":"https:\/\/serveiseducatius.xtec.cat\/santacolomag\/jornades-deducacio-infantil-0-6-curs-2018-2019\/","title":{"rendered":"Jornades d\u2019Educaci\u00f3 Infantil 0-6. Curs 2018-2019"},"content":{"rendered":"<h2 style=\"text-align: left;\"><span style=\"font-size: large;\"><b><span style=\"color: #0b5394;\"><span class=\"m_-3185780121421500654gmail-m_4938392877433875787m_1633080528701805097m_-7242384922150942180gmail-m_938103402724842766gmail-il\"><a href=\"https:\/\/serveiseducatius.xtec.cat\/santacolomag\/wp-content\/uploads\/usu1183\/2019\/01\/Calder_llars-e1547024304437.png\"><img loading=\"lazy\" decoding=\"async\" class=\"alignleft size-full wp-image-11329\" src=\"https:\/\/serveiseducatius.xtec.cat\/santacolomag\/wp-content\/uploads\/usu1183\/2019\/01\/Calder_llars-e1547024304437.png\" alt=\"\" width=\"250\" height=\"168\" \/><\/a><\/span><\/span><\/b><\/span><\/h2>\n<h1 class=\"entry-title\"><span style=\"color: #000080;\">XIII Jornades d&#8217;Educaci\u00f3 Infantil 0-6 anys<\/span><\/h1>\n<h2 style=\"text-align: left;\"><span style=\"font-size: large;\"><b><span style=\"color: #0b5394;\"><span class=\"m_-3185780121421500654gmail-m_4938392877433875787m_1633080528701805097m_-7242384922150942180gmail-m_938103402724842766gmail-il\">\u00a0<\/span><\/span><\/b><\/span><\/h2>\n<h4><\/h4>\n<h4 style=\"text-align: left;\"><b><span style=\"color: #990000;\">Dimarts 12 de mar\u00e7 de 2019:<\/span><span style=\"color: #0b5394;\">\u00a0<\/span><\/b><\/h4>\n<div style=\"text-align: left;\"><\/div>\n<h4 style=\"text-align: left;\"><span style=\"color: #333399;\">Confer\u00e8ncia\u00a0<b>&#8220;<\/b><b>Jugar, la millor manera de cr\u00e9ixer i aprendre<\/b><b>&#8221;\u00a0<\/b><\/span><\/h4>\n<h6 style=\"text-align: left;\"><span style=\"color: #333399;\">a c\u00e0rrec d&#8217;<b>Imma Mar\u00edn<\/b>,\u00a0\u00a0especialitzada en educaci\u00f3, comunicaci\u00f3 a trav\u00e9s del joc i la ludificaci\u00f3. Fundadora de l\u2019empresa MARINVA Joc i Educaci\u00f3.<\/span><\/h6>\n<p style=\"text-align: left;\"><span style=\"color: #333399;\">Descripci\u00f3: Jugar \u00e9s una necessitat vital, un impuls primari i gratu\u00eft que ens empeny des del naixement a explorar, con\u00e8ixer i estimar el m\u00f3n. Perqu\u00e8 hi hagi joc cal que existeixi la possibilitat d\u2019escollir i de tractar els objectes i fins i tot les idees de forma no convencional. Tot aix\u00f2 \u00e9s del que parlarem i reflexionarem a la confer\u00e8ncia. I ho farem vivenciant-ho i compartint la viv\u00e8ncia.<\/span><\/p>\n<h4 style=\"text-align: left;\"><span style=\"font-size: 12pt;\"><strong><span style=\"color: #333399;\">\u00a0 \u00a0 \u00a0 \u00a0 \u00a0 \u00a0 \u00a0 \u00a0 \u00a0 \u00a0 \u00a0 \u00a0 \u00a0 \u00a0 \u00a0 \u00a0 \u00a0 \u00a0 \u00a0 \u00a0 \u00a0 \u00a0 \u00a0 \u00a0 \u00a0 \u00a0 \u00a0 \u00a0 \u00a0 \u00a0 \u00a0 \u00a0 \u00a0 \u00a0 \u00a0 \u00a0 \u00a0 \u00a0 \u00a0 \u00a0 \u00a0 \u00a0<a href=\"https:\/\/drive.google.com\/file\/d\/0B7J2wtKTJ0CvRlJfTUk4OHBoN2E3ZVAzeDFiSk84WHZQcElR\/view?usp=sharing\"> Presentaci\u00f3\u00a0<\/a> \u00a0 \u00a0 \u00a0 \u00a0<a href=\"https:\/\/drive.google.com\/file\/d\/1nz0yehk1GS6Za255iHDQ4RWrbowgikJ8\/view?usp=sharing\">V\u00eddeo confer\u00e8ncia<\/a><\/span><\/strong><\/span><\/h4>\n<h4 style=\"text-align: left;\"><b style=\"color: #990000;\">Dijous 28 de m<span style=\"color: #990000;\">ar\u00e7<\/span> de 2019:\u00a0<\/b><\/h4>\n<h4 style=\"text-align: left;\"><span style=\"color: #333399;\">Presentaci\u00f3 d&#8217;experi\u00e8ncies<\/span><\/h4>\n<h6><span style=\"color: #333399;\"><strong>EBM Minerva (Sant Andreu de Llavaneres):<\/strong> <span style=\"color: #990000;\">\u201cL\u2019evoluci\u00f3 com a canvi i transformaci\u00f3 del\u00a0pensament, per avan\u00e7ar cap a l\u2019escola que volem\u201d\u00a0\u00a0<\/span><\/span><\/h6>\n<h6><span style=\"color: #333399;\">ESC de Ma\u00e7anet de la Selva: <span style=\"color: #990000;\">\u201cEl joc dels Mini Mons\u201d\u00a0 \u00a0 \u00a0<a href=\"https:\/\/sway.office.com\/ZBhuNA7DeER1KFwn?ref=Link\">Presentaci\u00f3<\/a><\/span><\/span><\/h6>\n<h6><span style=\"color: #333399;\"><strong>EBM La Sargantana: <\/strong><span style=\"color: #990000;\"><strong>&#8220;Reciclem les matem\u00e0tiques: una nova mirada\u201d<\/strong>\u00a0 \u00a0<\/span><\/span><span style=\"color: #00ccff;\">Presentaci\u00f3<\/span><\/h6>\n<h6><span style=\"color: #333399;\">ESC LLu\u00eds Millet: <span style=\"color: #990000;\">\u201cEls espais de lliure circulaci\u00f3. Aprenentatge en comunitat\u201d\u00a0\u00a0<\/span><\/span><span style=\"color: #00ccff;\"><a style=\"color: #00ccff;\" href=\"https:\/\/drive.google.com\/file\/d\/1QOt92ToJz1iCz-pnnxoyYISawBlGvSfv\/view?usp=sharing\">Presentaci\u00f3<\/a><\/span><\/h6>\n<p>&nbsp;<\/p>\n<p><span style=\"color: #333399;\">Horari:<b style=\"font-size: 16px;\">\u00a0de 18 a 20h\u00a0<\/b><\/span><\/p>\n<div class=\"gmail_quote\">\n<div class=\"gmail_quote\">\n<div class=\"gmail_quote\">\n<div class=\"gmail_quote\">\n<div class=\"gmail_quote\">\n<div class=\"gmail_extra\">\n<p class=\"gmail_quote\"><span style=\"color: #333399;\">Lloc:<b>\u00a0Biblioteca Singuerl\u00edn &#8211; Salvador Cabr\u00e9<\/b><\/span><\/p>\n<\/div>\n<div><span style=\"color: #333399;\"><a style=\"color: #333399;\" href=\"https:\/\/aplicacions.gestioeducativa.gencat.cat\/pls\/soloas\/pk_for_mod_ins.p_for_detall_activitat?p_header=Llista%20d%27activitats^pk_for_mod_ins.p_for_cons_activitats?p_poblacio=08245%26p_any=2018-2019%26p_modalitat=51%26p_totes=s%26p_inici=1%26p_excloure_crp_rec=F&amp;p_codi=2070411207&amp;p_curs=2018-2019&amp;p_excloure_crp_rec=F\" target=\"_blank\" rel=\"noopener\" data-saferedirecturl=\"https:\/\/www.google.com\/url?q=https:\/\/aplicacions.gestioeducativa.gencat.cat\/pls\/soloas\/pk_for_mod_ins.p_for_detall_activitat?p_header%3DLlista%2520d%2527activitats%255Epk_for_mod_ins.p_for_cons_activitats?p_poblacio%3D08245%2526p_any%3D2017-2018%2526p_modalitat%3D51%2526p_totes%3Ds%2526p_inici%3D1%2526p_excloure_crp_rec%3DF%26p_codi%3D2070341207%26p_curs%3D2017-2018%26p_excloure_crp_rec%3DF&amp;source=gmail&amp;ust=1547105978393000&amp;usg=AFQjCNFss9pKrJ5DaMiC1pzE5eXQJM7eEw\"><span style=\"font-size: large;\"><b>Inscripci\u00f3<\/b>\u00a0 \u00a0 \u00a0 \u00a0 \u00a0 \u00a0 \u00a0 \u00a0 \u00a0<\/span><\/a><strong style=\"font-size: 1.125em;\"><span style=\"font-size: large;\"><a style=\"color: #333399;\" href=\"https:\/\/drive.google.com\/file\/d\/1Imb058Pl9Lce19pA8YnIpq6qCIkeNx6K\/view?usp=sharing\" target=\"_blank\" rel=\"noopener\" data-saferedirecturl=\"https:\/\/www.google.com\/url?q=https:\/\/drive.google.com\/file\/d\/1-50tlzq0H7NU8gTRjsiyhOokUi6kKKJS\/view?usp%3Dsharing&amp;source=gmail&amp;ust=1547105978394000&amp;usg=AFQjCNFqJhxJi4LqjCDL-UqPYVudeWjfrw\">Programa<\/a><\/span><\/strong><\/span><\/div>\n<\/div>\n<\/div>\n<\/div>\n<\/div>\n<\/div>\n<div>\n<div class=\"gmail_quote\">\n<div class=\"gmail_quote\">\n<div class=\"gmail_quote\">\n<div class=\"gmail_quote\">\n<div class=\"gmail_quote\">\n<div class=\"gmail_quote\">\n<div class=\"gmail_extra\">\n<div class=\"gmail_quote\">\n<h4><span style=\"color: #990000;\">\u00a0\u00a0<\/span><\/h4>\n<h5 class=\"gmail_quote\"><\/h5>\n<p><a href=\"https:\/\/serveiseducatius.xtec.cat\/santacolomag\/jornades-educacio-infantil-0-6-2017-2018\/\">Jornades anteriors<\/a><\/p>\n<\/div>\n<\/div>\n<\/div>\n<\/div>\n<\/div>\n<\/div>\n<\/div>\n<\/div>\n<\/div>\n","protected":false},"excerpt":{"rendered":"<p>XIII Jornades d&#8217;Educaci\u00f3 Infantil 0-6 anys \u00a0 Dimarts 12 de mar\u00e7 de 2019:\u00a0 Confer\u00e8ncia\u00a0&#8220;Jugar, la millor manera de cr\u00e9ixer i [&hellip;]<\/p>\n","protected":false},"author":7,"featured_media":0,"parent":0,"menu_order":0,"comment_status":"closed","ping_status":"closed","template":"","meta":{"_bbp_topic_count":0,"_bbp_reply_count":0,"_bbp_total_topic_count":0,"_bbp_total_reply_count":0,"_bbp_voice_count":0,"_bbp_anonymous_reply_count":0,"_bbp_topic_count_hidden":0,"_bbp_reply_count_hidden":0,"_bbp_forum_subforum_count":0,"site-sidebar-layout":"default","site-content-layout":"","ast-site-content-layout":"","site-content-style":"default","site-sidebar-style":"default","ast-global-header-display":"","ast-banner-title-visibility":"","ast-main-header-display":"","ast-hfb-above-header-display":"","ast-hfb-below-header-display":"","ast-hfb-mobile-header-display":"","site-post-title":"","ast-breadcrumbs-content":"","ast-featured-img":"","footer-sml-layout":"","theme-transparent-header-meta":"","adv-header-id-meta":"","stick-header-meta":"","header-above-stick-meta":"","header-main-stick-meta":"","header-below-stick-meta":"","astra-migrate-meta-layouts":"default","ast-page-background-enabled":"default","ast-page-background-meta":{"desktop":{"background-color":"var(--ast-global-color-4)","background-image":"","background-repeat":"repeat","background-position":"center center","background-size":"auto","background-attachment":"scroll","background-type":"","background-media":"","overlay-type":"","overlay-color":"","overlay-opacity":"","overlay-gradient":""},"tablet":{"background-color":"","background-image":"","background-repeat":"repeat","background-position":"center center","background-size":"auto","background-attachment":"scroll","background-type":"","background-media":"","overlay-type":"","overlay-color":"","overlay-opacity":"","overlay-gradient":""},"mobile":{"background-color":"","background-image":"","background-repeat":"repeat","background-position":"center center","background-size":"auto","background-attachment":"scroll","background-type":"","background-media":"","overlay-type":"","overlay-color":"","overlay-opacity":"","overlay-gradient":""}},"ast-content-background-meta":{"desktop":{"background-color":"var(--ast-global-color-5)","background-image":"","background-repeat":"repeat","background-position":"center center","background-size":"auto","background-attachment":"scroll","background-type":"","background-media":"","overlay-type":"","overlay-color":"","overlay-opacity":"","overlay-gradient":""},"tablet":{"background-color":"var(--ast-global-color-5)","background-image":"","background-repeat":"repeat","background-position":"center center","background-size":"auto","background-attachment":"scroll","background-type":"","background-media":"","overlay-type":"","overlay-color":"","overlay-opacity":"","overlay-gradient":""},"mobile":{"background-color":"var(--ast-global-color-5)","background-image":"","background-repeat":"repeat","background-position":"center center","background-size":"auto","background-attachment":"scroll","background-type":"","background-media":"","overlay-type":"","overlay-color":"","overlay-opacity":"","overlay-gradient":""}},"footnotes":""},"class_list":["post-11323","page","type-page","status-publish","hentry"],"post_mailing_queue_ids":[],"_links":{"self":[{"href":"https:\/\/serveiseducatius.xtec.cat\/santacolomag\/wp-json\/wp\/v2\/pages\/11323","targetHints":{"allow":["GET"]}}],"collection":[{"href":"https:\/\/serveiseducatius.xtec.cat\/santacolomag\/wp-json\/wp\/v2\/pages"}],"about":[{"href":"https:\/\/serveiseducatius.xtec.cat\/santacolomag\/wp-json\/wp\/v2\/types\/page"}],"author":[{"embeddable":true,"href":"https:\/\/serveiseducatius.xtec.cat\/santacolomag\/wp-json\/wp\/v2\/users\/7"}],"replies":[{"embeddable":true,"href":"https:\/\/serveiseducatius.xtec.cat\/santacolomag\/wp-json\/wp\/v2\/comments?post=11323"}],"version-history":[{"count":4,"href":"https:\/\/serveiseducatius.xtec.cat\/santacolomag\/wp-json\/wp\/v2\/pages\/11323\/revisions"}],"predecessor-version":[{"id":11884,"href":"https:\/\/serveiseducatius.xtec.cat\/santacolomag\/wp-json\/wp\/v2\/pages\/11323\/revisions\/11884"}],"wp:attachment":[{"href":"https:\/\/serveiseducatius.xtec.cat\/santacolomag\/wp-json\/wp\/v2\/media?parent=11323"}],"curies":[{"name":"wp","href":"https:\/\/api.w.org\/{rel}","templated":true}]}}