{"id":11140,"date":"2018-11-06T11:40:27","date_gmt":"2018-11-06T10:40:27","guid":{"rendered":"http:\/\/serveiseducatius.xtec.cat\/santacolomag\/?page_id=11140"},"modified":"2018-11-08T10:39:18","modified_gmt":"2018-11-08T09:39:18","slug":"ciencia-en-primera-persona-2018-2019","status":"publish","type":"page","link":"https:\/\/serveiseducatius.xtec.cat\/santacolomag\/ciencia-en-primera-persona-2018-2019\/","title":{"rendered":"Ci\u00e8ncia en primera persona 2018-2019"},"content":{"rendered":"<header class=\"entry-header\">\n<p class=\"entry-title\"><a href=\"https:\/\/serveiseducatius.xtec.cat\/santacolomag\/wp-content\/uploads\/usu1183\/2018\/11\/IMG_3244.jpg\"><img loading=\"lazy\" decoding=\"async\" class=\"alignleft wp-image-11168\" src=\"https:\/\/serveiseducatius.xtec.cat\/santacolomag\/wp-content\/uploads\/usu1183\/2018\/11\/IMG_3244.jpg\" alt=\"\" width=\"246\" height=\"176\" srcset=\"https:\/\/serveiseducatius.xtec.cat\/santacolomag\/wp-content\/uploads\/usu1183\/2018\/11\/IMG_3244.jpg 2540w, https:\/\/serveiseducatius.xtec.cat\/santacolomag\/wp-content\/uploads\/usu1183\/2018\/11\/IMG_3244-300x214.jpg 300w, https:\/\/serveiseducatius.xtec.cat\/santacolomag\/wp-content\/uploads\/usu1183\/2018\/11\/IMG_3244-768x548.jpg 768w, https:\/\/serveiseducatius.xtec.cat\/santacolomag\/wp-content\/uploads\/usu1183\/2018\/11\/IMG_3244-1024x731.jpg 1024w\" sizes=\"auto, (max-width: 246px) 100vw, 246px\" \/><\/a><\/p>\n<p class=\"entry-title\">\nEl passat 7 de novembre, l&#8217;alumnat de 3r i 4t d\u2019ESO i de Batxillerat de Santa Coloma de Gramenet va poder escollir assist\u00e8ncia a una d&#8217;aquestes dues confer\u00e8ncies emmarcades en la Setmana de la Ci\u00e8ncia:<strong style=\"font-family: inherit; font-size: 1em;\">\u00a0Consci\u00e8ncia cr\u00edtica: qu\u00e8 \u00e9s aix\u00f2 del canvi clim\u00e0tic i quin paper hi juguen els boscos<\/strong><i style=\"font-family: inherit; font-size: 1em; font-weight: normal;\"><b>\u00a0,\u00a0<\/b><\/i><span style=\"font-family: inherit; font-size: 1em; font-weight: normal;\">a c\u00e0rrec\u00a0de Teresa Rosas Torrent (<a href=\"https:\/\/drive.google.com\/open?id=0B7J2wtKTJ0CvMFF2OERKRENQWXVQMFd6czBsVjJMeHRmenZ3\">presentaci\u00f3 digital<\/a><\/span><span style=\"font-family: inherit; font-size: 1em; font-weight: normal;\">); i\u00a0 <strong>Cazasteroides: descubriendo asteroides con el m\u00f3vil<\/strong><\/span><strong style=\"font-family: inherit; font-size: 1em;\"><em>,<\/em><\/strong><span style=\"font-family: inherit; font-size: 1em; font-weight: normal;\">\u00a0a c\u00e0rrec de Miquel Serra-Ricart <a href=\"https:\/\/docs.google.com\/presentation\/d\/1RdunlJX_hbAzfUMD3NLrRCkM0rm1A4CNDnuMjx7d-5k\/edit?usp=sharing\">(presentaci\u00f3 digital)\u00a0<\/a><\/span><\/p>\n<\/header>\n<div class=\"entry-content\">\n<div class=\"entry-content\"><\/div>\n<div><\/div>\n<div><\/div>\n<div class=\"entry-content\"><a href=\"https:\/\/serveiseducatius.xtec.cat\/santacolomag\/conferencies-de-la-jornada-de-la-ciencia-2017\/\">Ci\u00e8ncia en primera persona, novembre 2017<\/a><\/div>\n<\/div>\n","protected":false},"excerpt":{"rendered":"<p>El passat 7 de novembre, l&#8217;alumnat de 3r i 4t d\u2019ESO i de Batxillerat de Santa Coloma de Gramenet va [&hellip;]<\/p>\n","protected":false},"author":4,"featured_media":0,"parent":0,"menu_order":0,"comment_status":"closed","ping_status":"closed","template":"","meta":{"_bbp_topic_count":0,"_bbp_reply_count":0,"_bbp_total_topic_count":0,"_bbp_total_reply_count":0,"_bbp_voice_count":0,"_bbp_anonymous_reply_count":0,"_bbp_topic_count_hidden":0,"_bbp_reply_count_hidden":0,"_bbp_forum_subforum_count":0,"site-sidebar-layout":"default","site-content-layout":"","ast-site-content-layout":"","site-content-style":"default","site-sidebar-style":"default","ast-global-header-display":"","ast-banner-title-visibility":"","ast-main-header-display":"","ast-hfb-above-header-display":"","ast-hfb-below-header-display":"","ast-hfb-mobile-header-display":"","site-post-title":"","ast-breadcrumbs-content":"","ast-featured-img":"","footer-sml-layout":"","theme-transparent-header-meta":"","adv-header-id-meta":"","stick-header-meta":"","header-above-stick-meta":"","header-main-stick-meta":"","header-below-stick-meta":"","astra-migrate-meta-layouts":"default","ast-page-background-enabled":"default","ast-page-background-meta":{"desktop":{"background-color":"var(--ast-global-color-4)","background-image":"","background-repeat":"repeat","background-position":"center center","background-size":"auto","background-attachment":"scroll","background-type":"","background-media":"","overlay-type":"","overlay-color":"","overlay-opacity":"","overlay-gradient":""},"tablet":{"background-color":"","background-image":"","background-repeat":"repeat","background-position":"center center","background-size":"auto","background-attachment":"scroll","background-type":"","background-media":"","overlay-type":"","overlay-color":"","overlay-opacity":"","overlay-gradient":""},"mobile":{"background-color":"","background-image":"","background-repeat":"repeat","background-position":"center center","background-size":"auto","background-attachment":"scroll","background-type":"","background-media":"","overlay-type":"","overlay-color":"","overlay-opacity":"","overlay-gradient":""}},"ast-content-background-meta":{"desktop":{"background-color":"var(--ast-global-color-5)","background-image":"","background-repeat":"repeat","background-position":"center center","background-size":"auto","background-attachment":"scroll","background-type":"","background-media":"","overlay-type":"","overlay-color":"","overlay-opacity":"","overlay-gradient":""},"tablet":{"background-color":"var(--ast-global-color-5)","background-image":"","background-repeat":"repeat","background-position":"center center","background-size":"auto","background-attachment":"scroll","background-type":"","background-media":"","overlay-type":"","overlay-color":"","overlay-opacity":"","overlay-gradient":""},"mobile":{"background-color":"var(--ast-global-color-5)","background-image":"","background-repeat":"repeat","background-position":"center center","background-size":"auto","background-attachment":"scroll","background-type":"","background-media":"","overlay-type":"","overlay-color":"","overlay-opacity":"","overlay-gradient":""}},"footnotes":""},"class_list":["post-11140","page","type-page","status-publish","hentry"],"post_mailing_queue_ids":[],"_links":{"self":[{"href":"https:\/\/serveiseducatius.xtec.cat\/santacolomag\/wp-json\/wp\/v2\/pages\/11140","targetHints":{"allow":["GET"]}}],"collection":[{"href":"https:\/\/serveiseducatius.xtec.cat\/santacolomag\/wp-json\/wp\/v2\/pages"}],"about":[{"href":"https:\/\/serveiseducatius.xtec.cat\/santacolomag\/wp-json\/wp\/v2\/types\/page"}],"author":[{"embeddable":true,"href":"https:\/\/serveiseducatius.xtec.cat\/santacolomag\/wp-json\/wp\/v2\/users\/4"}],"replies":[{"embeddable":true,"href":"https:\/\/serveiseducatius.xtec.cat\/santacolomag\/wp-json\/wp\/v2\/comments?post=11140"}],"version-history":[{"count":4,"href":"https:\/\/serveiseducatius.xtec.cat\/santacolomag\/wp-json\/wp\/v2\/pages\/11140\/revisions"}],"predecessor-version":[{"id":11176,"href":"https:\/\/serveiseducatius.xtec.cat\/santacolomag\/wp-json\/wp\/v2\/pages\/11140\/revisions\/11176"}],"wp:attachment":[{"href":"https:\/\/serveiseducatius.xtec.cat\/santacolomag\/wp-json\/wp\/v2\/media?parent=11140"}],"curies":[{"name":"wp","href":"https:\/\/api.w.org\/{rel}","templated":true}]}}