{"id":10753,"date":"2018-06-04T10:43:43","date_gmt":"2018-06-04T08:43:43","guid":{"rendered":"http:\/\/serveiseducatius.xtec.cat\/santacolomag\/?page_id=10753"},"modified":"2018-06-28T13:02:17","modified_gmt":"2018-06-28T11:02:17","slug":"materials-de-la-xxi-jornada-dintercanvi-dexperiencies","status":"publish","type":"page","link":"https:\/\/serveiseducatius.xtec.cat\/santacolomag\/materials-de-la-xxi-jornada-dintercanvi-dexperiencies\/","title":{"rendered":"Materials de la XXI Jornada d\u2019intercanvi d\u2019experi\u00e8ncies"},"content":{"rendered":"<header class=\"entry-header\">\n<p class=\"entry-title\">Santa Coloma de Gramenet. Biblioteca Singuerl\u00edn \u2013 Salvador Cabr\u00e9. Dimecres 27 de juny de 2018<\/p>\n<\/header>\n<div class=\"addtoany_share_save_container addtoany_content_bottom\"><\/div>\n<p><span lang=\"CA\">Confer\u00e8ncia inaugural: &#8220;<strong>Experimentaci\u00f3 i educaci\u00f3 matem\u00e0tica&#8221;<\/strong><\/span>\u00a0(<a href=\"https:\/\/drive.google.com\/open?id=1mUvM06-RyfpY4khgzwSFPqM7S3WPEH67\"><strong>presentaci\u00f3 digital<\/strong><\/a>)<\/p>\n<p><span lang=\"CA\">A c\u00e0rrec\u00a0<\/span><span lang=\"CA\">de <b>Anton Aubanell<\/b>, catedr\u00e0tic i professor jubilat de Matem\u00e0tiques a l\u2019IES Sa Palomera\u00a0(Blanes), de Did\u00e0ctica de les Matem\u00e0tiques del Departament de Matem\u00e0tica Aplicada de la UB i responsable del CREAMAT<\/span><\/p>\n<p>&nbsp;<\/p>\n<p><strong>V\u00eddeos de la Jornada<\/strong><\/p>\n<table width=\"804\">\n<tbody>\n<tr>\n<td style=\"vertical-align: top;\">\n<h6 style=\"text-align: center;\"><strong>Confer\u00e8ncia<\/strong><\/h6>\n<p><iframe loading=\"lazy\" src=\"https:\/\/www.youtube.com\/embed\/0bUBsjB89uI\" width=\"560\" height=\"315\" frameborder=\"0\" allowfullscreen=\"allowfullscreen\"><\/iframe><\/p>\n<p>&nbsp;<\/td>\n<td style=\"text-align: center; vertical-align: top;\">\n<h6><strong>Experi\u00e8ncies<\/strong><\/h6>\n<p><iframe loading=\"lazy\" src=\"https:\/\/www.youtube.com\/embed\/lN3h-uxERo4\" width=\"560\" height=\"315\" frameborder=\"0\" allowfullscreen=\"allowfullscreen\"><\/iframe><\/td>\n<\/tr>\n<\/tbody>\n<\/table>\n<p>&nbsp;<\/p>\n<hr \/>\n<table style=\"width: 759px;\" cellspacing=\"0\">\n<tbody>\n<tr>\n<td style=\"width: 757px;\" colspan=\"2\">\n<p style=\"text-align: center;\"><strong>Experi\u00e8ncies pedag\u00f2giques<\/strong><\/p>\n<\/td>\n<\/tr>\n<tr>\n<td style=\"width: 360px; vertical-align: top;\">\n<p dir=\"ltr\"><strong>El conte Col\u00b7lectiu: \u201cL\u2019home cuca i el drac\u201d.<\/strong>\u00a0Escola Ausi\u00e0s March<\/p>\n<p style=\"text-align: center;\"><a href=\"https:\/\/drive.google.com\/open?id=10o7vqHzCLRfzk80PHBzNMEWMDn1WxY_Q\">Presentaci\u00f3.<\/a><\/p>\n<p style=\"text-align: center;\"><a href=\"https:\/\/youtu.be\/lN3h-uxERo4?t=126\">V\u00eddeo.<\/a><\/p>\n<\/td>\n<td style=\"width: 397px; vertical-align: top;\"><strong>Avaluaci\u00f3 de les compet\u00e8ncies de la dimensi\u00f3 Resoluci\u00f3 de problemes.<\/strong>\u00a0Escola Ban\u00fas<\/p>\n<p style=\"text-align: center;\"><a href=\"https:\/\/drive.google.com\/open?id=1t3I0hDz5Pj0lLXuLtUXY2mHD2wut5vo-\">Presentaci\u00f3.<\/a><\/p>\n<p style=\"text-align: center;\"><a href=\"https:\/\/youtu.be\/lN3h-uxERo4?t=958\">V\u00eddeo.<\/a><\/p>\n<\/td>\n<\/tr>\n<tr>\n<td style=\"width: 360px; vertical-align: top;\"><strong> Model mat\u00e8ria: per qu\u00e8 hi ha boira a Santa Coloma<\/strong>. Escola\u00a0Miguel de Unamuno<\/p>\n<p style=\"text-align: center;\"><a href=\"https:\/\/drive.google.com\/open?id=0B7J2wtKTJ0CvcXI2Y0Zab3VBX2xxTDBLaW5nemNBX1RkdjV3\">Presentaci\u00f3.<\/a><\/p>\n<p style=\"text-align: center;\"><a href=\"https:\/\/youtu.be\/lN3h-uxERo4?t=2175\">V\u00eddeo<\/a>.<\/p>\n<\/td>\n<td style=\"width: 397px; vertical-align: top;\"><strong>Proc\u00e9s de participaci\u00f3 mitjan\u00e7ant les arts contempor\u00e0nies a l\u2019ESO<\/strong>. Institut La Bastida.<\/p>\n<p style=\"text-align: center;\"><a href=\"https:\/\/drive.google.com\/open?id=1iOxohCpzW3T4zPSwIeeV8WrB5blw3yG6\">Presentaci\u00f3.<\/a><\/p>\n<p style=\"text-align: center;\"><a href=\"https:\/\/youtu.be\/lN3h-uxERo4?t=3045\">V\u00eddeo.<\/a><\/p>\n<\/td>\n<\/tr>\n<tr>\n<td style=\"width: 360px; vertical-align: top;\" colspan=\"2\">\n<p style=\"text-align: center;\"><strong>Fem un curt.\u00a0<\/strong>Escola Santa Coloma<\/p>\n<p style=\"text-align: center;\"><a href=\"https:\/\/drive.google.com\/open?id=1Qnd3_KE9RTrwBhVhAZnRh7NWKh9TemWs\">Presentaci\u00f3 Prezi per Windows.<\/a><\/p>\n<p style=\"text-align: center;\"><a href=\"https:\/\/youtu.be\/lN3h-uxERo4?t=4603\">V\u00eddeo.<\/a><\/p>\n<\/td>\n<\/tr>\n<\/tbody>\n<\/table>\n<p>&nbsp;<\/p>\n<header class=\"entry-header\"><\/header>\n<div class=\"entry-content\">\n<div>\n<div dir=\"ltr\">\n<div><span lang=\"CA\">\u00a0<\/span><\/div>\n<\/div>\n<\/div>\n<div class=\"addtoany_share_save_container addtoany_content_bottom\"><\/div>\n<\/div>\n","protected":false},"excerpt":{"rendered":"<p>Santa Coloma de Gramenet. Biblioteca Singuerl\u00edn \u2013 Salvador Cabr\u00e9. Dimecres 27 de juny de 2018 Confer\u00e8ncia inaugural: &#8220;Experimentaci\u00f3 i educaci\u00f3 [&hellip;]<\/p>\n","protected":false},"author":7,"featured_media":0,"parent":0,"menu_order":0,"comment_status":"closed","ping_status":"closed","template":"","meta":{"_bbp_topic_count":0,"_bbp_reply_count":0,"_bbp_total_topic_count":0,"_bbp_total_reply_count":0,"_bbp_voice_count":0,"_bbp_anonymous_reply_count":0,"_bbp_topic_count_hidden":0,"_bbp_reply_count_hidden":0,"_bbp_forum_subforum_count":0,"site-sidebar-layout":"default","site-content-layout":"","ast-site-content-layout":"","site-content-style":"default","site-sidebar-style":"default","ast-global-header-display":"","ast-banner-title-visibility":"","ast-main-header-display":"","ast-hfb-above-header-display":"","ast-hfb-below-header-display":"","ast-hfb-mobile-header-display":"","site-post-title":"","ast-breadcrumbs-content":"","ast-featured-img":"","footer-sml-layout":"","theme-transparent-header-meta":"","adv-header-id-meta":"","stick-header-meta":"","header-above-stick-meta":"","header-main-stick-meta":"","header-below-stick-meta":"","astra-migrate-meta-layouts":"default","ast-page-background-enabled":"default","ast-page-background-meta":{"desktop":{"background-color":"var(--ast-global-color-4)","background-image":"","background-repeat":"repeat","background-position":"center center","background-size":"auto","background-attachment":"scroll","background-type":"","background-media":"","overlay-type":"","overlay-color":"","overlay-opacity":"","overlay-gradient":""},"tablet":{"background-color":"","background-image":"","background-repeat":"repeat","background-position":"center center","background-size":"auto","background-attachment":"scroll","background-type":"","background-media":"","overlay-type":"","overlay-color":"","overlay-opacity":"","overlay-gradient":""},"mobile":{"background-color":"","background-image":"","background-repeat":"repeat","background-position":"center center","background-size":"auto","background-attachment":"scroll","background-type":"","background-media":"","overlay-type":"","overlay-color":"","overlay-opacity":"","overlay-gradient":""}},"ast-content-background-meta":{"desktop":{"background-color":"var(--ast-global-color-5)","background-image":"","background-repeat":"repeat","background-position":"center center","background-size":"auto","background-attachment":"scroll","background-type":"","background-media":"","overlay-type":"","overlay-color":"","overlay-opacity":"","overlay-gradient":""},"tablet":{"background-color":"var(--ast-global-color-5)","background-image":"","background-repeat":"repeat","background-position":"center center","background-size":"auto","background-attachment":"scroll","background-type":"","background-media":"","overlay-type":"","overlay-color":"","overlay-opacity":"","overlay-gradient":""},"mobile":{"background-color":"var(--ast-global-color-5)","background-image":"","background-repeat":"repeat","background-position":"center center","background-size":"auto","background-attachment":"scroll","background-type":"","background-media":"","overlay-type":"","overlay-color":"","overlay-opacity":"","overlay-gradient":""}},"footnotes":""},"class_list":["post-10753","page","type-page","status-publish","hentry"],"post_mailing_queue_ids":[],"_links":{"self":[{"href":"https:\/\/serveiseducatius.xtec.cat\/santacolomag\/wp-json\/wp\/v2\/pages\/10753","targetHints":{"allow":["GET"]}}],"collection":[{"href":"https:\/\/serveiseducatius.xtec.cat\/santacolomag\/wp-json\/wp\/v2\/pages"}],"about":[{"href":"https:\/\/serveiseducatius.xtec.cat\/santacolomag\/wp-json\/wp\/v2\/types\/page"}],"author":[{"embeddable":true,"href":"https:\/\/serveiseducatius.xtec.cat\/santacolomag\/wp-json\/wp\/v2\/users\/7"}],"replies":[{"embeddable":true,"href":"https:\/\/serveiseducatius.xtec.cat\/santacolomag\/wp-json\/wp\/v2\/comments?post=10753"}],"version-history":[{"count":4,"href":"https:\/\/serveiseducatius.xtec.cat\/santacolomag\/wp-json\/wp\/v2\/pages\/10753\/revisions"}],"predecessor-version":[{"id":10843,"href":"https:\/\/serveiseducatius.xtec.cat\/santacolomag\/wp-json\/wp\/v2\/pages\/10753\/revisions\/10843"}],"wp:attachment":[{"href":"https:\/\/serveiseducatius.xtec.cat\/santacolomag\/wp-json\/wp\/v2\/media?parent=10753"}],"curies":[{"name":"wp","href":"https:\/\/api.w.org\/{rel}","templated":true}]}}