{"id":10540,"date":"2018-04-20T10:26:12","date_gmt":"2018-04-20T08:26:12","guid":{"rendered":"http:\/\/serveiseducatius.xtec.cat\/santacolomag\/?page_id=10540"},"modified":"2018-05-25T13:24:45","modified_gmt":"2018-05-25T11:24:45","slug":"ii-trobada-pedagogica-de-secundaria-cap-al-treball-per-projectes","status":"publish","type":"page","link":"https:\/\/serveiseducatius.xtec.cat\/santacolomag\/ii-trobada-pedagogica-de-secundaria-cap-al-treball-per-projectes\/","title":{"rendered":"II Trobada pedag\u00f2gica de secund\u00e0ria"},"content":{"rendered":"<p>II Trobada pedag\u00f2gica de secund\u00e0ria de Santa Coloma de Gramenet<\/p>\n<table style=\"width: 776px;\">\n<tbody>\n<tr style=\"height: 118px;\">\n<td style=\"height: 118px; width: 156px;\"><a href=\"http:\/\/serveiseducatius.xtec.cat\/santacolomag\/wp-content\/uploads\/usu1183\/2018\/01\/projectes-1-e1515504661484.jpg\"><img loading=\"lazy\" decoding=\"async\" class=\"alignleft size-thumbnail wp-image-10205\" src=\"http:\/\/serveiseducatius.xtec.cat\/santacolomag\/wp-content\/uploads\/usu1183\/2018\/01\/projectes-1-150x150.jpg\" alt=\"\" width=\"150\" height=\"150\" \/><\/a><\/td>\n<td style=\"height: 118px; width: 614px;\"><strong>Sessi\u00f3, 31 de gener de 2018<\/strong>.<br \/>\nXerrada col\u00b7loqui a c\u00e0rrec de la Isabel Llorente, directora de l\u2019institut Marta Estrada de GranollersLloc:Lloc:\u00a0Biblioteca Salvador Cabr\u00e9 &#8211; Singuerl\u00edn<br \/>\n<strong><a href=\"https:\/\/drive.google.com\/file\/d\/1QaSzkQHTxlOGEBlC7syuQ5XYlisoLqwe\/view?usp=sharing\">V\u00eddeo de la sessi\u00f3<\/a><a href=\"https:\/\/docs.google.com\/document\/d\/1MHM0px6DYjAvqYr-WbkA-31oFOn1tP8vjwtTLYmkHcM\/pub\"><br \/>\n<\/a><\/strong><strong><br \/>\nSessi\u00f3, 12 d&#8217;abril de 2018.\u00a0<\/strong><strong><a href=\"https:\/\/drive.google.com\/open?id=1iMujyVX_1oh94c4eswP2W7SZelzymv7d\">Presentaci\u00f3 d\u2019experi\u00e8ncies<br \/>\n<\/a><\/strong>Lloc:\u00a0Biblioteca Salvador Cabr\u00e9 &#8211; Singuerl\u00edn<\/td>\n<\/tr>\n<\/tbody>\n<\/table>\n<p><strong>Experi\u00e8ncies \u00a0presentade<\/strong><strong>s:<\/strong><\/p>\n<table>\n<tbody>\n<tr style=\"height: 31px;\">\n<td style=\"height: 31px;\"><b>&#8220;Contacte! &#8220;<\/b>de l\u2019INS Terra Roja de Santa Coloma de Gramenet<\/td>\n<td style=\"height: 31px;\"><a href=\"https:\/\/drive.google.com\/file\/d\/1WhE5wlycgp36jmvETGIqrmpjV98bj29D\/view?usp=sharing\">Materials de la presentaci\u00f3<\/a><\/td>\n<td style=\"height: 124px;\" rowspan=\"4\"><a href=\"https:\/\/drive.google.com\/file\/d\/1_sgY5GQD7tAPGPbli0UDcjQMyZ4QZkxA\/view?usp=sharing\">V\u00eddeo<\/a><\/td>\n<\/tr>\n<tr style=\"height: 31px;\">\n<td style=\"height: 31px;\"><strong>\u201cDescobrim el m\u00f3n\u201d<\/strong>\u00a0de l\u2019INS Num\u00e0ncia de Santa Coloma de Gramenet<\/td>\n<td style=\"height: 31px;\"><a href=\"https:\/\/drive.google.com\/file\/d\/0B7J2wtKTJ0CvYmVRZjhFXzRmTUx6Vl9yR0FmRnNIQ1VsRm5z\/view?usp=sharing\">Materials de la presentaci\u00f3<\/a><\/td>\n<\/tr>\n<tr style=\"height: 31px;\">\n<td style=\"height: 31px;\"><strong>\u201cJazz Band and rob\u00f2tica\u201d<\/strong>\u00a0de l\u2019INS Tord\u00e8ria de Tordera<\/td>\n<td style=\"height: 31px;\"><a href=\"https:\/\/drive.google.com\/file\/d\/1zZtvf2JCK24BPkS9xp1BxmPFLub4cnsD\/view?usp=sharing\">Materials de la presentaci\u00f3<\/a><\/td>\n<\/tr>\n<tr style=\"height: 31px;\">\n<td style=\"height: 31px;\"><strong>\u201c<b><i>Decostruint els projectes. Com arribar a canvis que no es quedin en la superf\u00edcie? <\/i><\/b>\u201d<\/strong>\u00a0de l\u2019INS Num\u00e0ncia<\/td>\n<td style=\"height: 31px;\"><a href=\"https:\/\/drive.google.com\/open?id=1GD6Zqxw-wZr8swwhD-rkrMY7E8vzXjRw\">Materials de la presentaci\u00f3<\/a><\/td>\n<\/tr>\n<\/tbody>\n<\/table>\n<p><a href=\"http:\/\/serveiseducatius.xtec.cat\/santacolomag\/i-trobada-pedagogica-de-secundaria-cap-al-treball-per-projectes\/\">I Trobada pedag\u00f2gica de secund\u00e0ria\u00a0<\/a><\/p>\n","protected":false},"excerpt":{"rendered":"<p>II Trobada pedag\u00f2gica de secund\u00e0ria de Santa Coloma de Gramenet Sessi\u00f3, 31 de gener de 2018. Xerrada col\u00b7loqui a c\u00e0rrec [&hellip;]<\/p>\n","protected":false},"author":7,"featured_media":0,"parent":0,"menu_order":0,"comment_status":"closed","ping_status":"closed","template":"","meta":{"_bbp_topic_count":0,"_bbp_reply_count":0,"_bbp_total_topic_count":0,"_bbp_total_reply_count":0,"_bbp_voice_count":0,"_bbp_anonymous_reply_count":0,"_bbp_topic_count_hidden":0,"_bbp_reply_count_hidden":0,"_bbp_forum_subforum_count":0,"site-sidebar-layout":"default","site-content-layout":"","ast-site-content-layout":"","site-content-style":"default","site-sidebar-style":"default","ast-global-header-display":"","ast-banner-title-visibility":"","ast-main-header-display":"","ast-hfb-above-header-display":"","ast-hfb-below-header-display":"","ast-hfb-mobile-header-display":"","site-post-title":"","ast-breadcrumbs-content":"","ast-featured-img":"","footer-sml-layout":"","theme-transparent-header-meta":"","adv-header-id-meta":"","stick-header-meta":"","header-above-stick-meta":"","header-main-stick-meta":"","header-below-stick-meta":"","astra-migrate-meta-layouts":"default","ast-page-background-enabled":"default","ast-page-background-meta":{"desktop":{"background-color":"var(--ast-global-color-4)","background-image":"","background-repeat":"repeat","background-position":"center center","background-size":"auto","background-attachment":"scroll","background-type":"","background-media":"","overlay-type":"","overlay-color":"","overlay-opacity":"","overlay-gradient":""},"tablet":{"background-color":"","background-image":"","background-repeat":"repeat","background-position":"center center","background-size":"auto","background-attachment":"scroll","background-type":"","background-media":"","overlay-type":"","overlay-color":"","overlay-opacity":"","overlay-gradient":""},"mobile":{"background-color":"","background-image":"","background-repeat":"repeat","background-position":"center center","background-size":"auto","background-attachment":"scroll","background-type":"","background-media":"","overlay-type":"","overlay-color":"","overlay-opacity":"","overlay-gradient":""}},"ast-content-background-meta":{"desktop":{"background-color":"var(--ast-global-color-5)","background-image":"","background-repeat":"repeat","background-position":"center center","background-size":"auto","background-attachment":"scroll","background-type":"","background-media":"","overlay-type":"","overlay-color":"","overlay-opacity":"","overlay-gradient":""},"tablet":{"background-color":"var(--ast-global-color-5)","background-image":"","background-repeat":"repeat","background-position":"center center","background-size":"auto","background-attachment":"scroll","background-type":"","background-media":"","overlay-type":"","overlay-color":"","overlay-opacity":"","overlay-gradient":""},"mobile":{"background-color":"var(--ast-global-color-5)","background-image":"","background-repeat":"repeat","background-position":"center center","background-size":"auto","background-attachment":"scroll","background-type":"","background-media":"","overlay-type":"","overlay-color":"","overlay-opacity":"","overlay-gradient":""}},"footnotes":""},"class_list":["post-10540","page","type-page","status-publish","hentry"],"post_mailing_queue_ids":[],"_links":{"self":[{"href":"https:\/\/serveiseducatius.xtec.cat\/santacolomag\/wp-json\/wp\/v2\/pages\/10540","targetHints":{"allow":["GET"]}}],"collection":[{"href":"https:\/\/serveiseducatius.xtec.cat\/santacolomag\/wp-json\/wp\/v2\/pages"}],"about":[{"href":"https:\/\/serveiseducatius.xtec.cat\/santacolomag\/wp-json\/wp\/v2\/types\/page"}],"author":[{"embeddable":true,"href":"https:\/\/serveiseducatius.xtec.cat\/santacolomag\/wp-json\/wp\/v2\/users\/7"}],"replies":[{"embeddable":true,"href":"https:\/\/serveiseducatius.xtec.cat\/santacolomag\/wp-json\/wp\/v2\/comments?post=10540"}],"version-history":[{"count":4,"href":"https:\/\/serveiseducatius.xtec.cat\/santacolomag\/wp-json\/wp\/v2\/pages\/10540\/revisions"}],"predecessor-version":[{"id":10725,"href":"https:\/\/serveiseducatius.xtec.cat\/santacolomag\/wp-json\/wp\/v2\/pages\/10540\/revisions\/10725"}],"wp:attachment":[{"href":"https:\/\/serveiseducatius.xtec.cat\/santacolomag\/wp-json\/wp\/v2\/media?parent=10540"}],"curies":[{"name":"wp","href":"https:\/\/api.w.org\/{rel}","templated":true}]}}