{"id":10421,"date":"2018-03-05T16:47:02","date_gmt":"2018-03-05T15:47:02","guid":{"rendered":"http:\/\/serveiseducatius.xtec.cat\/santacolomag\/?page_id=10421"},"modified":"2022-11-04T10:16:23","modified_gmt":"2022-11-04T09:16:23","slug":"centres-concertats","status":"publish","type":"page","link":"https:\/\/serveiseducatius.xtec.cat\/santacolomag\/comunitat\/centres-educatius\/centres-concertats\/","title":{"rendered":"Centres concertats"},"content":{"rendered":"<p><span style=\"font-size: small;\"><span style=\"font-size: 12pt;\"><strong>Col\u00b7legi\u00a0Fuster (08027730)<\/strong><\/span><br \/>\nc. Sant Jeroni, 38-40<br \/>\n08921 &#8211; Santa Coloma de Gramenet<br \/>\nTel\u00e8fon 933917954<br \/>\n<a href=\"http:\/\/escolafuster.blogspot.com.es\/\" target=\"_blank\" rel=\"noopener noreferrer\">Web<\/a>&#8211; <a href=\"mailto:a8027730@xtec.cat\" target=\"_blank\" rel=\"noopener noreferrer\">email<\/a><\/span><\/p>\n<hr \/>\n<p><span style=\"font-family: helvetica, arial, sans-serif; font-size: 12pt;\"><strong>Col\u00b7legi\u00a0<\/strong><\/span><span style=\"font-size: small;\"><span style=\"font-family: helvetica, arial, sans-serif; font-size: 12pt;\"><strong>Manent Rambla (08027766)<\/strong><\/span><br \/>\nrambla St. Sebasti\u00e0, 59 (secund\u00e0ria i direcci\u00f3)<br \/>\nc. St. Silvestre, 11 (infantil i prim\u00e0ria)<br \/>\n08921 &#8211; Santa Coloma de Gramenet<br \/>\nTel\u00e8fon 933861301 &#8211; Fax 933861301<br \/>\n<a href=\"http:\/\/manentrambla.cat\/\" target=\"_blank\" rel=\"nofollow noopener noreferrer\">Web<\/a>&#8211; <a href=\"mailto:a8027766@xtec.cat\" target=\"_blank\" rel=\"noopener noreferrer\">email<\/a><\/span><\/p>\n<hr \/>\n<p><span style=\"font-size: small;\"><strong><span style=\"font-size: 12pt;\">Escola FEDAC Santa Coloma (08027729)<\/span><\/strong><br \/>\npl. Sagarra, 10<br \/>\n08922 &#8211; Santa Coloma de Gramenet<br \/>\nTel\u00e8fon 933861031 \/ 933861172 &#8211; Fax 934661636<br \/>\n<a href=\"http:\/\/www.fedac.cat\/santacoloma\/\" target=\"_blank\" rel=\"nofollow noopener noreferrer\">Web<\/a>&#8211; <a href=\"mailto:colsagratcor@xtec.cat\" target=\"_blank\" rel=\"noopener noreferrer\">email<\/a><\/span><\/p>\n<hr \/>\n<p><span style=\"font-size: 12pt;\"><strong>Col\u00b7legi\u00a0<\/strong><\/span><span style=\"font-size: small;\"><span style=\"font-size: 12pt;\"><strong>Seimar (08027602)<\/strong><\/span><br \/>\npg. Llu\u00eds Companys, 5-7<br \/>\n08921 &#8211; Santa Coloma de Gramenet<br \/>\nTel\u00e8fon 934661287 &#8211; Fax 933853103<br \/>\n<a href=\"http:\/\/www.seimar.com\/\" target=\"_blank\" rel=\"nofollow noopener noreferrer\">Web<\/a>&#8211; <a href=\"mailto:a8027602@xtec.cat\" target=\"_blank\" rel=\"noopener noreferrer\">email<\/a><\/span><\/p>\n<hr \/>\n<p><span style=\"font-size: small;\"><span style=\"font-size: 12pt;\"><strong>Col\u00b7legi Singuerl\u00edn (08027559)<\/strong><\/span><br \/>\nc. Santiago Rusi\u00f1ol, 42<br \/>\n08924 &#8211; Santa Coloma de Gramenet<br \/>\nTel\u00e8fon 933912611 &#8211; Fax 933912611<br \/>\n<a href=\"http:\/\/www.singuerlin.cat\/\" target=\"_blank\" rel=\"nofollow noopener noreferrer\">Web<\/a>&#8211; <a href=\"mailto:a8027559@xtec.cat\" target=\"_blank\" rel=\"noopener noreferrer\">email<\/a><\/span><\/p>\n<hr \/>\n<p><strong><span style=\"font-size: 12pt;\">Col\u00b7legi<\/span><\/strong><span style=\"font-size: small;\"><strong><span style=\"font-size: 12pt;\">\u00a0Les Neus (08027560)<\/span><\/strong><br \/>\nRambla del Fondo, 50<br \/>\n08922 &#8211; Santa Coloma de Gramenet<br \/>\nTel\u00e8fon 933923651 &#8211; Fax 934684012<br \/>\n<a href=\"http:\/\/agora.xtec.cat\/col-vergedelesneus\/\" target=\"_blank\" rel=\"nofollow noopener noreferrer\">Web<\/a>&#8211; <a href=\"mailto:a8027560@xtec.cat\" target=\"_blank\" rel=\"noopener noreferrer\">email<\/a><\/span><\/p>\n<hr \/>\n<p><span style=\"font-size: 12pt;\"><strong>Col\u00b7legi\u00a0<\/strong><\/span><span style=\"font-size: small;\"><span style=\"font-size: 12pt;\"><strong>Virgen del Carmen (08027754)<\/strong><\/span><br \/>\nc. Sant Ramon, 11 (prim\u00e0ria i ESO)<br \/>\nc. Jacint Verdaguer, 53 (infantil)<br \/>\n08922 &#8211; Santa Coloma de Gramenet<br \/>\nTel\u00e8fon 933862058 &#8211; Fax 933862058<br \/>\n<a href=\"http:\/\/www.colegiovirgendelcarmen.cat\" target=\"_blank\" rel=\"nofollow noopener noreferrer\">Web<\/a>&#8211; <a href=\"mailto:a8027754@xtec.cat\">email<\/a><\/span><\/p>\n<hr \/>\n<p><span style=\"font-size: small;\"><strong><span style=\"font-size: 12pt;\">Centre Catal\u00e0 Comercial (08032051)<\/span><\/strong><br \/>\nc. Bruc, 16-18 (ESO)<br \/>\n<\/span>c. Marina, 5 (FP, PQPI)<br \/>\n08921 &#8211; Santa Coloma de Gramenet<br \/>\n<span style=\"color: #351c75;\">Tel\u00e8fon 933862942 &#8211; Fax 933862942<br \/>\n<\/span><a href=\"https:\/\/accc.es\/carrer-bruch\/\" target=\"_blank\" rel=\"nofollow noopener noreferrer\">Web<\/a>&#8211; <a href=\"mailto:web@accc.es\" target=\"_blank\" rel=\"noopener noreferrer\">email<\/a><\/p>\n","protected":false},"excerpt":{"rendered":"<p>Col\u00b7legi\u00a0Fuster (08027730) c. Sant Jeroni, 38-40 08921 &#8211; Santa Coloma de Gramenet Tel\u00e8fon 933917954 Web&#8211; email Col\u00b7legi\u00a0Manent Rambla (08027766) rambla [&hellip;]<\/p>\n","protected":false},"author":4,"featured_media":0,"parent":338,"menu_order":0,"comment_status":"closed","ping_status":"closed","template":"","meta":{"_bbp_topic_count":0,"_bbp_reply_count":0,"_bbp_total_topic_count":0,"_bbp_total_reply_count":0,"_bbp_voice_count":0,"_bbp_anonymous_reply_count":0,"_bbp_topic_count_hidden":0,"_bbp_reply_count_hidden":0,"_bbp_forum_subforum_count":0,"site-sidebar-layout":"default","site-content-layout":"","ast-site-content-layout":"","site-content-style":"default","site-sidebar-style":"default","ast-global-header-display":"","ast-banner-title-visibility":"","ast-main-header-display":"","ast-hfb-above-header-display":"","ast-hfb-below-header-display":"","ast-hfb-mobile-header-display":"","site-post-title":"","ast-breadcrumbs-content":"","ast-featured-img":"","footer-sml-layout":"","theme-transparent-header-meta":"","adv-header-id-meta":"","stick-header-meta":"","header-above-stick-meta":"","header-main-stick-meta":"","header-below-stick-meta":"","astra-migrate-meta-layouts":"default","ast-page-background-enabled":"default","ast-page-background-meta":{"desktop":{"background-color":"var(--ast-global-color-4)","background-image":"","background-repeat":"repeat","background-position":"center center","background-size":"auto","background-attachment":"scroll","background-type":"","background-media":"","overlay-type":"","overlay-color":"","overlay-opacity":"","overlay-gradient":""},"tablet":{"background-color":"","background-image":"","background-repeat":"repeat","background-position":"center center","background-size":"auto","background-attachment":"scroll","background-type":"","background-media":"","overlay-type":"","overlay-color":"","overlay-opacity":"","overlay-gradient":""},"mobile":{"background-color":"","background-image":"","background-repeat":"repeat","background-position":"center center","background-size":"auto","background-attachment":"scroll","background-type":"","background-media":"","overlay-type":"","overlay-color":"","overlay-opacity":"","overlay-gradient":""}},"ast-content-background-meta":{"desktop":{"background-color":"var(--ast-global-color-5)","background-image":"","background-repeat":"repeat","background-position":"center center","background-size":"auto","background-attachment":"scroll","background-type":"","background-media":"","overlay-type":"","overlay-color":"","overlay-opacity":"","overlay-gradient":""},"tablet":{"background-color":"var(--ast-global-color-5)","background-image":"","background-repeat":"repeat","background-position":"center center","background-size":"auto","background-attachment":"scroll","background-type":"","background-media":"","overlay-type":"","overlay-color":"","overlay-opacity":"","overlay-gradient":""},"mobile":{"background-color":"var(--ast-global-color-5)","background-image":"","background-repeat":"repeat","background-position":"center center","background-size":"auto","background-attachment":"scroll","background-type":"","background-media":"","overlay-type":"","overlay-color":"","overlay-opacity":"","overlay-gradient":""}},"footnotes":""},"class_list":["post-10421","page","type-page","status-publish","hentry"],"post_mailing_queue_ids":[],"_links":{"self":[{"href":"https:\/\/serveiseducatius.xtec.cat\/santacolomag\/wp-json\/wp\/v2\/pages\/10421","targetHints":{"allow":["GET"]}}],"collection":[{"href":"https:\/\/serveiseducatius.xtec.cat\/santacolomag\/wp-json\/wp\/v2\/pages"}],"about":[{"href":"https:\/\/serveiseducatius.xtec.cat\/santacolomag\/wp-json\/wp\/v2\/types\/page"}],"author":[{"embeddable":true,"href":"https:\/\/serveiseducatius.xtec.cat\/santacolomag\/wp-json\/wp\/v2\/users\/4"}],"replies":[{"embeddable":true,"href":"https:\/\/serveiseducatius.xtec.cat\/santacolomag\/wp-json\/wp\/v2\/comments?post=10421"}],"version-history":[{"count":3,"href":"https:\/\/serveiseducatius.xtec.cat\/santacolomag\/wp-json\/wp\/v2\/pages\/10421\/revisions"}],"predecessor-version":[{"id":11949,"href":"https:\/\/serveiseducatius.xtec.cat\/santacolomag\/wp-json\/wp\/v2\/pages\/10421\/revisions\/11949"}],"up":[{"embeddable":true,"href":"https:\/\/serveiseducatius.xtec.cat\/santacolomag\/wp-json\/wp\/v2\/pages\/338"}],"wp:attachment":[{"href":"https:\/\/serveiseducatius.xtec.cat\/santacolomag\/wp-json\/wp\/v2\/media?parent=10421"}],"curies":[{"name":"wp","href":"https:\/\/api.w.org\/{rel}","templated":true}]}}