{"id":10418,"date":"2018-03-05T15:33:41","date_gmt":"2018-03-05T14:33:41","guid":{"rendered":"http:\/\/serveiseducatius.xtec.cat\/santacolomag\/?page_id=10418"},"modified":"2022-11-04T10:13:29","modified_gmt":"2022-11-04T09:13:29","slug":"instituts","status":"publish","type":"page","link":"https:\/\/serveiseducatius.xtec.cat\/santacolomag\/comunitat\/centres-educatius\/instituts\/","title":{"rendered":"Instituts"},"content":{"rendered":"<p><strong>INS Can Peixauet (08059329)<\/strong><br \/>\nc. Moss\u00e8n Jacint Verdaguer, 10-12<br \/>\n08923 &#8211; Santa Coloma de Gramenet<br \/>\nTel\u00e8fon 934665050 &#8211; Fax 934664510<br \/>\n<a href=\"http:\/\/agora.xtec.cat\/iescanpeixauet\/\" target=\"_blank\" rel=\"nofollow noopener noreferrer\">Web<\/a> &#8211; <a href=\"mailto:a8059329@xtec.cat\" target=\"_blank\" rel=\"noopener noreferrer\">email\u00a0\u00a0\u00a0\u00a0<\/a>Ensenyaments impartits: educaci\u00f3 secund\u00e0ria obligat\u00f2ria, batxillerat modalitat de ci\u00e8ncies i tecnologia, batxillerat modalitat d&#8217;humanitats i ci\u00e8ncies socials<\/p>\n<hr \/>\n<p><strong>INS de Santa Coloma (08075074)<\/strong><br \/>\nc. Moss\u00e8n Jacint Verdaguer, 16<br \/>\n08922 &#8211; Santa Coloma de Gramenet<br \/>\nTel\u00e8fon\u00a0667076691<br \/>\n<a href=\"http:\/\/agora.xtec.cat\/insdesantacoloma\/\">Web<\/a> &#8211; <a href=\"a8075074@xtec.cat\">email<\/a> \u00a0Ensenyaments impartits: ESO<\/p>\n<hr \/>\n<p><strong>INS Terra Roja (08034001)<\/strong><br \/>\nCircumval\u00b7laci\u00f3, 45-57<br \/>\n08923 &#8211; Santa Coloma de Gramenet<br \/>\nTel\u00e8fon 933869004\/933869308 &#8211; Fax 933857058<br \/>\n<a href=\"http:\/\/agora.xtec.cat\/iesterraroja\/\" target=\"_blank\" rel=\"nofollow noopener noreferrer\">Web<\/a> &#8211; <a href=\"mailto:iesterraroja@xtec.cat\" target=\"_blank\" rel=\"noopener noreferrer\">email\u00a0\u00a0\u00a0<\/a>Ensenyaments impartits: educaci\u00f3 secund\u00e0ria obligat\u00f2ria, batxillerat modalitat de ci\u00e8ncies de la naturalesa i de la salut, batxillerat modalitat d&#8217;humanitats i ci\u00e8ncies socials, batxillerat modalitat de tecnologia, PFI\u00a0(Programa de Formaci\u00f3 i Inserci\u00f3)\u00a0Auxiliar de vendes, oficina i atenci\u00f3 al p\u00fablic<\/p>\n<hr \/>\n<p><strong>INS La Bastida (08037176)<\/strong><br \/>\nc. Santa Eul\u00e0lia, s\/n<br \/>\n08921 &#8211; Santa Coloma de Gramenet Tel\u00e8fon 933924261 &#8211; Fax 933924507<br \/>\n<a href=\"http:\/\/www.institutlabastida.org\/\" target=\"_blank\" rel=\"nofollow noopener noreferrer\">Web<\/a> &#8211; <a href=\"mailto:ieslabastida@xtec.cat\">email\u00a0\u00a0\u00a0<\/a>Ensenyaments impartits: educaci\u00f3 secund\u00e0ria obligat\u00f2ria, batxillerat modalitat de ci\u00e8ncies i tecnologia, batxillerat modalitat d&#8217;humanitats i ci\u00e8ncies socials. Cicles formatius de grau mitj\u00e0: equips electr\u00f2nics de consum; atenci\u00f3 sociosanit\u00e0ria; muntatge i manteniment d&#8217;instal.lacions de fred, climatitzaci\u00f3 i producci\u00f3 de calor; i conducci\u00f3 d&#8217;activitats f\u00edsico-esportives en el medi natural. Cicles formatius de grau superior: desenvolupament i aplicaci\u00f3 de projectes de construcci\u00f3; desenvolupament de productes electr\u00f2nics; educaci\u00f3 infantil, integraci\u00f3 social; i animaci\u00f3 sociocultural, animaci\u00f3 d&#8217;activitats f\u00edsiques i esportives. Curs de preparaci\u00f3 de la prova d&#8217;acc\u00e9s als cicles formatius de grau superior.\u00a0PFI\u00a0(Programa de Formaci\u00f3 i Inserci\u00f3)\u00a0Auxiliar de pintura, CAS (curs d&#8217;acc\u00e9s a cicles superiors).<\/p>\n<hr \/>\n<p><strong>INS Les Vinyes (08034643)<\/strong><br \/>\nc. Am\u00e8rica, 53<br \/>\n08924 &#8211; Santa Coloma de Gramenet<br \/>\nTel\u00e8fon 933911661 &#8211; Fax 934682271<br \/>\n<a href=\"http:\/\/www.ieslesvinyes.org\/\" target=\"_blank\" rel=\"nofollow noopener noreferrer\">Web<\/a> &#8211; <a href=\"mailto:ieslesvinyes@xtec.cat\" target=\"_blank\" rel=\"noopener noreferrer\">email\u00a0\u00a0\u00a0\u00a0<\/a>Ensenyaments impartits: educaci\u00f3 secund\u00e0ria obligat\u00f2ria, batxillerat modalitat de ci\u00e8ncies de la naturalesa i de la salut, batxillerat modalitat d&#8217;humanitats i ci\u00e8ncies socials, batxillerat modalitat de tecnologia. Cicles formatius de grau mitj\u00e0: electromec\u00e0nica de vehicles; carrosseria; cures d&#8217;auxiliar d&#8217;infermeria; farm\u00e0cia. Cicles formatius de grau superior: an\u00e0lisi i control, diet\u00e8tica, laboratori de diagn\u00f2stic cl\u00ednic, patronatge.\u00a0PFI (Programa de Formaci\u00f3 i Inserci\u00f3) d&#8217;Auxiliar de perruqueria i\u00a0Auxiliar de reparaci\u00f3 i manteniment de vehicles lleugers<\/p>\n<hr \/>\n<p><strong>INS Ramon Berenguer IV (08056985)<\/strong><br \/>\nav. Ramon Berenguer IV, 157<br \/>\n08924 &#8211; Santa Coloma de Gramenet<br \/>\nTel\u00e8fon 933926227 &#8211; Fax 934682877<br \/>\n<a href=\"http:\/\/agora.xtec.cat\/iesrb4\/\" target=\"_blank\" rel=\"nofollow noopener noreferrer\">Web<\/a> &#8211; <a href=\"mailto:a8056985@xtec.cat\" target=\"_blank\" rel=\"noopener noreferrer\">email<\/a>\u00a0 \u00a0Ensenyaments impartits: educaci\u00f3 secund\u00e0ria obligat\u00f2ria, batxillerat modalitat d&#8217;arts pl\u00e0stiques, modalitat arts esc\u00e8niques, batxillerat modalitat de ci\u00e8ncies de la naturalesa i de la salut, batxillerat modalitat d&#8217;humanitats i ci\u00e8ncies socials, batxillerat modalitat de tecnologia. Cicles formatius de grau mitj\u00e0: Activitats comercials i Jardineria i floristeria. IFE Aux. en Cura d\u2019Animals i Espais Verds<\/p>\n<hr \/>\n<p><strong>INS Torrent de les Bruixes (08035325)<\/strong><br \/>\nc. Santa Eul\u00e0lia, s\/n<br \/>\n08924 &#8211; Santa Coloma de Gramenet<br \/>\nTel\u00e8fon 934685885 &#8211; Fax 933924457<br \/>\n<a href=\"http:\/\/www.xtec.cat\/iestorrent\/index.html\" target=\"_blank\" rel=\"nofollow noopener noreferrer\">Web<\/a> &#8211; <a href=\"mailto:a8035325@xtec.cat\" target=\"_blank\" rel=\"noopener noreferrer\">email<\/a>\u00a0 \u00a0Ensenyaments impartits: educaci\u00f3 secund\u00e0ria obligat\u00f2ria, batxillerat modalitat de ci\u00e8ncies de la naturalesa i de la salut, batxillerat modalitat d&#8217;humanitats i ci\u00e8ncies socials, batxillerat modalitat de tecnologia<\/p>\n<hr \/>\n<p><strong>INS Num\u00e0ncia (08053078)<\/strong><br \/>\nc. Prat de la Riba, 118<br \/>\n08921 &#8211; Santa Coloma de Gramenet<br \/>\nTel\u00e8fon 933912053 &#8211; Fax 934861626<br \/>\n<a href=\"http:\/\/numancia.cat\/web3\/\" target=\"_blank\" rel=\"nofollow noopener noreferrer\">Web<\/a> &#8211; <a href=\"mailto:iesnumancia@xtec.cat\" target=\"_blank\" rel=\"noopener noreferrer\">email\u00a0\u00a0\u00a0<\/a>Ensenyaments impartits: educaci\u00f3 especial, educaci\u00f3 secund\u00e0ria obligat\u00f2ria, batxillerat modalitat de ci\u00e8ncies de la naturalesa i de la salut, batxillerat modalitat d&#8217;humanitats i ci\u00e8ncies socials, batxillerat modalitat de tecnologia<\/p>\n<hr \/>\n<p><strong>INS Puig Castellar (08028047)<\/strong><br \/>\nc. Anselm de Rius, 10<br \/>\n08924 &#8211; Santa Coloma de Gramenet<br \/>\nTel\u00e8fon 933916111 &#8211; Fax 933924407<br \/>\n<a href=\"http:\/\/elpuig.xeill.net\/\" target=\"_blank\" rel=\"nofollow noopener noreferrer\">Web <\/a>&#8211; <a href=\"mailto:iespuigcastellar@xtec.cat\" target=\"_blank\" rel=\"noopener noreferrer\">email<\/a>\u00a0 \u00a0Ensenyaments impartits: educaci\u00f3 secund\u00e0ria obligat\u00f2ria, batxillerats (di\u00fcrn i nocturn) de les modalitats de ci\u00e8ncies de la naturalesa i de la salut, d&#8217;humanitats i ci\u00e8ncies socials, i de tecnologia. Cicles formatius de grau mitj\u00e0: gesti\u00f3 administrativa, explotaci\u00f3 de sistemes inform\u00e0tics. Cicles formatius de grau superior: administraci\u00f3 i finances, administraci\u00f3 de sistemes inform\u00e0tics i desenvolupament d&#8217;aplicacions inform\u00e0tiques.<\/p>\n","protected":false},"excerpt":{"rendered":"<p>INS Can Peixauet (08059329) c. Moss\u00e8n Jacint Verdaguer, 10-12 08923 &#8211; Santa Coloma de Gramenet Tel\u00e8fon 934665050 &#8211; Fax 934664510 [&hellip;]<\/p>\n","protected":false},"author":4,"featured_media":0,"parent":338,"menu_order":0,"comment_status":"closed","ping_status":"closed","template":"","meta":{"_bbp_topic_count":0,"_bbp_reply_count":0,"_bbp_total_topic_count":0,"_bbp_total_reply_count":0,"_bbp_voice_count":0,"_bbp_anonymous_reply_count":0,"_bbp_topic_count_hidden":0,"_bbp_reply_count_hidden":0,"_bbp_forum_subforum_count":0,"site-sidebar-layout":"default","site-content-layout":"","ast-site-content-layout":"","site-content-style":"default","site-sidebar-style":"default","ast-global-header-display":"","ast-banner-title-visibility":"","ast-main-header-display":"","ast-hfb-above-header-display":"","ast-hfb-below-header-display":"","ast-hfb-mobile-header-display":"","site-post-title":"","ast-breadcrumbs-content":"","ast-featured-img":"","footer-sml-layout":"","theme-transparent-header-meta":"","adv-header-id-meta":"","stick-header-meta":"","header-above-stick-meta":"","header-main-stick-meta":"","header-below-stick-meta":"","astra-migrate-meta-layouts":"default","ast-page-background-enabled":"default","ast-page-background-meta":{"desktop":{"background-color":"var(--ast-global-color-4)","background-image":"","background-repeat":"repeat","background-position":"center center","background-size":"auto","background-attachment":"scroll","background-type":"","background-media":"","overlay-type":"","overlay-color":"","overlay-opacity":"","overlay-gradient":""},"tablet":{"background-color":"","background-image":"","background-repeat":"repeat","background-position":"center center","background-size":"auto","background-attachment":"scroll","background-type":"","background-media":"","overlay-type":"","overlay-color":"","overlay-opacity":"","overlay-gradient":""},"mobile":{"background-color":"","background-image":"","background-repeat":"repeat","background-position":"center center","background-size":"auto","background-attachment":"scroll","background-type":"","background-media":"","overlay-type":"","overlay-color":"","overlay-opacity":"","overlay-gradient":""}},"ast-content-background-meta":{"desktop":{"background-color":"var(--ast-global-color-5)","background-image":"","background-repeat":"repeat","background-position":"center center","background-size":"auto","background-attachment":"scroll","background-type":"","background-media":"","overlay-type":"","overlay-color":"","overlay-opacity":"","overlay-gradient":""},"tablet":{"background-color":"var(--ast-global-color-5)","background-image":"","background-repeat":"repeat","background-position":"center center","background-size":"auto","background-attachment":"scroll","background-type":"","background-media":"","overlay-type":"","overlay-color":"","overlay-opacity":"","overlay-gradient":""},"mobile":{"background-color":"var(--ast-global-color-5)","background-image":"","background-repeat":"repeat","background-position":"center center","background-size":"auto","background-attachment":"scroll","background-type":"","background-media":"","overlay-type":"","overlay-color":"","overlay-opacity":"","overlay-gradient":""}},"footnotes":""},"class_list":["post-10418","page","type-page","status-publish","hentry"],"post_mailing_queue_ids":[],"_links":{"self":[{"href":"https:\/\/serveiseducatius.xtec.cat\/santacolomag\/wp-json\/wp\/v2\/pages\/10418","targetHints":{"allow":["GET"]}}],"collection":[{"href":"https:\/\/serveiseducatius.xtec.cat\/santacolomag\/wp-json\/wp\/v2\/pages"}],"about":[{"href":"https:\/\/serveiseducatius.xtec.cat\/santacolomag\/wp-json\/wp\/v2\/types\/page"}],"author":[{"embeddable":true,"href":"https:\/\/serveiseducatius.xtec.cat\/santacolomag\/wp-json\/wp\/v2\/users\/4"}],"replies":[{"embeddable":true,"href":"https:\/\/serveiseducatius.xtec.cat\/santacolomag\/wp-json\/wp\/v2\/comments?post=10418"}],"version-history":[{"count":4,"href":"https:\/\/serveiseducatius.xtec.cat\/santacolomag\/wp-json\/wp\/v2\/pages\/10418\/revisions"}],"predecessor-version":[{"id":17397,"href":"https:\/\/serveiseducatius.xtec.cat\/santacolomag\/wp-json\/wp\/v2\/pages\/10418\/revisions\/17397"}],"up":[{"embeddable":true,"href":"https:\/\/serveiseducatius.xtec.cat\/santacolomag\/wp-json\/wp\/v2\/pages\/338"}],"wp:attachment":[{"href":"https:\/\/serveiseducatius.xtec.cat\/santacolomag\/wp-json\/wp\/v2\/media?parent=10418"}],"curies":[{"name":"wp","href":"https:\/\/api.w.org\/{rel}","templated":true}]}}