{"id":10406,"date":"2018-03-05T10:47:51","date_gmt":"2018-03-05T09:47:51","guid":{"rendered":"http:\/\/serveiseducatius.xtec.cat\/santacolomag\/?page_id=10406"},"modified":"2025-09-04T13:39:09","modified_gmt":"2025-09-04T11:39:09","slug":"escoles-bressol-2","status":"publish","type":"page","link":"https:\/\/serveiseducatius.xtec.cat\/santacolomag\/comunitat\/centres-educatius\/escoles-bressol-2\/","title":{"rendered":"Escoles Bressol"},"content":{"rendered":"<p><strong><span style=\"font-size: 12pt;\">EBM <\/span><\/strong><span style=\"font-size: small;\"><strong><span style=\"font-size: 12pt;\">El blauet (08078713)<\/span><\/strong><br \/>\nc. Am\u00e8rica, 11-21<br \/>\n08922 &#8211; Santa Coloma de Gramenet<br \/>\nTel\u00e8fon 933484290<br \/>\n<span style=\"color: #3366ff;\">&lt;a8078713@xtec.cat&gt;<\/span><br \/>\n<\/span><span style=\"font-size: small;\">P\u00fablica<\/span><\/p>\n<hr \/>\n<p><strong><span style=\"font-size: 12pt;\">EBM <span style=\"font-size: small;\">Els Pins (08064295)<br \/>\n<\/span><\/span><\/strong><span style=\"font-size: 12pt;\"><span style=\"font-size: small;\">c. Pirineus, 4<\/span><\/span><span style=\"font-size: 12pt;\"><span style=\"font-size: small;\"><br \/>\n08923 &#8211; Santa Coloma de Gramenet<br \/>\n<\/span><\/span><span style=\"font-size: 12pt;\"><span style=\"font-size: small;\">Tel\u00e8fon 933861870<\/span><\/span><strong><span style=\"font-size: 12pt;\"><span style=\"font-size: small;\"><br \/>\n<\/span><\/span><\/strong><span style=\"font-size: 12pt;\"><span style=\"font-size: small;\"><span style=\"color: #3366ff;\">&lt;ebmelspins<span class=\"\">@<\/span>gramenet.cat&gt;<\/span><\/span><\/span><strong><span style=\"font-size: 12pt;\"><span style=\"font-size: small;\"><br \/>\n<\/span><\/span><\/strong><span style=\"font-size: 12pt;\"><span style=\"font-size: small;\">P\u00fablica<\/span><\/span><\/p>\n<hr \/>\n<p><strong><span style=\"font-size: 12pt;\">EBM<\/span><\/strong><span style=\"font-size: small;\"><strong><span style=\"font-size: 12pt;\">\u00a0L&#8217;\u00c0nec (08072632)<\/span><\/strong><br \/>\nc. Francesc Moragas, 98<br \/>\n08922 &#8211; Santa Coloma de Gramenet<br \/>\nTel\u00e8fon 933858855<br \/>\n<span style=\"color: #3366ff;\">&lt;ebmlanec@gramenet.cat&gt;<\/span><\/span><span style=\"font-size: small;\"><br \/>\nP\u00fablica<\/span><\/p>\n<hr \/>\n<p><span style=\"font-size: 12pt;\"><strong>EBM<\/strong><\/span><span style=\"font-size: small;\"><span style=\"font-size: 12pt;\"><strong>\u00a0L&#8217;Esquirol (08071299)<\/strong><\/span><br \/>\nptge. Salvatella, 44<br \/>\n08924 &#8211; Santa Coloma de Gramenet<br \/>\nTel\u00e8fon 934684759<br \/>\n<span style=\"color: #3366ff;\">&lt;ebmlesquirol@gramenet.cat&gt;<\/span><\/span><span style=\"font-size: small;\"><br \/>\nP\u00fablica<\/span><\/p>\n<hr \/>\n<p><strong><span style=\"font-size: 12pt;\">EBM<\/span><\/strong><span style=\"font-size: small;\"><strong><span style=\"font-size: 12pt;\"> L&#8217;Oreneta (08074604)<\/span><\/strong><b><br \/>\n<\/b>c. Sant Carles, 76-78<br \/>\n08921 &#8211; Santa Coloma de Gramenet<br \/>\nTel\u00e8fon 933859871<br \/>\n<span style=\"color: #3366ff;\">&lt;ebmloreneta<span class=\"\"><span class=\"\"><span class=\"\">@<\/span><\/span>gramenet.ca<\/span>t&gt;<\/span><\/span><span style=\"font-size: small;\"><br \/>\nP\u00fablica<\/span><\/p>\n<hr \/>\n<p><strong><span style=\"font-size: 12pt;\">EBM<\/span><\/strong><span style=\"font-size: small;\"><strong><span style=\"font-size: 12pt;\">\u00a0La Cigonya (08068793) <\/span><\/strong><br \/>\nc. Bruc, 43<br \/>\n08924 &#8211; Santa Coloma de Gramenet<br \/>\nTel\u00e8fon 933862670<br \/>\n<\/span><span style=\"font-size: small;\"><span style=\"color: #3366ff;\">&lt;ebmlacigonya@gramenet.cat&gt;<\/span><br \/>\nP\u00fablica<\/span><\/p>\n<hr \/>\n<p><span style=\"font-size: small;\"><span style=\"font-size: 12pt;\"><b>EBM La Maduixa<\/b> <strong>(08472486)<\/strong><\/span><br \/>\nc. Washington, 3-9<br \/>\n08921 &#8211; Santa Coloma de Gramenet<br \/>\nTel\u00e8fon 934683132<br \/>\n<span style=\"color: #3366ff;\">&lt;ebmlamaduixa@gramenet.cat&gt;<\/span><br \/>\nP\u00fablica<\/span><\/p>\n<hr \/>\n<p><b>EBM<\/b><b>\u00a0La Sargantana<\/b> <strong><span style=\"font-size: small;\"><span style=\"font-size: 12pt;\">(08472644)<\/span><\/span><\/strong><br \/>\n<span style=\"font-size: 10pt;\">c. Sant Jordi, 1-3<\/span><br \/>\n<span style=\"font-size: 10pt;\"> 08923 &#8211; Santa Coloma de Gramenet<\/span><br \/>\n<span style=\"font-size: 10pt;\"> Tel\u00e8fon 933858695<\/span><br \/>\n<span style=\"font-size: 10pt;\"><span style=\"color: #3366ff;\">&lt;ebmlasargantana<span class=\"\">@gramenet.cat&gt;<\/span><\/span><br \/>\nP\u00fablica<\/span><\/p>\n<hr \/>\n<p><b>EBM<\/b><b> Les Oliveres <span style=\"font-size: small;\"><span style=\"font-size: 12pt;\">(08475062)<\/span><\/span><\/b><br \/>\n<span style=\"color: #351c75; font-size: 10pt;\">Passatge de Tarragona, s\/n\u00a0<\/span><br \/>\n<span style=\"font-size: 10pt;\"> 08924 &#8211; Santa Coloma de Gramenet<\/span><br \/>\n<span style=\"font-size: 10pt;\"> Tel\u00e8fon 93<span style=\"color: #351c75;\">5972062<\/span><\/span><br \/>\n<span style=\"font-size: 10pt; color: #3366ff;\">&lt;ebmlesoliveres@gramenet.cat&gt;<\/span><br \/>\n<span style=\"font-size: 10pt;\"> P\u00fablica<\/span><\/p>\n<hr \/>\n<p><b>Cucafera<\/b> <strong>(08058532)<\/strong><br \/>\n<span style=\"font-size: 10pt;\">c. Sant Jeroni, 55<\/span><br \/>\n<span style=\"font-size: 10pt;\"> 08921 &#8211; Santa Coloma de Gramenet<\/span><br \/>\n<span style=\"font-size: 10pt;\"> <span style=\"color: #351c75;\">Tel\u00e8fon 933915953<br \/>\n<span style=\"color: #3366ff;\">&lt;escolacucafera@hotmail.com&gt;<\/span><br \/>\n<\/span><\/span><span style=\"font-size: 10pt;\">Privada<\/span><\/p>\n<hr \/>\n<p><span style=\"font-size: small;\"><strong><span style=\"font-size: 12pt;\">Petit Argos (08058313)<\/span><\/strong><br \/>\nc. Prat de la Riba, 25<br \/>\n08921 &#8211; Santa Coloma de Gramenet<br \/>\nTel\u00e8fon 933924304<br \/>\n<span style=\"color: #3366ff;\">&lt;llarpetitargos@xtec.cat&gt;<\/span><\/span><span style=\"font-size: small;\"><br \/>\nPrivada<\/span><\/p>\n<hr \/>\n<p><strong>Petit Singuerl\u00edn\u00a0(08070842)<\/strong><br \/>\n<span style=\"font-size: 10pt;\">c. Santiago Russinyol, 37-39<\/span><br \/>\n<span style=\"font-size: 10pt;\"> 08924 &#8211; Santa Coloma de Gramenet<\/span><br \/>\n<span style=\"font-size: 10pt;\"> <span style=\"color: #351c75;\">Tel\u00e8fon 933912611 &#8211; Fax 933912611<br \/>\n<span style=\"color: #3366ff;\">&lt;a8027559@xtec.cat&gt;<\/span><\/span><\/span><br \/>\n<span style=\"font-size: 10pt;\"> Privada<\/span><\/p>\n<hr \/>\n<p><span style=\"font-size: small;\"><span style=\"font-size: 12pt;\"><strong>Pinocho<\/strong> <strong>(08048162)<\/strong><\/span><br \/>\nc. Bruc, 8<br \/>\n08922 &#8211; Santa Coloma de Gramenet<br \/>\nTel\u00e8fon 933927655<br \/>\n<span style=\"color: #3366ff;\">&lt;a8048162@xtec.cat&gt;<\/span><br \/>\nPrivada<\/span><\/p>\n<hr \/>\n<p><span style=\"font-size: small;\"><span style=\"font-size: 12pt;\"><strong>Canguro<\/strong>\u00a0<strong>(08051896)<\/strong><\/span><br \/>\nc. de Sant Llu\u00eds, 6<br \/>\n08921 &#8211; Santa Coloma de Gramenet<br \/>\nTel\u00e8fon 934666243-658371108<br \/>\n<span style=\"color: #3366ff;\">&lt;canguro2@hotmail.com&gt; &lt;a8051896@xtec.cat&gt;<\/span><br \/>\nPrivada<\/span><\/p>\n","protected":false},"excerpt":{"rendered":"<p>EBM El blauet (08078713) c. Am\u00e8rica, 11-21 08922 &#8211; Santa Coloma de Gramenet Tel\u00e8fon 933484290 &lt;a8078713@xtec.cat&gt; P\u00fablica EBM Els Pins [&hellip;]<\/p>\n","protected":false},"author":4,"featured_media":0,"parent":338,"menu_order":0,"comment_status":"closed","ping_status":"closed","template":"","meta":{"_bbp_topic_count":0,"_bbp_reply_count":0,"_bbp_total_topic_count":0,"_bbp_total_reply_count":0,"_bbp_voice_count":0,"_bbp_anonymous_reply_count":0,"_bbp_topic_count_hidden":0,"_bbp_reply_count_hidden":0,"_bbp_forum_subforum_count":0,"site-sidebar-layout":"default","site-content-layout":"","ast-site-content-layout":"default","site-content-style":"default","site-sidebar-style":"default","ast-global-header-display":"","ast-banner-title-visibility":"","ast-main-header-display":"","ast-hfb-above-header-display":"","ast-hfb-below-header-display":"","ast-hfb-mobile-header-display":"","site-post-title":"","ast-breadcrumbs-content":"","ast-featured-img":"","footer-sml-layout":"","theme-transparent-header-meta":"","adv-header-id-meta":"","stick-header-meta":"","header-above-stick-meta":"","header-main-stick-meta":"","header-below-stick-meta":"","astra-migrate-meta-layouts":"set","ast-page-background-enabled":"default","ast-page-background-meta":{"desktop":{"background-color":"var(--ast-global-color-4)","background-image":"","background-repeat":"repeat","background-position":"center center","background-size":"auto","background-attachment":"scroll","background-type":"","background-media":"","overlay-type":"","overlay-color":"","overlay-opacity":"","overlay-gradient":""},"tablet":{"background-color":"","background-image":"","background-repeat":"repeat","background-position":"center center","background-size":"auto","background-attachment":"scroll","background-type":"","background-media":"","overlay-type":"","overlay-color":"","overlay-opacity":"","overlay-gradient":""},"mobile":{"background-color":"","background-image":"","background-repeat":"repeat","background-position":"center center","background-size":"auto","background-attachment":"scroll","background-type":"","background-media":"","overlay-type":"","overlay-color":"","overlay-opacity":"","overlay-gradient":""}},"ast-content-background-meta":{"desktop":{"background-color":"var(--ast-global-color-5)","background-image":"","background-repeat":"repeat","background-position":"center center","background-size":"auto","background-attachment":"scroll","background-type":"","background-media":"","overlay-type":"","overlay-color":"","overlay-opacity":"","overlay-gradient":""},"tablet":{"background-color":"var(--ast-global-color-5)","background-image":"","background-repeat":"repeat","background-position":"center center","background-size":"auto","background-attachment":"scroll","background-type":"","background-media":"","overlay-type":"","overlay-color":"","overlay-opacity":"","overlay-gradient":""},"mobile":{"background-color":"var(--ast-global-color-5)","background-image":"","background-repeat":"repeat","background-position":"center center","background-size":"auto","background-attachment":"scroll","background-type":"","background-media":"","overlay-type":"","overlay-color":"","overlay-opacity":"","overlay-gradient":""}},"footnotes":""},"class_list":["post-10406","page","type-page","status-publish","hentry"],"post_mailing_queue_ids":[],"_links":{"self":[{"href":"https:\/\/serveiseducatius.xtec.cat\/santacolomag\/wp-json\/wp\/v2\/pages\/10406","targetHints":{"allow":["GET"]}}],"collection":[{"href":"https:\/\/serveiseducatius.xtec.cat\/santacolomag\/wp-json\/wp\/v2\/pages"}],"about":[{"href":"https:\/\/serveiseducatius.xtec.cat\/santacolomag\/wp-json\/wp\/v2\/types\/page"}],"author":[{"embeddable":true,"href":"https:\/\/serveiseducatius.xtec.cat\/santacolomag\/wp-json\/wp\/v2\/users\/4"}],"replies":[{"embeddable":true,"href":"https:\/\/serveiseducatius.xtec.cat\/santacolomag\/wp-json\/wp\/v2\/comments?post=10406"}],"version-history":[{"count":5,"href":"https:\/\/serveiseducatius.xtec.cat\/santacolomag\/wp-json\/wp\/v2\/pages\/10406\/revisions"}],"predecessor-version":[{"id":22671,"href":"https:\/\/serveiseducatius.xtec.cat\/santacolomag\/wp-json\/wp\/v2\/pages\/10406\/revisions\/22671"}],"up":[{"embeddable":true,"href":"https:\/\/serveiseducatius.xtec.cat\/santacolomag\/wp-json\/wp\/v2\/pages\/338"}],"wp:attachment":[{"href":"https:\/\/serveiseducatius.xtec.cat\/santacolomag\/wp-json\/wp\/v2\/media?parent=10406"}],"curies":[{"name":"wp","href":"https:\/\/api.w.org\/{rel}","templated":true}]}}