{"id":10272,"date":"2018-02-13T09:53:41","date_gmt":"2018-02-13T08:53:41","guid":{"rendered":"http:\/\/serveiseducatius.xtec.cat\/santacolomag\/?page_id=10272"},"modified":"2022-03-30T12:37:42","modified_gmt":"2022-03-30T10:37:42","slug":"intercanvi-dexperiencies-cursos-anteriors","status":"publish","type":"page","link":"https:\/\/serveiseducatius.xtec.cat\/santacolomag\/intercanvi-dexperiencies-cursos-anteriors\/","title":{"rendered":"Intercanvi d&#8217;experi\u00e8ncies: cursos anteriors"},"content":{"rendered":"<p id=\"sites-page-title-header\" align=\"left\">\u00a0Tot i que en algunes edicions s&#8217;ha proposat un tema central, el m\u00e9s destacable de les\u00a0Trobades Pedag\u00f2giques i d&#8217;Intercanvi d&#8217;Experi\u00e8ncies\u00a0\u00e9s la participaci\u00f3 del professorat aportant i compartint les seves experi\u00e8ncies i la confer\u00e8ncia inicial.<\/p>\n<div dir=\"ltr\"><\/div>\n<div dir=\"ltr\"><\/div>\n<ul>\n<li><a href=\"https:\/\/serveiseducatius.xtec.cat\/santacolomag\/xxiii-jornada-dintercanvi-dexperiencies-pedagogiques\/\">XXIII Trobada pedag\u00f2gica<\/a>. 26 de maig i 8 de juny de 2021. Virtual<br \/>\nConfer\u00e8ncia: <strong><span lang=\"FR\"><em><b>Les connexions que fa el teu cervell per aprendre. <\/b><\/em><\/span><\/strong><span lang=\"FR\">A c\u00e0rrec de\u00a0<strong><span class=\"il\">Marta<\/span>\u00a0<span class=\"il\">Portero<\/span><\/strong><\/span><\/li>\n<li><a href=\"https:\/\/serveiseducatius.xtec.cat\/santacolomag\/xxii-jornada-dintercanvi-dexperiencies-pedagogiques\/\">XXII Trobada pedag\u00f2gica<\/a>. 26 de juny de 2019. Bibilioteca Singuerl\u00edn &#8211; Salvador Cabr\u00e9<br \/>\nConfer\u00e8ncia: <em><strong>El plaer d\u2019aprendre a trav\u00e9s de la investigaci\u00f3<\/strong><\/em><span style=\"font-family: inherit; font-size: 1em;\">. A c\u00e0rrec de A c\u00e0rrec de Carme Alemany. Mestra i col\u00b7laboradora del Grau d\u2019Educaci\u00f3 Infantil de la Universitat de Manresa.<\/span><\/li>\n<li><a href=\"https:\/\/serveiseducatius.xtec.cat\/santacolomag\/intercanvi-dexperiencies-pedagogiques\/\">XXI Trobada pedag\u00f2gica<\/a>. 27 de juny de 2018. Bibilioteca Singuerl\u00edn &#8211; Salvador Cabr\u00e9<br \/>\nConfer\u00e8ncia: <em><strong>Experimentaci\u00f3 i educaci\u00f3 matem\u00e0tica<\/strong><\/em><span style=\"font-family: inherit; font-size: 1em;\"><span style=\"font-family: inherit; font-size: 1em;\">. A c\u00e0rrec d&#8217;Anton Aubanell, C<\/span><\/span>atedr\u00e0tic de Matem\u00e0tiques a l\u2019IES Sa Palomera (Blanes), professor de Did\u00e0ctica de les Matem\u00e0tiques del Departament de Matem\u00e0tica Aplicada de la UB i responsable del CREAMAT.<\/li>\n<li><a href=\"http:\/\/serveiseducatius.xtec.cat\/santacolomag\/intercanvi-dexperiencies-pedagogiques\/materials-de-la-xx-jornada-dintercanvi-dexperiencies\/\">XX Trobada pedag\u00f2gica<\/a>. 27 de juny de 2017. Bibilioteca Singuerl\u00edn &#8211; Salvador Cabr\u00e9<br \/>\nConfer\u00e8ncia: <em><strong style=\"font-family: inherit; font-size: 1em;\">De la \u201cmoda\u201d de la innovaci\u00f3 a la transformaci\u00f3 de la vida del centre<\/strong><\/em><span style=\"font-family: inherit; font-size: 1em;\">. A c\u00e0rrec de Juana M Sancho, Catedr\u00e0tica del Departament de Did\u00e0ctica i Organitzaci\u00f3 Educativa de la UB<\/span><\/li>\n<li><a style=\"font-family: inherit; font-size: 1em;\" href=\"https:\/\/sites.google.com\/a\/xtec.cat\/crp-santacolomag\/dinamitzacio\/dinamitzacio-educativa\/intercanvi-experiencies-any-actual\">XIX Trobada pedag\u00f2gica<\/a><span style=\"font-family: inherit; font-size: 1em;\">. 29 de juny de 2016. Bibilioteca Singuerl\u00edn &#8211; Salvador Cabr\u00e9<br \/>\n<\/span>Confer\u00e8ncia:\u00a0<em><strong>Ensenyar i aprendre ci\u00e8ncies als centres educatius avui<\/strong><\/em>. A c\u00e0rrec de Conxita M\u00e1rquez Bargall\u00f3, professora de Did\u00e0ctica de les Ci\u00e8ncies experimentals a la UAB<\/li>\n<li><a href=\"https:\/\/sites.google.com\/a\/xtec.cat\/crp-santacolomag\/dinamitzacio\/dinamitzacio-educativa\/intercanvi-experiencies-any-actual\/intercanvi-experiencies-anys-anteriors\/xviii-jornada\" target=\"_blank\" rel=\"noopener noreferrer\">XVIII Trobada Pedag\u00f2gica<\/a>. 26 de juny de 2015. Biblioteca Singuerl\u00edn &#8211; Salvador Cabr\u00e9<br \/>\nConfer\u00e8ncia:\u00a0<em><strong>Com promoure un aprenentatge m\u00e9s competencial?<\/strong><\/em>\u00a0A c\u00e0rrec de Neus Sanmart\u00ed, catedr\u00e0tica em\u00e8rita de Did\u00e0ctica de les Ci\u00e8ncies a la UAB i experta en temes d&#8217;avaluaci\u00f3 per compet\u00e8ncies.<\/li>\n<li><a style=\"font-family: inherit; font-size: 1em;\" href=\"https:\/\/sites.google.com\/a\/xtec.cat\/crp-santacolomag\/dinamitzacio\/dinamitzacio-educativa\/intercanvi-experiencies-any-actual\/intercanvi-experiencies-anys-anteriors\/xvii-jornada\" target=\"_blank\" rel=\"noopener noreferrer\">XVII Trobada Pedag\u00f2gica<\/a><span style=\"font-family: inherit; font-size: 1em;\">. 27 de juny de 2014. Biblioteca Singuerl\u00edn &#8211; Salvador Cabr\u00e9<br \/>\n<\/span><span style=\"font-family: inherit; font-size: 1em;\">Confer\u00e8ncia:\u00a0<\/span><em><strong style=\"font-family: inherit; font-size: 1em;\">Con\u00e8ixer el funcionament del cervell pot facilitar l\u2019aprenentatge?<\/strong><\/em><span style=\"font-family: inherit; font-size: 1em;\">\u00a0A c\u00e0rrec de Carme Timoneda, professora de Diagn\u00f2stic en educaci\u00f3 del Departament de Pedagogia\u00a0de la Universitat de Girona.\u00a0Investigadora i formadora de la Fundaci\u00f3 Carme Vidal i Xipre de\u00a0Neuropsicopedagogia.<\/span><\/li>\n<li><a href=\"https:\/\/sites.google.com\/a\/xtec.cat\/crp-santacolomag\/dinamitzacio\/dinamitzacio-educativa\/intercanvi-experiencies-any-actual\/intercanvi-experiencies-anys-anteriors\/xvijornada\">XVI Trobada Pedag\u00f2gica: Compet\u00e8ncia comunicativa i les \u00e0rees (II)<\/a>. 27 de juny de 2013. Escola Wagner<br \/>\nConfer\u00e8ncia:\u00a0<em><strong>Propostes de llengua per aplicar i adaptar a l&#8217;aula<\/strong><\/em>.\u00a0A c\u00e0rrec de Francina Mart\u00ed, del CIREL<span lang=\"CA\">\u00a0(Centre de Suport a la Innovaci\u00f3 i Recerca Educativa en Lleng\u00fces).<\/span><\/li>\n<li><a href=\"https:\/\/sites.google.com\/a\/xtec.cat\/crp-santacolomag\/dinamitzacio\/dinamitzacio-educativa\/intercanvi-experiencies-any-actual\/intercanvi-experiencies-anys-anteriors\/xvjornada\">XV Trobada Pedag\u00f2gica: Compet\u00e8ncia comunicativa a les \u00e0rees<\/a>. 28 de juny de 2012. Institut Ramon Berenguer IV<br \/>\nConfer\u00e8ncia:\u00a0<em><strong>AICLE: I si ho provem sense E?<\/strong><\/em>\u00a0A c\u00e0rrec de Pilar Olivares, coordinadora de lleng\u00fces estrangeres dels Serveis Territorials de Barcelona Comarques.<\/li>\n<li><a href=\"https:\/\/sites.google.com\/a\/xtec.cat\/crp-santacolomag\/dinamitzacio\/dinamitzacio-educativa\/intercanvi-experiencies-any-actual\/intercanvi-experiencies-anys-anteriors\/xiv-jornada-d-intercanvi-d-experiencies\">XIV Trobada Pedag\u00f2gica<\/a>\u00a05 de juliol de 2011. Escola Llu\u00eds Millet<br \/>\nConfer\u00e8ncia:\u00a0<em><strong>Pensar b\u00e9 per llegir millor<\/strong><\/em>. A c\u00e0rrec d&#8217;Irene de Puig, directora del Grup de Recerca per l&#8217;Ensenyament de la Filosofia Grup IREF.<\/li>\n<li><a href=\"http:\/\/www.xtec.cat\/crp-santacolomag\/Intercanvis\/09\/index09.htm\" target=\"_blank\" rel=\"nofollow noopener noreferrer\">XIII Trobada Pedag\u00f2gica: Cerca i recerca<\/a>. 8 de setembre de 2009. Institut Terra Roja<br \/>\nConfer\u00e8ncia:\u00a0<em><strong>Les compet\u00e8ncies informacionals\u00a0com a base de l\u2019aprenentatge<\/strong><\/em>. A\u00a0c\u00e0rrec de Jordi Quintana, coordinador M\u00e0ster EAED de la\u00a0Universitat de Barcelona.<\/li>\n<li><a href=\"http:\/\/www.xtec.cat\/crp-santacolomag\/Intercanvis\/08\/index08.htm\" target=\"_blank\" rel=\"nofollow noopener noreferrer\">XII Trobada Pedag\u00f2gica:\u00a0La comunicaci\u00f3, element clau per a l&#8217;educaci\u00f3<\/a>\u00a09 de setembre de 2008. Museu Torre Balldovina i CEIP Fray Lu\u00eds de Le\u00f3n<br \/>\nConfer\u00e8ncia:\u00a0<em><strong>Comunicaci\u00f3 ling\u00fc\u00edstica i audiovisual, i construcci\u00f3 de coneixements<\/strong><\/em>.\u00a0A\u00a0c\u00e0rrec d&#8217;Artur Noguerol.<\/li>\n<li><a href=\"http:\/\/www.xtec.cat\/crp-santacolomag\/Intercanvis\/07\/index07.htm\" target=\"_blank\" rel=\"nofollow noopener noreferrer\">XI Trobada Pedag\u00f2gica: Compet\u00e8ncies b\u00e0siques<\/a>\u00a06 de setembre de 2007. CEIP Beethoven.<br \/>\nConfer\u00e8ncia:\u00a0<em><strong>Com millorar les habilitats comunicatives. Una proposta per ensenyar a llegir en p\u00fablic<\/strong><\/em>. A c\u00e0rrec de Montserrat Vil\u00e0, professora de llengua de la Universitat Aut\u00f2noma de Barcelona.<\/li>\n<li><a href=\"http:\/\/www.xtec.cat\/crp-santacolomag\/Intercanvis06\/indexTIC.htm\" target=\"_blank\" rel=\"nofollow noopener noreferrer\">X Trobada Pedag\u00f2gica: T\u00e8cniques d&#8217;aprenentatge col\u00b7laboratiu amb mitjans tecnol\u00f2gics<\/a>. 7 de setembre de 2006 (confer\u00e8ncia) i 26 d&#8217;octubre i 9 de novembre (intercanvi). Institut Puig Castellar.<br \/>\nConfer\u00e8ncia:\u00a0<em><strong>Les TIC, eina de coneixement en l&#8217;escola de la societat de la informaci\u00f3<\/strong><\/em>. A c\u00e0rrec de Francesc Busquets, de l&#8217;\u00c0rea TIC del Departament d&#8217;Educaci\u00f3 i Universitats.<\/li>\n<li><a href=\"http:\/\/www.xtec.cat\/crp-santacolomag\/Intercanvis\/index.htm\" target=\"_blank\" rel=\"nofollow noopener noreferrer\">IX Trobada Pedag\u00f2gica: L&#8217;acollida de l&#8217;alumnat nouvingut<\/a>. 8 de setembre de 2005. Escola Tanit.<br \/>\nConfer\u00e8ncia:\u00a0<em><strong>Interculturalitat i inclusivitat: reptes socials i respostes educatives<\/strong><\/em>. A c\u00e0rrec de la\u00a0Dra. S\u00edlvia Carrasco, del\u00a0Programa Multiculturalitat i Educaci\u00f3-ICE. Grup de Recerca ELIMA &#8211; Antropologia Social UAB.<\/li>\n<\/ul>\n","protected":false},"excerpt":{"rendered":"<p>\u00a0Tot i que en algunes edicions s&#8217;ha proposat un tema central, el m\u00e9s destacable de les\u00a0Trobades Pedag\u00f2giques i d&#8217;Intercanvi d&#8217;Experi\u00e8ncies\u00a0\u00e9s [&hellip;]<\/p>\n","protected":false},"author":7,"featured_media":0,"parent":0,"menu_order":0,"comment_status":"closed","ping_status":"closed","template":"","meta":{"_bbp_topic_count":0,"_bbp_reply_count":0,"_bbp_total_topic_count":0,"_bbp_total_reply_count":0,"_bbp_voice_count":0,"_bbp_anonymous_reply_count":0,"_bbp_topic_count_hidden":0,"_bbp_reply_count_hidden":0,"_bbp_forum_subforum_count":0,"site-sidebar-layout":"default","site-content-layout":"","ast-site-content-layout":"","site-content-style":"default","site-sidebar-style":"default","ast-global-header-display":"","ast-banner-title-visibility":"","ast-main-header-display":"","ast-hfb-above-header-display":"","ast-hfb-below-header-display":"","ast-hfb-mobile-header-display":"","site-post-title":"","ast-breadcrumbs-content":"","ast-featured-img":"","footer-sml-layout":"","theme-transparent-header-meta":"","adv-header-id-meta":"","stick-header-meta":"","header-above-stick-meta":"","header-main-stick-meta":"","header-below-stick-meta":"","astra-migrate-meta-layouts":"default","ast-page-background-enabled":"default","ast-page-background-meta":{"desktop":{"background-color":"var(--ast-global-color-4)","background-image":"","background-repeat":"repeat","background-position":"center center","background-size":"auto","background-attachment":"scroll","background-type":"","background-media":"","overlay-type":"","overlay-color":"","overlay-opacity":"","overlay-gradient":""},"tablet":{"background-color":"","background-image":"","background-repeat":"repeat","background-position":"center center","background-size":"auto","background-attachment":"scroll","background-type":"","background-media":"","overlay-type":"","overlay-color":"","overlay-opacity":"","overlay-gradient":""},"mobile":{"background-color":"","background-image":"","background-repeat":"repeat","background-position":"center center","background-size":"auto","background-attachment":"scroll","background-type":"","background-media":"","overlay-type":"","overlay-color":"","overlay-opacity":"","overlay-gradient":""}},"ast-content-background-meta":{"desktop":{"background-color":"var(--ast-global-color-5)","background-image":"","background-repeat":"repeat","background-position":"center center","background-size":"auto","background-attachment":"scroll","background-type":"","background-media":"","overlay-type":"","overlay-color":"","overlay-opacity":"","overlay-gradient":""},"tablet":{"background-color":"var(--ast-global-color-5)","background-image":"","background-repeat":"repeat","background-position":"center center","background-size":"auto","background-attachment":"scroll","background-type":"","background-media":"","overlay-type":"","overlay-color":"","overlay-opacity":"","overlay-gradient":""},"mobile":{"background-color":"var(--ast-global-color-5)","background-image":"","background-repeat":"repeat","background-position":"center center","background-size":"auto","background-attachment":"scroll","background-type":"","background-media":"","overlay-type":"","overlay-color":"","overlay-opacity":"","overlay-gradient":""}},"footnotes":""},"class_list":["post-10272","page","type-page","status-publish","hentry"],"post_mailing_queue_ids":[],"_links":{"self":[{"href":"https:\/\/serveiseducatius.xtec.cat\/santacolomag\/wp-json\/wp\/v2\/pages\/10272","targetHints":{"allow":["GET"]}}],"collection":[{"href":"https:\/\/serveiseducatius.xtec.cat\/santacolomag\/wp-json\/wp\/v2\/pages"}],"about":[{"href":"https:\/\/serveiseducatius.xtec.cat\/santacolomag\/wp-json\/wp\/v2\/types\/page"}],"author":[{"embeddable":true,"href":"https:\/\/serveiseducatius.xtec.cat\/santacolomag\/wp-json\/wp\/v2\/users\/7"}],"replies":[{"embeddable":true,"href":"https:\/\/serveiseducatius.xtec.cat\/santacolomag\/wp-json\/wp\/v2\/comments?post=10272"}],"version-history":[{"count":3,"href":"https:\/\/serveiseducatius.xtec.cat\/santacolomag\/wp-json\/wp\/v2\/pages\/10272\/revisions"}],"predecessor-version":[{"id":17631,"href":"https:\/\/serveiseducatius.xtec.cat\/santacolomag\/wp-json\/wp\/v2\/pages\/10272\/revisions\/17631"}],"wp:attachment":[{"href":"https:\/\/serveiseducatius.xtec.cat\/santacolomag\/wp-json\/wp\/v2\/media?parent=10272"}],"curies":[{"name":"wp","href":"https:\/\/api.w.org\/{rel}","templated":true}]}}