{"id":10168,"date":"2017-12-21T10:41:16","date_gmt":"2017-12-21T09:41:16","guid":{"rendered":"http:\/\/serveiseducatius.xtec.cat\/santacolomag\/?page_id=10168"},"modified":"2025-09-16T13:07:06","modified_gmt":"2025-09-16T11:07:06","slug":"catalegs-de-biblioteques","status":"publish","type":"page","link":"https:\/\/serveiseducatius.xtec.cat\/santacolomag\/catalegs-de-biblioteques\/","title":{"rendered":"Cat\u00e0legs de biblioteques"},"content":{"rendered":"<ul>\n<li>\n<p><a href=\"http:\/\/sinera.diba.cat\/\" target=\"_blank\" rel=\"nofollow noopener noreferrer\">A<\/a><a href=\"http:\/\/sinera.diba.cat\/\" target=\"_blank\" rel=\"nofollow noopener noreferrer\">lad\u00ed<\/a><\/p>\n<p>Cat\u00e0leg col\u00b7lectiu de les biblioteques municipals de la Diputaci\u00f3 de Barcelona.<\/p>\n<\/li>\n<li>\n<p><a href=\"http:\/\/genius.diba.cat\/\" target=\"_blank\" rel=\"nofollow noopener noreferrer\">G\u00e8nius<\/a><\/p>\n<p>Cat\u00e0leg col\u00b7lectiu d&#8217;educaci\u00f3 infantil i prim\u00e0ria de les biblioteques municipals de la Diputaci\u00f3 de Barcelona.<\/p>\n<\/li>\n<li>\n<p><a href=\"http:\/\/cataleg.bnc.cat\/\" target=\"_blank\" rel=\"nofollow noopener noreferrer\">Biblioteca de Catalunya<\/a><\/p>\n<p>Cat\u00e0leg de la BC.<\/p>\n<\/li>\n<li>\n<p><a href=\"http:\/\/www.csuc.cat\/ca\/biblioteques\/cataleg-collectiu-de-les-universitats-de-catalunya-ccuc\" target=\"_blank\" rel=\"nofollow noopener noreferrer\">CCUC<\/a><\/p>\n<p>Cat\u00e0leg col\u00b7lectiu de les Biblioteques Universit\u00e0ries de Catalunya.<\/p>\n<\/li>\n<li>\n<p><a href=\"http:\/\/www.lluisvives.com\/\" target=\"_blank\" rel=\"nofollow noopener noreferrer\">Biblioteca Virtual Joan Llu\u00eds Vives<\/a><\/p>\n<p>Fons digitalitzats de les obres m\u00e9s rellevants en llengua catalana.<\/p>\n<\/li>\n<li>\n<p><a href=\"http:\/\/www.cervantesvirtual.com\/\" target=\"_blank\" rel=\"nofollow noopener noreferrer\">Biblioteca Virtual Miguel de Cervantes<\/a><\/p>\n<p>Cat\u00e0leg dels fons digitalitzats en diverses lleng\u00fces.<\/p>\n<\/li>\n<li>\n<p><a href=\"https:\/\/www.bne.es\/ca\">Biblioteca Nacional de Espa\u00f1a<\/a><\/p>\n<p>Acc\u00e9s als diferents cat\u00e0legs de la BNE<\/p>\n<\/li>\n<li>\n<p><a href=\"http:\/\/www.mcu.es\/webISBN\/cargarLibroBusquedaAvanzada.do?cache=init&amp;prev_layout=busquedaisbn&amp;layout=busquedaisbn&amp;language=ca\" target=\"_blank\" rel=\"nofollow noopener noreferrer\">Ag\u00e8ncia espanyola de l&#8217;ISBN<\/a><\/p>\n<p>Base de dades de llibres editats a Espanya.<\/p>\n<\/li>\n<\/ul>\n<div>\n<ul>\n<li>\n<p>\u00a0<a href=\"http:\/\/www.thefreelibrary.com\/\" target=\"_blank\" rel=\"nofollow noopener noreferrer\">The Free Library<\/a><\/p>\n<p>Ofereix versions gratu\u00eftes i textuals d&#8217;obres liter\u00e0ries cl\u00e0ssiques de centenars d&#8217;autors\u00a0\u00a0i una extensa col\u00b7lecci\u00f3 de publicacions peri\u00f2diques de diferents tem\u00e0tiques.<\/p>\n<\/li>\n<li>\n<p><a href=\"http:\/\/en.childrenslibrary.org\/\" target=\"_blank\" rel=\"nofollow noopener noreferrer\">International Children&#8217;s Digital Library<\/a><\/p>\n<p>D\u00f3na acc\u00e9s a llibres en l\u00ednia per als nens de tot el m\u00f3n.<\/p>\n<\/li>\n<li>\n<p><a href=\"https:\/\/www.bl.uk\/collection\">British Library (Digital Collection)<\/a><\/p>\n<\/li>\n<li>\n<p><a href=\"https:\/\/www.gramenet.cat\/ajuntament\/arees-municipals\/biblioteques-de-santa-coloma\/\">Biblioteques de Santa Coloma<\/a><\/p>\n<\/li>\n<\/ul>\n<\/div>\n\n\n<p><\/p>\n","protected":false},"excerpt":{"rendered":"<p>Alad\u00ed Cat\u00e0leg col\u00b7lectiu de les biblioteques municipals de la Diputaci\u00f3 de Barcelona. G\u00e8nius Cat\u00e0leg col\u00b7lectiu d&#8217;educaci\u00f3 infantil i prim\u00e0ria de [&hellip;]<\/p>\n","protected":false},"author":7,"featured_media":0,"parent":0,"menu_order":0,"comment_status":"closed","ping_status":"closed","template":"","meta":{"_bbp_topic_count":0,"_bbp_reply_count":0,"_bbp_total_topic_count":0,"_bbp_total_reply_count":0,"_bbp_voice_count":0,"_bbp_anonymous_reply_count":0,"_bbp_topic_count_hidden":0,"_bbp_reply_count_hidden":0,"_bbp_forum_subforum_count":0,"site-sidebar-layout":"default","site-content-layout":"","ast-site-content-layout":"default","site-content-style":"default","site-sidebar-style":"default","ast-global-header-display":"","ast-banner-title-visibility":"","ast-main-header-display":"","ast-hfb-above-header-display":"","ast-hfb-below-header-display":"","ast-hfb-mobile-header-display":"","site-post-title":"","ast-breadcrumbs-content":"","ast-featured-img":"","footer-sml-layout":"","theme-transparent-header-meta":"","adv-header-id-meta":"","stick-header-meta":"","header-above-stick-meta":"","header-main-stick-meta":"","header-below-stick-meta":"","astra-migrate-meta-layouts":"set","ast-page-background-enabled":"default","ast-page-background-meta":{"desktop":{"background-color":"var(--ast-global-color-4)","background-image":"","background-repeat":"repeat","background-position":"center center","background-size":"auto","background-attachment":"scroll","background-type":"","background-media":"","overlay-type":"","overlay-color":"","overlay-opacity":"","overlay-gradient":""},"tablet":{"background-color":"","background-image":"","background-repeat":"repeat","background-position":"center center","background-size":"auto","background-attachment":"scroll","background-type":"","background-media":"","overlay-type":"","overlay-color":"","overlay-opacity":"","overlay-gradient":""},"mobile":{"background-color":"","background-image":"","background-repeat":"repeat","background-position":"center center","background-size":"auto","background-attachment":"scroll","background-type":"","background-media":"","overlay-type":"","overlay-color":"","overlay-opacity":"","overlay-gradient":""}},"ast-content-background-meta":{"desktop":{"background-color":"var(--ast-global-color-5)","background-image":"","background-repeat":"repeat","background-position":"center center","background-size":"auto","background-attachment":"scroll","background-type":"","background-media":"","overlay-type":"","overlay-color":"","overlay-opacity":"","overlay-gradient":""},"tablet":{"background-color":"var(--ast-global-color-5)","background-image":"","background-repeat":"repeat","background-position":"center center","background-size":"auto","background-attachment":"scroll","background-type":"","background-media":"","overlay-type":"","overlay-color":"","overlay-opacity":"","overlay-gradient":""},"mobile":{"background-color":"var(--ast-global-color-5)","background-image":"","background-repeat":"repeat","background-position":"center center","background-size":"auto","background-attachment":"scroll","background-type":"","background-media":"","overlay-type":"","overlay-color":"","overlay-opacity":"","overlay-gradient":""}},"footnotes":""},"class_list":["post-10168","page","type-page","status-publish","hentry"],"post_mailing_queue_ids":[],"_links":{"self":[{"href":"https:\/\/serveiseducatius.xtec.cat\/santacolomag\/wp-json\/wp\/v2\/pages\/10168","targetHints":{"allow":["GET"]}}],"collection":[{"href":"https:\/\/serveiseducatius.xtec.cat\/santacolomag\/wp-json\/wp\/v2\/pages"}],"about":[{"href":"https:\/\/serveiseducatius.xtec.cat\/santacolomag\/wp-json\/wp\/v2\/types\/page"}],"author":[{"embeddable":true,"href":"https:\/\/serveiseducatius.xtec.cat\/santacolomag\/wp-json\/wp\/v2\/users\/7"}],"replies":[{"embeddable":true,"href":"https:\/\/serveiseducatius.xtec.cat\/santacolomag\/wp-json\/wp\/v2\/comments?post=10168"}],"version-history":[{"count":4,"href":"https:\/\/serveiseducatius.xtec.cat\/santacolomag\/wp-json\/wp\/v2\/pages\/10168\/revisions"}],"predecessor-version":[{"id":22736,"href":"https:\/\/serveiseducatius.xtec.cat\/santacolomag\/wp-json\/wp\/v2\/pages\/10168\/revisions\/22736"}],"wp:attachment":[{"href":"https:\/\/serveiseducatius.xtec.cat\/santacolomag\/wp-json\/wp\/v2\/media?parent=10168"}],"curies":[{"name":"wp","href":"https:\/\/api.w.org\/{rel}","templated":true}]}}