{"id":10151,"date":"2017-12-19T11:51:43","date_gmt":"2017-12-19T10:51:43","guid":{"rendered":"http:\/\/serveiseducatius.xtec.cat\/santacolomag\/?page_id=10151"},"modified":"2025-09-15T14:31:14","modified_gmt":"2025-09-15T12:31:14","slug":"bases-de-dades","status":"publish","type":"page","link":"https:\/\/serveiseducatius.xtec.cat\/santacolomag\/bases-de-dades\/","title":{"rendered":"Bases de dades"},"content":{"rendered":"<div>\n<ul>\n<li><span style=\"font-size: 12pt;\"><span style=\"color: #674ea7;\"><b><a href=\"http:\/\/www.raco.cat\/\" target=\"_blank\" rel=\"noopener noreferrer\">RACO<\/a><br \/>\n<\/b><\/span>Revistes cient\u00edfiques, culturals i erudites catalanes amb acc\u00e9s obert.<\/span><\/li>\n<li><span style=\"font-size: 12pt;\"><span style=\"color: #674ea7;\"><strong><a href=\"http:\/\/bibliotecavirtual.diba.cat\/bases-de-dades\" target=\"_blank\" rel=\"noopener noreferrer\">Base de dades de la xarxa de Biblioteques Municipals<\/a><\/strong><b><br \/>\n<\/b><\/span>Ofereix recursos digitals amb informaci\u00f3 actualitzada sobre diversos temes: enciclop\u00e8dies, diaris i revistes, jocs, articles sobre temes especialitzats.<\/span><b><\/b><\/li>\n<li><span style=\"font-size: 12pt;\"><b><a href=\"https:\/\/dadesobertes.diba.cat\/datasets?f%5B0%5D=field_topic%3A21\" target=\"_blank\" rel=\"noopener noreferrer\">Dades obertes Educaci\u00f3<\/a>\u00a0<\/b><br \/>\n<span style=\"color: #444444;\">Dades p\u00fabliques sobre educaci\u00f3 de la Diputaci\u00f3 de Barcelona.<\/span><\/span><b><\/b><\/li>\n<li><strong><a href=\"https:\/\/redined.educacion.gob.es\/xmlui\/page\/redined\">Redined<\/a><\/strong><br \/>\n<span style=\"font-size: 12pt;\">Xarxa de bases de dades d&#8217;informaci\u00f3 educativa: investigaci\u00f3, innovaci\u00f3, recursos i revistes d&#8217;educaci\u00f3. Ministeri d&#8217;Educaci\u00f3 i Ci\u00e8ncia.<\/span><b><\/b><b><\/b><\/li>\n<li><span style=\"font-size: 12pt;\"><b><a href=\"http:\/\/www.tesisenred.net\/\" target=\"_blank\" rel=\"noopener noreferrer\">Tesis doctorals<\/a>\u00a0<\/b><\/span><br \/>\n<span style=\"font-size: 12pt;\"><span style=\"color: #444444;\"><span style=\"color: #444444;\">Cercador de tesis doctorals en xarxa.<\/span><\/span><\/span><\/li>\n<li><strong><a href=\"https:\/\/unesdoc.unesco.org\/\">UNESDOC<\/a><\/strong><br \/>\n<span style=\"font-size: 12pt;\">Cont\u00e9 120.000 documents descarregables, en les sis lleng\u00fces oficials de la UNESCO, aix\u00ed com la majoria de les publicacions editades per l&#8217;Organitzaci\u00f3 des de 1945.<\/span><\/li>\n<\/ul>\n<\/div>\n<div>\n<div><\/div>\n<div><\/div>\n<\/div>\n","protected":false},"excerpt":{"rendered":"<p>RACO Revistes cient\u00edfiques, culturals i erudites catalanes amb acc\u00e9s obert. Base de dades de la xarxa de Biblioteques Municipals Ofereix [&hellip;]<\/p>\n","protected":false},"author":7,"featured_media":0,"parent":0,"menu_order":0,"comment_status":"closed","ping_status":"closed","template":"","meta":{"_bbp_topic_count":0,"_bbp_reply_count":0,"_bbp_total_topic_count":0,"_bbp_total_reply_count":0,"_bbp_voice_count":0,"_bbp_anonymous_reply_count":0,"_bbp_topic_count_hidden":0,"_bbp_reply_count_hidden":0,"_bbp_forum_subforum_count":0,"site-sidebar-layout":"default","site-content-layout":"","ast-site-content-layout":"default","site-content-style":"default","site-sidebar-style":"default","ast-global-header-display":"","ast-banner-title-visibility":"","ast-main-header-display":"","ast-hfb-above-header-display":"","ast-hfb-below-header-display":"","ast-hfb-mobile-header-display":"","site-post-title":"","ast-breadcrumbs-content":"","ast-featured-img":"","footer-sml-layout":"","theme-transparent-header-meta":"","adv-header-id-meta":"","stick-header-meta":"","header-above-stick-meta":"","header-main-stick-meta":"","header-below-stick-meta":"","astra-migrate-meta-layouts":"set","ast-page-background-enabled":"default","ast-page-background-meta":{"desktop":{"background-color":"var(--ast-global-color-4)","background-image":"","background-repeat":"repeat","background-position":"center center","background-size":"auto","background-attachment":"scroll","background-type":"","background-media":"","overlay-type":"","overlay-color":"","overlay-opacity":"","overlay-gradient":""},"tablet":{"background-color":"","background-image":"","background-repeat":"repeat","background-position":"center center","background-size":"auto","background-attachment":"scroll","background-type":"","background-media":"","overlay-type":"","overlay-color":"","overlay-opacity":"","overlay-gradient":""},"mobile":{"background-color":"","background-image":"","background-repeat":"repeat","background-position":"center center","background-size":"auto","background-attachment":"scroll","background-type":"","background-media":"","overlay-type":"","overlay-color":"","overlay-opacity":"","overlay-gradient":""}},"ast-content-background-meta":{"desktop":{"background-color":"var(--ast-global-color-5)","background-image":"","background-repeat":"repeat","background-position":"center center","background-size":"auto","background-attachment":"scroll","background-type":"","background-media":"","overlay-type":"","overlay-color":"","overlay-opacity":"","overlay-gradient":""},"tablet":{"background-color":"var(--ast-global-color-5)","background-image":"","background-repeat":"repeat","background-position":"center center","background-size":"auto","background-attachment":"scroll","background-type":"","background-media":"","overlay-type":"","overlay-color":"","overlay-opacity":"","overlay-gradient":""},"mobile":{"background-color":"var(--ast-global-color-5)","background-image":"","background-repeat":"repeat","background-position":"center center","background-size":"auto","background-attachment":"scroll","background-type":"","background-media":"","overlay-type":"","overlay-color":"","overlay-opacity":"","overlay-gradient":""}},"footnotes":""},"class_list":["post-10151","page","type-page","status-publish","hentry"],"post_mailing_queue_ids":[],"_links":{"self":[{"href":"https:\/\/serveiseducatius.xtec.cat\/santacolomag\/wp-json\/wp\/v2\/pages\/10151","targetHints":{"allow":["GET"]}}],"collection":[{"href":"https:\/\/serveiseducatius.xtec.cat\/santacolomag\/wp-json\/wp\/v2\/pages"}],"about":[{"href":"https:\/\/serveiseducatius.xtec.cat\/santacolomag\/wp-json\/wp\/v2\/types\/page"}],"author":[{"embeddable":true,"href":"https:\/\/serveiseducatius.xtec.cat\/santacolomag\/wp-json\/wp\/v2\/users\/7"}],"replies":[{"embeddable":true,"href":"https:\/\/serveiseducatius.xtec.cat\/santacolomag\/wp-json\/wp\/v2\/comments?post=10151"}],"version-history":[{"count":5,"href":"https:\/\/serveiseducatius.xtec.cat\/santacolomag\/wp-json\/wp\/v2\/pages\/10151\/revisions"}],"predecessor-version":[{"id":22726,"href":"https:\/\/serveiseducatius.xtec.cat\/santacolomag\/wp-json\/wp\/v2\/pages\/10151\/revisions\/22726"}],"wp:attachment":[{"href":"https:\/\/serveiseducatius.xtec.cat\/santacolomag\/wp-json\/wp\/v2\/media?parent=10151"}],"curies":[{"name":"wp","href":"https:\/\/api.w.org\/{rel}","templated":true}]}}