{"id":10146,"date":"2017-12-19T10:19:26","date_gmt":"2017-12-19T09:19:26","guid":{"rendered":"http:\/\/serveiseducatius.xtec.cat\/santacolomag\/?page_id=10146"},"modified":"2025-09-15T14:16:59","modified_gmt":"2025-09-15T12:16:59","slug":"portals-educatius","status":"publish","type":"page","link":"https:\/\/serveiseducatius.xtec.cat\/santacolomag\/portals-educatius\/","title":{"rendered":"Portals educatius"},"content":{"rendered":"<ul>\n<li><strong><a href=\"http:\/\/xtec.gencat.cat\/ca\/\" target=\"_blank\" rel=\"nofollow noopener noreferrer\">XTEC\u00a0<\/a><a href=\"http:\/\/xtec.gencat.cat\/ca\/\" target=\"_blank\" rel=\"nofollow noopener noreferrer\">Xarxa telem\u00e0tica educativa de Catalunya<\/a><\/strong><b><br \/>\n<\/b>Portal del Departament d&#8217;Ensenyament adre\u00e7at als centres educatius de prim\u00e0ria i secund\u00e0ria de Catalunya.<\/li>\n<li><strong><a href=\"http:\/\/www.edu365.cat\/\" target=\"_blank\" rel=\"nofollow noopener noreferrer\">Edu365<\/a><\/strong><b><br \/>\n<\/b>Portal del Departament d&#8217;Ensenyament adre\u00e7at a l&#8217;alumnat i les fam\u00edlies de Catalunya<\/li>\n<li><b><a href=\"https:\/\/punttic.gencat.cat\/article\/nou-portal-educatiu-edu3cat\">Punt Tic<\/a><br \/>\n<\/b>Espai amb ordinadors i suport personalitzat per aprendre compet\u00e8ncies digitals i accedir a les noves tecnologies.<\/li>\n<li><strong><a href=\"http:\/\/www.cccbeducacio.org\/\" target=\"_blank\" rel=\"nofollow noopener noreferrer\">CCCB Educaci\u00f3<\/a>\u00a0<\/strong><span style=\"color: #351c75;\"><b><br \/>\n<\/b><\/span>Propostes i continguts educatius impulsats pel servei educatiu del Centre de Cultura Contempor\u00e0nia de Barcelona<b><\/b><\/li>\n<li><b><a href=\"https:\/\/www.educaixa.com\/ca\/home\" target=\"_blank\" rel=\"nofollow noopener noreferrer\">EduCaixa<\/a><\/b><br \/>\nPlataforma educativa de l&#8217;Obra social La Caixa&#8221;.<\/li>\n<li><a href=\"http:\/\/culturaeducacio.gencat.cat\/\" target=\"_blank\" rel=\"nofollow noopener noreferrer\"><b>Patrimoni Cultural-Educaci\u00f3<\/b><\/a><br \/>\nCercador d&#8217;activitats educatives dels diversos equipaments patrimonials de Catalunya per treballar amb l&#8217;alumnat el patrimoni i la cultura.<\/li>\n<li><a href=\"http:\/\/www.ecomlab.cat\/\" target=\"_blank\" rel=\"nofollow noopener noreferrer\"><b>Portal educatiu de la Fundaci\u00f3 Ecom<\/b><\/a><br \/>\nRecursos per alumnat amb dificultat f\u00edsiques.<\/li>\n<li><strong><a href=\"https:\/\/www.caib.es\/webgoib\/educacio\">Web GOIB-CAIB<\/a><\/strong><br \/>\nWeb educatiu de les Illes Balears.<b><\/b><\/li>\n<li><b><a href=\"http:\/\/mestreacasa.gva.es\/web\/guest\/inicio\" target=\"_blank\" rel=\"nofollow noopener noreferrer\">Mestre a casa<\/a>\u00a0<\/b><br \/>\nPortal educatiu de la comunitat valenciana.<\/li>\n<li><b><a href=\"http:\/\/school.discoveryeducation.com\/\" target=\"_blank\" rel=\"nofollow noopener noreferrer\">Discovery Education<\/a><br \/>\n<\/b>Portal en angl\u00e8s del canal Discovery, amb recursos educatius de lliure acc\u00e9s.<b style=\"font-size: 1em;\"><\/b><b style=\"font-size: 1em;\"><br \/>\n<a href=\"http:\/\/www.education-world.com\/\" target=\"_blank\" rel=\"nofollow noopener noreferrer\">Education World<\/a><\/b><b style=\"font-size: 1em;\"><\/b>Un dels millors webs per a educadors\/es i un dels m\u00e9s veterans.\u00a0En angl\u00e8s.<\/li>\n<\/ul>\n","protected":false},"excerpt":{"rendered":"<p>XTEC\u00a0Xarxa telem\u00e0tica educativa de Catalunya Portal del Departament d&#8217;Ensenyament adre\u00e7at als centres educatius de prim\u00e0ria i secund\u00e0ria de Catalunya. Edu365 [&hellip;]<\/p>\n","protected":false},"author":7,"featured_media":0,"parent":0,"menu_order":0,"comment_status":"closed","ping_status":"closed","template":"","meta":{"_bbp_topic_count":0,"_bbp_reply_count":0,"_bbp_total_topic_count":0,"_bbp_total_reply_count":0,"_bbp_voice_count":0,"_bbp_anonymous_reply_count":0,"_bbp_topic_count_hidden":0,"_bbp_reply_count_hidden":0,"_bbp_forum_subforum_count":0,"site-sidebar-layout":"default","site-content-layout":"","ast-site-content-layout":"default","site-content-style":"default","site-sidebar-style":"default","ast-global-header-display":"","ast-banner-title-visibility":"","ast-main-header-display":"","ast-hfb-above-header-display":"","ast-hfb-below-header-display":"","ast-hfb-mobile-header-display":"","site-post-title":"","ast-breadcrumbs-content":"","ast-featured-img":"","footer-sml-layout":"","theme-transparent-header-meta":"","adv-header-id-meta":"","stick-header-meta":"","header-above-stick-meta":"","header-main-stick-meta":"","header-below-stick-meta":"","astra-migrate-meta-layouts":"set","ast-page-background-enabled":"default","ast-page-background-meta":{"desktop":{"background-color":"var(--ast-global-color-4)","background-image":"","background-repeat":"repeat","background-position":"center center","background-size":"auto","background-attachment":"scroll","background-type":"","background-media":"","overlay-type":"","overlay-color":"","overlay-opacity":"","overlay-gradient":""},"tablet":{"background-color":"","background-image":"","background-repeat":"repeat","background-position":"center center","background-size":"auto","background-attachment":"scroll","background-type":"","background-media":"","overlay-type":"","overlay-color":"","overlay-opacity":"","overlay-gradient":""},"mobile":{"background-color":"","background-image":"","background-repeat":"repeat","background-position":"center center","background-size":"auto","background-attachment":"scroll","background-type":"","background-media":"","overlay-type":"","overlay-color":"","overlay-opacity":"","overlay-gradient":""}},"ast-content-background-meta":{"desktop":{"background-color":"var(--ast-global-color-5)","background-image":"","background-repeat":"repeat","background-position":"center center","background-size":"auto","background-attachment":"scroll","background-type":"","background-media":"","overlay-type":"","overlay-color":"","overlay-opacity":"","overlay-gradient":""},"tablet":{"background-color":"var(--ast-global-color-5)","background-image":"","background-repeat":"repeat","background-position":"center center","background-size":"auto","background-attachment":"scroll","background-type":"","background-media":"","overlay-type":"","overlay-color":"","overlay-opacity":"","overlay-gradient":""},"mobile":{"background-color":"var(--ast-global-color-5)","background-image":"","background-repeat":"repeat","background-position":"center center","background-size":"auto","background-attachment":"scroll","background-type":"","background-media":"","overlay-type":"","overlay-color":"","overlay-opacity":"","overlay-gradient":""}},"footnotes":""},"class_list":["post-10146","page","type-page","status-publish","hentry"],"post_mailing_queue_ids":[],"_links":{"self":[{"href":"https:\/\/serveiseducatius.xtec.cat\/santacolomag\/wp-json\/wp\/v2\/pages\/10146","targetHints":{"allow":["GET"]}}],"collection":[{"href":"https:\/\/serveiseducatius.xtec.cat\/santacolomag\/wp-json\/wp\/v2\/pages"}],"about":[{"href":"https:\/\/serveiseducatius.xtec.cat\/santacolomag\/wp-json\/wp\/v2\/types\/page"}],"author":[{"embeddable":true,"href":"https:\/\/serveiseducatius.xtec.cat\/santacolomag\/wp-json\/wp\/v2\/users\/7"}],"replies":[{"embeddable":true,"href":"https:\/\/serveiseducatius.xtec.cat\/santacolomag\/wp-json\/wp\/v2\/comments?post=10146"}],"version-history":[{"count":5,"href":"https:\/\/serveiseducatius.xtec.cat\/santacolomag\/wp-json\/wp\/v2\/pages\/10146\/revisions"}],"predecessor-version":[{"id":22724,"href":"https:\/\/serveiseducatius.xtec.cat\/santacolomag\/wp-json\/wp\/v2\/pages\/10146\/revisions\/22724"}],"wp:attachment":[{"href":"https:\/\/serveiseducatius.xtec.cat\/santacolomag\/wp-json\/wp\/v2\/media?parent=10146"}],"curies":[{"name":"wp","href":"https:\/\/api.w.org\/{rel}","templated":true}]}}