{"id":10135,"date":"2017-12-19T09:39:56","date_gmt":"2017-12-19T08:39:56","guid":{"rendered":"http:\/\/serveiseducatius.xtec.cat\/santacolomag\/?page_id=10135"},"modified":"2022-11-18T12:12:56","modified_gmt":"2022-11-18T11:12:56","slug":"atencio-a-la-diversitat","status":"publish","type":"page","link":"https:\/\/serveiseducatius.xtec.cat\/santacolomag\/atencio-a-la-diversitat\/","title":{"rendered":"Atenci\u00f3 a la diversitat"},"content":{"rendered":"<div>\n<h5>DEPARTAMENT ENSENYAMENT<\/h5>\n<h5><a href=\"https:\/\/drive.google.com\/file\/d\/1RWF55HMh71WIn8iNuM8yyoESdNXxgXLZ\/view?usp=sharing\">Presentaci\u00f3 decret inclusi\u00f3 a prim\u00e0ria<\/a>. Maig 2018<\/h5>\n<\/div>\n<div><a href=\"https:\/\/drive.google.com\/file\/d\/1MAyNe1glYv4_dbofMUKlKcAPlpMuP_dD\/view?usp=sharing\">Presentaci\u00f3 decret inclusi\u00f3 a secund\u00e0ria<\/a>. Maig 2018<\/div>\n<p>&nbsp;<\/p>\n<p>DOCUMENTS de detecci\u00f3 i actuaci\u00f3<\/p>\n<ul>\n<li><a href=\"http:\/\/www.xtec.cat\/alfresco\/d\/d\/workspace\/SpacesStore\/78d86f2b-8e9e-45e3-ad9e-4641658865ff\/dislexiainfpri.pdf\" target=\"_blank\" rel=\"noopener noreferrer\">Disl\u00e8xia (infantil i prim\u00e0ria)<\/a><\/li>\n<\/ul>\n<ul>\n<li><a href=\"http:\/\/www.xtec.cat\/alfresco\/d\/d\/workspace\/SpacesStore\/483a6539-df05-4969-ab94-2dd4ff3a5233\/dislexia%20eso.pdf\" target=\"_blank\" rel=\"noopener noreferrer\">Disl\u00e8xia (secund\u00e0ria obligat\u00f2ria)<\/a><\/li>\n<\/ul>\n<ul>\n<li><a href=\"http:\/\/www.xtec.cat\/alfresco\/d\/d\/workspace\/SpacesStore\/2aeb252b-6a47-40bc-80b0-381d7342a640\/dislexiacfibatx.pdf\" target=\"_blank\" rel=\"noopener noreferrer\">Disl\u00e8xia (secund\u00e0ria post-obligat\u00f2ria)<\/a><\/li>\n<\/ul>\n<p>Materials del departament d&#8217;educaci\u00f3 per a la detecci\u00f3 de la disl\u00e8xia\u00a0 i l&#8217;actuaci\u00f3\u00a0 en l&#8217;\u00e0mbit educatiu.<\/p>\n<ul>\n<li><a href=\"http:\/\/ensenyament.gencat.cat\/web\/.content\/home\/departament\/publicacions\/colleccions\/inclusio\/tdah.pdf\">TDAH<\/a><\/li>\n<\/ul>\n<p>Materials del departament d&#8217;educaci\u00f3 per a la detecci\u00f3 del TDAH i l&#8217;actuaci\u00f3 en l&#8217;\u00e0mbit educatiu.<\/p>\n<ul>\n<li><a href=\"http:\/\/xtec.gencat.cat\/ca\/curriculum\/diversitat-i-inclusio\/atencio-educativa-als-alumnes\/nese\/nese-derivades-de-trastorns-de-laprenentatge-i-la-comunicacio\/\" target=\"_blank\" rel=\"noopener noreferrer\">Trastorns d&#8217;aprenentatge<\/a>\u00a0XTEC &#8211; Xarxa Telem\u00e0tica Educativa de Catalunya<\/li>\n<\/ul>\n<div>\n<p>Web del departament d&#8217;educaci\u00f3 on hi ha recursos per detectar trastorns d&#8217;aprenentatge.<\/p>\n<\/div>\n<div><\/div>\n<ul>\n<li><a href=\"http:\/\/xtec.gencat.cat\/ca\/curriculum\/sep\/altescapa\/\" target=\"_blank\" rel=\"noopener noreferrer\">Altes capacitats<\/a>\u00a0XTEC &#8211; Xarxa Telem\u00e0tica Educativa de Catalunya<\/li>\n<\/ul>\n<p>Web del departament d&#8217;educaci\u00f3 on hi ha recursos per detectar l&#8217;alumnat d&#8217;altes capacitats.<\/p>\n<ul>\n<li><a href=\"http:\/\/xtec.gencat.cat\/ca\/curriculum\/diversitat-i-inclusio\/\">Atenci\u00f3 a la diversitat<\/a>\u00a0XTEC &#8211; Xarxa Telem\u00e0tica Educativa de Catalunya<\/li>\n<\/ul>\n<p>Web del departament d&#8217;educaci\u00f3 on hi ha\u00a0articles destacats que parlen sobre l&#8217;atenci\u00f3 a la diversitat.<\/p>\n<ul>\n<li style=\"font-weight: 400;\"><a href=\"http:\/\/xtec.gencat.cat\/ca\/projectes\/alumnat-origen-estranger\/\"><span style=\"font-weight: 400;\">Alumnat d\u2019origen estranger<\/span><\/a><span style=\"font-weight: 400;\"> XTEC \u2013 Xarxa Telem\u00e0tica Educativa de Catalunya<\/span><\/li>\n<\/ul>\n<p><span style=\"font-weight: 400;\">Web del departament d\u2019educaci\u00f3 on hi ha recursos per a l\u2019atenci\u00f3 de l\u2019alumnat nouvingut i d\u2019origen estranger. <\/span><\/p>\n<ul>\n<li><a href=\"http:\/\/xtec.gencat.cat\/ca\/curriculum\/diversitat-i-inclusio\/atencio-educativa-als-alumnes\/pla-de-suport-individualitzat-pi\/\" target=\"_blank\" rel=\"noopener noreferrer\">Plans individualitzats<\/a>\u00a0XTEC &#8211; Xarxa Telem\u00e0tica Educativa de Catalunya<\/li>\n<\/ul>\n<div>\n<p>\u00a0Web del departament d&#8217;educaci\u00f3 on hi ha pautes a seguir per elaborar un PI.<\/p>\n<\/div>\n<p>&nbsp;<\/p>\n<div>\n<h5>PROGRAMARI<\/h5>\n<\/div>\n<div><\/div>\n<ul>\n<li><a href=\"http:\/\/projectefressa.blogspot.com.es\/\">Projecte Fressa<\/a><\/li>\n<\/ul>\n<p>Conjunt d&#8217;aplicacions excepcionals\u00a0rel\u00b7lacionades amb l&#8217;acc\u00e8s a<br \/>\nl&#8217;ordinador, son programes d&#8217;ajuda\u00a0a\u00a0la comunicaci\u00f3 per a persones<br \/>\namb \u00a0discapacitat motora, visual i auditiva.<\/p>\n<ul>\n<li>\n<h6><a href=\"http:\/\/www.xtec.cat\/dnee\/programari.htm\" target=\"_blank\" rel=\"nofollow noopener noreferrer\">Programari xtec<\/a><\/h6>\n<\/li>\n<\/ul>\n<p>P\u00e0gina de l&#8217;XTEC amb programes inform\u00e0tics destinats a la atenci\u00f3<br \/>\nd&#8217;alumnes amb NEE.<\/p>\n<ul style=\"list-style-type: disc;\">\n<li><strong><a href=\"https:\/\/sites.google.com\/a\/xtec.cat\/rdzereral\/educacio-especial\">Recursos digitals per ensenyar, aprendre i treballar<\/a><\/strong><\/li>\n<\/ul>\n<p><span style=\"font-size: 12pt;\">P\u00e0gina de recursos per poder treballar amb l&#8217;alumnat d&#8217;atenci\u00f3\u00a0 a la diversitat.<\/span><\/p>\n<p>&nbsp;<\/p>\n<h5>WEBS D&#8217;INTER\u00c8S<\/h5>\n<ul>\n<li><a href=\"http:\/\/xtec.gencat.cat\/ca\/serveis\/see\/creda\/\">CREDA <\/a>Web de l&#8217;XTEC dels Centres de recursos educatius per a deficients <span style=\"font-family: inherit; font-size: 1em;\">auditius.<\/span><\/li>\n<\/ul>\n<ul>\n<li><a href=\"https:\/\/serveiseducatius.xtec.cat\/creda-comarques2\/categoria\/recursos\/\">CREDA Sant Adri\u00e0 del Bes\u00f2s. <\/a>Web del CREDA de refer\u00e8ncia de Santa Coloma de Gramenet, amb propostes, informacions i recursos per a alumnat, professorat i fam\u00edlies.<\/li>\n<li><a href=\"https:\/\/www.gramenet.cat\/ajuntament\/arees-municipals\/benestar-social-i-families\/\" target=\"_blank\" rel=\"noopener noreferrer\">Ajuntament de Santa Coloma de Gramenet<\/a>\u00a0(benestar social)<\/li>\n<\/ul>\n<p>Informaci\u00f3 relativa a escolaritzaci\u00f3, ajudes, ensenyament a domicili,centres especials, \u00a0beques, i d&#8217;altres recursos per les persones ambdiscapacitat a Santa Coloma de Gramenet i el seu entorn.<\/p>\n<ul>\n<li><a href=\"http:\/\/www.fvb.cat\/assistencia-publica\/csmij-santa-coloma-de-gramenet\/\">CSMIJ<\/a> Santa Coloma de Gramenet (Centre de Salut Mental Infantil i Juvenil)<\/li>\n<\/ul>\n<p>Espai per ajudar a les fam\u00edlies dels nens i adolescents amb dificultats\u00a0on poden trobar orientaci\u00f3 en la seva tasca com a mares i pares.<\/p>\n<ul>\n<li><a href=\"http:\/\/www.xtec.cat\/crp-santcugat\/dislexiaconferencies.html\" target=\"_blank\" rel=\"noopener noreferrer\">Recursos per a la disl\u00e8xia<\/a><\/li>\n<\/ul>\n<p>P\u00e0gina elaborada pel CRP de Sant Cugat<\/p>\n<ul>\n<li><a href=\"http:\/\/faros.hsjdbcn.org\/ca\">FAROS<\/a> (hospital de Sant Joan de D\u00e9u) Barcelona<br \/>\nGuia per a la salud editada per l&#8217;Hospital de Sant Joan de D\u00e9u. Cont\u00e9 recursos educatius per a totes les edats<\/li>\n<\/ul>\n<ul>\n<li><a href=\"http:\/\/www.oei.es\/historico\/noticias\/spip.php?article4127\" target=\"_blank\" rel=\"noopener noreferrer\">Proyecto aprender<\/a><\/li>\n<\/ul>\n<p>Projecte de Necessitats Educatives Especials (proyecto aprender).<\/p>\n<ul>\n<li><a href=\"https:\/\/www.specialeducationguide.com\/\">Special Education Guide<\/a><\/li>\n<\/ul>\n<p>Guia de recursos per a pares i educadors per treballar amb l&#8217;alumnat d&#8217;educaci\u00f3 Especial.<\/p>\n<ul>\n<li><a href=\"http:\/\/creena.educacion.navarra.es\/web\/\">CREENA<\/a><\/li>\n<\/ul>\n<p>Centre de Recursos d&#8217;educaci\u00f3 Especial de Navarra.<\/p>\n<div><\/div>\n<div>\n<h5>SISTEMES AUGMENTATIUS I ALTERNATIUS DE COMUNICACI\u00d3 (SAAC)<\/h5>\n<h6><\/h6>\n<ul>\n<li><a href=\"http:\/\/ateneu.xtec.cat\/wikiform\/wikiexport\/cursos\/escola_inclusiva\/d333\/modul_3\/practica_4\" target=\"_blank\" rel=\"nofollow noopener noreferrer\">Diccionari SPC<\/a><\/li>\n<\/ul>\n<p>Formaci\u00f3 telem\u00e0tica\u00a0ATENEU. Estrat\u00e8gies TAC per a la inclusi\u00f3 escolar de l&#8217;alumnat amb discapacitat motriu<\/p>\n<ul>\n<li><a href=\"http:\/\/llengua.gencat.cat\/ca\/llengua_signes_catalana\/recursos-i-activitats\/vocabulari\/\" target=\"_blank\" rel=\"noopener noreferrer\">Diccionari LLengua de Signes<\/a><\/li>\n<\/ul>\n<p>Recull d&#8217;alguns dels signes m\u00e9s habituals, amb dibuix i v\u00eddeo de<br \/>\nl&#8217;execuci\u00f3 del signe.<\/p>\n<ul>\n<li><a href=\"http:\/\/www.tecnoaccesible.net\/content\/mic-magatzem-dicones-catalanes\" target=\"_blank\" rel=\"noopener noreferrer\">Magatzem d&#8217;icones catalanes<\/a><\/li>\n<\/ul>\n<p>Recull de signes rel\u00b7lacionats amb la cultura catalana.<\/p>\n<ul>\n<li><a href=\"http:\/\/www.aumentativa.net\/\" target=\"_blank\" rel=\"noopener noreferrer\">Aumentativa 2.0<\/a><\/li>\n<\/ul>\n<p>Espai interactiu amb recursos materials i did\u00e0ctics per la implementaci\u00f3<br \/>\nde programes de comunicaci\u00f3 augmentativa.<\/p>\n<ul>\n<li><a href=\"http:\/\/www.edu365.cat\/primaria\/catala\/historic\/contes_spc\/index.htm\">Contes SPC<\/a><\/li>\n<\/ul>\n<p>Diferents contes SPC \u00a0per treballar a educaci\u00f3 ifantil i prim\u00e0ria,<br \/>\nhi ha contes populars entre d&#8217; altres.<\/p>\n<ul>\n<li><a href=\"http:\/\/www.sematos.eu\/lsc.html\" target=\"_blank\" rel=\"noopener noreferrer\">Alfabet dactilol\u00f2gic<\/a><\/li>\n<\/ul>\n<p>S\u00e9matos,\u00a0 alfabet dactilol\u00f2gic i m\u00e9s recursos per treballar amb llenguatge de signes<\/p>\n<p>&nbsp;<\/p>\n<p>V\u00cdDEOS<\/p>\n<ul>\n<li><a href=\"https:\/\/www.rtve.es\/alacarta\/videos\/version-espanola\/version-espanola-viaje-maria-corto-sobre-autismo-miguel-gallardo\/1210260\/\">El viaje de Mar\u00eda\u00a0<\/a> (v\u00eddeo per treballar el trastorn d&#8217;aspectre Autista amb l&#8217;alumnat).<\/li>\n<li><a href=\"https:\/\/www.youtube.com\/watch?v=fCoBk1tWYEg&amp;t=1s\">Academia de especialistas<\/a>\u00a0\u00a0(v\u00eddeo per treballar el trastorn d&#8217;aspectre Autista amb l&#8217;alumnat).<\/li>\n<li><a href=\"https:\/\/www.youtube.com\/watch?feature=player_embedded&amp;v=52CstoCzMHw\">Mi hermanito&#8230; de la luna<\/a>\u00a0(v\u00eddeo per treballar el trastorn d&#8217;aspectre Autista amb l&#8217;alumnat).<\/li>\n<li><a href=\"https:\/\/www.youtube.com\/watch?v=0iTh6UFJOaQ\">TDAH super v\u00eddeo super explicado<\/a>\u00a0 (v\u00eddeo per treballar el trastorn TDAH\u00a0amb l&#8217;alumnat).<\/li>\n<li><a href=\"https:\/\/www.youtube.com\/watch?v=4INwx_tmTKw\">Cuerdas<\/a> (curt guanyador del Goya 2014 en la categoria de &#8220;Millor curtmetratge d&#8217;animaci\u00f3 espanyol&#8221;.)<\/li>\n<\/ul>\n<\/div>\n","protected":false},"excerpt":{"rendered":"<p>DEPARTAMENT ENSENYAMENT Presentaci\u00f3 decret inclusi\u00f3 a prim\u00e0ria. Maig 2018 Presentaci\u00f3 decret inclusi\u00f3 a secund\u00e0ria. Maig 2018 &nbsp; DOCUMENTS de detecci\u00f3 [&hellip;]<\/p>\n","protected":false},"author":7,"featured_media":0,"parent":0,"menu_order":0,"comment_status":"closed","ping_status":"closed","template":"","meta":{"_bbp_topic_count":0,"_bbp_reply_count":0,"_bbp_total_topic_count":0,"_bbp_total_reply_count":0,"_bbp_voice_count":0,"_bbp_anonymous_reply_count":0,"_bbp_topic_count_hidden":0,"_bbp_reply_count_hidden":0,"_bbp_forum_subforum_count":0,"site-sidebar-layout":"default","site-content-layout":"","ast-site-content-layout":"","site-content-style":"default","site-sidebar-style":"default","ast-global-header-display":"","ast-banner-title-visibility":"","ast-main-header-display":"","ast-hfb-above-header-display":"","ast-hfb-below-header-display":"","ast-hfb-mobile-header-display":"","site-post-title":"","ast-breadcrumbs-content":"","ast-featured-img":"","footer-sml-layout":"","theme-transparent-header-meta":"","adv-header-id-meta":"","stick-header-meta":"","header-above-stick-meta":"","header-main-stick-meta":"","header-below-stick-meta":"","astra-migrate-meta-layouts":"default","ast-page-background-enabled":"default","ast-page-background-meta":{"desktop":{"background-color":"var(--ast-global-color-4)","background-image":"","background-repeat":"repeat","background-position":"center center","background-size":"auto","background-attachment":"scroll","background-type":"","background-media":"","overlay-type":"","overlay-color":"","overlay-opacity":"","overlay-gradient":""},"tablet":{"background-color":"","background-image":"","background-repeat":"repeat","background-position":"center center","background-size":"auto","background-attachment":"scroll","background-type":"","background-media":"","overlay-type":"","overlay-color":"","overlay-opacity":"","overlay-gradient":""},"mobile":{"background-color":"","background-image":"","background-repeat":"repeat","background-position":"center center","background-size":"auto","background-attachment":"scroll","background-type":"","background-media":"","overlay-type":"","overlay-color":"","overlay-opacity":"","overlay-gradient":""}},"ast-content-background-meta":{"desktop":{"background-color":"var(--ast-global-color-5)","background-image":"","background-repeat":"repeat","background-position":"center center","background-size":"auto","background-attachment":"scroll","background-type":"","background-media":"","overlay-type":"","overlay-color":"","overlay-opacity":"","overlay-gradient":""},"tablet":{"background-color":"var(--ast-global-color-5)","background-image":"","background-repeat":"repeat","background-position":"center center","background-size":"auto","background-attachment":"scroll","background-type":"","background-media":"","overlay-type":"","overlay-color":"","overlay-opacity":"","overlay-gradient":""},"mobile":{"background-color":"var(--ast-global-color-5)","background-image":"","background-repeat":"repeat","background-position":"center center","background-size":"auto","background-attachment":"scroll","background-type":"","background-media":"","overlay-type":"","overlay-color":"","overlay-opacity":"","overlay-gradient":""}},"footnotes":""},"class_list":["post-10135","page","type-page","status-publish","hentry"],"post_mailing_queue_ids":[],"_links":{"self":[{"href":"https:\/\/serveiseducatius.xtec.cat\/santacolomag\/wp-json\/wp\/v2\/pages\/10135","targetHints":{"allow":["GET"]}}],"collection":[{"href":"https:\/\/serveiseducatius.xtec.cat\/santacolomag\/wp-json\/wp\/v2\/pages"}],"about":[{"href":"https:\/\/serveiseducatius.xtec.cat\/santacolomag\/wp-json\/wp\/v2\/types\/page"}],"author":[{"embeddable":true,"href":"https:\/\/serveiseducatius.xtec.cat\/santacolomag\/wp-json\/wp\/v2\/users\/7"}],"replies":[{"embeddable":true,"href":"https:\/\/serveiseducatius.xtec.cat\/santacolomag\/wp-json\/wp\/v2\/comments?post=10135"}],"version-history":[{"count":4,"href":"https:\/\/serveiseducatius.xtec.cat\/santacolomag\/wp-json\/wp\/v2\/pages\/10135\/revisions"}],"predecessor-version":[{"id":14234,"href":"https:\/\/serveiseducatius.xtec.cat\/santacolomag\/wp-json\/wp\/v2\/pages\/10135\/revisions\/14234"}],"wp:attachment":[{"href":"https:\/\/serveiseducatius.xtec.cat\/santacolomag\/wp-json\/wp\/v2\/media?parent=10135"}],"curies":[{"name":"wp","href":"https:\/\/api.w.org\/{rel}","templated":true}]}}