{"id":10026,"date":"2017-12-04T12:50:12","date_gmt":"2017-12-04T11:50:12","guid":{"rendered":"http:\/\/serveiseducatius.xtec.cat\/santacolomag\/?page_id=10026"},"modified":"2025-09-12T10:30:01","modified_gmt":"2025-09-12T08:30:01","slug":"atles","status":"publish","type":"page","link":"https:\/\/serveiseducatius.xtec.cat\/santacolomag\/recursos-en-linia\/atles\/","title":{"rendered":"Atles"},"content":{"rendered":"<ul>\n<li><a href=\"http:\/\/www.icc.cat\/\" target=\"_blank\" rel=\"nofollow noopener noreferrer\">Institut Cartogr\u00e0fic de Catalunya<\/a><\/li>\n<\/ul>\n<p>Localitzaci\u00f3, visualitzaci\u00f3 i desc\u00e0rrega de mapes.<\/p>\n<ul>\n<li>\u00a0<a href=\"http:\/\/maps.google.cat\/\" target=\"_blank\" rel=\"noopener noreferrer\">Google Maps<\/a><\/li>\n<\/ul>\n<p>Mapes i imatges de sat\u00e8l\u00b7lit del m\u00f3n.<\/p>\n<ul>\n<li><a href=\"https:\/\/www.openstreetmap.org\/#map=10\/41.2303\/1.8828\">OpenStreetMaps<\/a><\/li>\n<\/ul>\n<p>Mapes lliures del m\u00f3n.<\/p>\n<ul>\n<li><a href=\"https:\/\/www.explora.cat\/index.html\">\u00a0Explora Catalunya<\/a><\/li>\n<\/ul>\n<p>Excursions, passejades i caminades per a descobrir diferents indrets de Catalunya.<\/p>\n<ul>\n<li>\u00a0<a href=\"http:\/\/www.xtec.cat\/monografics\/socials\/mapes\/indexeuro.htm\">Mapes<\/a><\/li>\n<\/ul>\n<p>Materials cartogr\u00e0fics per treballar a l&#8217;aula.<\/p>\n<ul>\n<li>\u00a0<a href=\"http:\/\/www.worldatlas.com\/aatlas\/world.htm\" target=\"_blank\" rel=\"nofollow noopener noreferrer\">World Atlas<\/a><\/li>\n<\/ul>\n<p>Atles mundial, amb mapes descarregables.<\/p>\n","protected":false},"excerpt":{"rendered":"<p>Institut Cartogr\u00e0fic de Catalunya Localitzaci\u00f3, visualitzaci\u00f3 i desc\u00e0rrega de mapes. \u00a0Google Maps Mapes i imatges de sat\u00e8l\u00b7lit del m\u00f3n. OpenStreetMaps [&hellip;]<\/p>\n","protected":false},"author":7,"featured_media":0,"parent":8402,"menu_order":0,"comment_status":"closed","ping_status":"closed","template":"","meta":{"_bbp_topic_count":0,"_bbp_reply_count":0,"_bbp_total_topic_count":0,"_bbp_total_reply_count":0,"_bbp_voice_count":0,"_bbp_anonymous_reply_count":0,"_bbp_topic_count_hidden":0,"_bbp_reply_count_hidden":0,"_bbp_forum_subforum_count":0,"site-sidebar-layout":"default","site-content-layout":"","ast-site-content-layout":"default","site-content-style":"default","site-sidebar-style":"default","ast-global-header-display":"","ast-banner-title-visibility":"","ast-main-header-display":"","ast-hfb-above-header-display":"","ast-hfb-below-header-display":"","ast-hfb-mobile-header-display":"","site-post-title":"","ast-breadcrumbs-content":"","ast-featured-img":"","footer-sml-layout":"","theme-transparent-header-meta":"","adv-header-id-meta":"","stick-header-meta":"","header-above-stick-meta":"","header-main-stick-meta":"","header-below-stick-meta":"","astra-migrate-meta-layouts":"set","ast-page-background-enabled":"default","ast-page-background-meta":{"desktop":{"background-color":"var(--ast-global-color-4)","background-image":"","background-repeat":"repeat","background-position":"center center","background-size":"auto","background-attachment":"scroll","background-type":"","background-media":"","overlay-type":"","overlay-color":"","overlay-opacity":"","overlay-gradient":""},"tablet":{"background-color":"","background-image":"","background-repeat":"repeat","background-position":"center center","background-size":"auto","background-attachment":"scroll","background-type":"","background-media":"","overlay-type":"","overlay-color":"","overlay-opacity":"","overlay-gradient":""},"mobile":{"background-color":"","background-image":"","background-repeat":"repeat","background-position":"center center","background-size":"auto","background-attachment":"scroll","background-type":"","background-media":"","overlay-type":"","overlay-color":"","overlay-opacity":"","overlay-gradient":""}},"ast-content-background-meta":{"desktop":{"background-color":"var(--ast-global-color-5)","background-image":"","background-repeat":"repeat","background-position":"center center","background-size":"auto","background-attachment":"scroll","background-type":"","background-media":"","overlay-type":"","overlay-color":"","overlay-opacity":"","overlay-gradient":""},"tablet":{"background-color":"var(--ast-global-color-5)","background-image":"","background-repeat":"repeat","background-position":"center center","background-size":"auto","background-attachment":"scroll","background-type":"","background-media":"","overlay-type":"","overlay-color":"","overlay-opacity":"","overlay-gradient":""},"mobile":{"background-color":"var(--ast-global-color-5)","background-image":"","background-repeat":"repeat","background-position":"center center","background-size":"auto","background-attachment":"scroll","background-type":"","background-media":"","overlay-type":"","overlay-color":"","overlay-opacity":"","overlay-gradient":""}},"footnotes":""},"class_list":["post-10026","page","type-page","status-publish","hentry"],"post_mailing_queue_ids":[],"_links":{"self":[{"href":"https:\/\/serveiseducatius.xtec.cat\/santacolomag\/wp-json\/wp\/v2\/pages\/10026","targetHints":{"allow":["GET"]}}],"collection":[{"href":"https:\/\/serveiseducatius.xtec.cat\/santacolomag\/wp-json\/wp\/v2\/pages"}],"about":[{"href":"https:\/\/serveiseducatius.xtec.cat\/santacolomag\/wp-json\/wp\/v2\/types\/page"}],"author":[{"embeddable":true,"href":"https:\/\/serveiseducatius.xtec.cat\/santacolomag\/wp-json\/wp\/v2\/users\/7"}],"replies":[{"embeddable":true,"href":"https:\/\/serveiseducatius.xtec.cat\/santacolomag\/wp-json\/wp\/v2\/comments?post=10026"}],"version-history":[{"count":6,"href":"https:\/\/serveiseducatius.xtec.cat\/santacolomag\/wp-json\/wp\/v2\/pages\/10026\/revisions"}],"predecessor-version":[{"id":22709,"href":"https:\/\/serveiseducatius.xtec.cat\/santacolomag\/wp-json\/wp\/v2\/pages\/10026\/revisions\/22709"}],"up":[{"embeddable":true,"href":"https:\/\/serveiseducatius.xtec.cat\/santacolomag\/wp-json\/wp\/v2\/pages\/8402"}],"wp:attachment":[{"href":"https:\/\/serveiseducatius.xtec.cat\/santacolomag\/wp-json\/wp\/v2\/media?parent=10026"}],"curies":[{"name":"wp","href":"https:\/\/api.w.org\/{rel}","templated":true}]}}