{"id":10017,"date":"2017-12-04T12:36:56","date_gmt":"2017-12-04T11:36:56","guid":{"rendered":"http:\/\/serveiseducatius.xtec.cat\/santacolomag\/?page_id=10017"},"modified":"2025-09-12T09:45:49","modified_gmt":"2025-09-12T07:45:49","slug":"diccionaris","status":"publish","type":"page","link":"https:\/\/serveiseducatius.xtec.cat\/santacolomag\/recursos-en-linia\/diccionaris\/","title":{"rendered":"Diccionaris"},"content":{"rendered":"<ul>\n<li><a href=\"http:\/\/dlc.iec.cat\/\" target=\"_blank\" rel=\"nofollow noopener noreferrer\">Diccionari de la llengua catalana<\/a><\/li>\n<\/ul>\n<p>Diccionari de l&#8217;Institut d&#8217;Estudis Catalans.<\/p>\n<ul>\n<li><a href=\"http:\/\/www.termcat.cat\/\" target=\"_blank\" rel=\"nofollow noopener noreferrer\">TermCat<\/a><\/li>\n<\/ul>\n<p>Acc\u00e9s a diversos diccionaris tem\u00e0tics i a un servei de\u00a0<a href=\"http:\/\/www.termcat.cat\/ca\/Diccionaris_En_Linia\/?utm_source=Lleng%C3%BCes+del+m%C3%B3n&amp;utm_campaign=12243658d4-Lleng%C3%BCes+del+m%C3%B3n.+Tramesa+especialitzada&amp;utm_medium=email&amp;utm_term=0_d103c790d2-12243658d4-24962785\" target=\"_blank\" rel=\"nofollow noopener noreferrer\">consultes terminol\u00f2giques en l\u00ednia<\/a>.<\/p>\n<div>\n<ul>\n<li><a href=\"https:\/\/dcvb.iec.cat\/\">Diccionari catal\u00e0-valenci\u00e0-balear<\/a><\/li>\n<\/ul>\n<p>Edici\u00f3 electr\u00f2nica del Diccionari catal\u00e0-valenci\u00e0-balear d\u2019A. M. Alcover i F. de B. Moll.<\/p>\n<\/div>\n<div><\/div>\n<div>\n<ul>\n<li><a href=\"http:\/\/www.diccionaris.cat\/\" target=\"_blank\" rel=\"nofollow noopener noreferrer\">Diccionaris.cat<\/a><\/li>\n<\/ul>\n<p>Acc\u00e8s a diferents diccionaris: catal\u00e0, de sin\u00f2nims, catal\u00e0-castell\u00e0, catal\u00e0-angl\u00e8s i catal\u00e0-franc\u00e8s, de l&#8217;editorial Larousse.<\/p>\n<\/div>\n<div>\n<ul>\n<li><a href=\"http:\/\/www.rae.es\/obras-academicas\/diccionarios\/diccionario-de-la-lengua-espanola\" target=\"_blank\" rel=\"nofollow noopener noreferrer\">Diccionario de la lengua espa\u00f1ola<\/a><\/li>\n<\/ul>\n<p>Diccionari de la Real Academia Espa\u00f1ola.<\/p>\n<\/div>\n<div>\n<ul>\n<li><a href=\"https:\/\/www.upf.edu\/web\/gabinet-linguistic\/diccionari-multilingue-catala-castella-angles-frances-alemany\">Diccionari multiling\u00fce<\/a><\/li>\n<\/ul>\n<p>Diccionari catal\u00e0-castell\u00e0-angl\u00e8s-franc\u00e8s-alemany de l&#8217;Enciclop\u00e8dia Catalana.<\/p>\n<\/div>\n<div>\n<ul>\n<li><a href=\"http:\/\/www.wordreference.com\/\" target=\"_blank\" rel=\"nofollow noopener noreferrer\">WordReference<\/a><\/li>\n<\/ul>\n<p>Diccionari multiling\u00fce.<\/p>\n<\/div>\n<div><\/div>\n","protected":false},"excerpt":{"rendered":"<p>Diccionari de la llengua catalana Diccionari de l&#8217;Institut d&#8217;Estudis Catalans. TermCat Acc\u00e9s a diversos diccionaris tem\u00e0tics i a un servei [&hellip;]<\/p>\n","protected":false},"author":7,"featured_media":0,"parent":8402,"menu_order":0,"comment_status":"closed","ping_status":"closed","template":"","meta":{"_bbp_topic_count":0,"_bbp_reply_count":0,"_bbp_total_topic_count":0,"_bbp_total_reply_count":0,"_bbp_voice_count":0,"_bbp_anonymous_reply_count":0,"_bbp_topic_count_hidden":0,"_bbp_reply_count_hidden":0,"_bbp_forum_subforum_count":0,"site-sidebar-layout":"default","site-content-layout":"","ast-site-content-layout":"default","site-content-style":"default","site-sidebar-style":"default","ast-global-header-display":"","ast-banner-title-visibility":"","ast-main-header-display":"","ast-hfb-above-header-display":"","ast-hfb-below-header-display":"","ast-hfb-mobile-header-display":"","site-post-title":"","ast-breadcrumbs-content":"","ast-featured-img":"","footer-sml-layout":"","theme-transparent-header-meta":"","adv-header-id-meta":"","stick-header-meta":"","header-above-stick-meta":"","header-main-stick-meta":"","header-below-stick-meta":"","astra-migrate-meta-layouts":"set","ast-page-background-enabled":"default","ast-page-background-meta":{"desktop":{"background-color":"var(--ast-global-color-4)","background-image":"","background-repeat":"repeat","background-position":"center center","background-size":"auto","background-attachment":"scroll","background-type":"","background-media":"","overlay-type":"","overlay-color":"","overlay-opacity":"","overlay-gradient":""},"tablet":{"background-color":"","background-image":"","background-repeat":"repeat","background-position":"center center","background-size":"auto","background-attachment":"scroll","background-type":"","background-media":"","overlay-type":"","overlay-color":"","overlay-opacity":"","overlay-gradient":""},"mobile":{"background-color":"","background-image":"","background-repeat":"repeat","background-position":"center center","background-size":"auto","background-attachment":"scroll","background-type":"","background-media":"","overlay-type":"","overlay-color":"","overlay-opacity":"","overlay-gradient":""}},"ast-content-background-meta":{"desktop":{"background-color":"var(--ast-global-color-5)","background-image":"","background-repeat":"repeat","background-position":"center center","background-size":"auto","background-attachment":"scroll","background-type":"","background-media":"","overlay-type":"","overlay-color":"","overlay-opacity":"","overlay-gradient":""},"tablet":{"background-color":"var(--ast-global-color-5)","background-image":"","background-repeat":"repeat","background-position":"center center","background-size":"auto","background-attachment":"scroll","background-type":"","background-media":"","overlay-type":"","overlay-color":"","overlay-opacity":"","overlay-gradient":""},"mobile":{"background-color":"var(--ast-global-color-5)","background-image":"","background-repeat":"repeat","background-position":"center center","background-size":"auto","background-attachment":"scroll","background-type":"","background-media":"","overlay-type":"","overlay-color":"","overlay-opacity":"","overlay-gradient":""}},"footnotes":""},"class_list":["post-10017","page","type-page","status-publish","hentry"],"post_mailing_queue_ids":[],"_links":{"self":[{"href":"https:\/\/serveiseducatius.xtec.cat\/santacolomag\/wp-json\/wp\/v2\/pages\/10017","targetHints":{"allow":["GET"]}}],"collection":[{"href":"https:\/\/serveiseducatius.xtec.cat\/santacolomag\/wp-json\/wp\/v2\/pages"}],"about":[{"href":"https:\/\/serveiseducatius.xtec.cat\/santacolomag\/wp-json\/wp\/v2\/types\/page"}],"author":[{"embeddable":true,"href":"https:\/\/serveiseducatius.xtec.cat\/santacolomag\/wp-json\/wp\/v2\/users\/7"}],"replies":[{"embeddable":true,"href":"https:\/\/serveiseducatius.xtec.cat\/santacolomag\/wp-json\/wp\/v2\/comments?post=10017"}],"version-history":[{"count":5,"href":"https:\/\/serveiseducatius.xtec.cat\/santacolomag\/wp-json\/wp\/v2\/pages\/10017\/revisions"}],"predecessor-version":[{"id":22705,"href":"https:\/\/serveiseducatius.xtec.cat\/santacolomag\/wp-json\/wp\/v2\/pages\/10017\/revisions\/22705"}],"up":[{"embeddable":true,"href":"https:\/\/serveiseducatius.xtec.cat\/santacolomag\/wp-json\/wp\/v2\/pages\/8402"}],"wp:attachment":[{"href":"https:\/\/serveiseducatius.xtec.cat\/santacolomag\/wp-json\/wp\/v2\/media?parent=10017"}],"curies":[{"name":"wp","href":"https:\/\/api.w.org\/{rel}","templated":true}]}}