{"id":10011,"date":"2017-12-04T12:18:12","date_gmt":"2017-12-04T11:18:12","guid":{"rendered":"http:\/\/serveiseducatius.xtec.cat\/santacolomag\/?page_id=10011"},"modified":"2025-09-12T08:53:27","modified_gmt":"2025-09-12T06:53:27","slug":"enciclopedies","status":"publish","type":"page","link":"https:\/\/serveiseducatius.xtec.cat\/santacolomag\/recursos-en-linia\/enciclopedies\/","title":{"rendered":"Enciclop\u00e8dies"},"content":{"rendered":"<ul>\n<li><a href=\"http:\/\/www.enciclopedia.cat\/\" target=\"_blank\" rel=\"nofollow noopener noreferrer\">l&#8217;Enciclop\u00e8dia<\/a><\/li>\n<\/ul>\n<p>Edici\u00f3 digital revisada de la Gran Enciclop\u00e8dia Catalana i el Gran Diccionari de la Llengua<\/p>\n<ul>\n<li><a href=\"http:\/\/www.encyclopedia.com\/\" target=\"_blank\" rel=\"nofollow noopener noreferrer\">Encyclopedia<\/a><\/li>\n<\/ul>\n<p>Cerca combinada a diverses enciclop\u00e8dies i diccionaris en angl\u00e8s.<\/p>\n<ul>\n<li><a href=\"https:\/\/www.larousse.fr\/\" target=\"_blank\" rel=\"nofollow noopener noreferrer\">L&#8217;Encyclop\u00e9die Larousse<\/a><\/li>\n<\/ul>\n<p>Enciclop\u00e8dia en franc\u00e8s de lliure acc\u00e9s<\/p>\n<ul>\n<li><a href=\"http:\/\/www.eol.org\/\" target=\"_blank\" rel=\"nofollow noopener noreferrer\">Encyclopedia of Life<\/a><\/li>\n<\/ul>\n<p>Enciclop\u00e8dia en angl\u00e8s sobre els \u00e9ssers vius, escrita de forma col\u00b7laborativa per experts.<\/p>\n<ul>\n<li><a href=\"http:\/\/ca.wikipedia.org\/\" target=\"_blank\" rel=\"nofollow noopener noreferrer\">Viquip\u00e8dia, l&#8217;enciclop\u00e8dia lliure<\/a><\/li>\n<\/ul>\n<p>Enciclop\u00e8dia en catal\u00e0 elaborada de forma col\u00b7laborativa.<\/p>\n<ul>\n<li><a href=\"http:\/\/es.wikipedia.org\/wiki\/Wikipedia:Portada\" target=\"_blank\" rel=\"nofollow noopener noreferrer\">Wikipedia, la enciclopedia libre<\/a><\/li>\n<\/ul>\n<p>Versi\u00f3 en castell\u00e0 de Viquip\u00e8dia.<\/p>\n<ul>\n<li><a href=\"http:\/\/wikipedia.org\/\" target=\"_blank\" rel=\"nofollow noopener noreferrer\">Wikipedia, the free encyclopedia<\/a><\/li>\n<\/ul>\n<p>Versi\u00f3 en angl\u00e8s, \u00e9s la que compta amb m\u00e9s articles.<\/p>\n","protected":false},"excerpt":{"rendered":"<p>l&#8217;Enciclop\u00e8dia Edici\u00f3 digital revisada de la Gran Enciclop\u00e8dia Catalana i el Gran Diccionari de la Llengua Encyclopedia Cerca combinada a [&hellip;]<\/p>\n","protected":false},"author":7,"featured_media":0,"parent":8402,"menu_order":0,"comment_status":"closed","ping_status":"closed","template":"","meta":{"_bbp_topic_count":0,"_bbp_reply_count":0,"_bbp_total_topic_count":0,"_bbp_total_reply_count":0,"_bbp_voice_count":0,"_bbp_anonymous_reply_count":0,"_bbp_topic_count_hidden":0,"_bbp_reply_count_hidden":0,"_bbp_forum_subforum_count":0,"site-sidebar-layout":"default","site-content-layout":"","ast-site-content-layout":"default","site-content-style":"default","site-sidebar-style":"default","ast-global-header-display":"","ast-banner-title-visibility":"","ast-main-header-display":"","ast-hfb-above-header-display":"","ast-hfb-below-header-display":"","ast-hfb-mobile-header-display":"","site-post-title":"","ast-breadcrumbs-content":"","ast-featured-img":"","footer-sml-layout":"","theme-transparent-header-meta":"","adv-header-id-meta":"","stick-header-meta":"","header-above-stick-meta":"","header-main-stick-meta":"","header-below-stick-meta":"","astra-migrate-meta-layouts":"set","ast-page-background-enabled":"default","ast-page-background-meta":{"desktop":{"background-color":"var(--ast-global-color-4)","background-image":"","background-repeat":"repeat","background-position":"center center","background-size":"auto","background-attachment":"scroll","background-type":"","background-media":"","overlay-type":"","overlay-color":"","overlay-opacity":"","overlay-gradient":""},"tablet":{"background-color":"","background-image":"","background-repeat":"repeat","background-position":"center center","background-size":"auto","background-attachment":"scroll","background-type":"","background-media":"","overlay-type":"","overlay-color":"","overlay-opacity":"","overlay-gradient":""},"mobile":{"background-color":"","background-image":"","background-repeat":"repeat","background-position":"center center","background-size":"auto","background-attachment":"scroll","background-type":"","background-media":"","overlay-type":"","overlay-color":"","overlay-opacity":"","overlay-gradient":""}},"ast-content-background-meta":{"desktop":{"background-color":"var(--ast-global-color-5)","background-image":"","background-repeat":"repeat","background-position":"center center","background-size":"auto","background-attachment":"scroll","background-type":"","background-media":"","overlay-type":"","overlay-color":"","overlay-opacity":"","overlay-gradient":""},"tablet":{"background-color":"var(--ast-global-color-5)","background-image":"","background-repeat":"repeat","background-position":"center center","background-size":"auto","background-attachment":"scroll","background-type":"","background-media":"","overlay-type":"","overlay-color":"","overlay-opacity":"","overlay-gradient":""},"mobile":{"background-color":"var(--ast-global-color-5)","background-image":"","background-repeat":"repeat","background-position":"center center","background-size":"auto","background-attachment":"scroll","background-type":"","background-media":"","overlay-type":"","overlay-color":"","overlay-opacity":"","overlay-gradient":""}},"footnotes":""},"class_list":["post-10011","page","type-page","status-publish","hentry"],"post_mailing_queue_ids":[],"_links":{"self":[{"href":"https:\/\/serveiseducatius.xtec.cat\/santacolomag\/wp-json\/wp\/v2\/pages\/10011","targetHints":{"allow":["GET"]}}],"collection":[{"href":"https:\/\/serveiseducatius.xtec.cat\/santacolomag\/wp-json\/wp\/v2\/pages"}],"about":[{"href":"https:\/\/serveiseducatius.xtec.cat\/santacolomag\/wp-json\/wp\/v2\/types\/page"}],"author":[{"embeddable":true,"href":"https:\/\/serveiseducatius.xtec.cat\/santacolomag\/wp-json\/wp\/v2\/users\/7"}],"replies":[{"embeddable":true,"href":"https:\/\/serveiseducatius.xtec.cat\/santacolomag\/wp-json\/wp\/v2\/comments?post=10011"}],"version-history":[{"count":4,"href":"https:\/\/serveiseducatius.xtec.cat\/santacolomag\/wp-json\/wp\/v2\/pages\/10011\/revisions"}],"predecessor-version":[{"id":22701,"href":"https:\/\/serveiseducatius.xtec.cat\/santacolomag\/wp-json\/wp\/v2\/pages\/10011\/revisions\/22701"}],"up":[{"embeddable":true,"href":"https:\/\/serveiseducatius.xtec.cat\/santacolomag\/wp-json\/wp\/v2\/pages\/8402"}],"wp:attachment":[{"href":"https:\/\/serveiseducatius.xtec.cat\/santacolomag\/wp-json\/wp\/v2\/media?parent=10011"}],"curies":[{"name":"wp","href":"https:\/\/api.w.org\/{rel}","templated":true}]}}