{"id":9135,"date":"2018-10-09T12:01:32","date_gmt":"2018-10-09T10:01:32","guid":{"rendered":"http:\/\/serveiseducatius.xtec.cat\/ripolles\/?page_id=9135"},"modified":"2024-11-26T10:02:05","modified_gmt":"2024-11-26T09:02:05","slug":"biblioteca-escolar","status":"publish","type":"page","link":"https:\/\/serveiseducatius.xtec.cat\/ripolles\/dinamitzacio\/biblioteca-escolar\/","title":{"rendered":"Biblioteca escolar"},"content":{"rendered":"<p>La biblioteca escolar \u00e9s un espai educatiu i din\u00e0mic, un entorn de formaci\u00f3 que ofereix materials en tots els tipus de suport per a l\u2019aprenentatge i per a la recerca.<br \/>\n\u00c9s un servei adre\u00e7at al professorat, a l\u2019alumnat i a tota la comunitat educativa, per al desenvolupament del curr\u00edculum \u00c9s un recurs fonamental per a l\u2019adquisici\u00f3 de les compet\u00e8ncies b\u00e0siques i el desplegament dels continguts curriculars a totes les \u00e0rees i etapes educatives.<\/p>\n<h4><strong>En aquest <span style=\"text-decoration: underline;\"><a href=\"https:\/\/sites.google.com\/xtec.cat\/seminaribibliotequesescolars\/inici\">espai<\/a><\/span> podreu trobar diferents novetats i informacions sobre el Seminari de Biblioteques Escolars del Ripoll\u00e8s.<\/strong><\/h4>\n<h4><\/h4>\n<h4 style=\"text-align: center;\"><a href=\"https:\/\/sites.google.com\/xtec.cat\/seminaribibliotequesescolars\/inici\"><img loading=\"lazy\" decoding=\"async\" class=\"alignnone wp-image-15225 size-large\" src=\"https:\/\/serveiseducatius.xtec.cat\/ripolles\/wp-content\/uploads\/usu1150\/2024\/11\/seminari-bilioteca-1024x244.jpg\" alt=\"\" width=\"1024\" height=\"244\" srcset=\"https:\/\/serveiseducatius.xtec.cat\/ripolles\/wp-content\/uploads\/usu1150\/2024\/11\/seminari-bilioteca-1024x244.jpg 1024w, https:\/\/serveiseducatius.xtec.cat\/ripolles\/wp-content\/uploads\/usu1150\/2024\/11\/seminari-bilioteca-300x71.jpg 300w, https:\/\/serveiseducatius.xtec.cat\/ripolles\/wp-content\/uploads\/usu1150\/2024\/11\/seminari-bilioteca-768x183.jpg 768w, https:\/\/serveiseducatius.xtec.cat\/ripolles\/wp-content\/uploads\/usu1150\/2024\/11\/seminari-bilioteca.jpg 1517w\" sizes=\"auto, (max-width: 1024px) 100vw, 1024px\" \/><\/a><\/h4>\n<p>&nbsp;<\/p>\n<p>Si voleu veure el site d&#8217;edicions anteriors, aneu al seg\u00fcent <a href=\"https:\/\/sites.google.com\/a\/xtec.cat\/dinamitzacio-de-la-biblioteca-escolar-15-16\/home\">enlla\u00e7<\/a>.<\/p>\n","protected":false},"excerpt":{"rendered":"<p>La biblioteca escolar \u00e9s un espai educatiu i din\u00e0mic, un entorn de formaci\u00f3 que ofereix materials en tots els tipus [&hellip;]<\/p>\n","protected":false},"author":1,"featured_media":0,"parent":8536,"menu_order":0,"comment_status":"closed","ping_status":"closed","template":"page-templates\/side-menu.php","meta":{"_bbp_topic_count":0,"_bbp_reply_count":0,"_bbp_total_topic_count":0,"_bbp_total_reply_count":0,"_bbp_voice_count":0,"_bbp_anonymous_reply_count":0,"_bbp_topic_count_hidden":0,"_bbp_reply_count_hidden":0,"_bbp_forum_subforum_count":0,"site-sidebar-layout":"default","site-content-layout":"","ast-site-content-layout":"","site-content-style":"default","site-sidebar-style":"default","ast-global-header-display":"","ast-banner-title-visibility":"","ast-main-header-display":"","ast-hfb-above-header-display":"","ast-hfb-below-header-display":"","ast-hfb-mobile-header-display":"","site-post-title":"","ast-breadcrumbs-content":"","ast-featured-img":"","footer-sml-layout":"","theme-transparent-header-meta":"","adv-header-id-meta":"","stick-header-meta":"","header-above-stick-meta":"","header-main-stick-meta":"","header-below-stick-meta":"","astra-migrate-meta-layouts":"default","ast-page-background-enabled":"default","ast-page-background-meta":{"desktop":{"background-color":"var(--ast-global-color-4)","background-image":"","background-repeat":"repeat","background-position":"center center","background-size":"auto","background-attachment":"scroll","background-type":"","background-media":"","overlay-type":"","overlay-color":"","overlay-opacity":"","overlay-gradient":""},"tablet":{"background-color":"","background-image":"","background-repeat":"repeat","background-position":"center center","background-size":"auto","background-attachment":"scroll","background-type":"","background-media":"","overlay-type":"","overlay-color":"","overlay-opacity":"","overlay-gradient":""},"mobile":{"background-color":"","background-image":"","background-repeat":"repeat","background-position":"center center","background-size":"auto","background-attachment":"scroll","background-type":"","background-media":"","overlay-type":"","overlay-color":"","overlay-opacity":"","overlay-gradient":""}},"ast-content-background-meta":{"desktop":{"background-color":"var(--ast-global-color-5)","background-image":"","background-repeat":"repeat","background-position":"center center","background-size":"auto","background-attachment":"scroll","background-type":"","background-media":"","overlay-type":"","overlay-color":"","overlay-opacity":"","overlay-gradient":""},"tablet":{"background-color":"var(--ast-global-color-5)","background-image":"","background-repeat":"repeat","background-position":"center center","background-size":"auto","background-attachment":"scroll","background-type":"","background-media":"","overlay-type":"","overlay-color":"","overlay-opacity":"","overlay-gradient":""},"mobile":{"background-color":"var(--ast-global-color-5)","background-image":"","background-repeat":"repeat","background-position":"center center","background-size":"auto","background-attachment":"scroll","background-type":"","background-media":"","overlay-type":"","overlay-color":"","overlay-opacity":"","overlay-gradient":""}},"footnotes":""},"class_list":["post-9135","page","type-page","status-publish","hentry"],"post_mailing_queue_ids":[],"_links":{"self":[{"href":"https:\/\/serveiseducatius.xtec.cat\/ripolles\/wp-json\/wp\/v2\/pages\/9135","targetHints":{"allow":["GET"]}}],"collection":[{"href":"https:\/\/serveiseducatius.xtec.cat\/ripolles\/wp-json\/wp\/v2\/pages"}],"about":[{"href":"https:\/\/serveiseducatius.xtec.cat\/ripolles\/wp-json\/wp\/v2\/types\/page"}],"author":[{"embeddable":true,"href":"https:\/\/serveiseducatius.xtec.cat\/ripolles\/wp-json\/wp\/v2\/users\/1"}],"replies":[{"embeddable":true,"href":"https:\/\/serveiseducatius.xtec.cat\/ripolles\/wp-json\/wp\/v2\/comments?post=9135"}],"version-history":[{"count":6,"href":"https:\/\/serveiseducatius.xtec.cat\/ripolles\/wp-json\/wp\/v2\/pages\/9135\/revisions"}],"predecessor-version":[{"id":15230,"href":"https:\/\/serveiseducatius.xtec.cat\/ripolles\/wp-json\/wp\/v2\/pages\/9135\/revisions\/15230"}],"up":[{"embeddable":true,"href":"https:\/\/serveiseducatius.xtec.cat\/ripolles\/wp-json\/wp\/v2\/pages\/8536"}],"wp:attachment":[{"href":"https:\/\/serveiseducatius.xtec.cat\/ripolles\/wp-json\/wp\/v2\/media?parent=9135"}],"curies":[{"name":"wp","href":"https:\/\/api.w.org\/{rel}","templated":true}]}}