{"id":8549,"date":"2018-05-30T18:21:10","date_gmt":"2018-05-30T16:21:10","guid":{"rendered":"http:\/\/serveiseducatius.xtec.cat\/ripolles\/?page_id=8549"},"modified":"2022-11-02T13:48:06","modified_gmt":"2022-11-02T12:48:06","slug":"eap","status":"publish","type":"page","link":"https:\/\/serveiseducatius.xtec.cat\/ripolles\/el-servei-educatiu\/equip\/eap\/","title":{"rendered":"EAP"},"content":{"rendered":"<p><span style=\"font-size: x-large;\"><u><b>Equip d&#8217;assessorament i orientaci\u00f3 psicopedag\u00f2gica (EAP) del Ripoll\u00e8s<\/b><\/u><\/span><\/p>\n<p><span style=\"font-size: medium;\">Som un equip d\u2019assessorament i orientaci\u00f3 psicopedag\u00f2gic que donem suport al professorat i als centres educatius en la resposta a la diversitat de l\u2019alumnat i en relaci\u00f3 als alumnes que presenten necessitats educatives especials, aix\u00ed com a les seves fam\u00edlies.<br \/>\nEls EAP formem part dels\u00a0<b>serveis educatius de zona<\/b>, en el nostre cas del\u00a0<b>Servei Educatiu del Ripoll\u00e8s<\/b> (SERI), conjuntament amb el centre de recursos pedag\u00f2gics (CRP) i l\u2019equip d&#8217;assessorament en llengua, interculturalitat i cohesi\u00f3 social (ELIC).<\/span><\/p>\n<p><b>Els destinataris<\/b>\u00a0del nostre servei s\u00f3n els centres educatius, els equips directius, el professorat i altres professionals implicats en l\u2019atenci\u00f3 a l\u2019alumnat amb dificultats o amb necessitats educatives especials, l\u2019alumnat i les seves fam\u00edlies.<\/p>\n<p>Els nostres objectius s\u00f3n:<\/p>\n<ul>\n<li><span style=\"font-size: medium;\">Identificar i avaluar les necessitats educatives especials de l&#8217;alumnat i fer la proposta d\u2019escolaritzaci\u00f3, en col\u2022laboraci\u00f3 amb els serveis educatius espec\u00edfics quan s\u2019escaigui.<\/span><\/li>\n<li><span style=\"font-size: medium;\">Assessorar el professorat i les fam\u00edlies en la resposta educativa a l\u2019alumnat amb necessitats educatives especials, en col\u2022laboraci\u00f3 amb els docents especialitzats i els serveis educatius espec\u00edfics.<\/span><\/li>\n<li><span style=\"font-size: medium;\">Assessorar els equips docents, l\u2019alumnat i les fam\u00edlies sobre aspectes d\u2019orientaci\u00f3 personal, educativa i professional.<\/span><\/li>\n<li><span style=\"font-size: medium;\">Donar suport als centres educatius en la millora de l\u2019atenci\u00f3 a la diversitat i la inclusi\u00f3.<\/span><\/li>\n<li><span style=\"font-size: medium;\">Col\u00b7laborar conjuntament amb els altres equips del servei educatiu de zona i els espec\u00edfics per tal de promoure activitats d\u2019intercanvi i de formaci\u00f3 del professorat.<\/span><\/li>\n<li><span style=\"font-size: medium;\">Col\u00b7laborar amb els serveis socials i sanitaris de l\u2019\u00e0mbit territorial d\u2019actuaci\u00f3, per tal d\u2019oferir una atenci\u00f3 coordinada als alumnes i fam\u00edlies que ho necessitin.<br \/>\n<\/span><\/li>\n<\/ul>\n<p><span style=\"font-size: medium;\"><b>L\u2019acc\u00e9s al servei<\/b>\u00a0s\u2019inicia a partir de demandes dels centres educatius, a partir del proc\u00e9s d\u2019escolaritzaci\u00f3 de l\u2019alumnat amb necessitats educatives especials o en la coordinaci\u00f3 amb altres serveis de la zona.<br \/>\nEn principi no es tracta d\u2019un servei d\u2019atenci\u00f3 directa a les demandes de les fam\u00edlies, per\u00f2 s\u2019atenen les seves consultes per a proporcionar-los orientacions o informar-los sobre serveis o recursos de la zona que poden necessitar.<\/span><\/p>\n<p>Podeu contactar amb nosaltres a trav\u00e9s de:<\/p>\n<p>Tel\u00e8fon:\u00a0 <strong>\u00a0972700918 (extensi\u00f3 2) &#8211; 634768583<\/strong><\/p>\n<p>Correu electr\u00f2nic: <a href=\"mailto:b7905267@xtec.cat\"><strong>b7905267<span class=\"atwho-query\">@xtec.cat<\/span><\/strong><\/a><\/p>\n<p>&nbsp;<\/p>\n<p>&nbsp;<\/p>\n<p><span style=\"font-size: medium;\">Enlla\u00e7os d&#8217;inter\u00e8s:<\/span><\/p>\n<ul>\n<li><a href=\"https:\/\/serveiseducatius.xtec.cat\/ripolles\/eap\/diferents-desenvolupaments-en-el-proces-daprenentatge-trastorns-aacc\/\" target=\"_blank\" rel=\"noopener noreferrer\">Diferents desenvolupaments en el proc\u00e9s d&#8217;aprenentatge (trastorns, AACC)<\/a><\/li>\n<li><a href=\"https:\/\/serveiseducatius.xtec.cat\/ripolles\/eap\/guia-per-atendre-lalumnat-amb-trastorns-que-condicionen-laprenentatge\/\" target=\"_blank\" rel=\"noopener noreferrer\">Guia per atendre l&#8217;alumnat amb trastorns que condicionen l&#8217;aprenentatge<\/a><\/li>\n<\/ul>\n<div><\/div>\n","protected":false},"excerpt":{"rendered":"<p>Equip d&#8217;assessorament i orientaci\u00f3 psicopedag\u00f2gica (EAP) del Ripoll\u00e8s Som un equip d\u2019assessorament i orientaci\u00f3 psicopedag\u00f2gic que donem suport al professorat [&hellip;]<\/p>\n","protected":false},"author":1,"featured_media":0,"parent":306,"menu_order":0,"comment_status":"closed","ping_status":"closed","template":"page-templates\/side-menu.php","meta":{"_bbp_topic_count":0,"_bbp_reply_count":0,"_bbp_total_topic_count":0,"_bbp_total_reply_count":0,"_bbp_voice_count":0,"_bbp_anonymous_reply_count":0,"_bbp_topic_count_hidden":0,"_bbp_reply_count_hidden":0,"_bbp_forum_subforum_count":0,"site-sidebar-layout":"default","site-content-layout":"","ast-site-content-layout":"","site-content-style":"default","site-sidebar-style":"default","ast-global-header-display":"","ast-banner-title-visibility":"","ast-main-header-display":"","ast-hfb-above-header-display":"","ast-hfb-below-header-display":"","ast-hfb-mobile-header-display":"","site-post-title":"","ast-breadcrumbs-content":"","ast-featured-img":"","footer-sml-layout":"","theme-transparent-header-meta":"","adv-header-id-meta":"","stick-header-meta":"","header-above-stick-meta":"","header-main-stick-meta":"","header-below-stick-meta":"","astra-migrate-meta-layouts":"default","ast-page-background-enabled":"default","ast-page-background-meta":{"desktop":{"background-color":"var(--ast-global-color-4)","background-image":"","background-repeat":"repeat","background-position":"center center","background-size":"auto","background-attachment":"scroll","background-type":"","background-media":"","overlay-type":"","overlay-color":"","overlay-opacity":"","overlay-gradient":""},"tablet":{"background-color":"","background-image":"","background-repeat":"repeat","background-position":"center center","background-size":"auto","background-attachment":"scroll","background-type":"","background-media":"","overlay-type":"","overlay-color":"","overlay-opacity":"","overlay-gradient":""},"mobile":{"background-color":"","background-image":"","background-repeat":"repeat","background-position":"center center","background-size":"auto","background-attachment":"scroll","background-type":"","background-media":"","overlay-type":"","overlay-color":"","overlay-opacity":"","overlay-gradient":""}},"ast-content-background-meta":{"desktop":{"background-color":"var(--ast-global-color-5)","background-image":"","background-repeat":"repeat","background-position":"center center","background-size":"auto","background-attachment":"scroll","background-type":"","background-media":"","overlay-type":"","overlay-color":"","overlay-opacity":"","overlay-gradient":""},"tablet":{"background-color":"var(--ast-global-color-5)","background-image":"","background-repeat":"repeat","background-position":"center center","background-size":"auto","background-attachment":"scroll","background-type":"","background-media":"","overlay-type":"","overlay-color":"","overlay-opacity":"","overlay-gradient":""},"mobile":{"background-color":"var(--ast-global-color-5)","background-image":"","background-repeat":"repeat","background-position":"center center","background-size":"auto","background-attachment":"scroll","background-type":"","background-media":"","overlay-type":"","overlay-color":"","overlay-opacity":"","overlay-gradient":""}},"footnotes":""},"class_list":["post-8549","page","type-page","status-publish","hentry"],"post_mailing_queue_ids":[],"_links":{"self":[{"href":"https:\/\/serveiseducatius.xtec.cat\/ripolles\/wp-json\/wp\/v2\/pages\/8549","targetHints":{"allow":["GET"]}}],"collection":[{"href":"https:\/\/serveiseducatius.xtec.cat\/ripolles\/wp-json\/wp\/v2\/pages"}],"about":[{"href":"https:\/\/serveiseducatius.xtec.cat\/ripolles\/wp-json\/wp\/v2\/types\/page"}],"author":[{"embeddable":true,"href":"https:\/\/serveiseducatius.xtec.cat\/ripolles\/wp-json\/wp\/v2\/users\/1"}],"replies":[{"embeddable":true,"href":"https:\/\/serveiseducatius.xtec.cat\/ripolles\/wp-json\/wp\/v2\/comments?post=8549"}],"version-history":[{"count":3,"href":"https:\/\/serveiseducatius.xtec.cat\/ripolles\/wp-json\/wp\/v2\/pages\/8549\/revisions"}],"predecessor-version":[{"id":13767,"href":"https:\/\/serveiseducatius.xtec.cat\/ripolles\/wp-json\/wp\/v2\/pages\/8549\/revisions\/13767"}],"up":[{"embeddable":true,"href":"https:\/\/serveiseducatius.xtec.cat\/ripolles\/wp-json\/wp\/v2\/pages\/306"}],"wp:attachment":[{"href":"https:\/\/serveiseducatius.xtec.cat\/ripolles\/wp-json\/wp\/v2\/media?parent=8549"}],"curies":[{"name":"wp","href":"https:\/\/api.w.org\/{rel}","templated":true}]}}